{"id":736608,"date":"2025-08-26T09:39:32","date_gmt":"2025-08-26T09:39:32","guid":{"rendered":"https:\/\/servicesforpharmacies.com\/recenzie\/"},"modified":"2025-08-26T09:48:32","modified_gmt":"2025-08-26T09:48:32","slug":"recenzie","status":"publish","type":"page","link":"https:\/\/servicesforpharmacies.com\/sk\/recenzie\/","title":{"rendered":"Recenzie"},"content":{"rendered":"\n<h1>\n\t\tVIAC AKO 80 000 Z\u00c1KAZN\u00cdKOV NA SLOVENSKU\n\t<\/h1>\n<h2>\n\t\tPOZRITE SI ICH SK\u00daSENOSTI\n\t<\/h2>\n\tU\u017e 26 rokov pom\u00e1hame \u013eu\u010fom zlep\u0161ova\u0165 zdravie vlasov a vlasovej poko\u017eky.<br \/>\nBEZPLATN\u00c9 vy\u0161etrenie v lek\u00e1r\u0148ach &#8211; odborn\u00e9 poradenstvo \u0161it\u00e9 na mieru pre V\u00e1s.<br \/>\nPozrite si skuto\u010dn\u00e9 v\u00fdsledky a zistite, ako m\u00f4\u017eete zlep\u0161i\u0165 zdravie svojich vlasov.\nOdborn\u00e9, transparentn\u00e9 a prisp\u00f4soben\u00e9 priamo pre V\u00e1s.\n\t\t\t<a href=\"https:\/\/servicesforpharmacies.com\/sk\/picker\/\" target=\"_blank\" rel=\"noopener\">\n\t\t\t\t\t\t\tPo\u017eiadajte o BEZPLATN\u00c9 vy\u0161etrenie v lek\u00e1rni\n\t\t\t\t\t<\/a>\n<h2>\n\t\tAko prebieha vy\u0161etrenie?\n\t<\/h2>\n\t<p>Kr\u00e1tka prezent\u00e1cia vy\u0161etrenia dermovizorom &#8211; Ako vyhodnot\u00edme vlasov\u00e9 folikuly a mazov\u00e9 \u017e\u013eazy?<\/p>\n\t\t<h4>\n\t\t\tModal Box\n\t\t\t\t\t<\/h4>\n\t\t<h5>modal-<\/h5>\n\t\tClick here to edit the &#8220;modal-box&#8221; settings. This text is only for editing and will not appear after you publish the changes.\t\n\t\t\t\t\t\tPreview\n\t\t\tmodal-\n\t\t<h2>\n\t\tPREDT\u00ddM, NE\u017d OD\u00cdDETE&#8230; ZISTITE, AKO SME POMOHLI IN\u00ddM!\n\t<\/h2>\n\tViac ako 300 000 z\u00e1kazn\u00edkov v Taliansku a 700 000 v Eur\u00f3pe u\u017e absolvovalo bezplatn\u00e9 vy\u0161etrenie vlasovej poko\u017eky a na\u0161lo spr\u00e1vne rie\u0161enie pre zdravie vlasov.<br \/>\nPozrite si ich sk\u00fasenosti a zistite, ako m\u00f4\u017eeme pom\u00f4c\u0165 aj V\u00e1m!\n\t\t\t\t<img loading=\"lazy\" decoding=\"async\" width=\"300\" height=\"158\" src=\"https:\/\/servicesforpharmacies.com\/wp-content\/uploads\/2025\/03\/before-after-Ricrescita-capelli-1-300x158.jpg\" alt=\"before-after-Ricrescita-capelli-1\" itemprop=\"image\" title=\"before-after-Ricrescita-capelli-1\" onerror=\"this.style.display='none'\" srcset=\"https:\/\/servicesforpharmacies.com\/wp-content\/uploads\/2025\/03\/before-after-Ricrescita-capelli-1-300x158.jpg 300w, https:\/\/servicesforpharmacies.com\/wp-content\/uploads\/2025\/03\/before-after-Ricrescita-capelli-1-1024x538.jpg 1024w, https:\/\/servicesforpharmacies.com\/wp-content\/uploads\/2025\/03\/before-after-Ricrescita-capelli-1-768x403.jpg 768w, https:\/\/servicesforpharmacies.com\/wp-content\/uploads\/2025\/03\/before-after-Ricrescita-capelli-1-95x50.jpg 95w, https:\/\/servicesforpharmacies.com\/wp-content\/uploads\/2025\/03\/before-after-Ricrescita-capelli-1.jpg 1200w\" sizes=\"auto, (max-width: 300px) 100vw, 300px\" \/>\n\t\t\t\t<img loading=\"lazy\" decoding=\"async\" width=\"300\" height=\"158\" src=\"https:\/\/servicesforpharmacies.com\/wp-content\/uploads\/2025\/03\/before-after-Ispadanje-las-1-300x158.jpg\" alt=\"before-after-Ispadanje-las-1\" itemprop=\"image\" title=\"before-after-Ispadanje-las-1\" onerror=\"this.style.display='none'\" srcset=\"https:\/\/servicesforpharmacies.com\/wp-content\/uploads\/2025\/03\/before-after-Ispadanje-las-1-300x158.jpg 300w, https:\/\/servicesforpharmacies.com\/wp-content\/uploads\/2025\/03\/before-after-Ispadanje-las-1-1024x538.jpg 1024w, https:\/\/servicesforpharmacies.com\/wp-content\/uploads\/2025\/03\/before-after-Ispadanje-las-1-768x403.jpg 768w, https:\/\/servicesforpharmacies.com\/wp-content\/uploads\/2025\/03\/before-after-Ispadanje-las-1-95x50.jpg 95w, https:\/\/servicesforpharmacies.com\/wp-content\/uploads\/2025\/03\/before-after-Ispadanje-las-1.jpg 1200w\" sizes=\"auto, (max-width: 300px) 100vw, 300px\" \/>\n\t\t\t\t<img loading=\"lazy\" decoding=\"async\" width=\"300\" height=\"158\" src=\"https:\/\/servicesforpharmacies.com\/wp-content\/uploads\/2025\/03\/before-after-opadanje-kose-1-300x158.jpg\" alt=\"before-after-opadanje-kose-1\" itemprop=\"image\" title=\"before-after-opadanje-kose-1\" onerror=\"this.style.display='none'\" srcset=\"https:\/\/servicesforpharmacies.com\/wp-content\/uploads\/2025\/03\/before-after-opadanje-kose-1-300x158.jpg 300w, https:\/\/servicesforpharmacies.com\/wp-content\/uploads\/2025\/03\/before-after-opadanje-kose-1-1024x538.jpg 1024w, https:\/\/servicesforpharmacies.com\/wp-content\/uploads\/2025\/03\/before-after-opadanje-kose-1-768x403.jpg 768w, https:\/\/servicesforpharmacies.com\/wp-content\/uploads\/2025\/03\/before-after-opadanje-kose-1-95x50.jpg 95w, https:\/\/servicesforpharmacies.com\/wp-content\/uploads\/2025\/03\/before-after-opadanje-kose-1.jpg 1200w\" sizes=\"auto, (max-width: 300px) 100vw, 300px\" \/>\n\tPreh\u013eadn\u00e9 a odborn\u00e9 &#8211; \u017eiadne prehnan\u00e9 s\u013euby, len konkr\u00e9tne v\u00fdsledky.<br \/>\nPozrite si sk\u00fasenosti a zistite, ako prebieha vy\u0161etrenie vlasovej poko\u017eky v lek\u00e1rni.<br \/>\nKliknite ni\u017e\u0161ie a pozrite si skuto\u010dn\u00e9 v\u00fdsledky!\n\t\t\t<a href=\"\/sk\/testimony\/\" target=\"_self\">\n\t\t\t\t\t\t\tOVERTE SI SK\u00daSENOSTI Z\u00c1KAZN\u00cdKOV\n\t\t\t\t\t<\/a>\n\t\t\t<a href=\"https:\/\/servicesforpharmacies.com\/sk\/picker\/\" target=\"_self\">\n\t\t\t\t\t\t\tNIE, POKRA\u010cUJEM BEZ DODATO\u010cN\u00ddCH INFORM\u00c1CI\u00cd\n\t\t\t\t\t<\/a>\n\t<iframe loading=\"lazy\" title=\"Free Scalp Hair Check-Up at Your Local Pharmacy | Special Services for Pharmacies\" width=\"500\" height=\"281\" src=\"https:\/\/www.youtube.com\/embed\/v3xs6eepUmA?feature=oembed\" frameborder=\"0\" allow=\"accelerometer; autoplay; clipboard-write; encrypted-media; gyroscope; picture-in-picture; web-share\" referrerpolicy=\"strict-origin-when-cross-origin\" allowfullscreen><\/iframe>\n<h2>\n\t\tPRISP\u00d4SOBEN\u00c9 VA\u0160IM POTREB\u00c1M\n\t<\/h2>\n\t\t\t<a href=\"\" target=\"_self\">\n\t\t\t\t\t\t\tOdbornos\u0165 \n\t\t\t\t\t<\/a>\n\t\t\t<a href=\"\" target=\"_self\">\n\t\t\t\t\t\t\tZdravie\n\t\t\t\t\t<\/a>\n\t\t\t<a href=\"\" target=\"_self\">\n\t\t\t\t\t\t\t Poradenstvo\n\t\t\t\t\t<\/a>\n\t<p>Odborn\u00e9 vyhodnotenie stavu vlasovej poko\u017eky a vlasov, ako aj faktorov ovplyv\u0148uj\u00facich zdravie vlasov.<\/p>\n<p>Individu\u00e1lne prisp\u00f4soben\u00e9 poradenstvo na vyrie\u0161enie anom\u00e1lie.<\/p>\n\t\t\t<a href=\"https:\/\/servicesforpharmacies.com\/sk\/picker\/\" target=\"_blank\" rel=\"noopener\">\n\t\t\t\t\t\t\tPo\u017eiadajte o BEZPLATN\u00c9 vy\u0161etrenie v lek\u00e1rni\n\t\t\t\t\t<\/a>\n<h2>\n\t\tSk\u00fasenosti z\u00e1kazn\u00edkov\n\t<\/h2>\n\t<p>Skuto\u010dn\u00e9 v\u00fdsledky po 3 a viac mesiacoch spr\u00e1vnej starostlivosti.<\/p>\n\t\t\t\t<img loading=\"lazy\" decoding=\"async\" src=\"https:\/\/servicesforpharmacies.com\/wp-content\/uploads\/2025\/03\/before-after-1200x630-107.jpg\" alt=\"before-after-1200x630-107\" itemprop=\"image\" height=\"630\" width=\"1200\" title=\"before-after-1200x630-107\" onerror=\"this.style.display='none'\"  \/>\n\t\u201ePo 4 mesiacoch spr\u00e1vnej starostlivosti sa moje vlasy stali silnej\u0161\u00edmi a hustej\u0161\u00edmi.&#8221;<strong><br \/>\nKatar\u00edna, 42 rokov\u201e<\/strong>\n\t\t\t\t<img loading=\"lazy\" decoding=\"async\" src=\"https:\/\/servicesforpharmacies.com\/wp-content\/uploads\/2025\/03\/before-after-1200x630-117.jpg\" alt=\"before-after-1200x630-117\" itemprop=\"image\" height=\"630\" width=\"1200\" title=\"before-after-1200x630-117\" onerror=\"this.style.display='none'\"  \/>\n\t\u201eLupiny a svrbenie vlasovej poko\u017eky sa zmiernili po tom, \u010do som zmenil svoju rutinu.&#8221;<strong><br \/>\n\u0160tefan, 37 rokov<\/strong>\n\t\t\t\t<img loading=\"lazy\" decoding=\"async\" src=\"https:\/\/servicesforpharmacies.com\/wp-content\/uploads\/2025\/03\/before-after-1200x630-111.jpg\" alt=\"before-after-1200x630-111\" itemprop=\"image\" height=\"630\" width=\"1200\" title=\"before-after-1200x630-111\" onerror=\"this.style.display='none'\"  \/>\n\t\u201eBola som \u00faplne z\u00fafal\u00e1, ke\u010f som pri\u0161la o vlasy&#8230; vy\u0161etrenie ma povzbudilo!&#8221;<br \/>\n<strong>Anna, 29 rokov<\/strong>\n\t<p>Toto je len nieko\u013eko v\u00fdsledkov! Pozrite si e\u0161te viac skuto\u010dn\u00fdch sk\u00fasenost\u00ed!<\/p>\n\t\t\t<a href=\"\/hr\/svjedocanstva\/\" target=\"_blank\" rel=\"noopener\">\n\t\t\t\t\t\t\tPozrite si v\u0161etk\u00fdch 85 recenzi\u00ed.\n\t\t\t\t\t<\/a>\n<h2>\n\t\tAko prebieha vy\u0161etrenie stavu vlasovej poko\u017eky v lek\u00e1rni?\n\t<\/h2>\n\t<p>Rezervujte si term\u00edn &#8211; Vyberte si zazmluvnen\u00fa partnersk\u00fa lek\u00e1re\u0148 a zaregistrujte sa na bezplatn\u00e9 vy\u0161etrenie stavu vlasovej poko\u017eky.<\/p>\n15-min\u00fatov\u00e9 odborn\u00e9 vy\u0161etrenie &#8211; Na\u0161i dermokonzultanti vyhodnotia stav Va\u0161ej vlasovej poko\u017eky a vlasov a prediskutuj\u00fa s Vami mo\u017en\u00e9 pr\u00ed\u010diny probl\u00e9mov.<br \/>\nOdborn\u00e9 odpor\u00fa\u010dania &#8211; Na z\u00e1klade vy\u0161etrenia z\u00edskate individu\u00e1lne prisp\u00f4soben\u00e9 pokyny na spr\u00e1vnu starostlivos\u0165.\nVy\u0161etrenie trv\u00e1 15 min\u00fat a prebieha v\u00fdhradne v lek\u00e1r\u0148ach.\n\t\t\t<a href=\"https:\/\/servicesforpharmacies.com\/sk\/picker\/\" target=\"_blank\" rel=\"noopener\">\n\t\t\t\t\t\t\tPo\u017eiadajte o BEZPLATN\u00c9 vy\u0161etrenie vlasovej poko\u017eky v lek\u00e1rni.\n\t\t\t\t\t<\/a>\n<h2>\n\t\tPre\u010do si vybra\u0165 na\u0161e vy\u0161etrenie vlasovej poko\u017eky?\n\t<\/h2>\n\t<ul>\n<li>Viac ako 26 rokov sk\u00fasenost\u00ed &#8211; Ro\u010dne viac ne\u017e 700 000 vy\u0161etren\u00ed v Eur\u00f3pe.<\/li>\n<li>80 000 z\u00e1kazn\u00edkov na Slovensku &#8211; Odborn\u00ed dermokonzultanti priamo v lek\u00e1r\u0148ach.<\/li>\n<li>85 skuto\u010dn\u00fdch recenzi\u00ed &#8211; Preuk\u00e1zate\u013en\u00e9 v\u00fdsledky s dlhodob\u00fdm zlep\u0161en\u00edm.<\/li>\n<li>Vy\u0161etrenie je bezplatn\u00e9 a bez povinnosti n\u00e1kupu.<\/li>\n<\/ul>\n<p><a href=\"\/sk\/testimony\/\">Zistite viac!<\/a><\/p>\n<h2>\n\t\t\u010casto kladen\u00e9 ot\u00e1zky (FAQ)\n\t<\/h2>\n\t\t\t\tAko dlho trv\u00e1 vy\u0161etrenie stavu?\n\t\t\t\t\t<p>Pribli\u017ene 15 min\u00fat, vopred dohodnut\u00fd term\u00edn v lek\u00e1rni.<\/p>\n\t\t\t\tMus\u00edm si po vy\u0161etren\u00ed k\u00fapi\u0165 produkty?\n\t\t\t\t\t<p>Nie! Vy\u0161etrenie je bezplatn\u00e9 a bez povinnosti n\u00e1kupu.<\/p>\n\t\t\t\tKedy m\u00f4\u017eem o\u010dak\u00e1va\u0165 v\u00fdsledky?\n\t\t\t\t\t<section data-id=\"db5a60f\" data-element_type=\"section\">\n<p>Ka\u017ed\u00e9 vlasy s\u00fa in\u00e9, ale vidite\u013en\u00e9 zmeny sa zvy\u010dajne prejavia po 3-6 mesiacoch spr\u00e1vnej starostlivosti.<\/p>\n<\/section>\n\n","protected":false},"excerpt":{"rendered":"<p>VIAC AKO 80 000 Z\u00c1KAZN\u00cdKOV NA SLOVENSKU POZRITE SI ICH SK\u00daSENOSTI U\u017e 26 rokov pom\u00e1hame \u013eu\u010fom zlep\u0161ova\u0165 zdravie vlasov a vlasovej poko\u017eky. BEZPLATN\u00c9 vy\u0161etrenie v lek\u00e1r\u0148ach &#8211; odborn\u00e9 poradenstvo \u0161it\u00e9 na mieru pre V\u00e1s. Pozrite si skuto\u010dn\u00e9 v\u00fdsledky a zistite, ako m\u00f4\u017eete zlep\u0161i\u0165 zdravie svojich vlasov. Odborn\u00e9, transparentn\u00e9 a prisp\u00f4soben\u00e9 priamo pre V\u00e1s. Po\u017eiadajte o&hellip;<\/p>\n","protected":false},"author":1,"featured_media":0,"parent":0,"menu_order":0,"comment_status":"closed","ping_status":"closed","template":"","meta":{"_acf_changed":false,"footnotes":""},"class_list":["post-736608","page","type-page","status-publish","hentry"],"acf":[],"yoast_head":"<!-- This site is optimized with the Yoast SEO Premium plugin v22.9 (Yoast SEO v27.0) - https:\/\/yoast.com\/product\/yoast-seo-premium-wordpress\/ -->\n<title>Recenzie | Services for pharmacies<\/title>\n<meta name=\"robots\" content=\"index, follow, max-snippet:-1, max-image-preview:large, max-video-preview:-1\" \/>\n<link rel=\"canonical\" href=\"https:\/\/servicesforpharmacies.com\/sk\/recenzie\/\" \/>\n<meta property=\"og:locale\" content=\"sk_SK\" \/>\n<meta property=\"og:type\" content=\"article\" \/>\n<meta property=\"og:title\" content=\"Recenzie\" \/>\n<meta property=\"og:description\" content=\"VIAC AKO 80 000 Z\u00c1KAZN\u00cdKOV NA SLOVENSKU POZRITE SI ICH SK\u00daSENOSTI U\u017e 26 rokov pom\u00e1hame \u013eu\u010fom zlep\u0161ova\u0165 zdravie vlasov a vlasovej poko\u017eky. BEZPLATN\u00c9 vy\u0161etrenie v lek\u00e1r\u0148ach &#8211; odborn\u00e9 poradenstvo \u0161it\u00e9 na mieru pre V\u00e1s. Pozrite si skuto\u010dn\u00e9 v\u00fdsledky a zistite, ako m\u00f4\u017eete zlep\u0161i\u0165 zdravie svojich vlasov. Odborn\u00e9, transparentn\u00e9 a prisp\u00f4soben\u00e9 priamo pre V\u00e1s. Po\u017eiadajte o&hellip;\" \/>\n<meta property=\"og:url\" content=\"https:\/\/servicesforpharmacies.com\/sk\/recenzie\/\" \/>\n<meta property=\"og:site_name\" content=\"Services for pharmacies\" \/>\n<meta property=\"article:modified_time\" content=\"2025-08-26T09:48:32+00:00\" \/>\n<meta property=\"og:image\" content=\"https:\/\/servicesforpharmacies.com\/wp-content\/uploads\/2025\/03\/before-after-Ricrescita-capelli-1-300x158.jpg\" \/>\n<meta name=\"twitter:card\" content=\"summary_large_image\" \/>\n<meta name=\"twitter:label1\" content=\"Predpokladan\u00fd \u010das \u010d\u00edtania\" \/>\n\t<meta name=\"twitter:data1\" content=\"3 min\u00faty\" \/>\n<script type=\"application\/ld+json\" class=\"yoast-schema-graph\">{\"@context\":\"https:\/\/schema.org\",\"@graph\":[{\"@type\":\"WebPage\",\"@id\":\"https:\/\/servicesforpharmacies.com\/sk\/recenzie\/\",\"url\":\"https:\/\/servicesforpharmacies.com\/sk\/recenzie\/\",\"name\":\"Recenzie | Services for pharmacies\",\"isPartOf\":{\"@id\":\"https:\/\/servicesforpharmacies.com\/#website\"},\"primaryImageOfPage\":{\"@id\":\"https:\/\/servicesforpharmacies.com\/sk\/recenzie\/#primaryimage\"},\"image\":{\"@id\":\"https:\/\/servicesforpharmacies.com\/sk\/recenzie\/#primaryimage\"},\"thumbnailUrl\":\"https:\/\/servicesforpharmacies.com\/wp-content\/uploads\/2025\/03\/before-after-Ricrescita-capelli-1-300x158.jpg\",\"datePublished\":\"2025-08-26T09:39:32+00:00\",\"dateModified\":\"2025-08-26T09:48:32+00:00\",\"breadcrumb\":{\"@id\":\"https:\/\/servicesforpharmacies.com\/sk\/recenzie\/#breadcrumb\"},\"inLanguage\":\"sk-SK\",\"potentialAction\":[{\"@type\":\"ReadAction\",\"target\":[\"https:\/\/servicesforpharmacies.com\/sk\/recenzie\/\"]}]},{\"@type\":\"ImageObject\",\"inLanguage\":\"sk-SK\",\"@id\":\"https:\/\/servicesforpharmacies.com\/sk\/recenzie\/#primaryimage\",\"url\":\"https:\/\/servicesforpharmacies.com\/wp-content\/uploads\/2025\/03\/before-after-Ricrescita-capelli-1-300x158.jpg\",\"contentUrl\":\"https:\/\/servicesforpharmacies.com\/wp-content\/uploads\/2025\/03\/before-after-Ricrescita-capelli-1-300x158.jpg\"},{\"@type\":\"BreadcrumbList\",\"@id\":\"https:\/\/servicesforpharmacies.com\/sk\/recenzie\/#breadcrumb\",\"itemListElement\":[{\"@type\":\"ListItem\",\"position\":1,\"name\":\"Home\",\"item\":\"https:\/\/servicesforpharmacies.com\/sk\/\"},{\"@type\":\"ListItem\",\"position\":2,\"name\":\"Recenzie\"}]},{\"@type\":\"WebSite\",\"@id\":\"https:\/\/servicesforpharmacies.com\/#website\",\"url\":\"https:\/\/servicesforpharmacies.com\/\",\"name\":\"Services for pharmacies\",\"description\":\"\",\"publisher\":{\"@id\":\"https:\/\/servicesforpharmacies.com\/#organization\"},\"potentialAction\":[{\"@type\":\"SearchAction\",\"target\":{\"@type\":\"EntryPoint\",\"urlTemplate\":\"https:\/\/servicesforpharmacies.com\/?s={search_term_string}\"},\"query-input\":{\"@type\":\"PropertyValueSpecification\",\"valueRequired\":true,\"valueName\":\"search_term_string\"}}],\"inLanguage\":\"sk-SK\"},{\"@type\":\"Organization\",\"@id\":\"https:\/\/servicesforpharmacies.com\/#organization\",\"name\":\"VitalPlusActive Group Ltd\",\"url\":\"https:\/\/servicesforpharmacies.com\/\",\"logo\":{\"@type\":\"ImageObject\",\"inLanguage\":\"sk-SK\",\"@id\":\"https:\/\/servicesforpharmacies.com\/#\/schema\/logo\/image\/\",\"url\":\"https:\/\/servicesforpharmacies.com\/wp-content\/uploads\/2020\/07\/logo-eng.jpg\",\"contentUrl\":\"https:\/\/servicesforpharmacies.com\/wp-content\/uploads\/2020\/07\/logo-eng.jpg\",\"width\":398,\"height\":90,\"caption\":\"VitalPlusActive Group Ltd\"},\"image\":{\"@id\":\"https:\/\/servicesforpharmacies.com\/#\/schema\/logo\/image\/\"}}]}<\/script>\n<!-- \/ Yoast SEO Premium plugin. -->","yoast_head_json":{"title":"Recenzie | Services for pharmacies","robots":{"index":"index","follow":"follow","max-snippet":"max-snippet:-1","max-image-preview":"max-image-preview:large","max-video-preview":"max-video-preview:-1"},"canonical":"https:\/\/servicesforpharmacies.com\/sk\/recenzie\/","og_locale":"sk_SK","og_type":"article","og_title":"Recenzie","og_description":"VIAC AKO 80 000 Z\u00c1KAZN\u00cdKOV NA SLOVENSKU POZRITE SI ICH SK\u00daSENOSTI U\u017e 26 rokov pom\u00e1hame \u013eu\u010fom zlep\u0161ova\u0165 zdravie vlasov a vlasovej poko\u017eky. BEZPLATN\u00c9 vy\u0161etrenie v lek\u00e1r\u0148ach &#8211; odborn\u00e9 poradenstvo \u0161it\u00e9 na mieru pre V\u00e1s. Pozrite si skuto\u010dn\u00e9 v\u00fdsledky a zistite, ako m\u00f4\u017eete zlep\u0161i\u0165 zdravie svojich vlasov. Odborn\u00e9, transparentn\u00e9 a prisp\u00f4soben\u00e9 priamo pre V\u00e1s. Po\u017eiadajte o&hellip;","og_url":"https:\/\/servicesforpharmacies.com\/sk\/recenzie\/","og_site_name":"Services for pharmacies","article_modified_time":"2025-08-26T09:48:32+00:00","og_image":[{"url":"https:\/\/servicesforpharmacies.com\/wp-content\/uploads\/2025\/03\/before-after-Ricrescita-capelli-1-300x158.jpg","type":"","width":"","height":""}],"twitter_card":"summary_large_image","twitter_misc":{"Predpokladan\u00fd \u010das \u010d\u00edtania":"3 min\u00faty"},"schema":{"@context":"https:\/\/schema.org","@graph":[{"@type":"WebPage","@id":"https:\/\/servicesforpharmacies.com\/sk\/recenzie\/","url":"https:\/\/servicesforpharmacies.com\/sk\/recenzie\/","name":"Recenzie | Services for pharmacies","isPartOf":{"@id":"https:\/\/servicesforpharmacies.com\/#website"},"primaryImageOfPage":{"@id":"https:\/\/servicesforpharmacies.com\/sk\/recenzie\/#primaryimage"},"image":{"@id":"https:\/\/servicesforpharmacies.com\/sk\/recenzie\/#primaryimage"},"thumbnailUrl":"https:\/\/servicesforpharmacies.com\/wp-content\/uploads\/2025\/03\/before-after-Ricrescita-capelli-1-300x158.jpg","datePublished":"2025-08-26T09:39:32+00:00","dateModified":"2025-08-26T09:48:32+00:00","breadcrumb":{"@id":"https:\/\/servicesforpharmacies.com\/sk\/recenzie\/#breadcrumb"},"inLanguage":"sk-SK","potentialAction":[{"@type":"ReadAction","target":["https:\/\/servicesforpharmacies.com\/sk\/recenzie\/"]}]},{"@type":"ImageObject","inLanguage":"sk-SK","@id":"https:\/\/servicesforpharmacies.com\/sk\/recenzie\/#primaryimage","url":"https:\/\/servicesforpharmacies.com\/wp-content\/uploads\/2025\/03\/before-after-Ricrescita-capelli-1-300x158.jpg","contentUrl":"https:\/\/servicesforpharmacies.com\/wp-content\/uploads\/2025\/03\/before-after-Ricrescita-capelli-1-300x158.jpg"},{"@type":"BreadcrumbList","@id":"https:\/\/servicesforpharmacies.com\/sk\/recenzie\/#breadcrumb","itemListElement":[{"@type":"ListItem","position":1,"name":"Home","item":"https:\/\/servicesforpharmacies.com\/sk\/"},{"@type":"ListItem","position":2,"name":"Recenzie"}]},{"@type":"WebSite","@id":"https:\/\/servicesforpharmacies.com\/#website","url":"https:\/\/servicesforpharmacies.com\/","name":"Services for pharmacies","description":"","publisher":{"@id":"https:\/\/servicesforpharmacies.com\/#organization"},"potentialAction":[{"@type":"SearchAction","target":{"@type":"EntryPoint","urlTemplate":"https:\/\/servicesforpharmacies.com\/?s={search_term_string}"},"query-input":{"@type":"PropertyValueSpecification","valueRequired":true,"valueName":"search_term_string"}}],"inLanguage":"sk-SK"},{"@type":"Organization","@id":"https:\/\/servicesforpharmacies.com\/#organization","name":"VitalPlusActive Group Ltd","url":"https:\/\/servicesforpharmacies.com\/","logo":{"@type":"ImageObject","inLanguage":"sk-SK","@id":"https:\/\/servicesforpharmacies.com\/#\/schema\/logo\/image\/","url":"https:\/\/servicesforpharmacies.com\/wp-content\/uploads\/2020\/07\/logo-eng.jpg","contentUrl":"https:\/\/servicesforpharmacies.com\/wp-content\/uploads\/2020\/07\/logo-eng.jpg","width":398,"height":90,"caption":"VitalPlusActive Group Ltd"},"image":{"@id":"https:\/\/servicesforpharmacies.com\/#\/schema\/logo\/image\/"}}]}},"_links":{"self":[{"href":"https:\/\/servicesforpharmacies.com\/sk\/wp-json\/wp\/v2\/pages\/736608","targetHints":{"allow":["GET"]}}],"collection":[{"href":"https:\/\/servicesforpharmacies.com\/sk\/wp-json\/wp\/v2\/pages"}],"about":[{"href":"https:\/\/servicesforpharmacies.com\/sk\/wp-json\/wp\/v2\/types\/page"}],"author":[{"embeddable":true,"href":"https:\/\/servicesforpharmacies.com\/sk\/wp-json\/wp\/v2\/users\/1"}],"replies":[{"embeddable":true,"href":"https:\/\/servicesforpharmacies.com\/sk\/wp-json\/wp\/v2\/comments?post=736608"}],"version-history":[{"count":2,"href":"https:\/\/servicesforpharmacies.com\/sk\/wp-json\/wp\/v2\/pages\/736608\/revisions"}],"predecessor-version":[{"id":736614,"href":"https:\/\/servicesforpharmacies.com\/sk\/wp-json\/wp\/v2\/pages\/736608\/revisions\/736614"}],"wp:attachment":[{"href":"https:\/\/servicesforpharmacies.com\/sk\/wp-json\/wp\/v2\/media?parent=736608"}],"curies":[{"name":"wp","href":"https:\/\/api.w.org\/{rel}","templated":true}]}}