{"id":17236,"date":"2020-09-18T08:39:26","date_gmt":"2020-09-18T08:39:26","guid":{"rendered":"http:\/\/servicesforpharmacies.com\/?page_id=17236"},"modified":"2022-08-15T07:46:41","modified_gmt":"2022-08-15T07:46:41","slug":"najcastejsie-otazky","status":"publish","type":"page","link":"https:\/\/servicesforpharmacies.com\/sk\/najcastejsie-otazky\/","title":{"rendered":"NAJ\u010cASTEJ\u0160IE OT\u00c1ZKY"},"content":{"rendered":"\n<h1>\n\t<\/h1>\n\t\t\t\t\t\u010cO JE LUPINA?\t\t\t\t\n<p><strong>Perut<\/strong> je ljuskanje ko\u017ee vlasi\u0161ta uzrokovano prekomjernom odumiranju stanica epiderme. Uzrok je fiziolo\u0161ka gljivica na vlasi\u0161tu Pyttisporum Ovalis.<\/p>\n&nbsp;\n\t\t\t\t\t\u010cO JE PYTIROSPORUM  OVALIS?\t\t\t\t\n\t\t\t\t\t<p><strong>Pytirosporum Ovalis<\/strong> je gljivica koja \u010dini 40% bakterijske flore, prirodne za\u0161tite vlasi\u0161ta. U ovom je postotku ne\u0161tetna, \u010dak pridonosi prirodnoj za\u0161titi vlasi\u0161ta. Bakterijska flora sastoji se od znoja, sebuma (loja), odumrlih stanica, fiziolo\u0161kih bakterija i gljivica (uklju\u010duju\u0107i pyttisporum ovalis) i drugih masno\u0107a koje izlu\u010duje ko\u017ea. Pyttisporum ovalis hrani sebumom i poput svih gljiva razmno\u017eava se u vla\u017enim i toplim uvjetima.<\/p>\n\t\t\t\t\tODKIA\u013d TO POCH\u00c1DZA?\t\t\t\t\n<p>Suprotno ra\u0161irenom mi\u0161ljenju, Lorem Ipsum nije samo slu\u010dajni tekst, ve\u0107 ima korijene u klasi\u010dnoj latinskoj knji\u017eevnosti iz godine 45. pr.n.e., \u0161to zna\u010di da mu je preko 2000 godina. Richard McClintock, profesor latinskog jezika na Hampden-Sydney koled\u017eu u Virginiji, potra\u017eio je jednu od \u010dudnijijh latinskih rije\u010di, consectetur, iz Lorem Ipsum teksta, i prolaze\u0107i kroz citate te rije\u010di u klasi\u010dnoj knji\u017eevnosti, otkrio nedvojbeni izvor. Lorem Ipsum dolazi iz odlomaka 1.10.32 i 1.10.33 Ciceronovog djela pod naslovom &#8220;de Finibus Bonorum et Malorum&#8221; (Krajnosti dobra i zla), napisanog 45. godine pr.n.e. Ovo je djelo rasprava o teoriji etike, a bilo je vrlo popularno u Renesansi. Prvi redak Lorem Ipsum-a, &#8220;Lorem ipsum dolor sit amet..&#8221;, dolazi iz odlomka 1.10.32.<\/p>\n<p>Za one koje zanima, standardni dio Lorem Ipsum-a koji se koristi od 16.-og stolje\u0107a mo\u017ee se na\u0107i u nastavku na ovoj stranici. Dijelovi 1.10.32 i 1.10.33 iz djela &#8220;de Finibus Bonorum et Malorum&#8221; su doslovno preneseni iz originala, popra\u0107eni engleskim prijevodom H. Rackhama iz 1914.<\/p>\n&nbsp;\n\t\t\t\t\tKDE SA D\u00c1 Z\u00cdSKA\u0164?\t\t\t\t\n\t\t\t\t\t<p>Postoje mnoge varijacije odlomaka iz Lorem Ipsum-a, ali ve\u0107ina je pretrpjela kojekakve promjene s dodanim humorom, ili nasumi\u010dnim rije\u010dima koje nikako tu ne spadaju. Ako trebate koristiti Lorem Ipsum, morate biti sigurni da tekst ne sadr\u017ei skrivene nepodobne rije\u010di ili fraze. Lorem Ipsum generatori na Internetu ve\u0107inom ponavljaju zadane odlomke po potrebi, \u0161to ovaj na\u0161 \u010dini prvim pravim generatorom na Internetu. Mi koristimo rije\u010dnik od 200 latinskih rije\u010di, u kombinaciji s nekoliko modela re\u010deni\u010dnih struktura, da bi generirali Lorem Ipsum koji izgleda razumno. Stoga je Lorem Ipsum s ove stranice uvijek bez ponavljanja, bez dodanog humora ili nekaraketeristi\u010dnih rije\u010di.<\/p>\n","protected":false},"excerpt":{"rendered":"<p>\u010cO JE LUPINA? Perut je ljuskanje ko\u017ee vlasi\u0161ta uzrokovano prekomjernom odumiranju stanica epiderme. Uzrok je fiziolo\u0161ka gljivica na vlasi\u0161tu Pyttisporum Ovalis. &nbsp; \u010cO JE PYTIROSPORUM OVALIS? Pytirosporum Ovalis je gljivica koja \u010dini 40% bakterijske flore, prirodne za\u0161tite vlasi\u0161ta. U ovom je postotku ne\u0161tetna, \u010dak pridonosi prirodnoj za\u0161titi vlasi\u0161ta. Bakterijska flora sastoji se od znoja, sebuma&hellip;<\/p>\n","protected":false},"author":1,"featured_media":0,"parent":0,"menu_order":0,"comment_status":"closed","ping_status":"closed","template":"","meta":{"_acf_changed":false,"footnotes":""},"class_list":["post-17236","page","type-page","status-publish","hentry"],"acf":[],"yoast_head":"<!-- This site is optimized with the Yoast SEO Premium plugin v22.9 (Yoast SEO v27.0) - https:\/\/yoast.com\/product\/yoast-seo-premium-wordpress\/ -->\n<title>NAJ\u010cASTEJ\u0160IE OT\u00c1ZKY | Services for pharmacies<\/title>\n<meta name=\"robots\" content=\"index, follow, max-snippet:-1, max-image-preview:large, max-video-preview:-1\" \/>\n<link rel=\"canonical\" href=\"https:\/\/servicesforpharmacies.com\/sk\/najcastejsie-otazky\/\" \/>\n<meta property=\"og:locale\" content=\"sk_SK\" \/>\n<meta property=\"og:type\" content=\"article\" \/>\n<meta property=\"og:title\" content=\"NAJ\u010cASTEJ\u0160IE OT\u00c1ZKY\" \/>\n<meta property=\"og:description\" content=\"\u010cO JE LUPINA? Perut je ljuskanje ko\u017ee vlasi\u0161ta uzrokovano prekomjernom odumiranju stanica epiderme. Uzrok je fiziolo\u0161ka gljivica na vlasi\u0161tu Pyttisporum Ovalis. &nbsp; \u010cO JE PYTIROSPORUM OVALIS? Pytirosporum Ovalis je gljivica koja \u010dini 40% bakterijske flore, prirodne za\u0161tite vlasi\u0161ta. U ovom je postotku ne\u0161tetna, \u010dak pridonosi prirodnoj za\u0161titi vlasi\u0161ta. Bakterijska flora sastoji se od znoja, sebuma&hellip;\" \/>\n<meta property=\"og:url\" content=\"https:\/\/servicesforpharmacies.com\/sk\/najcastejsie-otazky\/\" \/>\n<meta property=\"og:site_name\" content=\"Services for pharmacies\" \/>\n<meta property=\"article:modified_time\" content=\"2022-08-15T07:46:41+00:00\" \/>\n<meta name=\"twitter:card\" content=\"summary_large_image\" \/>\n<meta name=\"twitter:label1\" content=\"Predpokladan\u00fd \u010das \u010d\u00edtania\" \/>\n\t<meta name=\"twitter:data1\" content=\"2 min\u00faty\" \/>\n<script type=\"application\/ld+json\" class=\"yoast-schema-graph\">{\"@context\":\"https:\/\/schema.org\",\"@graph\":[{\"@type\":\"WebPage\",\"@id\":\"https:\/\/servicesforpharmacies.com\/sk\/najcastejsie-otazky\/\",\"url\":\"https:\/\/servicesforpharmacies.com\/sk\/najcastejsie-otazky\/\",\"name\":\"NAJ\u010cASTEJ\u0160IE OT\u00c1ZKY | Services for pharmacies\",\"isPartOf\":{\"@id\":\"https:\/\/servicesforpharmacies.com\/#website\"},\"datePublished\":\"2020-09-18T08:39:26+00:00\",\"dateModified\":\"2022-08-15T07:46:41+00:00\",\"breadcrumb\":{\"@id\":\"https:\/\/servicesforpharmacies.com\/sk\/najcastejsie-otazky\/#breadcrumb\"},\"inLanguage\":\"sk-SK\",\"potentialAction\":[{\"@type\":\"ReadAction\",\"target\":[\"https:\/\/servicesforpharmacies.com\/sk\/najcastejsie-otazky\/\"]}]},{\"@type\":\"BreadcrumbList\",\"@id\":\"https:\/\/servicesforpharmacies.com\/sk\/najcastejsie-otazky\/#breadcrumb\",\"itemListElement\":[{\"@type\":\"ListItem\",\"position\":1,\"name\":\"Home\",\"item\":\"https:\/\/servicesforpharmacies.com\/sk\/\"},{\"@type\":\"ListItem\",\"position\":2,\"name\":\"NAJ\u010cASTEJ\u0160IE OT\u00c1ZKY\"}]},{\"@type\":\"WebSite\",\"@id\":\"https:\/\/servicesforpharmacies.com\/#website\",\"url\":\"https:\/\/servicesforpharmacies.com\/\",\"name\":\"Services for pharmacies\",\"description\":\"\",\"publisher\":{\"@id\":\"https:\/\/servicesforpharmacies.com\/#organization\"},\"potentialAction\":[{\"@type\":\"SearchAction\",\"target\":{\"@type\":\"EntryPoint\",\"urlTemplate\":\"https:\/\/servicesforpharmacies.com\/?s={search_term_string}\"},\"query-input\":{\"@type\":\"PropertyValueSpecification\",\"valueRequired\":true,\"valueName\":\"search_term_string\"}}],\"inLanguage\":\"sk-SK\"},{\"@type\":\"Organization\",\"@id\":\"https:\/\/servicesforpharmacies.com\/#organization\",\"name\":\"VitalPlusActive Group Ltd\",\"url\":\"https:\/\/servicesforpharmacies.com\/\",\"logo\":{\"@type\":\"ImageObject\",\"inLanguage\":\"sk-SK\",\"@id\":\"https:\/\/servicesforpharmacies.com\/#\/schema\/logo\/image\/\",\"url\":\"https:\/\/servicesforpharmacies.com\/wp-content\/uploads\/2020\/07\/logo-eng.jpg\",\"contentUrl\":\"https:\/\/servicesforpharmacies.com\/wp-content\/uploads\/2020\/07\/logo-eng.jpg\",\"width\":398,\"height\":90,\"caption\":\"VitalPlusActive Group Ltd\"},\"image\":{\"@id\":\"https:\/\/servicesforpharmacies.com\/#\/schema\/logo\/image\/\"}}]}<\/script>\n<!-- \/ Yoast SEO Premium plugin. -->","yoast_head_json":{"title":"NAJ\u010cASTEJ\u0160IE OT\u00c1ZKY | Services for pharmacies","robots":{"index":"index","follow":"follow","max-snippet":"max-snippet:-1","max-image-preview":"max-image-preview:large","max-video-preview":"max-video-preview:-1"},"canonical":"https:\/\/servicesforpharmacies.com\/sk\/najcastejsie-otazky\/","og_locale":"sk_SK","og_type":"article","og_title":"NAJ\u010cASTEJ\u0160IE OT\u00c1ZKY","og_description":"\u010cO JE LUPINA? Perut je ljuskanje ko\u017ee vlasi\u0161ta uzrokovano prekomjernom odumiranju stanica epiderme. Uzrok je fiziolo\u0161ka gljivica na vlasi\u0161tu Pyttisporum Ovalis. &nbsp; \u010cO JE PYTIROSPORUM OVALIS? Pytirosporum Ovalis je gljivica koja \u010dini 40% bakterijske flore, prirodne za\u0161tite vlasi\u0161ta. U ovom je postotku ne\u0161tetna, \u010dak pridonosi prirodnoj za\u0161titi vlasi\u0161ta. Bakterijska flora sastoji se od znoja, sebuma&hellip;","og_url":"https:\/\/servicesforpharmacies.com\/sk\/najcastejsie-otazky\/","og_site_name":"Services for pharmacies","article_modified_time":"2022-08-15T07:46:41+00:00","twitter_card":"summary_large_image","twitter_misc":{"Predpokladan\u00fd \u010das \u010d\u00edtania":"2 min\u00faty"},"schema":{"@context":"https:\/\/schema.org","@graph":[{"@type":"WebPage","@id":"https:\/\/servicesforpharmacies.com\/sk\/najcastejsie-otazky\/","url":"https:\/\/servicesforpharmacies.com\/sk\/najcastejsie-otazky\/","name":"NAJ\u010cASTEJ\u0160IE OT\u00c1ZKY | Services for pharmacies","isPartOf":{"@id":"https:\/\/servicesforpharmacies.com\/#website"},"datePublished":"2020-09-18T08:39:26+00:00","dateModified":"2022-08-15T07:46:41+00:00","breadcrumb":{"@id":"https:\/\/servicesforpharmacies.com\/sk\/najcastejsie-otazky\/#breadcrumb"},"inLanguage":"sk-SK","potentialAction":[{"@type":"ReadAction","target":["https:\/\/servicesforpharmacies.com\/sk\/najcastejsie-otazky\/"]}]},{"@type":"BreadcrumbList","@id":"https:\/\/servicesforpharmacies.com\/sk\/najcastejsie-otazky\/#breadcrumb","itemListElement":[{"@type":"ListItem","position":1,"name":"Home","item":"https:\/\/servicesforpharmacies.com\/sk\/"},{"@type":"ListItem","position":2,"name":"NAJ\u010cASTEJ\u0160IE OT\u00c1ZKY"}]},{"@type":"WebSite","@id":"https:\/\/servicesforpharmacies.com\/#website","url":"https:\/\/servicesforpharmacies.com\/","name":"Services for pharmacies","description":"","publisher":{"@id":"https:\/\/servicesforpharmacies.com\/#organization"},"potentialAction":[{"@type":"SearchAction","target":{"@type":"EntryPoint","urlTemplate":"https:\/\/servicesforpharmacies.com\/?s={search_term_string}"},"query-input":{"@type":"PropertyValueSpecification","valueRequired":true,"valueName":"search_term_string"}}],"inLanguage":"sk-SK"},{"@type":"Organization","@id":"https:\/\/servicesforpharmacies.com\/#organization","name":"VitalPlusActive Group Ltd","url":"https:\/\/servicesforpharmacies.com\/","logo":{"@type":"ImageObject","inLanguage":"sk-SK","@id":"https:\/\/servicesforpharmacies.com\/#\/schema\/logo\/image\/","url":"https:\/\/servicesforpharmacies.com\/wp-content\/uploads\/2020\/07\/logo-eng.jpg","contentUrl":"https:\/\/servicesforpharmacies.com\/wp-content\/uploads\/2020\/07\/logo-eng.jpg","width":398,"height":90,"caption":"VitalPlusActive Group Ltd"},"image":{"@id":"https:\/\/servicesforpharmacies.com\/#\/schema\/logo\/image\/"}}]}},"_links":{"self":[{"href":"https:\/\/servicesforpharmacies.com\/sk\/wp-json\/wp\/v2\/pages\/17236","targetHints":{"allow":["GET"]}}],"collection":[{"href":"https:\/\/servicesforpharmacies.com\/sk\/wp-json\/wp\/v2\/pages"}],"about":[{"href":"https:\/\/servicesforpharmacies.com\/sk\/wp-json\/wp\/v2\/types\/page"}],"author":[{"embeddable":true,"href":"https:\/\/servicesforpharmacies.com\/sk\/wp-json\/wp\/v2\/users\/1"}],"replies":[{"embeddable":true,"href":"https:\/\/servicesforpharmacies.com\/sk\/wp-json\/wp\/v2\/comments?post=17236"}],"version-history":[{"count":0,"href":"https:\/\/servicesforpharmacies.com\/sk\/wp-json\/wp\/v2\/pages\/17236\/revisions"}],"wp:attachment":[{"href":"https:\/\/servicesforpharmacies.com\/sk\/wp-json\/wp\/v2\/media?parent=17236"}],"curies":[{"name":"wp","href":"https:\/\/api.w.org\/{rel}","templated":true}]}}