{"id":17235,"date":"2020-09-18T08:39:20","date_gmt":"2020-09-18T08:39:20","guid":{"rendered":"http:\/\/servicesforpharmacies.com\/?page_id=17235"},"modified":"2022-06-09T12:53:00","modified_gmt":"2022-06-09T12:53:00","slug":"pokozka-tvare","status":"publish","type":"page","link":"https:\/\/servicesforpharmacies.com\/sk\/pokozka-tvare\/","title":{"rendered":"POKO\u017dKA TV\u00c1RE"},"content":{"rendered":"\n<h2>\n\t\tBEZPLATN\u00c1\n\t<\/h2>\n<h3>\n\t\tOXYG\u00c9NOV\u00c1 DERMOMAS\u00c1\u017d TV\u00c1RE\n\t<\/h3>\n<h3>\n\t\tPORADENSTVO\n\t<\/h3>\n<h3>\n\t\tOSOBNE\n\t<\/h3>\n\t\t\t<a href=\"https:\/\/servicesforpharmacies.com\/sk\/ox-picker\" target=\"_blank\" role=\"button\" rel=\"noopener\">\n\t\t\t\t\t\t\tREZERV\u00c1CIA TERM\u00cdNU\n\t\t\t\t\t<\/a>\n\t\t\t\t<img loading=\"lazy\" decoding=\"async\" src=\"https:\/\/servicesforpharmacies.com\/wp-content\/uploads\/2020\/09\/hand.png\" alt=\"hand\" itemprop=\"image\" height=\"100\" width=\"100\" title=\"hand\" onerror=\"this.style.display='none'\"  \/>\n\t\t\t\t<img loading=\"lazy\" decoding=\"async\" src=\"https:\/\/servicesforpharmacies.com\/wp-content\/uploads\/2022\/06\/Ke\u0301p-arc1-SK.png\" alt=\"Ke\u0301p arc1 SK\" itemprop=\"image\" height=\"1049\" width=\"1230\" title=\"Ke\u0301p arc1 SK\" onerror=\"this.style.display='none'\"  \/>\n<h1>\n\t\tOXYG\u00c9NOV\u00c1 DERMOMAS\u00c1\u017d \n\t<\/h1>\n\t<p>Plynut\u00edm \u010dasu ko\u017en\u00e9 tkanivo str\u00e1ca z\u00e1soby oxyg\u00e9nu, preto sa poko\u017eka m\u00f4\u017ee sta\u0165 bledou, str\u00e1ca pru\u017enos\u0165 a flexibilitu, n\u00e1sledkom \u010doho za\u010dne ochabova\u0165.<\/p>\n<p>Pomocou oxyg\u00e9novej dermomas\u00e1\u017ee sa do poko\u017eky dostane vysoko koncentrovan\u00fd \u010dist\u00fd oxyg\u00e9n a umo\u017en\u00ed tak  na\u0161tartovanie produkcie ko\u017en\u00fdch buniek. Je to jednoduch\u00e1 bezbolestn\u00e1, pr\u00edjemn\u00e1 relaxa\u010dn\u00e1 proced\u00fara. <\/p>\n<h2>\n\t\tAK\u00c9 S\u00da V\u00ddHODY PRE POKO\u017dKU? \n\t<\/h2>\n\t<p>Oxyg\u00e9n je schopn\u00fd o\u017eivi\u0165 v\u0161etky vrstvy poko\u017eky a odstr\u00e1ni\u0165 nazbieran\u00e9 \u0161kodliv\u00e9 l\u00e1tky, ktor\u00e9 sp\u00f4sobuj\u00fa op\u00e1lov\u00fa bled\u00fa farbu poko\u017eky. Zlep\u0161uje prekrvenie poko\u017eky a bunkov\u00fd mechanizmus, napom\u00e1ha produkcii kolag\u00e9nu a elast\u00ednu vo fibroblastoch.<\/p>\n<h2>\n\t\tAK\u00c9 V\u00ddSLEDKY SA DAJ\u00da O\u010cAK\u00c1VA\u0164?\u2003\n\t<\/h2>\n\t<p><strong>U\u017e po prvej aplik\u00e1cii<\/strong>  s\u00fa jednozna\u010dne vidite\u013en\u00e9 pozit\u00edvne zmeny na poko\u017eke. Ko\u017ea je pln\u0161ia, elastickej\u0161ia, vypnut\u00e1, \u017eiariv\u00e1, hydratovan\u00e1 a svie\u017ea. Ple\u0165 je okam\u017eite hlad\u0161ia, d\u00e1 sa pozorova\u0165 okam\u017eit\u00fd liftingov\u00fd \u00fa\u010dinok, jemn\u00e9 vr\u00e1sky a mimick\u00e9 vr\u00e1sky s\u00fa o\u010dividne men\u0161ie.<\/p>\n\t\t\t\t<img decoding=\"async\" src=\"https:\/\/servicesforpharmacies.com\/wp-content\/uploads\/2020\/07\/skin-before.jpg\" alt=\"Kisik prije\" itemprop=\"image\" title=\"skin before\" onerror=\"this.style.display='none'\"  \/>\n\t\t\t\t<img decoding=\"async\" src=\"https:\/\/servicesforpharmacies.com\/wp-content\/uploads\/2020\/07\/skin-after.jpg\" alt=\"Kisik poslije\" itemprop=\"image\" title=\"skin after\" onerror=\"this.style.display='none'\"  \/>\n<h2>\n\t\tKOMU JE ODPOR\u00da\u010cAN\u00c1?\n\t<\/h2>\n<table  data-tablesaw-minimap>\n\t\t<thead>\n\t\t<tr>\n\t\t\t<th id=\"pp-table-col-1\" scope=\"col\" data-tablesaw-sortable-col>TYP PLETI<\/th><th id=\"pp-table-col-2\" scope=\"col\" data-tablesaw-sortable-col>FUNKCIA<\/th>\t\t<\/tr>\n\t<\/thead>\n\t\t<tbody>\n\t\t<tr><td>Zmie\u0161an\u00e1, ne\u010dist\u00e1, akne\u00f3zna ko\u017ea<\/td><td>S\u0165ahuje p\u00f3ry a podporuje olupovanie<\/td><\/tr><tr><td>Such\u00e1, dehydratovan\u00e1, vysu\u0161en\u00e1, sten\u010den\u00e1  a citliv\u00e1 ple\u0165<\/td><td>Hydrata\u010dn\u00fdm vplyvom napom\u00e1ha produkcii kolag\u00e9nu a elast\u00ednu<\/td><\/tr><tr><td>Ne\u017eiv\u00e1, op\u00e1lov\u00e1 ko\u017ea s mimick\u00fdmi vr\u00e1skami<\/td><td>Revitalizuj\u00faca, osvie\u017euj\u00faca, proti vr\u00e1skam m\u00e1 detoxika\u010dn\u00fd \u00fa\u010dinok<\/td><\/tr>\t<\/tbody>\n<\/table>\n\t\n\t    <div id=\"osm_map_69e65179d22d9\" style=\"height: 650px;\"><\/div>\n    <script>\ndocument.addEventListener(\"DOMContentLoaded\", function () {\n    const map = L.map('osm_map_69e65179d22d9').setView([49, 18], 7);\n\n    L.tileLayer('https:\/\/{s}.tile.openstreetmap.org\/{z}\/{x}\/{y}.png', {\n        maxZoom: 19,\n        attribution: '&copy; OpenStreetMap contributors'\n    }).addTo(map);\n\n    fetch(\"https:\/\/servicesforpharmacies.com\/cron\/sk-o.php\")\n        .then(response => response.json())\n        .then(results => {\n            if (!results || !results.pharmacies) {\n                console.warn(\"No pharmacies data in response\");\n                return;\n            }\n\n            results.pharmacies.forEach(pharmacy => {\n                if ((pharmacy.scalp || pharmacy.skin) && pharmacy.latitude && pharmacy.longitude) {\n\n                    let name = pharmacy.name\n    .toLowerCase()\n    .replace(\/\\s+\/g, '-')\n    .replace(\/[\u0111\u00f0]\/g, 'd')   \/\/ \u2705 fix \u0110 and \u0111\n    .replace(\/[\u0161]\/g, 's')\n    .replace(\/[\u010d\u0107]\/g, 'c')\n    .replace(\/[\u017e]\/g, 'z')\n    .normalize(\"NFD\")\n    .replace(\/[\\u0300-\\u036f]\/g, \"\")\n    .replace(\/[^a-z0-9-]\/g, '-')\n    .replace(\/^-+|-+$\/g, '')\n    .replace(\/-+\/g, '-');\n\n                    let scalp = pharmacy.scalp ? `<a href=\"\/sk\/scalp\/${name}\">SCALP<\/a>` : '';\n                    let skin = pharmacy.skin ? `<a href=\"\/sk\/skin\/${name}\">SKIN<\/a>` : '';\n\n                    let content = `\n                        <div style=\"display:flex;flex-direction:row;align-items:center;\">\n                            <img decoding=\"async\" src=\"https:\/\/servicesforpharmacies.com\/wp-content\/uploads\/2020\/08\/mappin.png\" style=\"height:50px;margin:0 10px;\">\n                            <div>\n                                <h4>${pharmacy.name}<\/h4>\n                                ${pharmacy.address}, ${pharmacy.municipality}<br>\n                                ${scalp}<br>${skin}\n                            <\/div>\n                        <\/div>\n                    `;\n\n                    const greenIcon = L.icon({\n    iconUrl: 'https:\/\/raw.githubusercontent.com\/pointhi\/leaflet-color-markers\/master\/img\/marker-icon-green.png',\n    shadowUrl: 'https:\/\/unpkg.com\/leaflet@1.9.4\/dist\/images\/marker-shadow.png',\n    iconSize:     [25, 41],\n    iconAnchor:   [12, 41],\n    popupAnchor:  [1, -34],\n    shadowSize:   [41, 41]\n});\n\nconst marker = L.marker([pharmacy.latitude, pharmacy.longitude], { icon: greenIcon }).addTo(map);\n\n                    marker.bindPopup(content);\n                }\n            });\n        })\n        .catch(error => {\n            console.error(\"Map data fetch failed\", error);\n        });\n});\n<\/script>\n\n    \n\n","protected":false},"excerpt":{"rendered":"<p>BEZPLATN\u00c1 OXYG\u00c9NOV\u00c1 DERMOMAS\u00c1\u017d TV\u00c1RE PORADENSTVO OSOBNE REZERV\u00c1CIA TERM\u00cdNU OXYG\u00c9NOV\u00c1 DERMOMAS\u00c1\u017d Plynut\u00edm \u010dasu ko\u017en\u00e9 tkanivo str\u00e1ca z\u00e1soby oxyg\u00e9nu, preto sa poko\u017eka m\u00f4\u017ee sta\u0165 bledou, str\u00e1ca pru\u017enos\u0165 a flexibilitu, n\u00e1sledkom \u010doho za\u010dne ochabova\u0165. Pomocou oxyg\u00e9novej dermomas\u00e1\u017ee sa do poko\u017eky dostane vysoko koncentrovan\u00fd \u010dist\u00fd oxyg\u00e9n a umo\u017en\u00ed tak na\u0161tartovanie produkcie ko\u017en\u00fdch buniek. Je to jednoduch\u00e1 bezbolestn\u00e1, pr\u00edjemn\u00e1 relaxa\u010dn\u00e1&hellip;<\/p>\n","protected":false},"author":1,"featured_media":571,"parent":0,"menu_order":0,"comment_status":"closed","ping_status":"closed","template":"","meta":{"_acf_changed":false,"footnotes":""},"class_list":["post-17235","page","type-page","status-publish","has-post-thumbnail","hentry"],"acf":[],"yoast_head":"<!-- This site is optimized with the Yoast SEO Premium plugin v22.9 (Yoast SEO v27.0) - https:\/\/yoast.com\/product\/yoast-seo-premium-wordpress\/ -->\n<title>POKO\u017dKA TV\u00c1RE | Services for pharmacies<\/title>\n<meta name=\"robots\" content=\"index, follow, max-snippet:-1, max-image-preview:large, max-video-preview:-1\" \/>\n<link rel=\"canonical\" href=\"https:\/\/servicesforpharmacies.com\/sk\/pokozka-tvare\/\" \/>\n<meta property=\"og:locale\" content=\"sk_SK\" \/>\n<meta property=\"og:type\" content=\"article\" \/>\n<meta property=\"og:title\" content=\"POKO\u017dKA TV\u00c1RE\" \/>\n<meta property=\"og:description\" content=\"BEZPLATN\u00c1 OXYG\u00c9NOV\u00c1 DERMOMAS\u00c1\u017d TV\u00c1RE PORADENSTVO OSOBNE REZERV\u00c1CIA TERM\u00cdNU OXYG\u00c9NOV\u00c1 DERMOMAS\u00c1\u017d Plynut\u00edm \u010dasu ko\u017en\u00e9 tkanivo str\u00e1ca z\u00e1soby oxyg\u00e9nu, preto sa poko\u017eka m\u00f4\u017ee sta\u0165 bledou, str\u00e1ca pru\u017enos\u0165 a flexibilitu, n\u00e1sledkom \u010doho za\u010dne ochabova\u0165. Pomocou oxyg\u00e9novej dermomas\u00e1\u017ee sa do poko\u017eky dostane vysoko koncentrovan\u00fd \u010dist\u00fd oxyg\u00e9n a umo\u017en\u00ed tak na\u0161tartovanie produkcie ko\u017en\u00fdch buniek. Je to jednoduch\u00e1 bezbolestn\u00e1, pr\u00edjemn\u00e1 relaxa\u010dn\u00e1&hellip;\" \/>\n<meta property=\"og:url\" content=\"https:\/\/servicesforpharmacies.com\/sk\/pokozka-tvare\/\" \/>\n<meta property=\"og:site_name\" content=\"Services for pharmacies\" \/>\n<meta property=\"article:modified_time\" content=\"2022-06-09T12:53:00+00:00\" \/>\n<meta property=\"og:image\" content=\"https:\/\/servicesforpharmacies.com\/wp-content\/uploads\/2020\/08\/OXY-D.jpg\" \/>\n\t<meta property=\"og:image:width\" content=\"1920\" \/>\n\t<meta property=\"og:image:height\" content=\"1080\" \/>\n\t<meta property=\"og:image:type\" content=\"image\/jpeg\" \/>\n<meta name=\"twitter:card\" content=\"summary_large_image\" \/>\n<meta name=\"twitter:label1\" content=\"Predpokladan\u00fd \u010das \u010d\u00edtania\" \/>\n\t<meta name=\"twitter:data1\" content=\"1 min\u00fata\" \/>\n<script type=\"application\/ld+json\" class=\"yoast-schema-graph\">{\"@context\":\"https:\/\/schema.org\",\"@graph\":[{\"@type\":\"WebPage\",\"@id\":\"https:\/\/servicesforpharmacies.com\/sk\/pokozka-tvare\/\",\"url\":\"https:\/\/servicesforpharmacies.com\/sk\/pokozka-tvare\/\",\"name\":\"POKO\u017dKA TV\u00c1RE | Services for pharmacies\",\"isPartOf\":{\"@id\":\"https:\/\/servicesforpharmacies.com\/sk\/#website\"},\"primaryImageOfPage\":{\"@id\":\"https:\/\/servicesforpharmacies.com\/sk\/pokozka-tvare\/#primaryimage\"},\"image\":{\"@id\":\"https:\/\/servicesforpharmacies.com\/sk\/pokozka-tvare\/#primaryimage\"},\"thumbnailUrl\":\"https:\/\/servicesforpharmacies.com\/wp-content\/uploads\/2020\/08\/OXY-D.jpg\",\"datePublished\":\"2020-09-18T08:39:20+00:00\",\"dateModified\":\"2022-06-09T12:53:00+00:00\",\"breadcrumb\":{\"@id\":\"https:\/\/servicesforpharmacies.com\/sk\/pokozka-tvare\/#breadcrumb\"},\"inLanguage\":\"sk-SK\",\"potentialAction\":[{\"@type\":\"ReadAction\",\"target\":[\"https:\/\/servicesforpharmacies.com\/sk\/pokozka-tvare\/\"]}]},{\"@type\":\"ImageObject\",\"inLanguage\":\"sk-SK\",\"@id\":\"https:\/\/servicesforpharmacies.com\/sk\/pokozka-tvare\/#primaryimage\",\"url\":\"https:\/\/servicesforpharmacies.com\/wp-content\/uploads\/2020\/08\/OXY-D.jpg\",\"contentUrl\":\"https:\/\/servicesforpharmacies.com\/wp-content\/uploads\/2020\/08\/OXY-D.jpg\",\"width\":1920,\"height\":1080,\"caption\":\"Ossigeno\"},{\"@type\":\"BreadcrumbList\",\"@id\":\"https:\/\/servicesforpharmacies.com\/sk\/pokozka-tvare\/#breadcrumb\",\"itemListElement\":[{\"@type\":\"ListItem\",\"position\":1,\"name\":\"Home\",\"item\":\"https:\/\/servicesforpharmacies.com\/sk\/\"},{\"@type\":\"ListItem\",\"position\":2,\"name\":\"POKO\u017dKA TV\u00c1RE\"}]},{\"@type\":\"WebSite\",\"@id\":\"https:\/\/servicesforpharmacies.com\/sk\/#website\",\"url\":\"https:\/\/servicesforpharmacies.com\/sk\/\",\"name\":\"Services for pharmacies\",\"description\":\"\",\"publisher\":{\"@id\":\"https:\/\/servicesforpharmacies.com\/sk\/#organization\"},\"potentialAction\":[{\"@type\":\"SearchAction\",\"target\":{\"@type\":\"EntryPoint\",\"urlTemplate\":\"https:\/\/servicesforpharmacies.com\/sk\/?s={search_term_string}\"},\"query-input\":{\"@type\":\"PropertyValueSpecification\",\"valueRequired\":true,\"valueName\":\"search_term_string\"}}],\"inLanguage\":\"sk-SK\"},{\"@type\":\"Organization\",\"@id\":\"https:\/\/servicesforpharmacies.com\/sk\/#organization\",\"name\":\"VitalPlusActive Group Ltd\",\"url\":\"https:\/\/servicesforpharmacies.com\/sk\/\",\"logo\":{\"@type\":\"ImageObject\",\"inLanguage\":\"sk-SK\",\"@id\":\"https:\/\/servicesforpharmacies.com\/sk\/#\/schema\/logo\/image\/\",\"url\":\"https:\/\/servicesforpharmacies.com\/wp-content\/uploads\/2020\/07\/logo-eng.jpg\",\"contentUrl\":\"https:\/\/servicesforpharmacies.com\/wp-content\/uploads\/2020\/07\/logo-eng.jpg\",\"width\":398,\"height\":90,\"caption\":\"VitalPlusActive Group Ltd\"},\"image\":{\"@id\":\"https:\/\/servicesforpharmacies.com\/sk\/#\/schema\/logo\/image\/\"}}]}<\/script>\n<!-- \/ Yoast SEO Premium plugin. -->","yoast_head_json":{"title":"POKO\u017dKA TV\u00c1RE | Services for pharmacies","robots":{"index":"index","follow":"follow","max-snippet":"max-snippet:-1","max-image-preview":"max-image-preview:large","max-video-preview":"max-video-preview:-1"},"canonical":"https:\/\/servicesforpharmacies.com\/sk\/pokozka-tvare\/","og_locale":"sk_SK","og_type":"article","og_title":"POKO\u017dKA TV\u00c1RE","og_description":"BEZPLATN\u00c1 OXYG\u00c9NOV\u00c1 DERMOMAS\u00c1\u017d TV\u00c1RE PORADENSTVO OSOBNE REZERV\u00c1CIA TERM\u00cdNU OXYG\u00c9NOV\u00c1 DERMOMAS\u00c1\u017d Plynut\u00edm \u010dasu ko\u017en\u00e9 tkanivo str\u00e1ca z\u00e1soby oxyg\u00e9nu, preto sa poko\u017eka m\u00f4\u017ee sta\u0165 bledou, str\u00e1ca pru\u017enos\u0165 a flexibilitu, n\u00e1sledkom \u010doho za\u010dne ochabova\u0165. Pomocou oxyg\u00e9novej dermomas\u00e1\u017ee sa do poko\u017eky dostane vysoko koncentrovan\u00fd \u010dist\u00fd oxyg\u00e9n a umo\u017en\u00ed tak na\u0161tartovanie produkcie ko\u017en\u00fdch buniek. Je to jednoduch\u00e1 bezbolestn\u00e1, pr\u00edjemn\u00e1 relaxa\u010dn\u00e1&hellip;","og_url":"https:\/\/servicesforpharmacies.com\/sk\/pokozka-tvare\/","og_site_name":"Services for pharmacies","article_modified_time":"2022-06-09T12:53:00+00:00","og_image":[{"width":1920,"height":1080,"url":"https:\/\/servicesforpharmacies.com\/wp-content\/uploads\/2020\/08\/OXY-D.jpg","type":"image\/jpeg"}],"twitter_card":"summary_large_image","twitter_misc":{"Predpokladan\u00fd \u010das \u010d\u00edtania":"1 min\u00fata"},"schema":{"@context":"https:\/\/schema.org","@graph":[{"@type":"WebPage","@id":"https:\/\/servicesforpharmacies.com\/sk\/pokozka-tvare\/","url":"https:\/\/servicesforpharmacies.com\/sk\/pokozka-tvare\/","name":"POKO\u017dKA TV\u00c1RE | Services for pharmacies","isPartOf":{"@id":"https:\/\/servicesforpharmacies.com\/sk\/#website"},"primaryImageOfPage":{"@id":"https:\/\/servicesforpharmacies.com\/sk\/pokozka-tvare\/#primaryimage"},"image":{"@id":"https:\/\/servicesforpharmacies.com\/sk\/pokozka-tvare\/#primaryimage"},"thumbnailUrl":"https:\/\/servicesforpharmacies.com\/wp-content\/uploads\/2020\/08\/OXY-D.jpg","datePublished":"2020-09-18T08:39:20+00:00","dateModified":"2022-06-09T12:53:00+00:00","breadcrumb":{"@id":"https:\/\/servicesforpharmacies.com\/sk\/pokozka-tvare\/#breadcrumb"},"inLanguage":"sk-SK","potentialAction":[{"@type":"ReadAction","target":["https:\/\/servicesforpharmacies.com\/sk\/pokozka-tvare\/"]}]},{"@type":"ImageObject","inLanguage":"sk-SK","@id":"https:\/\/servicesforpharmacies.com\/sk\/pokozka-tvare\/#primaryimage","url":"https:\/\/servicesforpharmacies.com\/wp-content\/uploads\/2020\/08\/OXY-D.jpg","contentUrl":"https:\/\/servicesforpharmacies.com\/wp-content\/uploads\/2020\/08\/OXY-D.jpg","width":1920,"height":1080,"caption":"Ossigeno"},{"@type":"BreadcrumbList","@id":"https:\/\/servicesforpharmacies.com\/sk\/pokozka-tvare\/#breadcrumb","itemListElement":[{"@type":"ListItem","position":1,"name":"Home","item":"https:\/\/servicesforpharmacies.com\/sk\/"},{"@type":"ListItem","position":2,"name":"POKO\u017dKA TV\u00c1RE"}]},{"@type":"WebSite","@id":"https:\/\/servicesforpharmacies.com\/sk\/#website","url":"https:\/\/servicesforpharmacies.com\/sk\/","name":"Services for pharmacies","description":"","publisher":{"@id":"https:\/\/servicesforpharmacies.com\/sk\/#organization"},"potentialAction":[{"@type":"SearchAction","target":{"@type":"EntryPoint","urlTemplate":"https:\/\/servicesforpharmacies.com\/sk\/?s={search_term_string}"},"query-input":{"@type":"PropertyValueSpecification","valueRequired":true,"valueName":"search_term_string"}}],"inLanguage":"sk-SK"},{"@type":"Organization","@id":"https:\/\/servicesforpharmacies.com\/sk\/#organization","name":"VitalPlusActive Group Ltd","url":"https:\/\/servicesforpharmacies.com\/sk\/","logo":{"@type":"ImageObject","inLanguage":"sk-SK","@id":"https:\/\/servicesforpharmacies.com\/sk\/#\/schema\/logo\/image\/","url":"https:\/\/servicesforpharmacies.com\/wp-content\/uploads\/2020\/07\/logo-eng.jpg","contentUrl":"https:\/\/servicesforpharmacies.com\/wp-content\/uploads\/2020\/07\/logo-eng.jpg","width":398,"height":90,"caption":"VitalPlusActive Group Ltd"},"image":{"@id":"https:\/\/servicesforpharmacies.com\/sk\/#\/schema\/logo\/image\/"}}]}},"_links":{"self":[{"href":"https:\/\/servicesforpharmacies.com\/sk\/wp-json\/wp\/v2\/pages\/17235","targetHints":{"allow":["GET"]}}],"collection":[{"href":"https:\/\/servicesforpharmacies.com\/sk\/wp-json\/wp\/v2\/pages"}],"about":[{"href":"https:\/\/servicesforpharmacies.com\/sk\/wp-json\/wp\/v2\/types\/page"}],"author":[{"embeddable":true,"href":"https:\/\/servicesforpharmacies.com\/sk\/wp-json\/wp\/v2\/users\/1"}],"replies":[{"embeddable":true,"href":"https:\/\/servicesforpharmacies.com\/sk\/wp-json\/wp\/v2\/comments?post=17235"}],"version-history":[{"count":0,"href":"https:\/\/servicesforpharmacies.com\/sk\/wp-json\/wp\/v2\/pages\/17235\/revisions"}],"wp:featuredmedia":[{"embeddable":true,"href":"https:\/\/servicesforpharmacies.com\/sk\/wp-json\/wp\/v2\/media\/571"}],"wp:attachment":[{"href":"https:\/\/servicesforpharmacies.com\/sk\/wp-json\/wp\/v2\/media?parent=17235"}],"curies":[{"name":"wp","href":"https:\/\/api.w.org\/{rel}","templated":true}]}}