{"id":10261,"date":"2020-09-14T21:10:20","date_gmt":"2020-09-14T21:10:20","guid":{"rendered":"http:\/\/servicesforpharmacies.com\/?page_id=10261"},"modified":"2021-12-07T13:31:16","modified_gmt":"2021-12-07T13:31:16","slug":"pocetna","status":"publish","type":"page","link":"https:\/\/servicesforpharmacies.com\/sk\/","title":{"rendered":"PROBL\u00c9MY S VLASMI"},"content":{"rendered":"\n\n\t\t\t\t<img decoding=\"async\" src=\"https:\/\/servicesforpharmacies.com\/wp-content\/uploads\/2020\/09\/prurito.jpg\" alt=\"prurito\" itemprop=\"image\" title=\"prurito\" onerror=\"this.style.display='none'\"  \/>\n\t\t\t<a href=\"#\" target=\"_self\" role=\"button\" rel=\"noopener\">\n\t\t\t\t\t\t\tSVRBENIE\n\t\t\t\t\t<\/a>\n\t\t\t\t<img decoding=\"async\" src=\"https:\/\/servicesforpharmacies.com\/wp-content\/uploads\/2020\/09\/forfora.jpg\" alt=\"Perut\" itemprop=\"image\" title=\"forfora\" onerror=\"this.style.display='none'\"  \/>\n\t\t\t<a href=\"#\" target=\"_self\" role=\"button\" rel=\"noopener\">\n\t\t\t\t\t\t\tOLUPOVANIE\n\t\t\t\t\t<\/a>\n\t\t\t\t<img decoding=\"async\" src=\"https:\/\/servicesforpharmacies.com\/wp-content\/uploads\/2020\/09\/caduta.jpg\" alt=\"Problemi s kosom\" itemprop=\"image\" title=\"Problemi s kosom\" onerror=\"this.style.display='none'\"  \/>\n\t\t\t<a href=\"#\" target=\"_self\" role=\"button\" rel=\"noopener\">\n\t\t\t\t\t\t\tVYPAD\u00c1VANIE\n\t\t\t\t\t<\/a>\n\t\t\t\t<img decoding=\"async\" src=\"https:\/\/servicesforpharmacies.com\/wp-content\/uploads\/2020\/09\/grasso.jpg\" alt=\"Masna kosa\" itemprop=\"image\" title=\"grasso\" onerror=\"this.style.display='none'\"  \/>\n\t\t\t<a href=\"#\" target=\"_self\" role=\"button\" rel=\"noopener\">\n\t\t\t\t\t\t\t MASTN\u00c9 VLASY\n\t\t\t\t\t<\/a>\n<h1>\n\t\tPROBL\u00c9MY S VLASMI?\n\t<\/h1>\n\t\n\t<p>M\u00e1m mastn\u00e9 vlasy, mus\u00edm si ich denne um\u00fdva\u0165&#8230;<\/p>\n<p>M\u00e1m such\u00e9 a roz\u0161tiepen\u00e9 vlasy, mus\u00edm si zvoli\u0165 nov\u00fd \u00fa\u010des&#8230;<\/p>\n<p>Chcem da\u0165 objem svojim vlasom, s\u00fa pr\u00edli\u0161 jemn\u00e9&#8230;<\/p>\n<p>Vlasy mi nerast\u00fa tak, ako kedysi&#8230;<\/p>\n<p>M\u00e1m ove\u013ea menej vlasov ako v mladosti, at\u010f.<\/p>\n\t\n<h2>\n\t\tSLU\u017dBA V LEK\u00c1RNI\n\t<\/h2>\n\t\t\t<a href=\"\" target=\"_self\" role=\"button\" rel=\"noopener\">\n\t\t\t\t\t\t\tSTRES\n\t\t\t\t\t<\/a>\n\t\t\t<a href=\"\" target=\"_self\" role=\"button\" rel=\"noopener\">\n\t\t\t\t\t\t\tPROBL\u00c9MY VN\u00daTORN\u00ddCH ORG\u00c1NOV\n\t\t\t\t\t<\/a>\n\t\t\t<a href=\"\" target=\"_self\" role=\"button\" rel=\"noopener\">\n\t\t\t\t\t\t\tHYGIENA\n\t\t\t\t\t<\/a>\n\t\t\t<a href=\"\" target=\"_self\" role=\"button\" rel=\"noopener\">\n\t\t\t\t\t\t\tSTRAVOVANIE\n\t\t\t\t\t<\/a>\n\t\n<h2>\n\t\tPILOSEBACE\u00d3ZNA JEDNOTKA\n\t<\/h2>\n\t\t\t\t<img decoding=\"async\" src=\"https:\/\/servicesforpharmacies.com\/wp-content\/uploads\/2020\/07\/pilosebgray.jpeg\" alt=\"Pilosebacealna jedinica vlasi\u0161ta\" itemprop=\"image\" title=\"pilosebgray\" onerror=\"this.style.display='none'\"  \/>\n\t<p>Na zachovanie spr\u00e1vnej \u010dinnosti pilosebace\u00f3znej jednotky s\u00fa z dlhodob\u00e9ho h\u013eadiska potrebn\u00e9 4 podmienky:<\/p>\n<p>&nbsp;<\/p>\n<ol>\n<li><strong>SPR\u00c1VNE Z\u00c1SOBOVANIE KYSL\u00cdKOM<\/strong><\/li>\n<li><strong> AKT\u00cdVNA BAKTERI\u00c1LNA FL\u00d3RA POKO\u017dKY<\/strong><\/li>\n<li><strong>VYV\u00c1\u017dEN\u00c1 \u010cINNOS\u0164 MAZOVEJ \u017d\u013dAZY<\/strong><\/li>\n<li><strong>SPR\u00c1VNY PR\u00cdSUN \u017dIV\u00cdN<\/strong><\/li>\n<\/ol>\n\n\n<h2>\n\t\tVY\u0160ETRENIE STAVU  PILOSEBACE\u00d3SNEJ JEDNOTKY \n\t<\/h2>\n\t\t\t\t<img decoding=\"async\" src=\"https:\/\/servicesforpharmacies.com\/wp-content\/uploads\/2020\/07\/piloseb-num.png\" alt=\"Prevenitivni pregled pilosebacealnih jedinica vlasi\u0161ta\" itemprop=\"image\" title=\"piloseb num\" onerror=\"this.style.display='none'\"  \/>\n\t\n\t\t\t\t<img decoding=\"async\" src=\"https:\/\/servicesforpharmacies.com\/wp-content\/uploads\/2020\/07\/piloseb-num1.png\" alt=\"pilosebacealni ulazi\" itemprop=\"image\" title=\"piloseb num1\" onerror=\"this.style.display='none'\"  \/>\n\t<p><strong>Zistenie stavu otvorov pilosebace\u00f3znej jednotky,<\/strong> preto\u017ee len z \u010dist\u00fdch otvorov m\u00f4\u017eu r\u00e1s\u0165 zdrav\u00e9 vlasy.<\/p>\n\t\t\t\t<img decoding=\"async\" src=\"https:\/\/servicesforpharmacies.com\/wp-content\/uploads\/2020\/07\/piloseb-num2.png\" alt=\"debljinu vlasi koja raste\" itemprop=\"image\" title=\"piloseb num2\" onerror=\"this.style.display='none'\"  \/>\n\t<p><strong>Zistenie priemeru rast\u00faceho vlasu: <\/strong> nefunk\u010dn\u00e1 pilosebace\u00f3sn\u00e1 jednotka je pr\u00ed\u010dinou rednutia a vypad\u00e1vania vlasov na estetickej \u00farovni.<\/p>\n\t\t\t\t<img decoding=\"async\" src=\"https:\/\/servicesforpharmacies.com\/wp-content\/uploads\/2020\/07\/piloseb-num3.png\" alt=\"Prisutnost anomalija na cornealnom sloju epiderme\" itemprop=\"image\" title=\"piloseb num3\" onerror=\"this.style.display='none'\"  \/>\n\t<p><strong>Pr\u00edtomnos\u0165 abnormal\u00edt na poko\u017eke hlavy:<\/strong> olupovanie, podr\u00e1\u017edenie alebo za\u010dervenanie ko\u017ee sprev\u00e1dzan\u00e9 svrben\u00edm, ktor\u00e9 je \u010dasto sp\u00f4soben\u00e9 nerovnov\u00e1hou bakteri\u00e1lnej fl\u00f3ry.<\/p>\n\t\t\t\t<img decoding=\"async\" src=\"https:\/\/servicesforpharmacies.com\/wp-content\/uploads\/2020\/07\/piloseb-num4.png\" alt=\"Djelovanje \u017elijezda lojnica\" itemprop=\"image\" title=\"piloseb num4\" onerror=\"this.style.display='none'\"  \/>\n\t<strong>Zistenie \u010dinnosti mazov\u00fdch \u017eliaz,<\/strong> \u010di je<br \/>\npr\u00edtomn\u00e9 nadmern\u00e9 mno\u017estvo mazu na vlasovej poko\u017eke, vlasoch.\n\t\t\t\t<img decoding=\"async\" src=\"https:\/\/servicesforpharmacies.com\/wp-content\/uploads\/2020\/07\/piloseb-num5.png\" alt=\"Oblik bulbusa (korijena)\" itemprop=\"image\" title=\"piloseb num5\" onerror=\"this.style.display='none'\"  \/>\n\t<p><strong>Vlasov\u00e9 cibu\u013eky:<\/strong> Zistenie stavu vlasov\u00fdch cibuliek.<\/p>\n\t\t\t\t<img decoding=\"async\" src=\"https:\/\/servicesforpharmacies.com\/wp-content\/uploads\/2020\/07\/piloseb-num6.png\" alt=\"Pravilno hranjenje korijena kose\" itemprop=\"image\" title=\"piloseb num6\" onerror=\"this.style.display='none'\"  \/>\n\t<p><strong>\u010ci je v\u00fd\u017eiva vlasov\u00fdch cibuliek dostato\u010dn\u00e1: <\/strong> \u010di vlasov\u00fd folikul dostane cez kapil\u00e1ry dostatok v\u00fd\u017eivn\u00fdch l\u00e1tok.<\/p>\n<h2>\n\t\tKOMU SA ODPOR\u00da\u010cA?\n\t<\/h2>\n\t<p>AK:<\/p>\n<p>&nbsp;<\/p>\n\n<p>&nbsp;<\/p>\n<p>KONTROLA pilosebace\u00f3znej jednotky sa odpor\u00fa\u010da t\u00fdm, ktor\u00ed po\u010das rokov zaznamenali estetick\u00fa zmenu svojich vlasov. PREVENT\u00cdVNE ka\u017ed\u00e9mu na JAR a na JESE\u0147. Ako je zn\u00e1me, pr\u00e1ve zmenami ro\u010dn\u00e9ho obdobia &#8211; LETO-TEPLO a ZIMA-CHLAD &#8211; doch\u00e1dza k zhor\u0161eniu por\u00fach vlasovej poko\u017eky.<\/p>\n\t    <div id=\"osm_map_69e082b759f2e\" style=\"height: 650px;\"><\/div>\n    <script>\ndocument.addEventListener(\"DOMContentLoaded\", function () {\n    const map = L.map('osm_map_69e082b759f2e').setView([49, 18], 7);\n\n    L.tileLayer('https:\/\/{s}.tile.openstreetmap.org\/{z}\/{x}\/{y}.png', {\n        maxZoom: 19,\n        attribution: '&copy; OpenStreetMap contributors'\n    }).addTo(map);\n\n    fetch(\"https:\/\/servicesforpharmacies.com\/cron\/sk-o.php\")\n        .then(response => response.json())\n        .then(results => {\n            if (!results || !results.pharmacies) {\n                console.warn(\"No pharmacies data in response\");\n                return;\n            }\n\n            results.pharmacies.forEach(pharmacy => {\n                if ((pharmacy.scalp || pharmacy.skin) && pharmacy.latitude && pharmacy.longitude) {\n\n                    let name = pharmacy.name\n    .toLowerCase()\n    .replace(\/\\s+\/g, '-')\n    .replace(\/[\u0111\u00f0]\/g, 'd')   \/\/ \u2705 fix \u0110 and \u0111\n    .replace(\/[\u0161]\/g, 's')\n    .replace(\/[\u010d\u0107]\/g, 'c')\n    .replace(\/[\u017e]\/g, 'z')\n    .normalize(\"NFD\")\n    .replace(\/[\\u0300-\\u036f]\/g, \"\")\n    .replace(\/[^a-z0-9-]\/g, '-')\n    .replace(\/^-+|-+$\/g, '')\n    .replace(\/-+\/g, '-');\n\n                    let scalp = pharmacy.scalp ? `<a href=\"\/sk\/scalp\/${name}\">SCALP<\/a>` : '';\n                    let skin = pharmacy.skin ? `<a href=\"\/sk\/skin\/${name}\">SKIN<\/a>` : '';\n\n                    let content = `\n                        <div style=\"display:flex;flex-direction:row;align-items:center;\">\n                            <img decoding=\"async\" src=\"https:\/\/servicesforpharmacies.com\/wp-content\/uploads\/2020\/08\/mappin.png\" style=\"height:50px;margin:0 10px;\">\n                            <div>\n                                <h4>${pharmacy.name}<\/h4>\n                                ${pharmacy.address}, ${pharmacy.municipality}<br>\n                                ${scalp}<br>${skin}\n                            <\/div>\n                        <\/div>\n                    `;\n\n                    const greenIcon = L.icon({\n    iconUrl: 'https:\/\/raw.githubusercontent.com\/pointhi\/leaflet-color-markers\/master\/img\/marker-icon-green.png',\n    shadowUrl: 'https:\/\/unpkg.com\/leaflet@1.9.4\/dist\/images\/marker-shadow.png',\n    iconSize:     [25, 41],\n    iconAnchor:   [12, 41],\n    popupAnchor:  [1, -34],\n    shadowSize:   [41, 41]\n});\n\nconst marker = L.marker([pharmacy.latitude, pharmacy.longitude], { icon: greenIcon }).addTo(map);\n\n                    marker.bindPopup(content);\n                }\n            });\n        })\n        .catch(error => {\n            console.error(\"Map data fetch failed\", error);\n        });\n});\n<\/script>\n\n    \n\n","protected":false},"excerpt":{"rendered":"<p>SVRBENIE OLUPOVANIE VYPAD\u00c1VANIE MASTN\u00c9 VLASY PROBL\u00c9MY S VLASMI? M\u00e1m mastn\u00e9 vlasy, mus\u00edm si ich denne um\u00fdva\u0165&#8230; M\u00e1m such\u00e9 a roz\u0161tiepen\u00e9 vlasy, mus\u00edm si zvoli\u0165 nov\u00fd \u00fa\u010des&#8230; Chcem da\u0165 objem svojim vlasom, s\u00fa pr\u00edli\u0161 jemn\u00e9&#8230; Vlasy mi nerast\u00fa tak, ako kedysi&#8230; M\u00e1m ove\u013ea menej vlasov ako v mladosti, at\u010f. SLU\u017dBA V LEK\u00c1RNI STRES PROBL\u00c9MY VN\u00daTORN\u00ddCH ORG\u00c1NOV&hellip;<\/p>\n","protected":false},"author":1,"featured_media":8705,"parent":0,"menu_order":0,"comment_status":"closed","ping_status":"closed","template":"","meta":{"_acf_changed":false,"footnotes":""},"class_list":["post-10261","page","type-page","status-publish","has-post-thumbnail","hentry"],"acf":[],"yoast_head":"<!-- This site is optimized with the Yoast SEO Premium plugin v22.9 (Yoast SEO v27.0) - https:\/\/yoast.com\/product\/yoast-seo-premium-wordpress\/ -->\n<title>PROBL\u00c9MY S VLASMI | Services for pharmacies<\/title>\n<meta name=\"robots\" content=\"index, follow, max-snippet:-1, max-image-preview:large, max-video-preview:-1\" \/>\n<link rel=\"canonical\" href=\"https:\/\/servicesforpharmacies.com\/sk\/\" \/>\n<meta property=\"og:locale\" content=\"sk_SK\" \/>\n<meta property=\"og:type\" content=\"article\" \/>\n<meta property=\"og:title\" content=\"PROBL\u00c9MY S VLASMI\" \/>\n<meta property=\"og:description\" content=\"SVRBENIE OLUPOVANIE VYPAD\u00c1VANIE MASTN\u00c9 VLASY PROBL\u00c9MY S VLASMI? M\u00e1m mastn\u00e9 vlasy, mus\u00edm si ich denne um\u00fdva\u0165&#8230; M\u00e1m such\u00e9 a roz\u0161tiepen\u00e9 vlasy, mus\u00edm si zvoli\u0165 nov\u00fd \u00fa\u010des&#8230; Chcem da\u0165 objem svojim vlasom, s\u00fa pr\u00edli\u0161 jemn\u00e9&#8230; Vlasy mi nerast\u00fa tak, ako kedysi&#8230; M\u00e1m ove\u013ea menej vlasov ako v mladosti, at\u010f. SLU\u017dBA V LEK\u00c1RNI STRES PROBL\u00c9MY VN\u00daTORN\u00ddCH ORG\u00c1NOV&hellip;\" \/>\n<meta property=\"og:url\" content=\"https:\/\/servicesforpharmacies.com\/sk\/\" \/>\n<meta property=\"og:site_name\" content=\"Services for pharmacies\" \/>\n<meta property=\"article:modified_time\" content=\"2021-12-07T13:31:16+00:00\" \/>\n<meta property=\"og:image\" content=\"https:\/\/servicesforpharmacies.com\/wp-content\/uploads\/2020\/09\/caduta.jpg\" \/>\n\t<meta property=\"og:image:width\" content=\"715\" \/>\n\t<meta property=\"og:image:height\" content=\"500\" \/>\n\t<meta property=\"og:image:type\" content=\"image\/jpeg\" \/>\n<meta name=\"twitter:card\" content=\"summary_large_image\" \/>\n<meta name=\"twitter:label1\" content=\"Predpokladan\u00fd \u010das \u010d\u00edtania\" \/>\n\t<meta name=\"twitter:data1\" content=\"2 min\u00faty\" \/>\n<script type=\"application\/ld+json\" class=\"yoast-schema-graph\">{\"@context\":\"https:\/\/schema.org\",\"@graph\":[{\"@type\":\"WebPage\",\"@id\":\"https:\/\/servicesforpharmacies.com\/sk\/\",\"url\":\"https:\/\/servicesforpharmacies.com\/sk\/\",\"name\":\"PROBL\u00c9MY S VLASMI | Services for pharmacies\",\"isPartOf\":{\"@id\":\"https:\/\/servicesforpharmacies.com\/sk\/#website\"},\"primaryImageOfPage\":{\"@id\":\"https:\/\/servicesforpharmacies.com\/sk\/#primaryimage\"},\"image\":{\"@id\":\"https:\/\/servicesforpharmacies.com\/sk\/#primaryimage\"},\"thumbnailUrl\":\"https:\/\/servicesforpharmacies.com\/wp-content\/uploads\/2020\/09\/caduta.jpg\",\"datePublished\":\"2020-09-14T21:10:20+00:00\",\"dateModified\":\"2021-12-07T13:31:16+00:00\",\"breadcrumb\":{\"@id\":\"https:\/\/servicesforpharmacies.com\/sk\/#breadcrumb\"},\"inLanguage\":\"sk-SK\",\"potentialAction\":[{\"@type\":\"ReadAction\",\"target\":[\"https:\/\/servicesforpharmacies.com\/sk\/\"]}]},{\"@type\":\"ImageObject\",\"inLanguage\":\"sk-SK\",\"@id\":\"https:\/\/servicesforpharmacies.com\/sk\/#primaryimage\",\"url\":\"https:\/\/servicesforpharmacies.com\/wp-content\/uploads\/2020\/09\/caduta.jpg\",\"contentUrl\":\"https:\/\/servicesforpharmacies.com\/wp-content\/uploads\/2020\/09\/caduta.jpg\",\"width\":715,\"height\":500,\"caption\":\"Problemi s kosom\"},{\"@type\":\"BreadcrumbList\",\"@id\":\"https:\/\/servicesforpharmacies.com\/sk\/#breadcrumb\",\"itemListElement\":[{\"@type\":\"ListItem\",\"position\":1,\"name\":\"Home\",\"item\":\"https:\/\/servicesforpharmacies.com\/sk\/\"},{\"@type\":\"ListItem\",\"position\":2,\"name\":\"PROBL\u00c9MY S VLASMI\"}]},{\"@type\":\"WebSite\",\"@id\":\"https:\/\/servicesforpharmacies.com\/sk\/#website\",\"url\":\"https:\/\/servicesforpharmacies.com\/sk\/\",\"name\":\"Services for pharmacies\",\"description\":\"\",\"publisher\":{\"@id\":\"https:\/\/servicesforpharmacies.com\/sk\/#organization\"},\"potentialAction\":[{\"@type\":\"SearchAction\",\"target\":{\"@type\":\"EntryPoint\",\"urlTemplate\":\"https:\/\/servicesforpharmacies.com\/sk\/?s={search_term_string}\"},\"query-input\":{\"@type\":\"PropertyValueSpecification\",\"valueRequired\":true,\"valueName\":\"search_term_string\"}}],\"inLanguage\":\"sk-SK\"},{\"@type\":\"Organization\",\"@id\":\"https:\/\/servicesforpharmacies.com\/sk\/#organization\",\"name\":\"VitalPlusActive Group Ltd\",\"url\":\"https:\/\/servicesforpharmacies.com\/sk\/\",\"logo\":{\"@type\":\"ImageObject\",\"inLanguage\":\"sk-SK\",\"@id\":\"https:\/\/servicesforpharmacies.com\/sk\/#\/schema\/logo\/image\/\",\"url\":\"https:\/\/servicesforpharmacies.com\/wp-content\/uploads\/2020\/07\/logo-eng.jpg\",\"contentUrl\":\"https:\/\/servicesforpharmacies.com\/wp-content\/uploads\/2020\/07\/logo-eng.jpg\",\"width\":398,\"height\":90,\"caption\":\"VitalPlusActive Group Ltd\"},\"image\":{\"@id\":\"https:\/\/servicesforpharmacies.com\/sk\/#\/schema\/logo\/image\/\"}}]}<\/script>\n<!-- \/ Yoast SEO Premium plugin. -->","yoast_head_json":{"title":"PROBL\u00c9MY S VLASMI | Services for pharmacies","robots":{"index":"index","follow":"follow","max-snippet":"max-snippet:-1","max-image-preview":"max-image-preview:large","max-video-preview":"max-video-preview:-1"},"canonical":"https:\/\/servicesforpharmacies.com\/sk\/","og_locale":"sk_SK","og_type":"article","og_title":"PROBL\u00c9MY S VLASMI","og_description":"SVRBENIE OLUPOVANIE VYPAD\u00c1VANIE MASTN\u00c9 VLASY PROBL\u00c9MY S VLASMI? M\u00e1m mastn\u00e9 vlasy, mus\u00edm si ich denne um\u00fdva\u0165&#8230; M\u00e1m such\u00e9 a roz\u0161tiepen\u00e9 vlasy, mus\u00edm si zvoli\u0165 nov\u00fd \u00fa\u010des&#8230; Chcem da\u0165 objem svojim vlasom, s\u00fa pr\u00edli\u0161 jemn\u00e9&#8230; Vlasy mi nerast\u00fa tak, ako kedysi&#8230; M\u00e1m ove\u013ea menej vlasov ako v mladosti, at\u010f. SLU\u017dBA V LEK\u00c1RNI STRES PROBL\u00c9MY VN\u00daTORN\u00ddCH ORG\u00c1NOV&hellip;","og_url":"https:\/\/servicesforpharmacies.com\/sk\/","og_site_name":"Services for pharmacies","article_modified_time":"2021-12-07T13:31:16+00:00","og_image":[{"width":715,"height":500,"url":"https:\/\/servicesforpharmacies.com\/wp-content\/uploads\/2020\/09\/caduta.jpg","type":"image\/jpeg"}],"twitter_card":"summary_large_image","twitter_misc":{"Predpokladan\u00fd \u010das \u010d\u00edtania":"2 min\u00faty"},"schema":{"@context":"https:\/\/schema.org","@graph":[{"@type":"WebPage","@id":"https:\/\/servicesforpharmacies.com\/sk\/","url":"https:\/\/servicesforpharmacies.com\/sk\/","name":"PROBL\u00c9MY S VLASMI | Services for pharmacies","isPartOf":{"@id":"https:\/\/servicesforpharmacies.com\/sk\/#website"},"primaryImageOfPage":{"@id":"https:\/\/servicesforpharmacies.com\/sk\/#primaryimage"},"image":{"@id":"https:\/\/servicesforpharmacies.com\/sk\/#primaryimage"},"thumbnailUrl":"https:\/\/servicesforpharmacies.com\/wp-content\/uploads\/2020\/09\/caduta.jpg","datePublished":"2020-09-14T21:10:20+00:00","dateModified":"2021-12-07T13:31:16+00:00","breadcrumb":{"@id":"https:\/\/servicesforpharmacies.com\/sk\/#breadcrumb"},"inLanguage":"sk-SK","potentialAction":[{"@type":"ReadAction","target":["https:\/\/servicesforpharmacies.com\/sk\/"]}]},{"@type":"ImageObject","inLanguage":"sk-SK","@id":"https:\/\/servicesforpharmacies.com\/sk\/#primaryimage","url":"https:\/\/servicesforpharmacies.com\/wp-content\/uploads\/2020\/09\/caduta.jpg","contentUrl":"https:\/\/servicesforpharmacies.com\/wp-content\/uploads\/2020\/09\/caduta.jpg","width":715,"height":500,"caption":"Problemi s kosom"},{"@type":"BreadcrumbList","@id":"https:\/\/servicesforpharmacies.com\/sk\/#breadcrumb","itemListElement":[{"@type":"ListItem","position":1,"name":"Home","item":"https:\/\/servicesforpharmacies.com\/sk\/"},{"@type":"ListItem","position":2,"name":"PROBL\u00c9MY S VLASMI"}]},{"@type":"WebSite","@id":"https:\/\/servicesforpharmacies.com\/sk\/#website","url":"https:\/\/servicesforpharmacies.com\/sk\/","name":"Services for pharmacies","description":"","publisher":{"@id":"https:\/\/servicesforpharmacies.com\/sk\/#organization"},"potentialAction":[{"@type":"SearchAction","target":{"@type":"EntryPoint","urlTemplate":"https:\/\/servicesforpharmacies.com\/sk\/?s={search_term_string}"},"query-input":{"@type":"PropertyValueSpecification","valueRequired":true,"valueName":"search_term_string"}}],"inLanguage":"sk-SK"},{"@type":"Organization","@id":"https:\/\/servicesforpharmacies.com\/sk\/#organization","name":"VitalPlusActive Group Ltd","url":"https:\/\/servicesforpharmacies.com\/sk\/","logo":{"@type":"ImageObject","inLanguage":"sk-SK","@id":"https:\/\/servicesforpharmacies.com\/sk\/#\/schema\/logo\/image\/","url":"https:\/\/servicesforpharmacies.com\/wp-content\/uploads\/2020\/07\/logo-eng.jpg","contentUrl":"https:\/\/servicesforpharmacies.com\/wp-content\/uploads\/2020\/07\/logo-eng.jpg","width":398,"height":90,"caption":"VitalPlusActive Group Ltd"},"image":{"@id":"https:\/\/servicesforpharmacies.com\/sk\/#\/schema\/logo\/image\/"}}]}},"_links":{"self":[{"href":"https:\/\/servicesforpharmacies.com\/sk\/wp-json\/wp\/v2\/pages\/10261","targetHints":{"allow":["GET"]}}],"collection":[{"href":"https:\/\/servicesforpharmacies.com\/sk\/wp-json\/wp\/v2\/pages"}],"about":[{"href":"https:\/\/servicesforpharmacies.com\/sk\/wp-json\/wp\/v2\/types\/page"}],"author":[{"embeddable":true,"href":"https:\/\/servicesforpharmacies.com\/sk\/wp-json\/wp\/v2\/users\/1"}],"replies":[{"embeddable":true,"href":"https:\/\/servicesforpharmacies.com\/sk\/wp-json\/wp\/v2\/comments?post=10261"}],"version-history":[{"count":0,"href":"https:\/\/servicesforpharmacies.com\/sk\/wp-json\/wp\/v2\/pages\/10261\/revisions"}],"wp:featuredmedia":[{"embeddable":true,"href":"https:\/\/servicesforpharmacies.com\/sk\/wp-json\/wp\/v2\/media\/8705"}],"wp:attachment":[{"href":"https:\/\/servicesforpharmacies.com\/sk\/wp-json\/wp\/v2\/media?parent=10261"}],"curies":[{"name":"wp","href":"https:\/\/api.w.org\/{rel}","templated":true}]}}