{"id":24968,"date":"2020-07-30T22:17:31","date_gmt":"2020-07-30T22:17:31","guid":{"rendered":"http:\/\/servicesforpharmacies.com\/zacetni\/"},"modified":"2021-05-21T10:19:28","modified_gmt":"2021-05-21T10:19:28","slug":"tezave-z-lasmi-brezplacni-pregled","status":"publish","type":"page","link":"https:\/\/servicesforpharmacies.com\/si\/","title":{"rendered":"Te\u017eave z lasmi"},"content":{"rendered":"\n\n\t\t\t\t<img decoding=\"async\" src=\"https:\/\/servicesforpharmacies.com\/wp-content\/uploads\/2020\/09\/prurito.jpg\" alt=\"prurito\" itemprop=\"image\" title=\"prurito\" onerror=\"this.style.display='none'\"  \/>\n\t\t\t<a href=\"#\" target=\"_self\" role=\"button\" rel=\"noopener\">\n\t\t\t\t\t\t\tSRBENJE\n\t\t\t\t\t<\/a>\n\t\t\t\t<img decoding=\"async\" src=\"https:\/\/servicesforpharmacies.com\/wp-content\/uploads\/2020\/09\/forfora.jpg\" alt=\"Perut\" itemprop=\"image\" title=\"forfora\" onerror=\"this.style.display='none'\"  \/>\n\t\t\t<a href=\"#\" target=\"_self\" role=\"button\" rel=\"noopener\">\n\t\t\t\t\t\t\tPRHLJAJ\n\t\t\t\t\t<\/a>\n\t\t\t\t<img decoding=\"async\" src=\"https:\/\/servicesforpharmacies.com\/wp-content\/uploads\/2020\/09\/caduta.jpg\" alt=\"Problemi s kosom\" itemprop=\"image\" title=\"Problemi s kosom\" onerror=\"this.style.display='none'\"  \/>\n\t\t\t<a href=\"#\" target=\"_self\" role=\"button\" rel=\"noopener\">\n\t\t\t\t\t\t\tIZPADANJE\n\t\t\t\t\t<\/a>\n\t\t\t\t<img decoding=\"async\" src=\"https:\/\/servicesforpharmacies.com\/wp-content\/uploads\/2020\/09\/grasso.jpg\" alt=\"Masna kosa\" itemprop=\"image\" title=\"grasso\" onerror=\"this.style.display='none'\"  \/>\n\t\t\t<a href=\"#\" target=\"_self\" role=\"button\" rel=\"noopener\">\n\t\t\t\t\t\t\tMASTNI\n\t\t\t\t\t<\/a>\n<h1>\n\t\tTE\u017dAVE Z LASMI?\n\t<\/h1>\n\t\n\t<p><strong>Imam mastne lase<\/strong> in jih moram umivati vsak dan&#8230;<\/p>\n<p><strong>Imam suhe, po\u0161kodovane lase,<\/strong> moram spremeniti frizuro&#8230;<\/p>\n<p><strong>Imam zelo tanke lase<\/strong> in jih moram voluminizirati &#8230;<\/p>\n<p><strong>Lasje mi ne rastejo<\/strong> ve\u010d kot neko\u010d &#8230;<\/p>\n<p><strong>Imam veliko manj las<\/strong> kot neko\u010d &#8230;<\/p>\n\t\n<h2>\n\t\tSTORITEV V LEKARNI\n\t<\/h2>\n\t\t\t<a href=\"\" target=\"_self\" role=\"button\" rel=\"noopener\">\n\t\t\t\t\t\t\tSTRES\n\t\t\t\t\t<\/a>\n\t\t\t<a href=\"\" target=\"_self\" role=\"button\" rel=\"noopener\">\n\t\t\t\t\t\t\tORGANSKE TE\u017dAVE\n\t\t\t\t\t<\/a>\n\t\t\t<a href=\"\" target=\"_self\" role=\"button\" rel=\"noopener\">\n\t\t\t\t\t\t\tNEPRAVILNA HIGIENA\n\t\t\t\t\t<\/a>\n\t\t\t<a href=\"\" target=\"_self\" role=\"button\" rel=\"noopener\">\n\t\t\t\t\t\t\t NEPRAVILNA PREHRANA\n\t\t\t\t\t<\/a>\n\t\n<h2>\n\t\tPILOSEBACEALNA ENOTA LASI\u0160\u010cA\n\t<\/h2>\n\t\t\t\t<img decoding=\"async\" src=\"https:\/\/servicesforpharmacies.com\/wp-content\/uploads\/2020\/07\/pilosebgray.jpeg\" alt=\"Pilosebacealna jedinica vlasi\u0161ta\" itemprop=\"image\" title=\"pilosebgray\" onerror=\"this.style.display='none'\"  \/>\n\t<p>\u010ce \u017eelimo, da pilosebacealna enota lasi\u0161\u010da opravlja svojo funkcijo, so potrebni \u0161tirje pogoji:<\/p>\n<p>&nbsp;<\/p>\n<ol>\n<li><strong>DOBRA OKSIGENACIJA KO\u017dE<\/strong><\/li>\n<li><strong>DELUJO\u010cA BAKTERIJSKA FLORA<\/strong><\/li>\n<li><strong>PRAVILNO DELOVANJE \u017dLEZ LOJNIC<\/strong><\/li>\n<li><strong>PRAVILNO HRANJENJE LASNEGA KORENA<\/strong><\/li>\n<\/ol>\n\n\n<h2>\n\t\tPREVENTIVNI PREGLED PILOSEBACEALNIH ENOT LASI\u0160\u010cA\n\t<\/h2>\n\t\t\t\t<img decoding=\"async\" src=\"https:\/\/servicesforpharmacies.com\/wp-content\/uploads\/2020\/07\/piloseb-num.png\" alt=\"Prevenitivni pregled pilosebacealnih jedinica vlasi\u0161ta\" itemprop=\"image\" title=\"piloseb num\" onerror=\"this.style.display='none'\"  \/>\n\t\n\t\t\t\t<img decoding=\"async\" src=\"https:\/\/servicesforpharmacies.com\/wp-content\/uploads\/2020\/07\/piloseb-num1.png\" alt=\"pilosebacealni ulazi\" itemprop=\"image\" title=\"piloseb num1\" onerror=\"this.style.display='none'\"  \/>\n\t<p><strong>Pravilno higieno lasi\u0161\u010da in pilosebacealnih vhodov: <\/strong>kar omogo\u010da pravilno oksigenacijo ko\u017ee in zdravo rast las.<\/p>\n\t\t\t\t<img decoding=\"async\" src=\"https:\/\/servicesforpharmacies.com\/wp-content\/uploads\/2020\/07\/piloseb-num2.png\" alt=\"debljinu vlasi koja raste\" itemprop=\"image\" title=\"piloseb num2\" onerror=\"this.style.display='none'\"  \/>\n\t<p><strong>Debelino novih las, ki rastejo: <\/strong>disfunkcija pilosebacealnih enot povzro\u010da rast tanj\u0161ih las, kar se odra\u017ea z manj volumna iz estetskega stali\u0161\u010da.<\/p>\n\t\t\t\t<img decoding=\"async\" src=\"https:\/\/servicesforpharmacies.com\/wp-content\/uploads\/2020\/07\/piloseb-num3.png\" alt=\"Prisutnost anomalija na cornealnom sloju epiderme\" itemprop=\"image\" title=\"piloseb num3\" onerror=\"this.style.display='none'\"  \/>\n\t<p><strong>Prisotnost anomalij na povr\u0161inskem sloju epiderme: <\/strong>lu\u0161\u010denje, iritacije ali rde\u010dica, se pogosto pojavijo s srbenjem. Ta stanja na lasi\u0161\u010du so posledica naru\u0161ene bakterijske flore.<\/p>\n\t\t\t\t<img decoding=\"async\" src=\"https:\/\/servicesforpharmacies.com\/wp-content\/uploads\/2020\/07\/piloseb-num4.png\" alt=\"Djelovanje \u017elijezda lojnica\" itemprop=\"image\" title=\"piloseb num4\" onerror=\"this.style.display='none'\"  \/>\n\t<p><strong>Delovanje \u017elez lojnic tj. preveliko ma\u0161\u010denje: <\/strong>prekomerna prisotnost sebuma na lasi\u0161\u010du, na laseh in znotraj folikla.<\/p>\n\t\t\t\t<img decoding=\"async\" src=\"https:\/\/servicesforpharmacies.com\/wp-content\/uploads\/2020\/07\/piloseb-num5.png\" alt=\"Oblik bulbusa (korijena)\" itemprop=\"image\" title=\"piloseb num5\" onerror=\"this.style.display='none'\"  \/>\n\t<p><strong>Oblika bulbusa &#8211; lasnega korena: <\/strong>s pregledom nekaj las, skupaj z lasnim korenom, lahko preverimo njihovo obliko ter na ta na\u010din ocenimo pravilno obnovo las in \u017eivljnski ciklus.<\/p>\n\t\t\t\t<img decoding=\"async\" src=\"https:\/\/servicesforpharmacies.com\/wp-content\/uploads\/2020\/07\/piloseb-num6.png\" alt=\"Pravilno hranjenje korijena kose\" itemprop=\"image\" title=\"piloseb num6\" onerror=\"this.style.display='none'\"  \/>\n\t<p><strong>Pravilno hranjenje las: <\/strong>preverimo ali ima lasni koren dober dovod hranljivih snovi preko kapilar.<\/p>\n<h2>\n\t\tKOMU SVETUJEMO PREGLED?\n\t<\/h2>\n\t<p>V PRISOTNOSTI:<\/p>\n<p>&nbsp;<\/p>\n\n<p>&nbsp;<\/p>\n<p><a href=\"https:\/\/servicesforpharmacies.com\/si\/picker\">PREGLED PILOSEBACEALNIH ENOT LASI\u0160\u010cA<\/a> svetujemo vsem strankam, katere so z leti opazile spremembo v kakovosti svojih las in vsem strankam dvakrat letno kot preventiva SPOMLADI in JESENI. Kot je znano, prav ve\u010dje spremembe klime, POLETNA VRO\u010cINA in ZIMSKI MRAZ, povzro\u010dajo nastajanje anomalij na lasi\u0161\u010du in v pilosebacealnih enotah.<\/p>\n                    <a href=\"https:\/\/servicesforpharmacies.com\/si\/group\/celjske-lekarne\/\" target=\"_self\" rel=\"noopener\">\n                        \t<img decoding=\"async\" src=\"https:\/\/servicesforpharmacies.com\/wp-content\/uploads\/2020\/11\/celjske.png\" alt=\"https:\/\/servicesforpharmacies.com\/wp-content\/uploads\/2020\/11\/celjske.png\" data-no-lazy=\"1\" \/>\n                            <\/a>\n                    <a href=\"https:\/\/servicesforpharmacies.com\/si\/group\/dolenjske-lekarne\/\" target=\"_self\" rel=\"noopener\">\n                        \t<img decoding=\"async\" src=\"https:\/\/servicesforpharmacies.com\/wp-content\/uploads\/2020\/11\/dolenjske.jpg\" alt=\"https:\/\/servicesforpharmacies.com\/wp-content\/uploads\/2020\/11\/dolenjske.jpg\" data-no-lazy=\"1\" \/>\n                            <\/a>\n                    <a href=\"https:\/\/servicesforpharmacies.com\/si\/group\/lekarna-ljubljana\/\" target=\"_self\" rel=\"noopener\">\n                        \t<img decoding=\"async\" src=\"https:\/\/servicesforpharmacies.com\/wp-content\/uploads\/2020\/11\/ljubljana.png\" alt=\"https:\/\/servicesforpharmacies.com\/wp-content\/uploads\/2020\/11\/ljubljana.png\" data-no-lazy=\"1\" \/>\n                            <\/a>\n                    <a href=\"https:\/\/servicesforpharmacies.com\/si\/group\/skupina-sanolabor\/\" target=\"_self\" rel=\"noopener\">\n                        \t<img decoding=\"async\" src=\"https:\/\/servicesforpharmacies.com\/wp-content\/uploads\/2020\/11\/sanolabor.png\" alt=\"https:\/\/servicesforpharmacies.com\/wp-content\/uploads\/2020\/11\/sanolabor.png\" data-no-lazy=\"1\" \/>\n                            <\/a>\n\t    <div id=\"osm_map_69d5c2258e143\" style=\"height: 650px;\"><\/div>\n    <script>\ndocument.addEventListener(\"DOMContentLoaded\", function () {\n    const map = L.map('osm_map_69d5c2258e143').setView([46, 14], 8);\n\n    L.tileLayer('https:\/\/{s}.tile.openstreetmap.org\/{z}\/{x}\/{y}.png', {\n        maxZoom: 19,\n        attribution: '&copy; OpenStreetMap contributors'\n    }).addTo(map);\n\n    fetch(\"https:\/\/servicesforpharmacies.com\/cron\/si-o.php\")\n        .then(response => response.json())\n        .then(results => {\n            if (!results || !results.pharmacies) {\n                console.warn(\"No pharmacies data in response\");\n                return;\n            }\n\n            results.pharmacies.forEach(pharmacy => {\n                if ((pharmacy.scalp || pharmacy.skin) && pharmacy.latitude && pharmacy.longitude) {\n\n                    let name = pharmacy.name\n    .toLowerCase()\n    .replace(\/\\s+\/g, '-')\n    .replace(\/[\u0111\u00f0]\/g, 'd')   \/\/ \u2705 fix \u0110 and \u0111\n    .replace(\/[\u0161]\/g, 's')\n    .replace(\/[\u010d\u0107]\/g, 'c')\n    .replace(\/[\u017e]\/g, 'z')\n    .normalize(\"NFD\")\n    .replace(\/[\\u0300-\\u036f]\/g, \"\")\n    .replace(\/[^a-z0-9-]\/g, '-')\n    .replace(\/^-+|-+$\/g, '')\n    .replace(\/-+\/g, '-');\n\n                    let scalp = pharmacy.scalp ? `<a href=\"\/si\/scalp\/${name}\">SCALP<\/a>` : '';\n                    let skin = pharmacy.skin ? `<a href=\"\/si\/skin\/${name}\">SKIN<\/a>` : '';\n\n                    let content = `\n                        <div style=\"display:flex;flex-direction:row;align-items:center;\">\n                            <img decoding=\"async\" src=\"https:\/\/servicesforpharmacies.com\/wp-content\/uploads\/2020\/08\/mappin.png\" style=\"height:50px;margin:0 10px;\">\n                            <div>\n                                <h4>${pharmacy.name}<\/h4>\n                                ${pharmacy.address}, ${pharmacy.municipality}<br>\n                                ${scalp}<br>${skin}\n                            <\/div>\n                        <\/div>\n                    `;\n\n                    const greenIcon = L.icon({\n    iconUrl: 'https:\/\/raw.githubusercontent.com\/pointhi\/leaflet-color-markers\/master\/img\/marker-icon-green.png',\n    shadowUrl: 'https:\/\/unpkg.com\/leaflet@1.9.4\/dist\/images\/marker-shadow.png',\n    iconSize:     [25, 41],\n    iconAnchor:   [12, 41],\n    popupAnchor:  [1, -34],\n    shadowSize:   [41, 41]\n});\n\nconst marker = L.marker([pharmacy.latitude, pharmacy.longitude], { icon: greenIcon }).addTo(map);\n\n                    marker.bindPopup(content);\n                }\n            });\n        })\n        .catch(error => {\n            console.error(\"Map data fetch failed\", error);\n        });\n});\n<\/script>\n\n    \n\n","protected":false},"excerpt":{"rendered":"<p>SRBENJE PRHLJAJ IZPADANJE MASTNI TE\u017dAVE Z LASMI? Imam mastne lase in jih moram umivati vsak dan&#8230; Imam suhe, po\u0161kodovane lase, moram spremeniti frizuro&#8230; Imam zelo tanke lase in jih moram voluminizirati &#8230; Lasje mi ne rastejo ve\u010d kot neko\u010d &#8230; Imam veliko manj las kot neko\u010d &#8230; STORITEV V LEKARNI STRES ORGANSKE TE\u017dAVE NEPRAVILNA HIGIENA&hellip;<\/p>\n","protected":false},"author":9,"featured_media":37046,"parent":0,"menu_order":0,"comment_status":"closed","ping_status":"closed","template":"","meta":{"_acf_changed":false,"footnotes":""},"class_list":["post-24968","page","type-page","status-publish","has-post-thumbnail","hentry"],"acf":[],"yoast_head":"<!-- This site is optimized with the Yoast SEO Premium plugin v22.9 (Yoast SEO v27.0) - https:\/\/yoast.com\/product\/yoast-seo-premium-wordpress\/ -->\n<title>Te\u017eave z lasmi? ? Preventivna storitev v lekarni BRAZPLA\u010cNI pregled<\/title>\n<meta name=\"description\" content=\"Imate te\u017eave z lasmi ali lasi\u0161\u010dem? Dogovorite se za BREZPLA\u010cNI pergled. % Preventivna storitev v lekarni. ON-LINE BOOKING v Va\u0161i najbli\u017eji lekarni.??\" \/>\n<meta name=\"robots\" content=\"index, follow, max-snippet:-1, max-image-preview:large, max-video-preview:-1\" \/>\n<link rel=\"canonical\" href=\"https:\/\/servicesforpharmacies.com\/si\/\" \/>\n<meta property=\"og:locale\" content=\"sl_SI\" \/>\n<meta property=\"og:type\" content=\"article\" \/>\n<meta property=\"og:title\" content=\"Te\u017eave z lasmi\" \/>\n<meta property=\"og:description\" content=\"Imate te\u017eave z lasmi ali lasi\u0161\u010dem? Dogovorite se za BREZPLA\u010cNI pergled. % Preventivna storitev v lekarni. ON-LINE BOOKING v Va\u0161i najbli\u017eji lekarni.??\" \/>\n<meta property=\"og:url\" content=\"https:\/\/servicesforpharmacies.com\/si\/\" \/>\n<meta property=\"og:site_name\" content=\"Services for pharmacies\" \/>\n<meta property=\"article:modified_time\" content=\"2021-05-21T10:19:28+00:00\" \/>\n<meta property=\"og:image\" content=\"https:\/\/servicesforpharmacies.com\/wp-content\/uploads\/2020\/09\/caduta.jpg\" \/>\n\t<meta property=\"og:image:width\" content=\"715\" \/>\n\t<meta property=\"og:image:height\" content=\"500\" \/>\n\t<meta property=\"og:image:type\" content=\"image\/jpeg\" \/>\n<meta name=\"twitter:card\" content=\"summary_large_image\" \/>\n<meta name=\"twitter:label1\" content=\"Est. reading time\" \/>\n\t<meta name=\"twitter:data1\" content=\"1 minuta\" \/>\n<script type=\"application\/ld+json\" class=\"yoast-schema-graph\">{\"@context\":\"https:\/\/schema.org\",\"@graph\":[{\"@type\":\"WebPage\",\"@id\":\"https:\/\/servicesforpharmacies.com\/si\/\",\"url\":\"https:\/\/servicesforpharmacies.com\/si\/\",\"name\":\"Te\u017eave z lasmi? ? Preventivna storitev v lekarni BRAZPLA\u010cNI pregled\",\"isPartOf\":{\"@id\":\"https:\/\/servicesforpharmacies.com\/#website\"},\"primaryImageOfPage\":{\"@id\":\"https:\/\/servicesforpharmacies.com\/si\/#primaryimage\"},\"image\":{\"@id\":\"https:\/\/servicesforpharmacies.com\/si\/#primaryimage\"},\"thumbnailUrl\":\"https:\/\/servicesforpharmacies.com\/wp-content\/uploads\/2020\/09\/caduta.jpg\",\"datePublished\":\"2020-07-30T22:17:31+00:00\",\"dateModified\":\"2021-05-21T10:19:28+00:00\",\"description\":\"Imate te\u017eave z lasmi ali lasi\u0161\u010dem? Dogovorite se za BREZPLA\u010cNI pergled. % Preventivna storitev v lekarni. ON-LINE BOOKING v Va\u0161i najbli\u017eji lekarni.??\",\"breadcrumb\":{\"@id\":\"https:\/\/servicesforpharmacies.com\/si\/#breadcrumb\"},\"inLanguage\":\"sl-SI\",\"potentialAction\":[{\"@type\":\"ReadAction\",\"target\":[\"https:\/\/servicesforpharmacies.com\/si\/\"]}]},{\"@type\":\"ImageObject\",\"inLanguage\":\"sl-SI\",\"@id\":\"https:\/\/servicesforpharmacies.com\/si\/#primaryimage\",\"url\":\"https:\/\/servicesforpharmacies.com\/wp-content\/uploads\/2020\/09\/caduta.jpg\",\"contentUrl\":\"https:\/\/servicesforpharmacies.com\/wp-content\/uploads\/2020\/09\/caduta.jpg\",\"width\":715,\"height\":500,\"caption\":\"Izpadanje las\"},{\"@type\":\"BreadcrumbList\",\"@id\":\"https:\/\/servicesforpharmacies.com\/si\/#breadcrumb\",\"itemListElement\":[{\"@type\":\"ListItem\",\"position\":1,\"name\":\"Home\",\"item\":\"https:\/\/servicesforpharmacies.com\/si\/\"},{\"@type\":\"ListItem\",\"position\":2,\"name\":\"Te\u017eave z lasmi\"}]},{\"@type\":\"WebSite\",\"@id\":\"https:\/\/servicesforpharmacies.com\/#website\",\"url\":\"https:\/\/servicesforpharmacies.com\/\",\"name\":\"Services for pharmacies\",\"description\":\"\",\"publisher\":{\"@id\":\"https:\/\/servicesforpharmacies.com\/#organization\"},\"potentialAction\":[{\"@type\":\"SearchAction\",\"target\":{\"@type\":\"EntryPoint\",\"urlTemplate\":\"https:\/\/servicesforpharmacies.com\/?s={search_term_string}\"},\"query-input\":{\"@type\":\"PropertyValueSpecification\",\"valueRequired\":true,\"valueName\":\"search_term_string\"}}],\"inLanguage\":\"sl-SI\"},{\"@type\":\"Organization\",\"@id\":\"https:\/\/servicesforpharmacies.com\/#organization\",\"name\":\"VitalPlusActive Group Ltd\",\"url\":\"https:\/\/servicesforpharmacies.com\/\",\"logo\":{\"@type\":\"ImageObject\",\"inLanguage\":\"sl-SI\",\"@id\":\"https:\/\/servicesforpharmacies.com\/#\/schema\/logo\/image\/\",\"url\":\"https:\/\/servicesforpharmacies.com\/wp-content\/uploads\/2020\/07\/logo-eng.jpg\",\"contentUrl\":\"https:\/\/servicesforpharmacies.com\/wp-content\/uploads\/2020\/07\/logo-eng.jpg\",\"width\":398,\"height\":90,\"caption\":\"VitalPlusActive Group Ltd\"},\"image\":{\"@id\":\"https:\/\/servicesforpharmacies.com\/#\/schema\/logo\/image\/\"}}]}<\/script>\n<!-- \/ Yoast SEO Premium plugin. -->","yoast_head_json":{"title":"Te\u017eave z lasmi? ? Preventivna storitev v lekarni BRAZPLA\u010cNI pregled","description":"Imate te\u017eave z lasmi ali lasi\u0161\u010dem? Dogovorite se za BREZPLA\u010cNI pergled. % Preventivna storitev v lekarni. ON-LINE BOOKING v Va\u0161i najbli\u017eji lekarni.??","robots":{"index":"index","follow":"follow","max-snippet":"max-snippet:-1","max-image-preview":"max-image-preview:large","max-video-preview":"max-video-preview:-1"},"canonical":"https:\/\/servicesforpharmacies.com\/si\/","og_locale":"sl_SI","og_type":"article","og_title":"Te\u017eave z lasmi","og_description":"Imate te\u017eave z lasmi ali lasi\u0161\u010dem? Dogovorite se za BREZPLA\u010cNI pergled. % Preventivna storitev v lekarni. ON-LINE BOOKING v Va\u0161i najbli\u017eji lekarni.??","og_url":"https:\/\/servicesforpharmacies.com\/si\/","og_site_name":"Services for pharmacies","article_modified_time":"2021-05-21T10:19:28+00:00","og_image":[{"width":715,"height":500,"url":"https:\/\/servicesforpharmacies.com\/wp-content\/uploads\/2020\/09\/caduta.jpg","type":"image\/jpeg"}],"twitter_card":"summary_large_image","twitter_misc":{"Est. reading time":"1 minuta"},"schema":{"@context":"https:\/\/schema.org","@graph":[{"@type":"WebPage","@id":"https:\/\/servicesforpharmacies.com\/si\/","url":"https:\/\/servicesforpharmacies.com\/si\/","name":"Te\u017eave z lasmi? ? Preventivna storitev v lekarni BRAZPLA\u010cNI pregled","isPartOf":{"@id":"https:\/\/servicesforpharmacies.com\/#website"},"primaryImageOfPage":{"@id":"https:\/\/servicesforpharmacies.com\/si\/#primaryimage"},"image":{"@id":"https:\/\/servicesforpharmacies.com\/si\/#primaryimage"},"thumbnailUrl":"https:\/\/servicesforpharmacies.com\/wp-content\/uploads\/2020\/09\/caduta.jpg","datePublished":"2020-07-30T22:17:31+00:00","dateModified":"2021-05-21T10:19:28+00:00","description":"Imate te\u017eave z lasmi ali lasi\u0161\u010dem? Dogovorite se za BREZPLA\u010cNI pergled. % Preventivna storitev v lekarni. ON-LINE BOOKING v Va\u0161i najbli\u017eji lekarni.??","breadcrumb":{"@id":"https:\/\/servicesforpharmacies.com\/si\/#breadcrumb"},"inLanguage":"sl-SI","potentialAction":[{"@type":"ReadAction","target":["https:\/\/servicesforpharmacies.com\/si\/"]}]},{"@type":"ImageObject","inLanguage":"sl-SI","@id":"https:\/\/servicesforpharmacies.com\/si\/#primaryimage","url":"https:\/\/servicesforpharmacies.com\/wp-content\/uploads\/2020\/09\/caduta.jpg","contentUrl":"https:\/\/servicesforpharmacies.com\/wp-content\/uploads\/2020\/09\/caduta.jpg","width":715,"height":500,"caption":"Izpadanje las"},{"@type":"BreadcrumbList","@id":"https:\/\/servicesforpharmacies.com\/si\/#breadcrumb","itemListElement":[{"@type":"ListItem","position":1,"name":"Home","item":"https:\/\/servicesforpharmacies.com\/si\/"},{"@type":"ListItem","position":2,"name":"Te\u017eave z lasmi"}]},{"@type":"WebSite","@id":"https:\/\/servicesforpharmacies.com\/#website","url":"https:\/\/servicesforpharmacies.com\/","name":"Services for pharmacies","description":"","publisher":{"@id":"https:\/\/servicesforpharmacies.com\/#organization"},"potentialAction":[{"@type":"SearchAction","target":{"@type":"EntryPoint","urlTemplate":"https:\/\/servicesforpharmacies.com\/?s={search_term_string}"},"query-input":{"@type":"PropertyValueSpecification","valueRequired":true,"valueName":"search_term_string"}}],"inLanguage":"sl-SI"},{"@type":"Organization","@id":"https:\/\/servicesforpharmacies.com\/#organization","name":"VitalPlusActive Group Ltd","url":"https:\/\/servicesforpharmacies.com\/","logo":{"@type":"ImageObject","inLanguage":"sl-SI","@id":"https:\/\/servicesforpharmacies.com\/#\/schema\/logo\/image\/","url":"https:\/\/servicesforpharmacies.com\/wp-content\/uploads\/2020\/07\/logo-eng.jpg","contentUrl":"https:\/\/servicesforpharmacies.com\/wp-content\/uploads\/2020\/07\/logo-eng.jpg","width":398,"height":90,"caption":"VitalPlusActive Group Ltd"},"image":{"@id":"https:\/\/servicesforpharmacies.com\/#\/schema\/logo\/image\/"}}]}},"_links":{"self":[{"href":"https:\/\/servicesforpharmacies.com\/si\/wp-json\/wp\/v2\/pages\/24968","targetHints":{"allow":["GET"]}}],"collection":[{"href":"https:\/\/servicesforpharmacies.com\/si\/wp-json\/wp\/v2\/pages"}],"about":[{"href":"https:\/\/servicesforpharmacies.com\/si\/wp-json\/wp\/v2\/types\/page"}],"author":[{"embeddable":true,"href":"https:\/\/servicesforpharmacies.com\/si\/wp-json\/wp\/v2\/users\/9"}],"replies":[{"embeddable":true,"href":"https:\/\/servicesforpharmacies.com\/si\/wp-json\/wp\/v2\/comments?post=24968"}],"version-history":[{"count":0,"href":"https:\/\/servicesforpharmacies.com\/si\/wp-json\/wp\/v2\/pages\/24968\/revisions"}],"wp:featuredmedia":[{"embeddable":true,"href":"https:\/\/servicesforpharmacies.com\/si\/wp-json\/wp\/v2\/media\/37046"}],"wp:attachment":[{"href":"https:\/\/servicesforpharmacies.com\/si\/wp-json\/wp\/v2\/media?parent=24968"}],"curies":[{"name":"wp","href":"https:\/\/api.w.org\/{rel}","templated":true}]}}