{"id":24967,"date":"2020-07-31T10:58:43","date_gmt":"2020-07-31T10:58:43","guid":{"rendered":"http:\/\/servicesforpharmacies.com\/blog\/"},"modified":"2025-07-28T10:37:07","modified_gmt":"2025-07-28T10:37:07","slug":"blog","status":"publish","type":"page","link":"https:\/\/servicesforpharmacies.com\/si\/blog\/","title":{"rendered":"Blog"},"content":{"rendered":"\n<h1>\n\t<\/h1>\n\t<meta itemscope itemprop=\"mainEntityOfPage\" itemtype=\"https:\/\/schema.org\/WebPage\" itemid=\"https:\/\/servicesforpharmacies.com\/si\/co-je-to-lorem-ipsum\/\" content=\"\u010co je to Lorem Ipsum?\" \/><meta itemprop=\"datePublished\" content=\"2020-07-31\" \/><meta itemprop=\"dateModified\" content=\"2020-07-31\" \/><meta itemprop=\"name\" content=\"Services for pharmacies\"\/><meta itemprop=\"url\" content=\"https:\/\/servicesforpharmacies.com\/si\/author\/clabs\/\" \/><meta itemprop=\"name\" content=\"clabs\" \/><meta itemprop=\"url\" content=\"https:\/\/servicesforpharmacies.com\/wp-content\/uploads\/2020\/07\/woman-wearing-white-long-sleeved-shirt-973401-1.jpg\" \/><meta itemprop=\"width\" content=\"1920\" \/><meta itemprop=\"height\" content=\"1281\" \/><meta itemprop=\"interactionType\" content=\"https:\/\/schema.org\/CommentAction\" \/><meta itemprop=\"userInteractionCount\" content=\"0\" \/>\n\t\t\t\t\t<a href=\"https:\/\/servicesforpharmacies.com\/si\/co-je-to-lorem-ipsum\/\" title=\"\u010co je to Lorem Ipsum?\"><\/a>\n\t\t\t<h3 itemprop=\"headline\">\n\t\t\t\t\t\t\t\t\t\t\u010co je to Lorem Ipsum?\t\t\t\t\t\t\t<\/h3>\n\t\t\t\t\t\t\t\t\t\t\t\t\tJuly 31, 2020\t\t\t\t\t\t\t\t\t\t\t\n\t\t\t\t<img loading=\"lazy\" decoding=\"async\" src=\"https:\/\/servicesforpharmacies.com\/wp-content\/uploads\/bb-plugin\/cache\/woman-wearing-white-long-sleeved-shirt-973401-1-1024x683-landscape.jpg\" alt=\"Dermatite Seborroica prurito e forfora\" itemprop=\"image\" data-no-lazy=\"1\" height=\"683\" width=\"1024\" title=\"woman-wearing-white-long-sleeved-shirt-973401\" onerror=\"this.style.display='none'\"  \/>\n    Lorem Ipsum\u00a0je fikt\u00edvny text, pou\u017e\u00edvan\u00fd pri n\u00e1vrhu tla\u010dov\u00edn a\u00a0typografie. Lorem Ipsum je \u0161tandardn\u00fdm v\u00fdpl\u0148ov\u00fdm textom u\u017e od 16. storo\u010dia, ke\u010f nezn\u00e1my tla\u010diar zobral sadzobnicu pln\u00fa tla\u010dov\u00fdch znakov a\u00a0pomie\u0161al ich, aby&#8230;\n\t<meta itemscope itemprop=\"mainEntityOfPage\" itemtype=\"https:\/\/schema.org\/WebPage\" itemid=\"https:\/\/servicesforpharmacies.com\/si\/preco-ho-pouzivame\/\" content=\"Pre\u010do ho pou\u017e\u00edvame?\" \/><meta itemprop=\"datePublished\" content=\"2020-07-31\" \/><meta itemprop=\"dateModified\" content=\"2020-07-31\" \/><meta itemprop=\"name\" content=\"Services for pharmacies\"\/><meta itemprop=\"url\" content=\"https:\/\/servicesforpharmacies.com\/si\/author\/clabs\/\" \/><meta itemprop=\"name\" content=\"clabs\" \/><meta itemprop=\"url\" content=\"https:\/\/servicesforpharmacies.com\/wp-content\/uploads\/2020\/07\/woman-in-gray-tank-top-showing-distress-3812745.jpg\" \/><meta itemprop=\"width\" content=\"1920\" \/><meta itemprop=\"height\" content=\"1280\" \/><meta itemprop=\"interactionType\" content=\"https:\/\/schema.org\/CommentAction\" \/><meta itemprop=\"userInteractionCount\" content=\"0\" \/>\n\t\t\t\t\t<a href=\"https:\/\/servicesforpharmacies.com\/si\/preco-ho-pouzivame\/\" title=\"Pre\u010do ho pou\u017e\u00edvame?\"><\/a>\n\t\t\t<h3 itemprop=\"headline\">\n\t\t\t\t\t\t\t\t\t\tPre\u010do ho pou\u017e\u00edvame?\t\t\t\t\t\t\t<\/h3>\n\t\t\t\t\t\t\t\t\t\t\t\t\tJuly 31, 2020\t\t\t\t\t\t\t\t\t\t\t\n\t\t\t\t<img loading=\"lazy\" decoding=\"async\" src=\"https:\/\/servicesforpharmacies.com\/wp-content\/uploads\/bb-plugin\/cache\/woman-in-gray-tank-top-showing-distress-3812745-1024x683-landscape.jpg\" alt=\"woman-in-gray-tank-top-showing-distress-3812745\" itemprop=\"image\" data-no-lazy=\"1\" height=\"683\" width=\"1024\" title=\"woman-in-gray-tank-top-showing-distress-3812745\" onerror=\"this.style.display='none'\"  \/>\n    Je d\u00e1vno zn\u00e1me, \u017ee ak je zrozumite\u013en\u00fd obsah str\u00e1nky, na ktorej rozlo\u017eenie sa \u010ditate\u013e d\u00edva, jeho pozornos\u0165 je rozpt\u00fdlen\u00e1. D\u00f4vodom pou\u017eitia Lorem Ipsum je fakt, \u017ee m\u00e1 viacmenej norm\u00e1lne rozlo\u017eenie&#8230;\n\t\t<!-- .pp-content-posts -->\n\n","protected":false},"excerpt":{"rendered":"<p>\u010co je to Lorem Ipsum? July 31, 2020 Lorem Ipsum\u00a0je fikt\u00edvny text, pou\u017e\u00edvan\u00fd pri n\u00e1vrhu tla\u010dov\u00edn a\u00a0typografie. Lorem Ipsum je \u0161tandardn\u00fdm v\u00fdpl\u0148ov\u00fdm textom u\u017e od 16. storo\u010dia, ke\u010f nezn\u00e1my tla\u010diar zobral sadzobnicu pln\u00fa tla\u010dov\u00fdch znakov a\u00a0pomie\u0161al ich, aby&#8230; Pre\u010do ho pou\u017e\u00edvame? July 31, 2020 Je d\u00e1vno zn\u00e1me, \u017ee ak je zrozumite\u013en\u00fd obsah str\u00e1nky, na ktorej&hellip;<\/p>\n","protected":false},"author":1,"featured_media":0,"parent":0,"menu_order":0,"comment_status":"closed","ping_status":"closed","template":"","meta":{"_acf_changed":false,"footnotes":""},"class_list":["post-24967","page","type-page","status-publish","hentry"],"acf":[],"yoast_head":"<!-- This site is optimized with the Yoast SEO Premium plugin v22.9 (Yoast SEO v27.0) - https:\/\/yoast.com\/product\/yoast-seo-premium-wordpress\/ -->\n<title>Blog | Services for pharmacies<\/title>\n<meta name=\"robots\" content=\"index, follow, max-snippet:-1, max-image-preview:large, max-video-preview:-1\" \/>\n<link rel=\"canonical\" href=\"https:\/\/servicesforpharmacies.com\/si\/blog\/\" \/>\n<meta property=\"og:locale\" content=\"sl_SI\" \/>\n<meta property=\"og:type\" content=\"article\" \/>\n<meta property=\"og:title\" content=\"Blog\" \/>\n<meta property=\"og:description\" content=\"\u010co je to Lorem Ipsum? July 31, 2020 Lorem Ipsum\u00a0je fikt\u00edvny text, pou\u017e\u00edvan\u00fd pri n\u00e1vrhu tla\u010dov\u00edn a\u00a0typografie. Lorem Ipsum je \u0161tandardn\u00fdm v\u00fdpl\u0148ov\u00fdm textom u\u017e od 16. storo\u010dia, ke\u010f nezn\u00e1my tla\u010diar zobral sadzobnicu pln\u00fa tla\u010dov\u00fdch znakov a\u00a0pomie\u0161al ich, aby&#8230; Pre\u010do ho pou\u017e\u00edvame? July 31, 2020 Je d\u00e1vno zn\u00e1me, \u017ee ak je zrozumite\u013en\u00fd obsah str\u00e1nky, na ktorej&hellip;\" \/>\n<meta property=\"og:url\" content=\"https:\/\/servicesforpharmacies.com\/si\/blog\/\" \/>\n<meta property=\"og:site_name\" content=\"Services for pharmacies\" \/>\n<meta property=\"article:modified_time\" content=\"2025-07-28T10:37:07+00:00\" \/>\n<meta property=\"og:image\" content=\"https:\/\/servicesforpharmacies.com\/wp-content\/uploads\/bb-plugin\/cache\/woman-wearing-white-long-sleeved-shirt-973401-1-1024x683-landscape.jpg\" \/>\n<meta name=\"twitter:card\" content=\"summary_large_image\" \/>\n<meta name=\"twitter:label1\" content=\"Est. reading time\" \/>\n\t<meta name=\"twitter:data1\" content=\"4 minute\" \/>\n<script type=\"application\/ld+json\" class=\"yoast-schema-graph\">{\"@context\":\"https:\/\/schema.org\",\"@graph\":[{\"@type\":\"WebPage\",\"@id\":\"https:\/\/servicesforpharmacies.com\/si\/blog\/\",\"url\":\"https:\/\/servicesforpharmacies.com\/si\/blog\/\",\"name\":\"Blog | Services for pharmacies\",\"isPartOf\":{\"@id\":\"https:\/\/servicesforpharmacies.com\/si\/#website\"},\"primaryImageOfPage\":{\"@id\":\"https:\/\/servicesforpharmacies.com\/si\/blog\/#primaryimage\"},\"image\":{\"@id\":\"https:\/\/servicesforpharmacies.com\/si\/blog\/#primaryimage\"},\"thumbnailUrl\":\"https:\/\/servicesforpharmacies.com\/wp-content\/uploads\/bb-plugin\/cache\/woman-wearing-white-long-sleeved-shirt-973401-1-1024x683-landscape.jpg\",\"datePublished\":\"2020-07-31T10:58:43+00:00\",\"dateModified\":\"2025-07-28T10:37:07+00:00\",\"breadcrumb\":{\"@id\":\"https:\/\/servicesforpharmacies.com\/si\/blog\/#breadcrumb\"},\"inLanguage\":\"sl-SI\",\"potentialAction\":[{\"@type\":\"ReadAction\",\"target\":[\"https:\/\/servicesforpharmacies.com\/si\/blog\/\"]}]},{\"@type\":\"ImageObject\",\"inLanguage\":\"sl-SI\",\"@id\":\"https:\/\/servicesforpharmacies.com\/si\/blog\/#primaryimage\",\"url\":\"https:\/\/servicesforpharmacies.com\/wp-content\/uploads\/bb-plugin\/cache\/woman-wearing-white-long-sleeved-shirt-973401-1-1024x683-landscape.jpg\",\"contentUrl\":\"https:\/\/servicesforpharmacies.com\/wp-content\/uploads\/bb-plugin\/cache\/woman-wearing-white-long-sleeved-shirt-973401-1-1024x683-landscape.jpg\"},{\"@type\":\"BreadcrumbList\",\"@id\":\"https:\/\/servicesforpharmacies.com\/si\/blog\/#breadcrumb\",\"itemListElement\":[{\"@type\":\"ListItem\",\"position\":1,\"name\":\"Home\",\"item\":\"https:\/\/servicesforpharmacies.com\/si\/\"},{\"@type\":\"ListItem\",\"position\":2,\"name\":\"Blog\"}]},{\"@type\":\"WebSite\",\"@id\":\"https:\/\/servicesforpharmacies.com\/si\/#website\",\"url\":\"https:\/\/servicesforpharmacies.com\/si\/\",\"name\":\"Services for pharmacies\",\"description\":\"\",\"publisher\":{\"@id\":\"https:\/\/servicesforpharmacies.com\/si\/#organization\"},\"potentialAction\":[{\"@type\":\"SearchAction\",\"target\":{\"@type\":\"EntryPoint\",\"urlTemplate\":\"https:\/\/servicesforpharmacies.com\/si\/?s={search_term_string}\"},\"query-input\":{\"@type\":\"PropertyValueSpecification\",\"valueRequired\":true,\"valueName\":\"search_term_string\"}}],\"inLanguage\":\"sl-SI\"},{\"@type\":\"Organization\",\"@id\":\"https:\/\/servicesforpharmacies.com\/si\/#organization\",\"name\":\"VitalPlusActive Group Ltd\",\"url\":\"https:\/\/servicesforpharmacies.com\/si\/\",\"logo\":{\"@type\":\"ImageObject\",\"inLanguage\":\"sl-SI\",\"@id\":\"https:\/\/servicesforpharmacies.com\/si\/#\/schema\/logo\/image\/\",\"url\":\"https:\/\/servicesforpharmacies.com\/wp-content\/uploads\/2020\/07\/logo-eng.jpg\",\"contentUrl\":\"https:\/\/servicesforpharmacies.com\/wp-content\/uploads\/2020\/07\/logo-eng.jpg\",\"width\":398,\"height\":90,\"caption\":\"VitalPlusActive Group Ltd\"},\"image\":{\"@id\":\"https:\/\/servicesforpharmacies.com\/si\/#\/schema\/logo\/image\/\"}}]}<\/script>\n<!-- \/ Yoast SEO Premium plugin. -->","yoast_head_json":{"title":"Blog | Services for pharmacies","robots":{"index":"index","follow":"follow","max-snippet":"max-snippet:-1","max-image-preview":"max-image-preview:large","max-video-preview":"max-video-preview:-1"},"canonical":"https:\/\/servicesforpharmacies.com\/si\/blog\/","og_locale":"sl_SI","og_type":"article","og_title":"Blog","og_description":"\u010co je to Lorem Ipsum? July 31, 2020 Lorem Ipsum\u00a0je fikt\u00edvny text, pou\u017e\u00edvan\u00fd pri n\u00e1vrhu tla\u010dov\u00edn a\u00a0typografie. Lorem Ipsum je \u0161tandardn\u00fdm v\u00fdpl\u0148ov\u00fdm textom u\u017e od 16. storo\u010dia, ke\u010f nezn\u00e1my tla\u010diar zobral sadzobnicu pln\u00fa tla\u010dov\u00fdch znakov a\u00a0pomie\u0161al ich, aby&#8230; Pre\u010do ho pou\u017e\u00edvame? July 31, 2020 Je d\u00e1vno zn\u00e1me, \u017ee ak je zrozumite\u013en\u00fd obsah str\u00e1nky, na ktorej&hellip;","og_url":"https:\/\/servicesforpharmacies.com\/si\/blog\/","og_site_name":"Services for pharmacies","article_modified_time":"2025-07-28T10:37:07+00:00","og_image":[{"url":"https:\/\/servicesforpharmacies.com\/wp-content\/uploads\/bb-plugin\/cache\/woman-wearing-white-long-sleeved-shirt-973401-1-1024x683-landscape.jpg","type":"","width":"","height":""}],"twitter_card":"summary_large_image","twitter_misc":{"Est. reading time":"4 minute"},"schema":{"@context":"https:\/\/schema.org","@graph":[{"@type":"WebPage","@id":"https:\/\/servicesforpharmacies.com\/si\/blog\/","url":"https:\/\/servicesforpharmacies.com\/si\/blog\/","name":"Blog | Services for pharmacies","isPartOf":{"@id":"https:\/\/servicesforpharmacies.com\/si\/#website"},"primaryImageOfPage":{"@id":"https:\/\/servicesforpharmacies.com\/si\/blog\/#primaryimage"},"image":{"@id":"https:\/\/servicesforpharmacies.com\/si\/blog\/#primaryimage"},"thumbnailUrl":"https:\/\/servicesforpharmacies.com\/wp-content\/uploads\/bb-plugin\/cache\/woman-wearing-white-long-sleeved-shirt-973401-1-1024x683-landscape.jpg","datePublished":"2020-07-31T10:58:43+00:00","dateModified":"2025-07-28T10:37:07+00:00","breadcrumb":{"@id":"https:\/\/servicesforpharmacies.com\/si\/blog\/#breadcrumb"},"inLanguage":"sl-SI","potentialAction":[{"@type":"ReadAction","target":["https:\/\/servicesforpharmacies.com\/si\/blog\/"]}]},{"@type":"ImageObject","inLanguage":"sl-SI","@id":"https:\/\/servicesforpharmacies.com\/si\/blog\/#primaryimage","url":"https:\/\/servicesforpharmacies.com\/wp-content\/uploads\/bb-plugin\/cache\/woman-wearing-white-long-sleeved-shirt-973401-1-1024x683-landscape.jpg","contentUrl":"https:\/\/servicesforpharmacies.com\/wp-content\/uploads\/bb-plugin\/cache\/woman-wearing-white-long-sleeved-shirt-973401-1-1024x683-landscape.jpg"},{"@type":"BreadcrumbList","@id":"https:\/\/servicesforpharmacies.com\/si\/blog\/#breadcrumb","itemListElement":[{"@type":"ListItem","position":1,"name":"Home","item":"https:\/\/servicesforpharmacies.com\/si\/"},{"@type":"ListItem","position":2,"name":"Blog"}]},{"@type":"WebSite","@id":"https:\/\/servicesforpharmacies.com\/si\/#website","url":"https:\/\/servicesforpharmacies.com\/si\/","name":"Services for pharmacies","description":"","publisher":{"@id":"https:\/\/servicesforpharmacies.com\/si\/#organization"},"potentialAction":[{"@type":"SearchAction","target":{"@type":"EntryPoint","urlTemplate":"https:\/\/servicesforpharmacies.com\/si\/?s={search_term_string}"},"query-input":{"@type":"PropertyValueSpecification","valueRequired":true,"valueName":"search_term_string"}}],"inLanguage":"sl-SI"},{"@type":"Organization","@id":"https:\/\/servicesforpharmacies.com\/si\/#organization","name":"VitalPlusActive Group Ltd","url":"https:\/\/servicesforpharmacies.com\/si\/","logo":{"@type":"ImageObject","inLanguage":"sl-SI","@id":"https:\/\/servicesforpharmacies.com\/si\/#\/schema\/logo\/image\/","url":"https:\/\/servicesforpharmacies.com\/wp-content\/uploads\/2020\/07\/logo-eng.jpg","contentUrl":"https:\/\/servicesforpharmacies.com\/wp-content\/uploads\/2020\/07\/logo-eng.jpg","width":398,"height":90,"caption":"VitalPlusActive Group Ltd"},"image":{"@id":"https:\/\/servicesforpharmacies.com\/si\/#\/schema\/logo\/image\/"}}]}},"_links":{"self":[{"href":"https:\/\/servicesforpharmacies.com\/si\/wp-json\/wp\/v2\/pages\/24967","targetHints":{"allow":["GET"]}}],"collection":[{"href":"https:\/\/servicesforpharmacies.com\/si\/wp-json\/wp\/v2\/pages"}],"about":[{"href":"https:\/\/servicesforpharmacies.com\/si\/wp-json\/wp\/v2\/types\/page"}],"author":[{"embeddable":true,"href":"https:\/\/servicesforpharmacies.com\/si\/wp-json\/wp\/v2\/users\/1"}],"replies":[{"embeddable":true,"href":"https:\/\/servicesforpharmacies.com\/si\/wp-json\/wp\/v2\/comments?post=24967"}],"version-history":[{"count":1,"href":"https:\/\/servicesforpharmacies.com\/si\/wp-json\/wp\/v2\/pages\/24967\/revisions"}],"predecessor-version":[{"id":736501,"href":"https:\/\/servicesforpharmacies.com\/si\/wp-json\/wp\/v2\/pages\/24967\/revisions\/736501"}],"wp:attachment":[{"href":"https:\/\/servicesforpharmacies.com\/si\/wp-json\/wp\/v2\/media?parent=24967"}],"curies":[{"name":"wp","href":"https:\/\/api.w.org\/{rel}","templated":true}]}}