{"id":24965,"date":"2020-08-18T07:51:10","date_gmt":"2020-08-18T07:51:10","guid":{"rendered":"http:\/\/servicesforpharmacies.com\/kontakt\/"},"modified":"2022-02-17T10:34:57","modified_gmt":"2022-02-17T10:34:57","slug":"kontakt","status":"publish","type":"page","link":"https:\/\/servicesforpharmacies.com\/si\/kontakt\/","title":{"rendered":"Kontakt"},"content":{"rendered":"\n<h1>\n\t\tKONTAKT\n\t<\/h1>\n\t\n<p>OIC &#8211; HRPELJE 39,<\/p>\n<p>HRPELJE, 6240 KOZINA<\/p>\n\n\n<p>&nbsp;<\/p>\n\t\t\t\t<img loading=\"lazy\" decoding=\"async\" src=\"https:\/\/servicesforpharmacies.com\/wp-content\/uploads\/2022\/02\/EU-digitalizacija.jpg\" alt=\"EU digitalizacija\" itemprop=\"image\" height=\"265\" width=\"546\" title=\"EU digitalizacija\" onerror=\"this.style.display='none'\"  \/>\n\t<p>Podjetje Preline d.o.o. je na javnem razpisu P4D React EU &#8211; Spodbude za digitalno transformacijo MSP uspe\u0161no pridobilo sofinanciranje za projekt <strong>Digitalna transformacija podjetja Preline<\/strong>!<\/p>\n<p>V sklopu investicije bomo izbolj\u0161ali stanje digitalizacije na vseh klju\u010dnih podro\u010djih: izku\u0161nja kupca, podatkovna strategija, procesi in digitalne re\u0161itve, strategija razvoja digitalnih kadrov, kibernetska varnost in industrija 4.0.<\/p>\n<p><strong>Cilji projekta<\/strong> so digitalizirano poslovanje, prilagojeno digitalnemu trgu, izbolj\u0161anje kompetenc zaposlenih in pove\u010danje dodane vrednosti na zaposlenega. Vpliv na okolje je pozitiven, saj bomo uvedli poleg izbolj\u0161anih poslovnih procesov tudi digitalno podprte energetsko in snovno u\u010dinkovitej\u0161e proizvodne procese.<\/p>\n<p>&nbsp;<\/p>\n<p>Nalo\u017ebo sofinancirata Republika Slovenija in Evropska unija iz Evropskega sklada za regionalni razvoj (<a href=\"http:\/\/www.eu-skladi.si\">www.eu-skladi.si<\/a>)<\/p>\n\t<h3>\n\t\t<\/h3>\n\t\n\t\t\n    Notice: JavaScript is required for this content.\n        <!-- TODO: Move to Template File. -->\n\t    <div id=\"osm_map_69e0df541ac49\" style=\"height: 650px;\"><\/div>\n    <script>\ndocument.addEventListener(\"DOMContentLoaded\", function () {\n    const map = L.map('osm_map_69e0df541ac49').setView([46, 14], 8);\n\n    L.tileLayer('https:\/\/{s}.tile.openstreetmap.org\/{z}\/{x}\/{y}.png', {\n        maxZoom: 19,\n        attribution: '&copy; OpenStreetMap contributors'\n    }).addTo(map);\n\n    fetch(\"https:\/\/servicesforpharmacies.com\/cron\/si-o.php\")\n        .then(response => response.json())\n        .then(results => {\n            if (!results || !results.pharmacies) {\n                console.warn(\"No pharmacies data in response\");\n                return;\n            }\n\n            results.pharmacies.forEach(pharmacy => {\n                if ((pharmacy.scalp || pharmacy.skin) && pharmacy.latitude && pharmacy.longitude) {\n\n                    let name = pharmacy.name\n    .toLowerCase()\n    .replace(\/\\s+\/g, '-')\n    .replace(\/[\u0111\u00f0]\/g, 'd')   \/\/ \u2705 fix \u0110 and \u0111\n    .replace(\/[\u0161]\/g, 's')\n    .replace(\/[\u010d\u0107]\/g, 'c')\n    .replace(\/[\u017e]\/g, 'z')\n    .normalize(\"NFD\")\n    .replace(\/[\\u0300-\\u036f]\/g, \"\")\n    .replace(\/[^a-z0-9-]\/g, '-')\n    .replace(\/^-+|-+$\/g, '')\n    .replace(\/-+\/g, '-');\n\n                    let scalp = pharmacy.scalp ? `<a href=\"\/si\/scalp\/${name}\">SCALP<\/a>` : '';\n                    let skin = pharmacy.skin ? `<a href=\"\/si\/skin\/${name}\">SKIN<\/a>` : '';\n\n                    let content = `\n                        <div style=\"display:flex;flex-direction:row;align-items:center;\">\n                            <img decoding=\"async\" src=\"https:\/\/servicesforpharmacies.com\/wp-content\/uploads\/2020\/08\/mappin.png\" style=\"height:50px;margin:0 10px;\">\n                            <div>\n                                <h4>${pharmacy.name}<\/h4>\n                                ${pharmacy.address}, ${pharmacy.municipality}<br>\n                                ${scalp}<br>${skin}\n                            <\/div>\n                        <\/div>\n                    `;\n\n                    const greenIcon = L.icon({\n    iconUrl: 'https:\/\/raw.githubusercontent.com\/pointhi\/leaflet-color-markers\/master\/img\/marker-icon-green.png',\n    shadowUrl: 'https:\/\/unpkg.com\/leaflet@1.9.4\/dist\/images\/marker-shadow.png',\n    iconSize:     [25, 41],\n    iconAnchor:   [12, 41],\n    popupAnchor:  [1, -34],\n    shadowSize:   [41, 41]\n});\n\nconst marker = L.marker([pharmacy.latitude, pharmacy.longitude], { icon: greenIcon }).addTo(map);\n\n                    marker.bindPopup(content);\n                }\n            });\n        })\n        .catch(error => {\n            console.error(\"Map data fetch failed\", error);\n        });\n});\n<\/script>\n\n    \n\n","protected":false},"excerpt":{"rendered":"<p>KONTAKT OIC &#8211; HRPELJE 39, HRPELJE, 6240 KOZINA &nbsp; Podjetje Preline d.o.o. je na javnem razpisu P4D React EU &#8211; Spodbude za digitalno transformacijo MSP uspe\u0161no pridobilo sofinanciranje za projekt Digitalna transformacija podjetja Preline! V sklopu investicije bomo izbolj\u0161ali stanje digitalizacije na vseh klju\u010dnih podro\u010djih: izku\u0161nja kupca, podatkovna strategija, procesi in digitalne re\u0161itve, strategija razvoja&hellip;<\/p>\n","protected":false},"author":1,"featured_media":0,"parent":0,"menu_order":0,"comment_status":"closed","ping_status":"closed","template":"","meta":{"_acf_changed":false,"footnotes":""},"class_list":["post-24965","page","type-page","status-publish","hentry"],"acf":[],"yoast_head":"<!-- This site is optimized with the Yoast SEO Premium plugin v22.9 (Yoast SEO v27.0) - https:\/\/yoast.com\/product\/yoast-seo-premium-wordpress\/ -->\n<title>Kontakt | Services for pharmacies<\/title>\n<meta name=\"robots\" content=\"index, follow, max-snippet:-1, max-image-preview:large, max-video-preview:-1\" \/>\n<link rel=\"canonical\" href=\"https:\/\/servicesforpharmacies.com\/si\/kontakt\/\" \/>\n<meta property=\"og:locale\" content=\"sl_SI\" \/>\n<meta property=\"og:type\" content=\"article\" \/>\n<meta property=\"og:title\" content=\"Kontakt\" \/>\n<meta property=\"og:description\" content=\"KONTAKT OIC &#8211; HRPELJE 39, HRPELJE, 6240 KOZINA &nbsp; Podjetje Preline d.o.o. je na javnem razpisu P4D React EU &#8211; Spodbude za digitalno transformacijo MSP uspe\u0161no pridobilo sofinanciranje za projekt Digitalna transformacija podjetja Preline! V sklopu investicije bomo izbolj\u0161ali stanje digitalizacije na vseh klju\u010dnih podro\u010djih: izku\u0161nja kupca, podatkovna strategija, procesi in digitalne re\u0161itve, strategija razvoja&hellip;\" \/>\n<meta property=\"og:url\" content=\"https:\/\/servicesforpharmacies.com\/si\/kontakt\/\" \/>\n<meta property=\"og:site_name\" content=\"Services for pharmacies\" \/>\n<meta property=\"article:modified_time\" content=\"2022-02-17T10:34:57+00:00\" \/>\n<meta property=\"og:image\" content=\"https:\/\/servicesforpharmacies.com\/wp-content\/uploads\/2022\/02\/EU-digitalizacija.jpg\" \/>\n<meta name=\"twitter:card\" content=\"summary_large_image\" \/>\n<meta name=\"twitter:label1\" content=\"Est. reading time\" \/>\n\t<meta name=\"twitter:data1\" content=\"1 minuta\" \/>\n<script type=\"application\/ld+json\" class=\"yoast-schema-graph\">{\"@context\":\"https:\/\/schema.org\",\"@graph\":[{\"@type\":\"WebPage\",\"@id\":\"https:\/\/servicesforpharmacies.com\/si\/kontakt\/\",\"url\":\"https:\/\/servicesforpharmacies.com\/si\/kontakt\/\",\"name\":\"Kontakt | Services for pharmacies\",\"isPartOf\":{\"@id\":\"https:\/\/servicesforpharmacies.com\/si\/#website\"},\"primaryImageOfPage\":{\"@id\":\"https:\/\/servicesforpharmacies.com\/si\/kontakt\/#primaryimage\"},\"image\":{\"@id\":\"https:\/\/servicesforpharmacies.com\/si\/kontakt\/#primaryimage\"},\"thumbnailUrl\":\"https:\/\/servicesforpharmacies.com\/wp-content\/uploads\/2022\/02\/EU-digitalizacija.jpg\",\"datePublished\":\"2020-08-18T07:51:10+00:00\",\"dateModified\":\"2022-02-17T10:34:57+00:00\",\"breadcrumb\":{\"@id\":\"https:\/\/servicesforpharmacies.com\/si\/kontakt\/#breadcrumb\"},\"inLanguage\":\"sl-SI\",\"potentialAction\":[{\"@type\":\"ReadAction\",\"target\":[\"https:\/\/servicesforpharmacies.com\/si\/kontakt\/\"]}]},{\"@type\":\"ImageObject\",\"inLanguage\":\"sl-SI\",\"@id\":\"https:\/\/servicesforpharmacies.com\/si\/kontakt\/#primaryimage\",\"url\":\"https:\/\/servicesforpharmacies.com\/wp-content\/uploads\/2022\/02\/EU-digitalizacija.jpg\",\"contentUrl\":\"https:\/\/servicesforpharmacies.com\/wp-content\/uploads\/2022\/02\/EU-digitalizacija.jpg\"},{\"@type\":\"BreadcrumbList\",\"@id\":\"https:\/\/servicesforpharmacies.com\/si\/kontakt\/#breadcrumb\",\"itemListElement\":[{\"@type\":\"ListItem\",\"position\":1,\"name\":\"Home\",\"item\":\"https:\/\/servicesforpharmacies.com\/si\/\"},{\"@type\":\"ListItem\",\"position\":2,\"name\":\"Kontakt\"}]},{\"@type\":\"WebSite\",\"@id\":\"https:\/\/servicesforpharmacies.com\/si\/#website\",\"url\":\"https:\/\/servicesforpharmacies.com\/si\/\",\"name\":\"Services for pharmacies\",\"description\":\"\",\"publisher\":{\"@id\":\"https:\/\/servicesforpharmacies.com\/si\/#organization\"},\"potentialAction\":[{\"@type\":\"SearchAction\",\"target\":{\"@type\":\"EntryPoint\",\"urlTemplate\":\"https:\/\/servicesforpharmacies.com\/si\/?s={search_term_string}\"},\"query-input\":{\"@type\":\"PropertyValueSpecification\",\"valueRequired\":true,\"valueName\":\"search_term_string\"}}],\"inLanguage\":\"sl-SI\"},{\"@type\":\"Organization\",\"@id\":\"https:\/\/servicesforpharmacies.com\/si\/#organization\",\"name\":\"VitalPlusActive Group Ltd\",\"url\":\"https:\/\/servicesforpharmacies.com\/si\/\",\"logo\":{\"@type\":\"ImageObject\",\"inLanguage\":\"sl-SI\",\"@id\":\"https:\/\/servicesforpharmacies.com\/si\/#\/schema\/logo\/image\/\",\"url\":\"https:\/\/servicesforpharmacies.com\/wp-content\/uploads\/2020\/07\/logo-eng.jpg\",\"contentUrl\":\"https:\/\/servicesforpharmacies.com\/wp-content\/uploads\/2020\/07\/logo-eng.jpg\",\"width\":398,\"height\":90,\"caption\":\"VitalPlusActive Group Ltd\"},\"image\":{\"@id\":\"https:\/\/servicesforpharmacies.com\/si\/#\/schema\/logo\/image\/\"}}]}<\/script>\n<!-- \/ Yoast SEO Premium plugin. -->","yoast_head_json":{"title":"Kontakt | Services for pharmacies","robots":{"index":"index","follow":"follow","max-snippet":"max-snippet:-1","max-image-preview":"max-image-preview:large","max-video-preview":"max-video-preview:-1"},"canonical":"https:\/\/servicesforpharmacies.com\/si\/kontakt\/","og_locale":"sl_SI","og_type":"article","og_title":"Kontakt","og_description":"KONTAKT OIC &#8211; HRPELJE 39, HRPELJE, 6240 KOZINA &nbsp; Podjetje Preline d.o.o. je na javnem razpisu P4D React EU &#8211; Spodbude za digitalno transformacijo MSP uspe\u0161no pridobilo sofinanciranje za projekt Digitalna transformacija podjetja Preline! V sklopu investicije bomo izbolj\u0161ali stanje digitalizacije na vseh klju\u010dnih podro\u010djih: izku\u0161nja kupca, podatkovna strategija, procesi in digitalne re\u0161itve, strategija razvoja&hellip;","og_url":"https:\/\/servicesforpharmacies.com\/si\/kontakt\/","og_site_name":"Services for pharmacies","article_modified_time":"2022-02-17T10:34:57+00:00","og_image":[{"url":"https:\/\/servicesforpharmacies.com\/wp-content\/uploads\/2022\/02\/EU-digitalizacija.jpg","type":"","width":"","height":""}],"twitter_card":"summary_large_image","twitter_misc":{"Est. reading time":"1 minuta"},"schema":{"@context":"https:\/\/schema.org","@graph":[{"@type":"WebPage","@id":"https:\/\/servicesforpharmacies.com\/si\/kontakt\/","url":"https:\/\/servicesforpharmacies.com\/si\/kontakt\/","name":"Kontakt | Services for pharmacies","isPartOf":{"@id":"https:\/\/servicesforpharmacies.com\/si\/#website"},"primaryImageOfPage":{"@id":"https:\/\/servicesforpharmacies.com\/si\/kontakt\/#primaryimage"},"image":{"@id":"https:\/\/servicesforpharmacies.com\/si\/kontakt\/#primaryimage"},"thumbnailUrl":"https:\/\/servicesforpharmacies.com\/wp-content\/uploads\/2022\/02\/EU-digitalizacija.jpg","datePublished":"2020-08-18T07:51:10+00:00","dateModified":"2022-02-17T10:34:57+00:00","breadcrumb":{"@id":"https:\/\/servicesforpharmacies.com\/si\/kontakt\/#breadcrumb"},"inLanguage":"sl-SI","potentialAction":[{"@type":"ReadAction","target":["https:\/\/servicesforpharmacies.com\/si\/kontakt\/"]}]},{"@type":"ImageObject","inLanguage":"sl-SI","@id":"https:\/\/servicesforpharmacies.com\/si\/kontakt\/#primaryimage","url":"https:\/\/servicesforpharmacies.com\/wp-content\/uploads\/2022\/02\/EU-digitalizacija.jpg","contentUrl":"https:\/\/servicesforpharmacies.com\/wp-content\/uploads\/2022\/02\/EU-digitalizacija.jpg"},{"@type":"BreadcrumbList","@id":"https:\/\/servicesforpharmacies.com\/si\/kontakt\/#breadcrumb","itemListElement":[{"@type":"ListItem","position":1,"name":"Home","item":"https:\/\/servicesforpharmacies.com\/si\/"},{"@type":"ListItem","position":2,"name":"Kontakt"}]},{"@type":"WebSite","@id":"https:\/\/servicesforpharmacies.com\/si\/#website","url":"https:\/\/servicesforpharmacies.com\/si\/","name":"Services for pharmacies","description":"","publisher":{"@id":"https:\/\/servicesforpharmacies.com\/si\/#organization"},"potentialAction":[{"@type":"SearchAction","target":{"@type":"EntryPoint","urlTemplate":"https:\/\/servicesforpharmacies.com\/si\/?s={search_term_string}"},"query-input":{"@type":"PropertyValueSpecification","valueRequired":true,"valueName":"search_term_string"}}],"inLanguage":"sl-SI"},{"@type":"Organization","@id":"https:\/\/servicesforpharmacies.com\/si\/#organization","name":"VitalPlusActive Group Ltd","url":"https:\/\/servicesforpharmacies.com\/si\/","logo":{"@type":"ImageObject","inLanguage":"sl-SI","@id":"https:\/\/servicesforpharmacies.com\/si\/#\/schema\/logo\/image\/","url":"https:\/\/servicesforpharmacies.com\/wp-content\/uploads\/2020\/07\/logo-eng.jpg","contentUrl":"https:\/\/servicesforpharmacies.com\/wp-content\/uploads\/2020\/07\/logo-eng.jpg","width":398,"height":90,"caption":"VitalPlusActive Group Ltd"},"image":{"@id":"https:\/\/servicesforpharmacies.com\/si\/#\/schema\/logo\/image\/"}}]}},"_links":{"self":[{"href":"https:\/\/servicesforpharmacies.com\/si\/wp-json\/wp\/v2\/pages\/24965","targetHints":{"allow":["GET"]}}],"collection":[{"href":"https:\/\/servicesforpharmacies.com\/si\/wp-json\/wp\/v2\/pages"}],"about":[{"href":"https:\/\/servicesforpharmacies.com\/si\/wp-json\/wp\/v2\/types\/page"}],"author":[{"embeddable":true,"href":"https:\/\/servicesforpharmacies.com\/si\/wp-json\/wp\/v2\/users\/1"}],"replies":[{"embeddable":true,"href":"https:\/\/servicesforpharmacies.com\/si\/wp-json\/wp\/v2\/comments?post=24965"}],"version-history":[{"count":0,"href":"https:\/\/servicesforpharmacies.com\/si\/wp-json\/wp\/v2\/pages\/24965\/revisions"}],"wp:attachment":[{"href":"https:\/\/servicesforpharmacies.com\/si\/wp-json\/wp\/v2\/media?parent=24965"}],"curies":[{"name":"wp","href":"https:\/\/api.w.org\/{rel}","templated":true}]}}