{"id":24964,"date":"2020-09-18T08:41:41","date_gmt":"2020-09-18T08:41:41","guid":{"rendered":"http:\/\/servicesforpharmacies.com\/faq-si\/"},"modified":"2020-12-23T12:07:09","modified_gmt":"2020-12-23T12:07:09","slug":"pogosta-vprasanja","status":"publish","type":"page","link":"https:\/\/servicesforpharmacies.com\/si\/pogosta-vprasanja\/","title":{"rendered":"POGOSTA VPRA\u0160ANJA"},"content":{"rendered":"\n<h1>\n\t<\/h1>\n\t\t\t\t\tKomu svetujemo pregled lasi\u0161\u010da in lasne korenine?\t\t\t\t\n<p><strong>Pregled lasi\u0161\u010da in lasne korenine<\/strong> je priporo\u010dljiv za vse, ki opa\u017eajo kakr\u0161nekoli te\u017eave na lasi\u0161\u010du, prhljaj, srbenje, rde\u010dica, dermatitis, vneta ko\u017ea, mozolji po lasi\u0161\u010du. Za vse, ki z leti opa\u017eajo spremembe v kvaliteti las, red\u010denje, tanki lasje, pove\u010dano izpadanje, mastni lasje, suhi lasje, razcepljeni lasje, po\u010dasna rast las, ple\u0161avost. Kot tudi samo iz preventive, da preverimo stanje las in lasi\u0161\u010da ter lasne korenine.<\/p>\n\u00a0\n\t\t\t\t\tKoliko \u010dasa traja sam pregled?\t\t\t\t\n\t\t\t\t\t<p>Za pregled lasi\u0161\u010da potrebujete 15 minut \u010dasa.<\/p>\n\t\t\t\t\tAli za pregled potrebujem sve\u017ee umito glavo.\t\t\t\t\n<p>Za pregled ni potrebno sve\u017ee umito lasi\u0161\u010de.<\/p>\n\u00a0\n\t\t\t\t\tLasje se mi red\u010dijo. Ali lahko prepre\u010dim izpadanje?\t\t\t\t\n\t\t\t\t\t<table dir=\"ltr\" border=\"1\" cellspacing=\"0\" cellpadding=\"0\">\n<colgroup>\n<col width=\"1197\" \/><\/colgroup>\n<tbody>\n<tr>\n<td data-sheets-value=\"{&quot;1&quot;:2,&quot;2&quot;:&quot;Poznamo za\u010dasne in trajne oblike izpadanja las. Zacasno izpadanje las lahko prepre\u010dimo, \u010de poi\u0161\u010demo vzrok in ga odpravimo. Potem rast las lahko spodbudimo in pospe\u0161imo z ustrezno nego. &quot;}\">Poznamo za\u010dasne in trajne oblike izpadanja las. Zacasno izpadanje las lahko prepre\u010dimo, \u010de poi\u0161\u010demo vzrok in ga odpravimo. Potem rast las lahko spodbudimo in pospe\u0161imo z ustrezno nego.<\/td>\n<\/tr>\n<tr>\n<td data-sheets-value=\"{&quot;1&quot;:2,&quot;2&quot;:&quot;Trajno izpadanje je najve\u010dkrat posledica postopnega zmanj\u0161evanja aktivnih lasnih me\u0161i\u010dkov, slabega delovanja aktivnih me\u0161i\u010dkov, ali razli\u010dnih ko\u017enih bolezni. Trajno izpadanje las te\u017eje ustavimo ali pa ga sploh ne moremo. Potrebno je zdravljenje &quot;}\">\nTrajno izpadanje je najve\u010dkrat posledica postopnega zmanj\u0161evanja aktivnih lasnih me\u0161i\u010dkov, slabega delovanja aktivnih me\u0161i\u010dkov, ali razli\u010dnih ko\u017enih bolezni. Trajno izpadanje las te\u017eje ustavimo ali pa ga sploh ne moremo. Potrebno je zdravljenje\n<\/td>\n<\/tr>\n<\/tbody>\n<\/table>\n\t\t\t\t\tZakaj imam prhljaj?\t\t\t\t\n\t\t\t\t\t<p>Vzrok nastanka prhljaja \u0161e ni povsem jasen. Najpogosteje se kot mo\u017een vzrok navaja gljivica Pityrosporum ovale, ki se nahaja tudi na zdravem lasi\u0161\u010du. Glivica napada povr\u0161inske celice ko\u017ee, posledica pa je pove\u010dano nastajanje krovnih celic ki ga opazimo kot prekomerno lu\u0161\u010denje ko\u017ee in nadle\u017ene luske na ramenih.<\/p>\n\t\t\t\t\tAli pregled lasi\u0161\u010da boli?\t\t\t\t\n\t\t\t\t\t<p>Preventivni pregled lasi\u0161\u010da je popolnama nebole\u010d postopek, saj se pri delu uporablja kamera, ki pregleduje lasi\u0161\u010de povr\u0161insko. Pri pregledu pogledamo tudi lasno korenino, kar pa pomeni da moramo izvel\u010di 2 &#8211; 3 las, kar je lahko za nekatere nekoliko neprijetno.<\/p>\n\n","protected":false},"excerpt":{"rendered":"<p>Komu svetujemo pregled lasi\u0161\u010da in lasne korenine? Pregled lasi\u0161\u010da in lasne korenine je priporo\u010dljiv za vse, ki opa\u017eajo kakr\u0161nekoli te\u017eave na lasi\u0161\u010du, prhljaj, srbenje, rde\u010dica, dermatitis, vneta ko\u017ea, mozolji po lasi\u0161\u010du. Za vse, ki z leti opa\u017eajo spremembe v kvaliteti las, red\u010denje, tanki lasje, pove\u010dano izpadanje, mastni lasje, suhi lasje, razcepljeni lasje, po\u010dasna rast las,&hellip;<\/p>\n","protected":false},"author":1,"featured_media":0,"parent":0,"menu_order":0,"comment_status":"closed","ping_status":"closed","template":"","meta":{"_acf_changed":false,"footnotes":""},"class_list":["post-24964","page","type-page","status-publish","hentry"],"acf":[],"yoast_head":"<!-- This site is optimized with the Yoast SEO Premium plugin v22.9 (Yoast SEO v27.0) - https:\/\/yoast.com\/product\/yoast-seo-premium-wordpress\/ -->\n<title>POGOSTA VPRA\u0160ANJA | Services for pharmacies<\/title>\n<meta name=\"robots\" content=\"index, follow, max-snippet:-1, max-image-preview:large, max-video-preview:-1\" \/>\n<link rel=\"canonical\" href=\"https:\/\/servicesforpharmacies.com\/si\/pogosta-vprasanja\/\" \/>\n<meta property=\"og:locale\" content=\"sl_SI\" \/>\n<meta property=\"og:type\" content=\"article\" \/>\n<meta property=\"og:title\" content=\"POGOSTA VPRA\u0160ANJA\" \/>\n<meta property=\"og:description\" content=\"Komu svetujemo pregled lasi\u0161\u010da in lasne korenine? Pregled lasi\u0161\u010da in lasne korenine je priporo\u010dljiv za vse, ki opa\u017eajo kakr\u0161nekoli te\u017eave na lasi\u0161\u010du, prhljaj, srbenje, rde\u010dica, dermatitis, vneta ko\u017ea, mozolji po lasi\u0161\u010du. Za vse, ki z leti opa\u017eajo spremembe v kvaliteti las, red\u010denje, tanki lasje, pove\u010dano izpadanje, mastni lasje, suhi lasje, razcepljeni lasje, po\u010dasna rast las,&hellip;\" \/>\n<meta property=\"og:url\" content=\"https:\/\/servicesforpharmacies.com\/si\/pogosta-vprasanja\/\" \/>\n<meta property=\"og:site_name\" content=\"Services for pharmacies\" \/>\n<meta property=\"article:modified_time\" content=\"2020-12-23T12:07:09+00:00\" \/>\n<meta name=\"twitter:card\" content=\"summary_large_image\" \/>\n<meta name=\"twitter:label1\" content=\"Est. reading time\" \/>\n\t<meta name=\"twitter:data1\" content=\"2 minuti\" \/>\n<script type=\"application\/ld+json\" class=\"yoast-schema-graph\">{\"@context\":\"https:\/\/schema.org\",\"@graph\":[{\"@type\":\"WebPage\",\"@id\":\"https:\/\/servicesforpharmacies.com\/si\/pogosta-vprasanja\/\",\"url\":\"https:\/\/servicesforpharmacies.com\/si\/pogosta-vprasanja\/\",\"name\":\"POGOSTA VPRA\u0160ANJA | Services for pharmacies\",\"isPartOf\":{\"@id\":\"https:\/\/servicesforpharmacies.com\/si\/#website\"},\"datePublished\":\"2020-09-18T08:41:41+00:00\",\"dateModified\":\"2020-12-23T12:07:09+00:00\",\"breadcrumb\":{\"@id\":\"https:\/\/servicesforpharmacies.com\/si\/pogosta-vprasanja\/#breadcrumb\"},\"inLanguage\":\"sl-SI\",\"potentialAction\":[{\"@type\":\"ReadAction\",\"target\":[\"https:\/\/servicesforpharmacies.com\/si\/pogosta-vprasanja\/\"]}]},{\"@type\":\"BreadcrumbList\",\"@id\":\"https:\/\/servicesforpharmacies.com\/si\/pogosta-vprasanja\/#breadcrumb\",\"itemListElement\":[{\"@type\":\"ListItem\",\"position\":1,\"name\":\"Home\",\"item\":\"https:\/\/servicesforpharmacies.com\/si\/\"},{\"@type\":\"ListItem\",\"position\":2,\"name\":\"POGOSTA VPRA\u0160ANJA\"}]},{\"@type\":\"WebSite\",\"@id\":\"https:\/\/servicesforpharmacies.com\/si\/#website\",\"url\":\"https:\/\/servicesforpharmacies.com\/si\/\",\"name\":\"Services for pharmacies\",\"description\":\"\",\"publisher\":{\"@id\":\"https:\/\/servicesforpharmacies.com\/si\/#organization\"},\"potentialAction\":[{\"@type\":\"SearchAction\",\"target\":{\"@type\":\"EntryPoint\",\"urlTemplate\":\"https:\/\/servicesforpharmacies.com\/si\/?s={search_term_string}\"},\"query-input\":{\"@type\":\"PropertyValueSpecification\",\"valueRequired\":true,\"valueName\":\"search_term_string\"}}],\"inLanguage\":\"sl-SI\"},{\"@type\":\"Organization\",\"@id\":\"https:\/\/servicesforpharmacies.com\/si\/#organization\",\"name\":\"VitalPlusActive Group Ltd\",\"url\":\"https:\/\/servicesforpharmacies.com\/si\/\",\"logo\":{\"@type\":\"ImageObject\",\"inLanguage\":\"sl-SI\",\"@id\":\"https:\/\/servicesforpharmacies.com\/si\/#\/schema\/logo\/image\/\",\"url\":\"https:\/\/servicesforpharmacies.com\/wp-content\/uploads\/2020\/07\/logo-eng.jpg\",\"contentUrl\":\"https:\/\/servicesforpharmacies.com\/wp-content\/uploads\/2020\/07\/logo-eng.jpg\",\"width\":398,\"height\":90,\"caption\":\"VitalPlusActive Group Ltd\"},\"image\":{\"@id\":\"https:\/\/servicesforpharmacies.com\/si\/#\/schema\/logo\/image\/\"}}]}<\/script>\n<!-- \/ Yoast SEO Premium plugin. -->","yoast_head_json":{"title":"POGOSTA VPRA\u0160ANJA | Services for pharmacies","robots":{"index":"index","follow":"follow","max-snippet":"max-snippet:-1","max-image-preview":"max-image-preview:large","max-video-preview":"max-video-preview:-1"},"canonical":"https:\/\/servicesforpharmacies.com\/si\/pogosta-vprasanja\/","og_locale":"sl_SI","og_type":"article","og_title":"POGOSTA VPRA\u0160ANJA","og_description":"Komu svetujemo pregled lasi\u0161\u010da in lasne korenine? Pregled lasi\u0161\u010da in lasne korenine je priporo\u010dljiv za vse, ki opa\u017eajo kakr\u0161nekoli te\u017eave na lasi\u0161\u010du, prhljaj, srbenje, rde\u010dica, dermatitis, vneta ko\u017ea, mozolji po lasi\u0161\u010du. Za vse, ki z leti opa\u017eajo spremembe v kvaliteti las, red\u010denje, tanki lasje, pove\u010dano izpadanje, mastni lasje, suhi lasje, razcepljeni lasje, po\u010dasna rast las,&hellip;","og_url":"https:\/\/servicesforpharmacies.com\/si\/pogosta-vprasanja\/","og_site_name":"Services for pharmacies","article_modified_time":"2020-12-23T12:07:09+00:00","twitter_card":"summary_large_image","twitter_misc":{"Est. reading time":"2 minuti"},"schema":{"@context":"https:\/\/schema.org","@graph":[{"@type":"WebPage","@id":"https:\/\/servicesforpharmacies.com\/si\/pogosta-vprasanja\/","url":"https:\/\/servicesforpharmacies.com\/si\/pogosta-vprasanja\/","name":"POGOSTA VPRA\u0160ANJA | Services for pharmacies","isPartOf":{"@id":"https:\/\/servicesforpharmacies.com\/si\/#website"},"datePublished":"2020-09-18T08:41:41+00:00","dateModified":"2020-12-23T12:07:09+00:00","breadcrumb":{"@id":"https:\/\/servicesforpharmacies.com\/si\/pogosta-vprasanja\/#breadcrumb"},"inLanguage":"sl-SI","potentialAction":[{"@type":"ReadAction","target":["https:\/\/servicesforpharmacies.com\/si\/pogosta-vprasanja\/"]}]},{"@type":"BreadcrumbList","@id":"https:\/\/servicesforpharmacies.com\/si\/pogosta-vprasanja\/#breadcrumb","itemListElement":[{"@type":"ListItem","position":1,"name":"Home","item":"https:\/\/servicesforpharmacies.com\/si\/"},{"@type":"ListItem","position":2,"name":"POGOSTA VPRA\u0160ANJA"}]},{"@type":"WebSite","@id":"https:\/\/servicesforpharmacies.com\/si\/#website","url":"https:\/\/servicesforpharmacies.com\/si\/","name":"Services for pharmacies","description":"","publisher":{"@id":"https:\/\/servicesforpharmacies.com\/si\/#organization"},"potentialAction":[{"@type":"SearchAction","target":{"@type":"EntryPoint","urlTemplate":"https:\/\/servicesforpharmacies.com\/si\/?s={search_term_string}"},"query-input":{"@type":"PropertyValueSpecification","valueRequired":true,"valueName":"search_term_string"}}],"inLanguage":"sl-SI"},{"@type":"Organization","@id":"https:\/\/servicesforpharmacies.com\/si\/#organization","name":"VitalPlusActive Group Ltd","url":"https:\/\/servicesforpharmacies.com\/si\/","logo":{"@type":"ImageObject","inLanguage":"sl-SI","@id":"https:\/\/servicesforpharmacies.com\/si\/#\/schema\/logo\/image\/","url":"https:\/\/servicesforpharmacies.com\/wp-content\/uploads\/2020\/07\/logo-eng.jpg","contentUrl":"https:\/\/servicesforpharmacies.com\/wp-content\/uploads\/2020\/07\/logo-eng.jpg","width":398,"height":90,"caption":"VitalPlusActive Group Ltd"},"image":{"@id":"https:\/\/servicesforpharmacies.com\/si\/#\/schema\/logo\/image\/"}}]}},"_links":{"self":[{"href":"https:\/\/servicesforpharmacies.com\/si\/wp-json\/wp\/v2\/pages\/24964","targetHints":{"allow":["GET"]}}],"collection":[{"href":"https:\/\/servicesforpharmacies.com\/si\/wp-json\/wp\/v2\/pages"}],"about":[{"href":"https:\/\/servicesforpharmacies.com\/si\/wp-json\/wp\/v2\/types\/page"}],"author":[{"embeddable":true,"href":"https:\/\/servicesforpharmacies.com\/si\/wp-json\/wp\/v2\/users\/1"}],"replies":[{"embeddable":true,"href":"https:\/\/servicesforpharmacies.com\/si\/wp-json\/wp\/v2\/comments?post=24964"}],"version-history":[{"count":0,"href":"https:\/\/servicesforpharmacies.com\/si\/wp-json\/wp\/v2\/pages\/24964\/revisions"}],"wp:attachment":[{"href":"https:\/\/servicesforpharmacies.com\/si\/wp-json\/wp\/v2\/media?parent=24964"}],"curies":[{"name":"wp","href":"https:\/\/api.w.org\/{rel}","templated":true}]}}