{"id":24962,"date":"2020-09-18T08:41:44","date_gmt":"2020-09-18T08:41:44","guid":{"rendered":"http:\/\/servicesforpharmacies.com\/skin-si\/"},"modified":"2022-06-23T07:10:23","modified_gmt":"2022-06-23T07:10:23","slug":"dermo-masaza-kisikom","status":"publish","type":"page","link":"https:\/\/servicesforpharmacies.com\/si\/dermo-masaza-kisikom\/","title":{"rendered":"DERMO MASA\u017dA S KISIKOM"},"content":{"rendered":"\n<h1>\n\t\tDERMO MASA\u017dA S KISIKOM\n\t<\/h1>\n\t<p>Dermo masa\u017ea s kisikom vnese v ko\u017eo visoko koncentracijo \u010distega kisika in omogo\u010da ponovno aktivacijo celi\u010dne proizvodnje. To je zelo enostaven, nebole\u010d, prijeten in spro\u0161\u010dujo\u010d tretma.<\/p>\n<p>Z leti in progresivno izgubo kisika v ko\u017enem tkivu je ko\u017ea nagnjena k pepelnati barvi, izgubi tonusa in elasti\u010dnosti, s posledi\u010dno bolj upadlo ko\u017eo.<\/p>\n\n<h2>\n\t\tDERMO MASA\u017dA S KISIKOM: KATERI SO POZITIVNI U\u010cINKI NA KO\u017dO?\u2003\n\t<\/h2>\n\t<p>Kisik deluje revitalizirajo\u010de na tkiva epiderme in omogo\u010da bolj\u0161e izlo\u010danje akumuliranih toksinov, ki povzro\u010dajo pepelnato, nevitalno barvo ko\u017ee. Izbolj\u0161uje mikrocirkulacijo in celi\u010dni metabolizem ko\u017ee, ter tako spodbuja proizvodnjo kolagena in elastina s strani fibroblastov.<\/p>\n<h2>\n\t\tKAK\u0160NI SO REZULTATI?\u2003\n\t<\/h2>\n\t<p><strong>\u017de po prvem tretmaju<\/strong> so vidne pozitivne spremembe vseh morfolo\u0161kih parametrov ko\u017ee. Ko\u017ea je vidno bolj svetlej\u0161a, kompaktnej\u0161a, elasti\u010dna, hidratirana in ima lep\u0161i tonus. Obraz je bolj gladek, dose\u017een je trenutni lifting efekt, ki vidno odpravlja izrazne gube.<\/p>\n\t\t\t\t<img decoding=\"async\" src=\"https:\/\/servicesforpharmacies.com\/wp-content\/uploads\/2020\/07\/skin-before.jpg\" alt=\"Kisik prije\" itemprop=\"image\" title=\"skin before\" onerror=\"this.style.display='none'\">\n\t\t\t\t<img decoding=\"async\" src=\"https:\/\/servicesforpharmacies.com\/wp-content\/uploads\/2020\/07\/skin-after.jpg\" alt=\"Kisik poslije\" itemprop=\"image\" title=\"skin after\" onerror=\"this.style.display='none'\">\n<h2>\n\t\tDERMO MASA\u017dA S KISIKOM : KOMU JO PRIPORO\u010cAMO ?\u2003\n\t<\/h2>\n<table data-tablesaw-minimap=\"\">\n\t\t<thead>\n\t\t<tr>\n\t\t\t<th id=\"pp-table-col-1\" scope=\"col\" data-tablesaw-sortable-col=\"\">TIP KO\u017dE<\/th><th id=\"pp-table-col-2\" scope=\"col\" data-tablesaw-sortable-col=\"\">DELOVANJE<\/th>\t\t<\/tr>\n\t<\/thead>\n\t\t<tbody>\n\t\t<tr><td>Me\u0161ana, ne\u010dista, aknasta ko\u017ea<\/td><td>Dermomasa\u017ea s skisikom deluje adstringentno na pore epiderme in pospe\u0161uje celjenje<\/td><\/tr><tr><td>Suha, dehidrirana, tanka in ob\u010dutljiva ko\u017ea<\/td><td>Dermomasa\u017ea s kisikom deluje hidratantno, stimulira proizvodnjo kolagena in elastina<\/td><\/tr><tr><td>Nevitalna, pepelnata ko\u017ea z izraznimi gubami<\/td><td>Dermomaza\u017ea s kisikom deluje proti gubam, odstranjuje toksine in revitalizira ter izbolj\u0161uje tonus ko\u017ee<\/td><\/tr>\t<\/tbody>\n<\/table>\n\t\n\t\t\t<p>Odli\u010dna storitev, moja ko\u017ea je po tretmaju \u010dudovita. Gladka, \u010dvrsta. Res priporo\u010dam.<\/p>&nbsp;Tadeja\t\t\n\t\t\tWaauuu, neverjeten rezultat po kisikovi dermomasa\u017ei obraza. Svoj obraz na dotik sploh ne prepoznam. Ko\u017ea je svilnato gladka in ne\u017ena. Neverjetno.&nbsp;Aleksandra\t\t\n\t\t\tKisikova dermomasa\u017ea obraza je neverjetna. Kot da imam obraz vsaj 5 let mlaj\u0161i. Ko\u017ea je bolj napeta, neverjetno sijo\u010da in gladka.&nbsp;Zdenka\t\t\n\t\t\tKo se dotaknem svojega obraza, ga ne prepoznam. Neverjeten u\u010dinek po tretmaju s kisikom in hialuronsko kislino. Ne spomnim se, kdaj sem imela tako gladko in napeto ko\u017eo.&nbsp;Zorica\t\t\n<h2>\n\t\tBREZPLA\u010cNO\n\t<\/h2>\n<h3>\n\t\tOSEBNO\n\t<\/h3>\n<h3>\n\t\tSVETOVANJE\n\t<\/h3>\n<h4>\n\t\tVIDEO KLIC\n\t<\/h4>\n<h4>\n\t\tALI\n\t<\/h4>\n<h4>\n\t\tTELEFONSKI KLIC\n\t<\/h4>\n\t\t\t<a href=\"https:\/\/servicesforpharmacies.com\/si\/ox-picker\" target=\"_blank\" role=\"button\" rel=\"noopener\">\n\t\t\t\t\t\t\tNaro\u010di se takoj &#8230;\n\t\t\t\t\t<\/a>\n\t\t\t\t<a href=\"https:\/\/servicesforpharmacies.com\/si\/\" target=\"_blank\" rel=\"noopener\" itemprop=\"url\">\n\t\t\t\t<img loading=\"lazy\" decoding=\"async\" src=\"https:\/\/servicesforpharmacies.com\/wp-content\/uploads\/2020\/08\/gdja.jpg\" alt=\"Savjetovanje za lice\" itemprop=\"image\" height=\"604\" width=\"640\" title=\"gdja\" onerror=\"this.style.display='none'\">\n\t\t\t\t<\/a>\n\t    <div id=\"osm_map_69d78e7a45162\" style=\"height: 650px;\"><\/div>\n    <script>\ndocument.addEventListener(\"DOMContentLoaded\", function () {\n    const map = L.map('osm_map_69d78e7a45162').setView([46, 14], 8);\n\n    L.tileLayer('https:\/\/{s}.tile.openstreetmap.org\/{z}\/{x}\/{y}.png', {\n        maxZoom: 19,\n        attribution: '&copy; OpenStreetMap contributors'\n    }).addTo(map);\n\n    fetch(\"https:\/\/servicesforpharmacies.com\/cron\/si-o.php\")\n        .then(response => response.json())\n        .then(results => {\n            if (!results || !results.pharmacies) {\n                console.warn(\"No pharmacies data in response\");\n                return;\n            }\n\n            results.pharmacies.forEach(pharmacy => {\n                if ((pharmacy.scalp || pharmacy.skin) && pharmacy.latitude && pharmacy.longitude) {\n\n                    let name = pharmacy.name\n    .toLowerCase()\n    .replace(\/\\s+\/g, '-')\n    .replace(\/[\u0111\u00f0]\/g, 'd')   \/\/ \u2705 fix \u0110 and \u0111\n    .replace(\/[\u0161]\/g, 's')\n    .replace(\/[\u010d\u0107]\/g, 'c')\n    .replace(\/[\u017e]\/g, 'z')\n    .normalize(\"NFD\")\n    .replace(\/[\\u0300-\\u036f]\/g, \"\")\n    .replace(\/[^a-z0-9-]\/g, '-')\n    .replace(\/^-+|-+$\/g, '')\n    .replace(\/-+\/g, '-');\n\n                    let scalp = pharmacy.scalp ? `<a href=\"\/si\/scalp\/${name}\">SCALP<\/a>` : '';\n                    let skin = pharmacy.skin ? `<a href=\"\/si\/skin\/${name}\">SKIN<\/a>` : '';\n\n                    let content = `\n                        <div style=\"display:flex;flex-direction:row;align-items:center;\">\n                            <img decoding=\"async\" src=\"https:\/\/servicesforpharmacies.com\/wp-content\/uploads\/2020\/08\/mappin.png\" style=\"height:50px;margin:0 10px;\">\n                            <div>\n                                <h4>${pharmacy.name}<\/h4>\n                                ${pharmacy.address}, ${pharmacy.municipality}<br>\n                                ${scalp}<br>${skin}\n                            <\/div>\n                        <\/div>\n                    `;\n\n                    const greenIcon = L.icon({\n    iconUrl: 'https:\/\/raw.githubusercontent.com\/pointhi\/leaflet-color-markers\/master\/img\/marker-icon-green.png',\n    shadowUrl: 'https:\/\/unpkg.com\/leaflet@1.9.4\/dist\/images\/marker-shadow.png',\n    iconSize:     [25, 41],\n    iconAnchor:   [12, 41],\n    popupAnchor:  [1, -34],\n    shadowSize:   [41, 41]\n});\n\nconst marker = L.marker([pharmacy.latitude, pharmacy.longitude], { icon: greenIcon }).addTo(map);\n\n                    marker.bindPopup(content);\n                }\n            });\n        })\n        .catch(error => {\n            console.error(\"Map data fetch failed\", error);\n        });\n});\n<\/script>\n\n    \n","protected":false},"excerpt":{"rendered":"<p>DERMO MASA\u017dA S KISIKOM Dermo masa\u017ea s kisikom vnese v ko\u017eo visoko koncentracijo \u010distega kisika in omogo\u010da ponovno aktivacijo celi\u010dne proizvodnje. To je zelo enostaven, nebole\u010d, prijeten in spro\u0161\u010dujo\u010d tretma. Z leti in progresivno izgubo kisika v ko\u017enem tkivu je ko\u017ea nagnjena k pepelnati barvi, izgubi tonusa in elasti\u010dnosti, s posledi\u010dno bolj upadlo ko\u017eo. DERMO&hellip;<\/p>\n","protected":false},"author":9,"featured_media":36390,"parent":0,"menu_order":0,"comment_status":"closed","ping_status":"closed","template":"","meta":{"_acf_changed":false,"footnotes":""},"class_list":["post-24962","page","type-page","status-publish","has-post-thumbnail","hentry"],"acf":[],"yoast_head":"<!-- This site is optimized with the Yoast SEO Premium plugin v22.9 (Yoast SEO v27.0) - https:\/\/yoast.com\/product\/yoast-seo-premium-wordpress\/ -->\n<title>DERMO MASA\u017dA s kisikom - Naro\u010di se on-line v lekarni BREZPLA\u010cNO je!<\/title>\n<meta name=\"description\" content=\"Dermo masa\u017ea s kisikom in osebno svetovanje. Naro\u010di se ON-LINE v najbli\u017eji lekarni. Enostavno je super in BREZPLA\u010cNO. Izkoristi prilo\u017enost \u2705\" \/>\n<meta name=\"robots\" content=\"index, follow, max-snippet:-1, max-image-preview:large, max-video-preview:-1\" \/>\n<link rel=\"canonical\" href=\"https:\/\/servicesforpharmacies.com\/si\/dermo-masaza-kisikom\/\" \/>\n<meta property=\"og:locale\" content=\"sl_SI\" \/>\n<meta property=\"og:type\" content=\"article\" \/>\n<meta property=\"og:title\" content=\"DERMO MASA\u017dA S KISIKOM\" \/>\n<meta property=\"og:description\" content=\"Dermo masa\u017ea s kisikom in osebno svetovanje. Naro\u010di se ON-LINE v najbli\u017eji lekarni. Enostavno je super in BREZPLA\u010cNO. Izkoristi prilo\u017enost \u2705\" \/>\n<meta property=\"og:url\" content=\"https:\/\/servicesforpharmacies.com\/si\/dermo-masaza-kisikom\/\" \/>\n<meta property=\"og:site_name\" content=\"Services for pharmacies\" \/>\n<meta property=\"article:modified_time\" content=\"2022-06-23T07:10:23+00:00\" \/>\n<meta property=\"og:image\" content=\"https:\/\/servicesforpharmacies.com\/wp-content\/uploads\/2020\/08\/OXY-D.jpg\" \/>\n\t<meta property=\"og:image:width\" content=\"1920\" \/>\n\t<meta property=\"og:image:height\" content=\"1080\" \/>\n\t<meta property=\"og:image:type\" content=\"image\/jpeg\" \/>\n<meta name=\"twitter:card\" content=\"summary_large_image\" \/>\n<meta name=\"twitter:label1\" content=\"Est. reading time\" \/>\n\t<meta name=\"twitter:data1\" content=\"2 minuti\" \/>\n<script type=\"application\/ld+json\" class=\"yoast-schema-graph\">{\"@context\":\"https:\/\/schema.org\",\"@graph\":[{\"@type\":\"WebPage\",\"@id\":\"https:\/\/servicesforpharmacies.com\/si\/dermo-masaza-kisikom\/\",\"url\":\"https:\/\/servicesforpharmacies.com\/si\/dermo-masaza-kisikom\/\",\"name\":\"DERMO MASA\u017dA s kisikom - Naro\u010di se on-line v lekarni BREZPLA\u010cNO je!\",\"isPartOf\":{\"@id\":\"https:\/\/servicesforpharmacies.com\/#website\"},\"primaryImageOfPage\":{\"@id\":\"https:\/\/servicesforpharmacies.com\/si\/dermo-masaza-kisikom\/#primaryimage\"},\"image\":{\"@id\":\"https:\/\/servicesforpharmacies.com\/si\/dermo-masaza-kisikom\/#primaryimage\"},\"thumbnailUrl\":\"https:\/\/servicesforpharmacies.com\/wp-content\/uploads\/2020\/08\/OXY-D.jpg\",\"datePublished\":\"2020-09-18T08:41:44+00:00\",\"dateModified\":\"2022-06-23T07:10:23+00:00\",\"description\":\"Dermo masa\u017ea s kisikom in osebno svetovanje. Naro\u010di se ON-LINE v najbli\u017eji lekarni. Enostavno je super in BREZPLA\u010cNO. Izkoristi prilo\u017enost \u2705\",\"breadcrumb\":{\"@id\":\"https:\/\/servicesforpharmacies.com\/si\/dermo-masaza-kisikom\/#breadcrumb\"},\"inLanguage\":\"sl-SI\",\"potentialAction\":[{\"@type\":\"ReadAction\",\"target\":[\"https:\/\/servicesforpharmacies.com\/si\/dermo-masaza-kisikom\/\"]}]},{\"@type\":\"ImageObject\",\"inLanguage\":\"sl-SI\",\"@id\":\"https:\/\/servicesforpharmacies.com\/si\/dermo-masaza-kisikom\/#primaryimage\",\"url\":\"https:\/\/servicesforpharmacies.com\/wp-content\/uploads\/2020\/08\/OXY-D.jpg\",\"contentUrl\":\"https:\/\/servicesforpharmacies.com\/wp-content\/uploads\/2020\/08\/OXY-D.jpg\",\"width\":1920,\"height\":1080,\"caption\":\"Dermomasa\u017ea s kisikom\"},{\"@type\":\"BreadcrumbList\",\"@id\":\"https:\/\/servicesforpharmacies.com\/si\/dermo-masaza-kisikom\/#breadcrumb\",\"itemListElement\":[{\"@type\":\"ListItem\",\"position\":1,\"name\":\"Home\",\"item\":\"https:\/\/servicesforpharmacies.com\/si\/\"},{\"@type\":\"ListItem\",\"position\":2,\"name\":\"DERMO MASA\u017dA S KISIKOM\"}]},{\"@type\":\"WebSite\",\"@id\":\"https:\/\/servicesforpharmacies.com\/#website\",\"url\":\"https:\/\/servicesforpharmacies.com\/\",\"name\":\"Services for pharmacies\",\"description\":\"\",\"publisher\":{\"@id\":\"https:\/\/servicesforpharmacies.com\/#organization\"},\"potentialAction\":[{\"@type\":\"SearchAction\",\"target\":{\"@type\":\"EntryPoint\",\"urlTemplate\":\"https:\/\/servicesforpharmacies.com\/?s={search_term_string}\"},\"query-input\":{\"@type\":\"PropertyValueSpecification\",\"valueRequired\":true,\"valueName\":\"search_term_string\"}}],\"inLanguage\":\"sl-SI\"},{\"@type\":\"Organization\",\"@id\":\"https:\/\/servicesforpharmacies.com\/#organization\",\"name\":\"VitalPlusActive Group Ltd\",\"url\":\"https:\/\/servicesforpharmacies.com\/\",\"logo\":{\"@type\":\"ImageObject\",\"inLanguage\":\"sl-SI\",\"@id\":\"https:\/\/servicesforpharmacies.com\/#\/schema\/logo\/image\/\",\"url\":\"https:\/\/servicesforpharmacies.com\/wp-content\/uploads\/2020\/07\/logo-eng.jpg\",\"contentUrl\":\"https:\/\/servicesforpharmacies.com\/wp-content\/uploads\/2020\/07\/logo-eng.jpg\",\"width\":398,\"height\":90,\"caption\":\"VitalPlusActive Group Ltd\"},\"image\":{\"@id\":\"https:\/\/servicesforpharmacies.com\/#\/schema\/logo\/image\/\"}}]}<\/script>\n<!-- \/ Yoast SEO Premium plugin. -->","yoast_head_json":{"title":"DERMO MASA\u017dA s kisikom - Naro\u010di se on-line v lekarni BREZPLA\u010cNO je!","description":"Dermo masa\u017ea s kisikom in osebno svetovanje. Naro\u010di se ON-LINE v najbli\u017eji lekarni. Enostavno je super in BREZPLA\u010cNO. Izkoristi prilo\u017enost \u2705","robots":{"index":"index","follow":"follow","max-snippet":"max-snippet:-1","max-image-preview":"max-image-preview:large","max-video-preview":"max-video-preview:-1"},"canonical":"https:\/\/servicesforpharmacies.com\/si\/dermo-masaza-kisikom\/","og_locale":"sl_SI","og_type":"article","og_title":"DERMO MASA\u017dA S KISIKOM","og_description":"Dermo masa\u017ea s kisikom in osebno svetovanje. Naro\u010di se ON-LINE v najbli\u017eji lekarni. Enostavno je super in BREZPLA\u010cNO. Izkoristi prilo\u017enost \u2705","og_url":"https:\/\/servicesforpharmacies.com\/si\/dermo-masaza-kisikom\/","og_site_name":"Services for pharmacies","article_modified_time":"2022-06-23T07:10:23+00:00","og_image":[{"width":1920,"height":1080,"url":"https:\/\/servicesforpharmacies.com\/wp-content\/uploads\/2020\/08\/OXY-D.jpg","type":"image\/jpeg"}],"twitter_card":"summary_large_image","twitter_misc":{"Est. reading time":"2 minuti"},"schema":{"@context":"https:\/\/schema.org","@graph":[{"@type":"WebPage","@id":"https:\/\/servicesforpharmacies.com\/si\/dermo-masaza-kisikom\/","url":"https:\/\/servicesforpharmacies.com\/si\/dermo-masaza-kisikom\/","name":"DERMO MASA\u017dA s kisikom - Naro\u010di se on-line v lekarni BREZPLA\u010cNO je!","isPartOf":{"@id":"https:\/\/servicesforpharmacies.com\/#website"},"primaryImageOfPage":{"@id":"https:\/\/servicesforpharmacies.com\/si\/dermo-masaza-kisikom\/#primaryimage"},"image":{"@id":"https:\/\/servicesforpharmacies.com\/si\/dermo-masaza-kisikom\/#primaryimage"},"thumbnailUrl":"https:\/\/servicesforpharmacies.com\/wp-content\/uploads\/2020\/08\/OXY-D.jpg","datePublished":"2020-09-18T08:41:44+00:00","dateModified":"2022-06-23T07:10:23+00:00","description":"Dermo masa\u017ea s kisikom in osebno svetovanje. Naro\u010di se ON-LINE v najbli\u017eji lekarni. Enostavno je super in BREZPLA\u010cNO. Izkoristi prilo\u017enost \u2705","breadcrumb":{"@id":"https:\/\/servicesforpharmacies.com\/si\/dermo-masaza-kisikom\/#breadcrumb"},"inLanguage":"sl-SI","potentialAction":[{"@type":"ReadAction","target":["https:\/\/servicesforpharmacies.com\/si\/dermo-masaza-kisikom\/"]}]},{"@type":"ImageObject","inLanguage":"sl-SI","@id":"https:\/\/servicesforpharmacies.com\/si\/dermo-masaza-kisikom\/#primaryimage","url":"https:\/\/servicesforpharmacies.com\/wp-content\/uploads\/2020\/08\/OXY-D.jpg","contentUrl":"https:\/\/servicesforpharmacies.com\/wp-content\/uploads\/2020\/08\/OXY-D.jpg","width":1920,"height":1080,"caption":"Dermomasa\u017ea s kisikom"},{"@type":"BreadcrumbList","@id":"https:\/\/servicesforpharmacies.com\/si\/dermo-masaza-kisikom\/#breadcrumb","itemListElement":[{"@type":"ListItem","position":1,"name":"Home","item":"https:\/\/servicesforpharmacies.com\/si\/"},{"@type":"ListItem","position":2,"name":"DERMO MASA\u017dA S KISIKOM"}]},{"@type":"WebSite","@id":"https:\/\/servicesforpharmacies.com\/#website","url":"https:\/\/servicesforpharmacies.com\/","name":"Services for pharmacies","description":"","publisher":{"@id":"https:\/\/servicesforpharmacies.com\/#organization"},"potentialAction":[{"@type":"SearchAction","target":{"@type":"EntryPoint","urlTemplate":"https:\/\/servicesforpharmacies.com\/?s={search_term_string}"},"query-input":{"@type":"PropertyValueSpecification","valueRequired":true,"valueName":"search_term_string"}}],"inLanguage":"sl-SI"},{"@type":"Organization","@id":"https:\/\/servicesforpharmacies.com\/#organization","name":"VitalPlusActive Group Ltd","url":"https:\/\/servicesforpharmacies.com\/","logo":{"@type":"ImageObject","inLanguage":"sl-SI","@id":"https:\/\/servicesforpharmacies.com\/#\/schema\/logo\/image\/","url":"https:\/\/servicesforpharmacies.com\/wp-content\/uploads\/2020\/07\/logo-eng.jpg","contentUrl":"https:\/\/servicesforpharmacies.com\/wp-content\/uploads\/2020\/07\/logo-eng.jpg","width":398,"height":90,"caption":"VitalPlusActive Group Ltd"},"image":{"@id":"https:\/\/servicesforpharmacies.com\/#\/schema\/logo\/image\/"}}]}},"_links":{"self":[{"href":"https:\/\/servicesforpharmacies.com\/si\/wp-json\/wp\/v2\/pages\/24962","targetHints":{"allow":["GET"]}}],"collection":[{"href":"https:\/\/servicesforpharmacies.com\/si\/wp-json\/wp\/v2\/pages"}],"about":[{"href":"https:\/\/servicesforpharmacies.com\/si\/wp-json\/wp\/v2\/types\/page"}],"author":[{"embeddable":true,"href":"https:\/\/servicesforpharmacies.com\/si\/wp-json\/wp\/v2\/users\/9"}],"replies":[{"embeddable":true,"href":"https:\/\/servicesforpharmacies.com\/si\/wp-json\/wp\/v2\/comments?post=24962"}],"version-history":[{"count":0,"href":"https:\/\/servicesforpharmacies.com\/si\/wp-json\/wp\/v2\/pages\/24962\/revisions"}],"wp:featuredmedia":[{"embeddable":true,"href":"https:\/\/servicesforpharmacies.com\/si\/wp-json\/wp\/v2\/media\/36390"}],"wp:attachment":[{"href":"https:\/\/servicesforpharmacies.com\/si\/wp-json\/wp\/v2\/media?parent=24962"}],"curies":[{"name":"wp","href":"https:\/\/api.w.org\/{rel}","templated":true}]}}