{"id":24048,"date":"2020-07-30T21:47:35","date_gmt":"2020-07-30T21:47:35","guid":{"rendered":"http:\/\/servicesforpharmacies.com\/pocetna\/"},"modified":"2025-07-24T11:34:50","modified_gmt":"2025-07-24T11:34:50","slug":"problemi-sa-kosom","status":"publish","type":"page","link":"https:\/\/servicesforpharmacies.com\/rs\/","title":{"rendered":"Problemi sa kosom"},"content":{"rendered":"\n\n\t\t\t\t<img loading=\"lazy\" decoding=\"async\" src=\"https:\/\/servicesforpharmacies.com\/wp-content\/uploads\/2020\/09\/prurito.jpg\" alt=\"prurito\" itemprop=\"image\" height=\"455\" width=\"650\" title=\"prurito\" onerror=\"this.style.display='none'\"  \/>\n\t\t\t<a href=\"#\" target=\"_self\">\n\t\t\t\t\t\t\tSVRAB\n\t\t\t\t\t<\/a>\n\t\t\t\t<img loading=\"lazy\" decoding=\"async\" src=\"https:\/\/servicesforpharmacies.com\/wp-content\/uploads\/2020\/09\/forfora.jpg\" alt=\"Perut\" itemprop=\"image\" height=\"455\" width=\"650\" title=\"forfora\" onerror=\"this.style.display='none'\"  \/>\n\t\t\t<a href=\"#\" target=\"_self\">\n\t\t\t\t\t\t\tPERUT\n\t\t\t\t\t<\/a>\n\t\t\t\t<img loading=\"lazy\" decoding=\"async\" src=\"https:\/\/servicesforpharmacies.com\/wp-content\/uploads\/2020\/09\/caduta.jpg\" alt=\"Problemi s kosom\" itemprop=\"image\" height=\"500\" width=\"715\" title=\"Problemi s kosom\" onerror=\"this.style.display='none'\"  \/>\n\t\t\t<a href=\"#\" target=\"_self\">\n\t\t\t\t\t\t\tOPADANJE\n\t\t\t\t\t<\/a>\n\t\t\t\t<img loading=\"lazy\" decoding=\"async\" src=\"https:\/\/servicesforpharmacies.com\/wp-content\/uploads\/2020\/09\/grasso.jpg\" alt=\"Masna kosa\" itemprop=\"image\" height=\"500\" width=\"715\" title=\"grasso\" onerror=\"this.style.display='none'\"  \/>\n\t\t\t<a href=\"#\" target=\"_self\">\n\t\t\t\t\t\t\tMASNA KOSA\n\t\t\t\t\t<\/a>\n<h1>\n\t\tPROBLEMI SA KOSOM?\n\t<\/h1>\n\t<p><strong>Svakodnevno razgovaramo o problemima sa kosom koriste\u0107i ovakve i sli\u010dne re\u010denice:<\/strong><\/p>\n\t<p>&#8211;\u00a0\u00a0\u00a0\u00a0\u00a0\u00a0<strong> Imam masnu kosu<\/strong> i moram da je perem svaki dan &#8230;<\/p>\n<p>&#8211;\u00a0\u00a0\u00a0\u00a0\u00a0\u00a0 <strong>Imam suvu i o\u0161te\u0107enu kosu<\/strong>. Kako bih imala lepu \u00a0\u00a0\u00a0frizuru, moram da odem kod frizera &#8230;<\/p>\n<p>&#8211;\u00a0\u00a0\u00a0\u00a0\u00a0\u00a0<strong> Imam pretanku kosu<\/strong> i zato moram da koristim proizvode za volumen &#8230;<\/p>\n<p>&#8211;\u00a0\u00a0\u00a0\u00a0\u00a0\u00a0 <strong>Kosa mi ne raste vi\u0161e<\/strong> kao nekada .. .<\/p>\n<p>&#8211;\u00a0\u00a0\u00a0\u00a0\u00a0\u00a0 S godinama <strong>imam sve manje kose<\/strong> .. .<\/p>\n\t<p>Sva navedena razmi\u0161ljanja imaju za cilj popraviti estetsko stanje kose. Ali, koliko njih se pita: &#8211; <strong>ZA\u0160TO<\/strong> je moja kosa masna, suva, tanka iii o\u0161te\u0107ena? Koji su uzroci? <strong>ZA\u0160TO<\/strong> moja kosa nije vi\u0161e onakva kakva je bila nekada? Da bi odgovorili na sva ta pitanja, nastala je <strong>PREVENTIVNA USLUGA U APOTEKAMA.<\/strong><\/p>\n<h2>\n\t\tUSLUGA U APOTEKAMA\n\t<\/h2>\n\t\t\t<a href=\"\" target=\"_self\">\n\t\t\t\t\t\t\tSTRES\n\t\t\t\t\t<\/a>\n\t\t\t<a href=\"\" target=\"_self\">\n\t\t\t\t\t\t\tZDRAVSTVENI PROBLEMI\n\t\t\t\t\t<\/a>\n\t\t\t<a href=\"\" target=\"_self\">\n\t\t\t\t\t\t\tHIGIJENA\n\t\t\t\t\t<\/a>\n\t\t\t<a href=\"\" target=\"_self\">\n\t\t\t\t\t\t\tISHRANA\n\t\t\t\t\t<\/a>\n\t<p><strong>\u00a0<\/strong><\/p>\n<p>Preventivna usluga u APOTEKAMA, nastaje od detaljne analize savremenog na\u010dina \u017eivota. Stres, zdravstveni problemi, nepravilna ishrana i nepravilne higijenske navike su uzrok naru\u0161avanja za\u0161titnog delovanja bakterijske flore epiderma i posledi\u010dno uti\u010du i na <strong>pravilno delovanje pilosebacealnih jedinica vlasi\u0161ta.<\/strong><\/p>\n<h2>\n\t\tPILOSEBACEALNA JEDINICA VLASI\u0160TA\n\t<\/h2>\n\t<p>Ako \u017eelimo zadr\u017eati pilosebacealnu jedinicu u funkciji, potrebno je zadovoljiti 4 uslova:<\/p>\n<p>&nbsp;<\/p>\n<ol>\n<li><strong>DOBRU OKSIGENACIJU KROZ KO\u017dU<\/strong><\/li>\n<li><strong> URAVNOTE\u017dENU BAKTERIJSKU FLORU<\/strong><\/li>\n<li><strong>PRAVILNO DELOVANJE \u017dLEZDA LOJNICA<\/strong><\/li>\n<li><strong>PRAVILNO HRANJENJE KORENA KOSE<\/strong><\/li>\n<\/ol>\n<p><strong>\u00a0<\/strong><\/p>\n<p>Nau\u010dno je dokazano da nedostatak samo jednog od navedenih uslova, vremenom sigurno dovodi do estetskih problema sa kosom. <strong>Kosa postaje tanja, o\u0161te\u0107ena, suva ili masna, gubi svoju ja\u010dinu, volumen, ne raste vi\u0161e kao pre i opada u abnormalnim koli\u010dinama.<\/strong><\/p>\n<h2>\n\t\tPREVENTIVNI PREGLED PILOSEBACEALNIH JEDINICA VLASI\u0160TA\n\t<\/h2>\n\t\t\t\t<img loading=\"lazy\" decoding=\"async\" src=\"https:\/\/servicesforpharmacies.com\/wp-content\/uploads\/2020\/07\/piloseb-num.png\" alt=\"Prevenitivni pregled pilosebacealnih jedinica vlasi\u0161ta\" itemprop=\"image\" height=\"1222\" width=\"777\" title=\"piloseb num\" onerror=\"this.style.display='none'\"  \/>\n\t<p><strong>Cilj PREGLEDA je procena pravilnog delovanja pilosebacealnih jedinica vlasi\u0161ta i detekcija prisutnosti eventualnih anomalija. <\/strong><\/p>\n\t\t\t\t<img loading=\"lazy\" decoding=\"async\" src=\"https:\/\/servicesforpharmacies.com\/wp-content\/uploads\/2020\/07\/piloseb-num1.png\" alt=\"pilosebacealni ulazi\" itemprop=\"image\" height=\"508\" width=\"508\" title=\"piloseb num1\" onerror=\"this.style.display='none'\"  \/>\n\t<p><strong>Pravilna higijena vlasi\u0161ta i da li su pilosebacealni ulazi slobodni :<\/strong> to omogu\u0107ava dobru oksigenaciju epiderme i zdravi ponovni rast kose.<\/p>\n\t\t\t\t<img loading=\"lazy\" decoding=\"async\" src=\"https:\/\/servicesforpharmacies.com\/wp-content\/uploads\/2020\/07\/piloseb-num2.png\" alt=\"debljinu vlasi koja raste\" itemprop=\"image\" height=\"508\" width=\"508\" title=\"piloseb num2\" onerror=\"this.style.display='none'\"  \/>\n\t<p><strong>Debljina vlasi koja raste: <\/strong>disfunkcija pilosebacealnih jedinica vlasi\u0161ta je uzrok za rast tanje i manje voluminozne kose estetski gledaju\u0107i.<\/p>\n\t\t\t\t<img loading=\"lazy\" decoding=\"async\" src=\"https:\/\/servicesforpharmacies.com\/wp-content\/uploads\/2020\/07\/piloseb-num3.png\" alt=\"Prisutnost anomalija na cornealnom sloju epiderme\" itemprop=\"image\" height=\"508\" width=\"508\" title=\"piloseb num3\" onerror=\"this.style.display='none'\"  \/>\n\t<p><strong>Prisutnost anomalija na cornealnom sloju epiderme<\/strong>: ljuspanje, iritacije ili crvenilo, koje ponekad prati svrab, su \u010desto posledica poreme\u0107aja bakterijske flore.<\/p>\n\t\t\t\t<img loading=\"lazy\" decoding=\"async\" src=\"https:\/\/servicesforpharmacies.com\/wp-content\/uploads\/2020\/07\/piloseb-num4.png\" alt=\"Djelovanje \u017elijezda lojnica\" itemprop=\"image\" height=\"508\" width=\"508\" title=\"piloseb num4\" onerror=\"this.style.display='none'\"  \/>\n\t<p><strong>Delovanje \u017elezda lojnica, tj. prekomerno ma\u0161\u0107enje:<\/strong> prekomerna koli\u010dina sebuma &#8211; masno\u0107e na epidermi, na kosi i u folikuli.<\/p>\n\t\t\t\t<img loading=\"lazy\" decoding=\"async\" src=\"https:\/\/servicesforpharmacies.com\/wp-content\/uploads\/2020\/07\/piloseb-num5.png\" alt=\"Oblik bulbusa (korijena)\" itemprop=\"image\" height=\"508\" width=\"508\" title=\"piloseb num5\" onerror=\"this.style.display='none'\"  \/>\n\t<p><strong>Oblik bulbusa (korena):<\/strong> ekstrakcijom nekoliko vlasi mo\u017eemo proceniti njihovu pravilnu obnovu i \u017eivotni ciklus.<\/p>\n\t\t\t\t<img loading=\"lazy\" decoding=\"async\" src=\"https:\/\/servicesforpharmacies.com\/wp-content\/uploads\/2020\/07\/piloseb-num6.png\" alt=\"Pravilno hranjenje korijena kose\" itemprop=\"image\" height=\"508\" width=\"508\" title=\"piloseb num6\" onerror=\"this.style.display='none'\"  \/>\n\t<p><strong>Pravilno hranjenje korena kose:<\/strong> procena da li koren kose ima pravilan dotok hranljivih materija preko kapilara.<\/p>\n<h2>\n\t\tKOME SAVETUJEMO PREGLED?\n\t<\/h2>\n\t<p>U SLU\u010cAJU:<\/p>\n<p>&nbsp;<\/p>\n<p><strong>SVRABA VLASI\u0160TA, OPADANJA KOSE, PERUTI, MASNE, TANKE ILI O\u0160TE\u0106ENE KOSE &#8230;<\/strong><\/p>\n<p>&nbsp;<\/p>\n<p><a href=\"https:\/\/servicesforpharmacies.com\/rs\/picker\/\">PREGLED PILOSEBACEALNIH JEDINICA VLASI\u0160TA<\/a> savetujemo svima koji su tokom godina primetili promenu u kvalitetu svoje kose, ali i dva puta godi\u0161nje, kao preventivu i to u PROLE\u0106E i u JESEN. Kao \u0161to je poznato, upravo promena klime, LETNJA VRU\u0106INA i ZIMSKI MRAZ, uzrokuju nastanak anomalija na vlasi\u0161tu i u pilosebacealnim jedinicama.<\/p>\n        \t<a href=\"https:\/\/servicesforpharmacies.com\/rs\/group\/benu\/\" target=\"_self\">            \n\t\t\t\t\t\t<img decoding=\"async\" src=\"https:\/\/servicesforpharmacies.com\/wp-content\/uploads\/2020\/11\/BENU-logo.png\" alt=\"BENU\" data-no-lazy=\"1\" \/>\t\t\t\t\t\n                            <p>BENU<\/p>\n            <\/a>\t\t\n        \t<a href=\"https:\/\/servicesforpharmacies.com\/rs\/group\/biofarm\/\" target=\"_self\">            \n\t\t\t\t\t\t<img decoding=\"async\" src=\"https:\/\/servicesforpharmacies.com\/wp-content\/uploads\/2020\/11\/biofarm.png\" alt=\"Biofarm\" data-no-lazy=\"1\" \/>\t\t\t\t\t\n                            <p>Biofarm<\/p>\n            <\/a>\t\t\n        \t<a href=\"https:\/\/servicesforpharmacies.com\/rs\/group\/lilly\/\" target=\"_self\">            \n\t\t\t\t\t\t<img decoding=\"async\" src=\"https:\/\/servicesforpharmacies.com\/wp-content\/uploads\/2020\/11\/lilly.png\" alt=\"Lilly\" data-no-lazy=\"1\" \/>\t\t\t\t\t\n                            <p>Lilly<\/p>\n            <\/a>\t\t\n        \t<a href=\"#\" target=\"_self\">            \n\t\t\t\t\t\t<img decoding=\"async\" src=\"https:\/\/servicesforpharmacies.com\/wp-content\/uploads\/2022\/09\/Kraljevo.jpg\" alt=\"Apoteka Kraljevo\" data-no-lazy=\"1\" \/>\t\t\t\t\t\n                            <p>Apoteka Kraljevo<\/p>\n            <\/a>\t\t\n        \t<a href=\"#\" target=\"_self\">            \n\t\t\t\t\t\t<img decoding=\"async\" src=\"https:\/\/servicesforpharmacies.com\/wp-content\/uploads\/2022\/09\/vega.png\" alt=\"Apoteke Vega\" data-no-lazy=\"1\" \/>\t\t\t\t\t\n                            <p>Apoteke Vega<\/p>\n            <\/a>\t\t\n        \t<a href=\"#\" target=\"_self\">            \n\t\t\t\t\t\t<img decoding=\"async\" src=\"https:\/\/servicesforpharmacies.com\/wp-content\/uploads\/2022\/09\/logosunce.jpg\" alt=\"Sunce\" data-no-lazy=\"1\" \/>\t\t\t\t\t\n                            <p>Sunce<\/p>\n            <\/a>\t\t\n        \t<a href=\"#\" target=\"_self\">            \n\t\t\t\t\t\t<img decoding=\"async\" src=\"https:\/\/servicesforpharmacies.com\/wp-content\/uploads\/2022\/09\/inspira-sana.jpg\" alt=\"Inspira sana\" data-no-lazy=\"1\" \/>\t\t\t\t\t\n                            <p>Inspira sana<\/p>\n            <\/a>\t\t\n        \t<a href=\"#\" target=\"_self\">            \n\t\t\t\t\t\t<img decoding=\"async\" src=\"https:\/\/servicesforpharmacies.com\/wp-content\/uploads\/2022\/09\/apoteke-Flos-Copy.png\" alt=\"Apoteka Flos\" data-no-lazy=\"1\" \/>\t\t\t\t\t\n                            <p>Apoteka Flos<\/p>\n            <\/a>\t\t\n        \t<a href=\"#\" target=\"_self\">            \n\t\t\t\t\t\t<img decoding=\"async\" src=\"https:\/\/servicesforpharmacies.com\/wp-content\/uploads\/2022\/09\/Apoteka-nis-Copy.jpg\" alt=\"Apoteka Ni\u0161\" data-no-lazy=\"1\" \/>\t\t\t\t\t\n                            <p>Apoteka Ni\u0161<\/p>\n            <\/a>\t\t\n        \t<a href=\"#\" target=\"_self\">            \n\t\t\t\t\t\t<img decoding=\"async\" src=\"https:\/\/servicesforpharmacies.com\/wp-content\/uploads\/2022\/09\/livada.png\" alt=\"Apoteka Livada\" data-no-lazy=\"1\" \/>\t\t\t\t\t\n                            <p>Apoteka Livada<\/p>\n            <\/a>\t\t\n        \t<a href=\"#\" target=\"_self\">            \n\t\t\t\t\t\t<img decoding=\"async\" src=\"https:\/\/servicesforpharmacies.com\/wp-content\/uploads\/2022\/09\/medikus.png\" alt=\"Medicus\" data-no-lazy=\"1\" \/>\t\t\t\t\t\n                            <p>Medicus<\/p>\n            <\/a>\t\t\n        \t<a href=\"#\" target=\"_self\">            \n\t\t\t\t\t\t<img decoding=\"async\" src=\"https:\/\/servicesforpharmacies.com\/wp-content\/uploads\/2022\/09\/jagod.jpg\" alt=\"Apoteka jagoda\" data-no-lazy=\"1\" \/>\t\t\t\t\t\n                            <p>Apoteka jagoda<\/p>\n            <\/a>\t\t\n\t\t\t<button>Next<\/button>\n\t\t<button>Previous<\/button>\n\t    <div id=\"osm_map_69d74376812cf\" style=\"height: 650px;\"><\/div>\n    <script>\ndocument.addEventListener(\"DOMContentLoaded\", function () {\n    const map = L.map('osm_map_69d74376812cf').setView([44.3, 20], 7);\n\n    L.tileLayer('https:\/\/{s}.tile.openstreetmap.org\/{z}\/{x}\/{y}.png', {\n        maxZoom: 19,\n        attribution: '&copy; OpenStreetMap contributors'\n    }).addTo(map);\n\n    fetch(\"https:\/\/servicesforpharmacies.com\/cron\/rs-o.php\")\n        .then(response => response.json())\n        .then(results => {\n            if (!results || !results.pharmacies) {\n                console.warn(\"No pharmacies data in response\");\n                return;\n            }\n\n            results.pharmacies.forEach(pharmacy => {\n                if ((pharmacy.scalp || pharmacy.skin) && pharmacy.latitude && pharmacy.longitude) {\n\n                    let name = pharmacy.name\n    .toLowerCase()\n    .replace(\/\\s+\/g, '-')\n    .replace(\/[\u0111\u00f0]\/g, 'd')   \/\/ \u2705 fix \u0110 and \u0111\n    .replace(\/[\u0161]\/g, 's')\n    .replace(\/[\u010d\u0107]\/g, 'c')\n    .replace(\/[\u017e]\/g, 'z')\n    .normalize(\"NFD\")\n    .replace(\/[\\u0300-\\u036f]\/g, \"\")\n    .replace(\/[^a-z0-9-]\/g, '-')\n    .replace(\/^-+|-+$\/g, '')\n    .replace(\/-+\/g, '-');\n\n                    let scalp = pharmacy.scalp ? `<a href=\"\/rs\/scalp\/${name}\">SCALP<\/a>` : '';\n                    let skin = pharmacy.skin ? `<a href=\"\/rs\/skin\/${name}\">SKIN<\/a>` : '';\n\n                    let content = `\n                        <div style=\"display:flex;flex-direction:row;align-items:center;\">\n                            <img decoding=\"async\" src=\"https:\/\/servicesforpharmacies.com\/wp-content\/uploads\/2020\/08\/mappin.png\" style=\"height:50px;margin:0 10px;\">\n                            <div>\n                                <h4>${pharmacy.name}<\/h4>\n                                ${pharmacy.address}, ${pharmacy.municipality}<br>\n                                ${scalp}<br>${skin}\n                            <\/div>\n                        <\/div>\n                    `;\n\n                    const greenIcon = L.icon({\n    iconUrl: 'https:\/\/raw.githubusercontent.com\/pointhi\/leaflet-color-markers\/master\/img\/marker-icon-green.png',\n    shadowUrl: 'https:\/\/unpkg.com\/leaflet@1.9.4\/dist\/images\/marker-shadow.png',\n    iconSize:     [25, 41],\n    iconAnchor:   [12, 41],\n    popupAnchor:  [1, -34],\n    shadowSize:   [41, 41]\n});\n\nconst marker = L.marker([pharmacy.latitude, pharmacy.longitude], { icon: greenIcon }).addTo(map);\n\n                    marker.bindPopup(content);\n                }\n            });\n        })\n        .catch(error => {\n            console.error(\"Map data fetch failed\", error);\n        });\n});\n<\/script>\n\n    \n\n","protected":false},"excerpt":{"rendered":"<p>SVRAB PERUT OPADANJE MASNA KOSA PROBLEMI SA KOSOM? Svakodnevno razgovaramo o problemima sa kosom koriste\u0107i ovakve i sli\u010dne re\u010denice: &#8211;\u00a0\u00a0\u00a0\u00a0\u00a0\u00a0 Imam masnu kosu i moram da je perem svaki dan &#8230; &#8211;\u00a0\u00a0\u00a0\u00a0\u00a0\u00a0 Imam suvu i o\u0161te\u0107enu kosu. Kako bih imala lepu \u00a0\u00a0\u00a0frizuru, moram da odem kod frizera &#8230; &#8211;\u00a0\u00a0\u00a0\u00a0\u00a0\u00a0 Imam pretanku kosu i zato moram&hellip;<\/p>\n","protected":false},"author":1,"featured_media":36766,"parent":0,"menu_order":0,"comment_status":"closed","ping_status":"closed","template":"","meta":{"_acf_changed":false,"footnotes":""},"class_list":["post-24048","page","type-page","status-publish","has-post-thumbnail","hentry"],"acf":[],"yoast_head":"<!-- This site is optimized with the Yoast SEO Premium plugin v22.9 (Yoast SEO v27.0) - https:\/\/yoast.com\/product\/yoast-seo-premium-wordpress\/ -->\n<title>problemi sa kosom?? Preventivna usluga u apoteci besplatan preglede<\/title>\n<meta name=\"description\" content=\"Problemi sa kosom ili vlasi\u0161tem? Zaka\u017eite BESPLATAN pregled. Preventivna usluga u apoteci. ON-LINE BOOKING u vama najbli\u017eoj apoteci ??\" \/>\n<meta name=\"robots\" content=\"index, follow, max-snippet:-1, max-image-preview:large, max-video-preview:-1\" \/>\n<link rel=\"canonical\" href=\"https:\/\/servicesforpharmacies.com\/rs\/\" \/>\n<meta property=\"og:locale\" content=\"sr_RS\" \/>\n<meta property=\"og:type\" content=\"article\" \/>\n<meta property=\"og:title\" content=\"Problemi sa kosom\" \/>\n<meta property=\"og:description\" content=\"Problemi sa kosom ili vlasi\u0161tem? Zaka\u017eite BESPLATAN pregled. Preventivna usluga u apoteci. ON-LINE BOOKING u vama najbli\u017eoj apoteci ??\" \/>\n<meta property=\"og:url\" content=\"https:\/\/servicesforpharmacies.com\/rs\/\" \/>\n<meta property=\"og:site_name\" content=\"Services for pharmacies\" \/>\n<meta property=\"article:modified_time\" content=\"2025-07-24T11:34:50+00:00\" \/>\n<meta property=\"og:image\" content=\"https:\/\/servicesforpharmacies.com\/wp-content\/uploads\/2020\/09\/caduta.jpg\" \/>\n\t<meta property=\"og:image:width\" content=\"715\" \/>\n\t<meta property=\"og:image:height\" content=\"500\" \/>\n\t<meta property=\"og:image:type\" content=\"image\/jpeg\" \/>\n<meta name=\"twitter:card\" content=\"summary_large_image\" \/>\n<meta name=\"twitter:label1\" content=\"\u041f\u0440\u043e\u0446\u0435\u045a\u0435\u043d\u043e \u0432\u0440\u0435\u043c\u0435 \u0447\u0438\u0442\u0430\u045a\u0430\" \/>\n\t<meta name=\"twitter:data1\" content=\"3 \u043c\u0438\u043d\u0443\u0442\u0430\" \/>\n<script type=\"application\/ld+json\" class=\"yoast-schema-graph\">{\"@context\":\"https:\/\/schema.org\",\"@graph\":[{\"@type\":\"WebPage\",\"@id\":\"https:\/\/servicesforpharmacies.com\/rs\/\",\"url\":\"https:\/\/servicesforpharmacies.com\/rs\/\",\"name\":\"problemi sa kosom?? Preventivna usluga u apoteci besplatan preglede\",\"isPartOf\":{\"@id\":\"https:\/\/servicesforpharmacies.com\/#website\"},\"primaryImageOfPage\":{\"@id\":\"https:\/\/servicesforpharmacies.com\/rs\/#primaryimage\"},\"image\":{\"@id\":\"https:\/\/servicesforpharmacies.com\/rs\/#primaryimage\"},\"thumbnailUrl\":\"https:\/\/servicesforpharmacies.com\/wp-content\/uploads\/2020\/09\/caduta.jpg\",\"datePublished\":\"2020-07-30T21:47:35+00:00\",\"dateModified\":\"2025-07-24T11:34:50+00:00\",\"description\":\"Problemi sa kosom ili vlasi\u0161tem? Zaka\u017eite BESPLATAN pregled. Preventivna usluga u apoteci. ON-LINE BOOKING u vama najbli\u017eoj apoteci ??\",\"breadcrumb\":{\"@id\":\"https:\/\/servicesforpharmacies.com\/rs\/#breadcrumb\"},\"inLanguage\":\"sr-RS\",\"potentialAction\":[{\"@type\":\"ReadAction\",\"target\":[\"https:\/\/servicesforpharmacies.com\/rs\/\"]}]},{\"@type\":\"ImageObject\",\"inLanguage\":\"sr-RS\",\"@id\":\"https:\/\/servicesforpharmacies.com\/rs\/#primaryimage\",\"url\":\"https:\/\/servicesforpharmacies.com\/wp-content\/uploads\/2020\/09\/caduta.jpg\",\"contentUrl\":\"https:\/\/servicesforpharmacies.com\/wp-content\/uploads\/2020\/09\/caduta.jpg\",\"width\":715,\"height\":500,\"caption\":\"Problemi sa kosom\"},{\"@type\":\"BreadcrumbList\",\"@id\":\"https:\/\/servicesforpharmacies.com\/rs\/#breadcrumb\",\"itemListElement\":[{\"@type\":\"ListItem\",\"position\":1,\"name\":\"Home\",\"item\":\"https:\/\/servicesforpharmacies.com\/rs\/\"},{\"@type\":\"ListItem\",\"position\":2,\"name\":\"Problemi sa kosom\"}]},{\"@type\":\"WebSite\",\"@id\":\"https:\/\/servicesforpharmacies.com\/#website\",\"url\":\"https:\/\/servicesforpharmacies.com\/\",\"name\":\"Services for pharmacies\",\"description\":\"\",\"publisher\":{\"@id\":\"https:\/\/servicesforpharmacies.com\/#organization\"},\"potentialAction\":[{\"@type\":\"SearchAction\",\"target\":{\"@type\":\"EntryPoint\",\"urlTemplate\":\"https:\/\/servicesforpharmacies.com\/?s={search_term_string}\"},\"query-input\":{\"@type\":\"PropertyValueSpecification\",\"valueRequired\":true,\"valueName\":\"search_term_string\"}}],\"inLanguage\":\"sr-RS\"},{\"@type\":\"Organization\",\"@id\":\"https:\/\/servicesforpharmacies.com\/#organization\",\"name\":\"VitalPlusActive Group Ltd\",\"url\":\"https:\/\/servicesforpharmacies.com\/\",\"logo\":{\"@type\":\"ImageObject\",\"inLanguage\":\"sr-RS\",\"@id\":\"https:\/\/servicesforpharmacies.com\/#\/schema\/logo\/image\/\",\"url\":\"https:\/\/servicesforpharmacies.com\/wp-content\/uploads\/2020\/07\/logo-eng.jpg\",\"contentUrl\":\"https:\/\/servicesforpharmacies.com\/wp-content\/uploads\/2020\/07\/logo-eng.jpg\",\"width\":398,\"height\":90,\"caption\":\"VitalPlusActive Group Ltd\"},\"image\":{\"@id\":\"https:\/\/servicesforpharmacies.com\/#\/schema\/logo\/image\/\"}}]}<\/script>\n<!-- \/ Yoast SEO Premium plugin. -->","yoast_head_json":{"title":"problemi sa kosom?? Preventivna usluga u apoteci besplatan preglede","description":"Problemi sa kosom ili vlasi\u0161tem? Zaka\u017eite BESPLATAN pregled. Preventivna usluga u apoteci. ON-LINE BOOKING u vama najbli\u017eoj apoteci ??","robots":{"index":"index","follow":"follow","max-snippet":"max-snippet:-1","max-image-preview":"max-image-preview:large","max-video-preview":"max-video-preview:-1"},"canonical":"https:\/\/servicesforpharmacies.com\/rs\/","og_locale":"sr_RS","og_type":"article","og_title":"Problemi sa kosom","og_description":"Problemi sa kosom ili vlasi\u0161tem? Zaka\u017eite BESPLATAN pregled. Preventivna usluga u apoteci. ON-LINE BOOKING u vama najbli\u017eoj apoteci ??","og_url":"https:\/\/servicesforpharmacies.com\/rs\/","og_site_name":"Services for pharmacies","article_modified_time":"2025-07-24T11:34:50+00:00","og_image":[{"width":715,"height":500,"url":"https:\/\/servicesforpharmacies.com\/wp-content\/uploads\/2020\/09\/caduta.jpg","type":"image\/jpeg"}],"twitter_card":"summary_large_image","twitter_misc":{"\u041f\u0440\u043e\u0446\u0435\u045a\u0435\u043d\u043e \u0432\u0440\u0435\u043c\u0435 \u0447\u0438\u0442\u0430\u045a\u0430":"3 \u043c\u0438\u043d\u0443\u0442\u0430"},"schema":{"@context":"https:\/\/schema.org","@graph":[{"@type":"WebPage","@id":"https:\/\/servicesforpharmacies.com\/rs\/","url":"https:\/\/servicesforpharmacies.com\/rs\/","name":"problemi sa kosom?? Preventivna usluga u apoteci besplatan preglede","isPartOf":{"@id":"https:\/\/servicesforpharmacies.com\/#website"},"primaryImageOfPage":{"@id":"https:\/\/servicesforpharmacies.com\/rs\/#primaryimage"},"image":{"@id":"https:\/\/servicesforpharmacies.com\/rs\/#primaryimage"},"thumbnailUrl":"https:\/\/servicesforpharmacies.com\/wp-content\/uploads\/2020\/09\/caduta.jpg","datePublished":"2020-07-30T21:47:35+00:00","dateModified":"2025-07-24T11:34:50+00:00","description":"Problemi sa kosom ili vlasi\u0161tem? Zaka\u017eite BESPLATAN pregled. Preventivna usluga u apoteci. ON-LINE BOOKING u vama najbli\u017eoj apoteci ??","breadcrumb":{"@id":"https:\/\/servicesforpharmacies.com\/rs\/#breadcrumb"},"inLanguage":"sr-RS","potentialAction":[{"@type":"ReadAction","target":["https:\/\/servicesforpharmacies.com\/rs\/"]}]},{"@type":"ImageObject","inLanguage":"sr-RS","@id":"https:\/\/servicesforpharmacies.com\/rs\/#primaryimage","url":"https:\/\/servicesforpharmacies.com\/wp-content\/uploads\/2020\/09\/caduta.jpg","contentUrl":"https:\/\/servicesforpharmacies.com\/wp-content\/uploads\/2020\/09\/caduta.jpg","width":715,"height":500,"caption":"Problemi sa kosom"},{"@type":"BreadcrumbList","@id":"https:\/\/servicesforpharmacies.com\/rs\/#breadcrumb","itemListElement":[{"@type":"ListItem","position":1,"name":"Home","item":"https:\/\/servicesforpharmacies.com\/rs\/"},{"@type":"ListItem","position":2,"name":"Problemi sa kosom"}]},{"@type":"WebSite","@id":"https:\/\/servicesforpharmacies.com\/#website","url":"https:\/\/servicesforpharmacies.com\/","name":"Services for pharmacies","description":"","publisher":{"@id":"https:\/\/servicesforpharmacies.com\/#organization"},"potentialAction":[{"@type":"SearchAction","target":{"@type":"EntryPoint","urlTemplate":"https:\/\/servicesforpharmacies.com\/?s={search_term_string}"},"query-input":{"@type":"PropertyValueSpecification","valueRequired":true,"valueName":"search_term_string"}}],"inLanguage":"sr-RS"},{"@type":"Organization","@id":"https:\/\/servicesforpharmacies.com\/#organization","name":"VitalPlusActive Group Ltd","url":"https:\/\/servicesforpharmacies.com\/","logo":{"@type":"ImageObject","inLanguage":"sr-RS","@id":"https:\/\/servicesforpharmacies.com\/#\/schema\/logo\/image\/","url":"https:\/\/servicesforpharmacies.com\/wp-content\/uploads\/2020\/07\/logo-eng.jpg","contentUrl":"https:\/\/servicesforpharmacies.com\/wp-content\/uploads\/2020\/07\/logo-eng.jpg","width":398,"height":90,"caption":"VitalPlusActive Group Ltd"},"image":{"@id":"https:\/\/servicesforpharmacies.com\/#\/schema\/logo\/image\/"}}]}},"_links":{"self":[{"href":"https:\/\/servicesforpharmacies.com\/rs\/wp-json\/wp\/v2\/pages\/24048","targetHints":{"allow":["GET"]}}],"collection":[{"href":"https:\/\/servicesforpharmacies.com\/rs\/wp-json\/wp\/v2\/pages"}],"about":[{"href":"https:\/\/servicesforpharmacies.com\/rs\/wp-json\/wp\/v2\/types\/page"}],"author":[{"embeddable":true,"href":"https:\/\/servicesforpharmacies.com\/rs\/wp-json\/wp\/v2\/users\/1"}],"replies":[{"embeddable":true,"href":"https:\/\/servicesforpharmacies.com\/rs\/wp-json\/wp\/v2\/comments?post=24048"}],"version-history":[{"count":2,"href":"https:\/\/servicesforpharmacies.com\/rs\/wp-json\/wp\/v2\/pages\/24048\/revisions"}],"predecessor-version":[{"id":736480,"href":"https:\/\/servicesforpharmacies.com\/rs\/wp-json\/wp\/v2\/pages\/24048\/revisions\/736480"}],"wp:featuredmedia":[{"embeddable":true,"href":"https:\/\/servicesforpharmacies.com\/rs\/wp-json\/wp\/v2\/media\/36766"}],"wp:attachment":[{"href":"https:\/\/servicesforpharmacies.com\/rs\/wp-json\/wp\/v2\/media?parent=24048"}],"curies":[{"name":"wp","href":"https:\/\/api.w.org\/{rel}","templated":true}]}}