{"id":17229,"date":"2020-09-18T08:33:24","date_gmt":"2020-09-18T08:33:24","guid":{"rendered":"http:\/\/servicesforpharmacies.com\/?page_id=17229"},"modified":"2021-05-21T10:15:15","modified_gmt":"2021-05-21T10:15:15","slug":"ossigeno","status":"publish","type":"page","link":"https:\/\/servicesforpharmacies.com\/it\/ossigeno\/","title":{"rendered":"Ossigeno"},"content":{"rendered":"\n<h1>\n\t\tIL DERMO MASSAGGGIO CON OSSIGENO\n\t<\/h1>\n\t<p>Il dermo massaggio con ossigeno, introduce nella pelle un&#8217;elevata concentrazione di ossigeno puro e permette di riattivare la produzione cellulare cutanea. \u00c9 un trattamento semplice, indolore, piacevole e rilassante.<\/p>\n<p>Con l&#8217;avanzare dell&#8217;et\u00e0 e la perdita progressiva di ossigeno nei tessuti cutanei, la pelle tende ad avere un colorito spento a perdere tonicit\u00e0 ed elasticit\u00e0, con conseguente rilassamento cutaneo.<\/p>\n<h2>\n\t\tQUALI SONO I BENEFICI PER LA PELLE ?\u2003\n\t<\/h2>\n\t<p>L&#8217;ossigeno \u00e8 in grado di rivitalizzare tutti gli strati dell&#8217;epidermide, andando anche ad eliminare le tossine accumulate, che causano il colorito spento ed opaco. Migliora la microcircolazione cutanea e il metabolismo cellulare, favorisce la produzione di collagene ed elastina, da parte dei fibroblasti.<\/p>\n<h2>\n\t\tQUALI SONO I RISULTATI ?\u2003\n\t<\/h2>\n\t<p><strong>Gi\u00e0 al termine della prima seduta ,<\/strong> risulta evidente l&#8217;evoluzione in positivo di tutti i parametri morfologici cutanei. La pelle diventa pi\u00f9 turgida ed elastica, pi\u00f9 compatta e luminosa, pi\u00f9 idratata e tonica. Il viso e pi\u00f9 disteso, inoltre produce un effetto lifting immediato, eliminando le linee sottili e riducendo notevolmente le rughe d&#8217;espressione.<\/p>\n\t\t\t\t<img decoding=\"async\" src=\"https:\/\/servicesforpharmacies.com\/wp-content\/uploads\/2020\/07\/skin-before.jpg\" alt=\"Kisik prije\" itemprop=\"image\" title=\"skin before\" onerror=\"this.style.display='none'\"  \/>\n\t\t\t\t<img decoding=\"async\" src=\"https:\/\/servicesforpharmacies.com\/wp-content\/uploads\/2020\/07\/skin-after.jpg\" alt=\"Kisik poslije\" itemprop=\"image\" title=\"skin after\" onerror=\"this.style.display='none'\"  \/>\n<h2>\n\t\tPER CHI E INDICATO IL DERMO MASSAGGIO CON OSSIGENO?\u2003\n\t<\/h2>\n<table  data-tablesaw-minimap>\n\t\t<thead>\n\t\t<tr>\n\t\t\t<th id=\"pp-table-col-1\" scope=\"col\" data-tablesaw-sortable-col>TIPO DI PELLE<\/th><th id=\"pp-table-col-2\" scope=\"col\" data-tablesaw-sortable-col>FUNZIONE<\/th>\t\t<\/tr>\n\t<\/thead>\n\t\t<tbody>\n\t\t<tr><td>Pelle mista, impura, acneica<\/td><td>Ha un&#8217;azione astringente dei pori cutanei e cicatrizzante<\/td><\/tr><tr><td>Pelle secca, disidratata, sottile e sensibile<\/td><td>Ha un&#8217;azione idrorestitutiva, stimola la produzione di collagene ed elastina<\/td><\/tr><tr><td>Pelle devitalizzata, opaca, con rughe d&#8217;espressione<\/td><td>Ha un&#8217;azione rivitalizzante, tonificante, anti-rughe e detossinante<\/td><\/tr>\t<\/tbody>\n<\/table>\n\t\n\t\t\t<p>&#8220;Ho provato il dermo massaggio in Farmacia \u00e8 sono sono rimasta sorpresa dall&#8217;effetto sulla pelle dopo dolo 15 min. Provatelo! Lo consiglio vivamente.Gabriella&#8221;<\/p>\t\t\n\t\t\t<p>&#8220;Pensavo fosse solamente una promozione di prodotti in Farmacia&#8230; invece sono rimasta molto contenta perch\u00e8 Laura la consulente della Farmacia \u00e8 veramente una gran proffessionista!Anna&#8221;<\/p>\t\t\n\t\t\t<p>&#8220;La sera dopo l&#8217;ossigeno in Farmacia sono stata a cena con gli amici&#8230; mi hanno chiesto cosa ho fatto al viso. \u00c9 fenomenale! Lo consiglio a tutti.Laura&#8221;<\/p>\t\t\n<h3>\n\t\tCONSULENZA\n\t<\/h3>\n<h2>\n\t\tPERSONALE\n\t<\/h2>\n<h2>\n\t\tGRATUITA\n\t<\/h2>\n<h4>\n\t\tVIDEO-CHIAMATA\n\t<\/h4>\n<h4>\n\t\tO\n\t<\/h4>\n<h4>\n\t\tTELEFONO\n\t<\/h4>\n\t\t\t<a href=\"https:\/\/servicesforpharmacies.com\/it\/ox-picker\" target=\"_blank\" role=\"button\" rel=\"noopener\">\n\t\t\t\t\t\t\tPrenota Subito &#8230;\n\t\t\t\t\t<\/a>\n\t\t\t\t<a href=\"https:\/\/servicesforpharmacies.com\/it\/\" target=\"_blank\" rel=\"noopener\" itemprop=\"url\">\n\t\t\t\t<img loading=\"lazy\" decoding=\"async\" src=\"https:\/\/servicesforpharmacies.com\/wp-content\/uploads\/2020\/08\/gdja.jpg\" alt=\"Savjetovanje za lice\" itemprop=\"image\" height=\"604\" width=\"640\" title=\"gdja\" onerror=\"this.style.display='none'\"  \/>\n\t\t\t\t<\/a>\n\t    <div id=\"osm_map_69f1bf7e97a5d\" style=\"height: 650px;\"><\/div>\n    <script>\ndocument.addEventListener(\"DOMContentLoaded\", function () {\n    const map = L.map('osm_map_69f1bf7e97a5d').setView([42, 8], 6);\n\n    L.tileLayer('https:\/\/{s}.tile.openstreetmap.org\/{z}\/{x}\/{y}.png', {\n        maxZoom: 19,\n        attribution: '&copy; OpenStreetMap contributors'\n    }).addTo(map);\n\n    fetch(\"https:\/\/servicesforpharmacies.com\/cron\/it-o.php\")\n        .then(response => response.json())\n        .then(results => {\n            if (!results || !results.pharmacies) {\n                console.warn(\"No pharmacies data in response\");\n                return;\n            }\n\n            results.pharmacies.forEach(pharmacy => {\n                if ((pharmacy.scalp || pharmacy.skin) && pharmacy.latitude && pharmacy.longitude) {\n\n                    let name = pharmacy.name\n    .toLowerCase()\n    .replace(\/\\s+\/g, '-')\n    .replace(\/[\u0111\u00f0]\/g, 'd')   \/\/ \u2705 fix \u0110 and \u0111\n    .replace(\/[\u0161]\/g, 's')\n    .replace(\/[\u010d\u0107]\/g, 'c')\n    .replace(\/[\u017e]\/g, 'z')\n    .normalize(\"NFD\")\n    .replace(\/[\\u0300-\\u036f]\/g, \"\")\n    .replace(\/[^a-z0-9-]\/g, '-')\n    .replace(\/^-+|-+$\/g, '')\n    .replace(\/-+\/g, '-');\n\n                    let scalp = pharmacy.scalp ? `<a href=\"\/it\/scalp\/${name}\">SCALP<\/a>` : '';\n                    let skin = pharmacy.skin ? `<a href=\"\/it\/skin\/${name}\">SKIN<\/a>` : '';\n\n                    let content = `\n                        <div style=\"display:flex;flex-direction:row;align-items:center;\">\n                            <img decoding=\"async\" src=\"https:\/\/servicesforpharmacies.com\/wp-content\/uploads\/2020\/08\/mappin.png\" style=\"height:50px;margin:0 10px;\">\n                            <div>\n                                <h4>${pharmacy.name}<\/h4>\n                                ${pharmacy.address}, ${pharmacy.municipality}<br>\n                                ${scalp}<br>${skin}\n                            <\/div>\n                        <\/div>\n                    `;\n\n                    const greenIcon = L.icon({\n    iconUrl: 'https:\/\/raw.githubusercontent.com\/pointhi\/leaflet-color-markers\/master\/img\/marker-icon-green.png',\n    shadowUrl: 'https:\/\/unpkg.com\/leaflet@1.9.4\/dist\/images\/marker-shadow.png',\n    iconSize:     [25, 41],\n    iconAnchor:   [12, 41],\n    popupAnchor:  [1, -34],\n    shadowSize:   [41, 41]\n});\n\nconst marker = L.marker([pharmacy.latitude, pharmacy.longitude], { icon: greenIcon }).addTo(map);\n\n                    marker.bindPopup(content);\n                }\n            });\n        })\n        .catch(error => {\n            console.error(\"Map data fetch failed\", error);\n        });\n});\n<\/script>\n\n    \n\n","protected":false},"excerpt":{"rendered":"<p>IL DERMO MASSAGGGIO CON OSSIGENO Il dermo massaggio con ossigeno, introduce nella pelle un&#8217;elevata concentrazione di ossigeno puro e permette di riattivare la produzione cellulare cutanea. \u00c9 un trattamento semplice, indolore, piacevole e rilassante. Con l&#8217;avanzare dell&#8217;et\u00e0 e la perdita progressiva di ossigeno nei tessuti cutanei, la pelle tende ad avere un colorito spento a&hellip;<\/p>\n","protected":false},"author":1,"featured_media":146,"parent":0,"menu_order":0,"comment_status":"closed","ping_status":"closed","template":"","meta":{"_acf_changed":false,"footnotes":""},"class_list":["post-17229","page","type-page","status-publish","has-post-thumbnail","hentry"],"acf":[],"yoast_head":"<!-- This site is optimized with the Yoast SEO Premium plugin v22.9 (Yoast SEO v27.0) - https:\/\/yoast.com\/product\/yoast-seo-premium-wordpress\/ -->\n<title>OSSIGENO GRATUITO Prenota il dermo massaggio in Farmacia \u2705<\/title>\n<meta name=\"description\" content=\"Prenota on-line nella Farmacia pi\u00f9 vicina a te il dermo massaggio con ossigeno e una consulenza personale. \u00c8 facile e GRATUITO!\" \/>\n<meta name=\"robots\" content=\"index, follow, max-snippet:-1, max-image-preview:large, max-video-preview:-1\" \/>\n<link rel=\"canonical\" href=\"https:\/\/servicesforpharmacies.com\/it\/ossigeno\/\" \/>\n<meta property=\"og:locale\" content=\"it_IT\" \/>\n<meta property=\"og:type\" content=\"article\" \/>\n<meta property=\"og:title\" content=\"Ossigeno\" \/>\n<meta property=\"og:description\" content=\"Prenota on-line nella Farmacia pi\u00f9 vicina a te il dermo massaggio con ossigeno e una consulenza personale. \u00c8 facile e GRATUITO!\" \/>\n<meta property=\"og:url\" content=\"https:\/\/servicesforpharmacies.com\/it\/ossigeno\/\" \/>\n<meta property=\"og:site_name\" content=\"Services for pharmacies\" \/>\n<meta property=\"article:modified_time\" content=\"2021-05-21T10:15:15+00:00\" \/>\n<meta property=\"og:image\" content=\"https:\/\/servicesforpharmacies.com\/wp-content\/uploads\/2020\/07\/OXY-04.jpeg\" \/>\n\t<meta property=\"og:image:width\" content=\"1280\" \/>\n\t<meta property=\"og:image:height\" content=\"759\" \/>\n\t<meta property=\"og:image:type\" content=\"image\/jpeg\" \/>\n<meta name=\"twitter:card\" content=\"summary_large_image\" \/>\n<meta name=\"twitter:label1\" content=\"Tempo di lettura stimato\" \/>\n\t<meta name=\"twitter:data1\" content=\"2 minuti\" \/>\n<script type=\"application\/ld+json\" class=\"yoast-schema-graph\">{\"@context\":\"https:\/\/schema.org\",\"@graph\":[{\"@type\":\"WebPage\",\"@id\":\"https:\/\/servicesforpharmacies.com\/it\/ossigeno\/\",\"url\":\"https:\/\/servicesforpharmacies.com\/it\/ossigeno\/\",\"name\":\"OSSIGENO GRATUITO Prenota il dermo massaggio in Farmacia \u2705\",\"isPartOf\":{\"@id\":\"https:\/\/servicesforpharmacies.com\/it\/#website\"},\"primaryImageOfPage\":{\"@id\":\"https:\/\/servicesforpharmacies.com\/it\/ossigeno\/#primaryimage\"},\"image\":{\"@id\":\"https:\/\/servicesforpharmacies.com\/it\/ossigeno\/#primaryimage\"},\"thumbnailUrl\":\"https:\/\/servicesforpharmacies.com\/wp-content\/uploads\/2020\/07\/OXY-04.jpeg\",\"datePublished\":\"2020-09-18T08:33:24+00:00\",\"dateModified\":\"2021-05-21T10:15:15+00:00\",\"description\":\"Prenota on-line nella Farmacia pi\u00f9 vicina a te il dermo massaggio con ossigeno e una consulenza personale. \u00c8 facile e GRATUITO!\",\"breadcrumb\":{\"@id\":\"https:\/\/servicesforpharmacies.com\/it\/ossigeno\/#breadcrumb\"},\"inLanguage\":\"it-IT\",\"potentialAction\":[{\"@type\":\"ReadAction\",\"target\":[\"https:\/\/servicesforpharmacies.com\/it\/ossigeno\/\"]}]},{\"@type\":\"ImageObject\",\"inLanguage\":\"it-IT\",\"@id\":\"https:\/\/servicesforpharmacies.com\/it\/ossigeno\/#primaryimage\",\"url\":\"https:\/\/servicesforpharmacies.com\/wp-content\/uploads\/2020\/07\/OXY-04.jpeg\",\"contentUrl\":\"https:\/\/servicesforpharmacies.com\/wp-content\/uploads\/2020\/07\/OXY-04.jpeg\",\"width\":1280,\"height\":759,\"caption\":\"ossigeno\"},{\"@type\":\"BreadcrumbList\",\"@id\":\"https:\/\/servicesforpharmacies.com\/it\/ossigeno\/#breadcrumb\",\"itemListElement\":[{\"@type\":\"ListItem\",\"position\":1,\"name\":\"Home\",\"item\":\"https:\/\/servicesforpharmacies.com\/it\/\"},{\"@type\":\"ListItem\",\"position\":2,\"name\":\"Ossigeno\"}]},{\"@type\":\"WebSite\",\"@id\":\"https:\/\/servicesforpharmacies.com\/it\/#website\",\"url\":\"https:\/\/servicesforpharmacies.com\/it\/\",\"name\":\"Services for pharmacies\",\"description\":\"\",\"publisher\":{\"@id\":\"https:\/\/servicesforpharmacies.com\/it\/#organization\"},\"potentialAction\":[{\"@type\":\"SearchAction\",\"target\":{\"@type\":\"EntryPoint\",\"urlTemplate\":\"https:\/\/servicesforpharmacies.com\/it\/?s={search_term_string}\"},\"query-input\":{\"@type\":\"PropertyValueSpecification\",\"valueRequired\":true,\"valueName\":\"search_term_string\"}}],\"inLanguage\":\"it-IT\"},{\"@type\":\"Organization\",\"@id\":\"https:\/\/servicesforpharmacies.com\/it\/#organization\",\"name\":\"VitalPlusActive Group Ltd\",\"url\":\"https:\/\/servicesforpharmacies.com\/it\/\",\"logo\":{\"@type\":\"ImageObject\",\"inLanguage\":\"it-IT\",\"@id\":\"https:\/\/servicesforpharmacies.com\/it\/#\/schema\/logo\/image\/\",\"url\":\"https:\/\/servicesforpharmacies.com\/wp-content\/uploads\/2020\/07\/logo-eng.jpg\",\"contentUrl\":\"https:\/\/servicesforpharmacies.com\/wp-content\/uploads\/2020\/07\/logo-eng.jpg\",\"width\":398,\"height\":90,\"caption\":\"VitalPlusActive Group Ltd\"},\"image\":{\"@id\":\"https:\/\/servicesforpharmacies.com\/it\/#\/schema\/logo\/image\/\"}}]}<\/script>\n<!-- \/ Yoast SEO Premium plugin. -->","yoast_head_json":{"title":"OSSIGENO GRATUITO Prenota il dermo massaggio in Farmacia \u2705","description":"Prenota on-line nella Farmacia pi\u00f9 vicina a te il dermo massaggio con ossigeno e una consulenza personale. \u00c8 facile e GRATUITO!","robots":{"index":"index","follow":"follow","max-snippet":"max-snippet:-1","max-image-preview":"max-image-preview:large","max-video-preview":"max-video-preview:-1"},"canonical":"https:\/\/servicesforpharmacies.com\/it\/ossigeno\/","og_locale":"it_IT","og_type":"article","og_title":"Ossigeno","og_description":"Prenota on-line nella Farmacia pi\u00f9 vicina a te il dermo massaggio con ossigeno e una consulenza personale. \u00c8 facile e GRATUITO!","og_url":"https:\/\/servicesforpharmacies.com\/it\/ossigeno\/","og_site_name":"Services for pharmacies","article_modified_time":"2021-05-21T10:15:15+00:00","og_image":[{"width":1280,"height":759,"url":"https:\/\/servicesforpharmacies.com\/wp-content\/uploads\/2020\/07\/OXY-04.jpeg","type":"image\/jpeg"}],"twitter_card":"summary_large_image","twitter_misc":{"Tempo di lettura stimato":"2 minuti"},"schema":{"@context":"https:\/\/schema.org","@graph":[{"@type":"WebPage","@id":"https:\/\/servicesforpharmacies.com\/it\/ossigeno\/","url":"https:\/\/servicesforpharmacies.com\/it\/ossigeno\/","name":"OSSIGENO GRATUITO Prenota il dermo massaggio in Farmacia \u2705","isPartOf":{"@id":"https:\/\/servicesforpharmacies.com\/it\/#website"},"primaryImageOfPage":{"@id":"https:\/\/servicesforpharmacies.com\/it\/ossigeno\/#primaryimage"},"image":{"@id":"https:\/\/servicesforpharmacies.com\/it\/ossigeno\/#primaryimage"},"thumbnailUrl":"https:\/\/servicesforpharmacies.com\/wp-content\/uploads\/2020\/07\/OXY-04.jpeg","datePublished":"2020-09-18T08:33:24+00:00","dateModified":"2021-05-21T10:15:15+00:00","description":"Prenota on-line nella Farmacia pi\u00f9 vicina a te il dermo massaggio con ossigeno e una consulenza personale. \u00c8 facile e GRATUITO!","breadcrumb":{"@id":"https:\/\/servicesforpharmacies.com\/it\/ossigeno\/#breadcrumb"},"inLanguage":"it-IT","potentialAction":[{"@type":"ReadAction","target":["https:\/\/servicesforpharmacies.com\/it\/ossigeno\/"]}]},{"@type":"ImageObject","inLanguage":"it-IT","@id":"https:\/\/servicesforpharmacies.com\/it\/ossigeno\/#primaryimage","url":"https:\/\/servicesforpharmacies.com\/wp-content\/uploads\/2020\/07\/OXY-04.jpeg","contentUrl":"https:\/\/servicesforpharmacies.com\/wp-content\/uploads\/2020\/07\/OXY-04.jpeg","width":1280,"height":759,"caption":"ossigeno"},{"@type":"BreadcrumbList","@id":"https:\/\/servicesforpharmacies.com\/it\/ossigeno\/#breadcrumb","itemListElement":[{"@type":"ListItem","position":1,"name":"Home","item":"https:\/\/servicesforpharmacies.com\/it\/"},{"@type":"ListItem","position":2,"name":"Ossigeno"}]},{"@type":"WebSite","@id":"https:\/\/servicesforpharmacies.com\/it\/#website","url":"https:\/\/servicesforpharmacies.com\/it\/","name":"Services for pharmacies","description":"","publisher":{"@id":"https:\/\/servicesforpharmacies.com\/it\/#organization"},"potentialAction":[{"@type":"SearchAction","target":{"@type":"EntryPoint","urlTemplate":"https:\/\/servicesforpharmacies.com\/it\/?s={search_term_string}"},"query-input":{"@type":"PropertyValueSpecification","valueRequired":true,"valueName":"search_term_string"}}],"inLanguage":"it-IT"},{"@type":"Organization","@id":"https:\/\/servicesforpharmacies.com\/it\/#organization","name":"VitalPlusActive Group Ltd","url":"https:\/\/servicesforpharmacies.com\/it\/","logo":{"@type":"ImageObject","inLanguage":"it-IT","@id":"https:\/\/servicesforpharmacies.com\/it\/#\/schema\/logo\/image\/","url":"https:\/\/servicesforpharmacies.com\/wp-content\/uploads\/2020\/07\/logo-eng.jpg","contentUrl":"https:\/\/servicesforpharmacies.com\/wp-content\/uploads\/2020\/07\/logo-eng.jpg","width":398,"height":90,"caption":"VitalPlusActive Group Ltd"},"image":{"@id":"https:\/\/servicesforpharmacies.com\/it\/#\/schema\/logo\/image\/"}}]}},"_links":{"self":[{"href":"https:\/\/servicesforpharmacies.com\/it\/wp-json\/wp\/v2\/pages\/17229","targetHints":{"allow":["GET"]}}],"collection":[{"href":"https:\/\/servicesforpharmacies.com\/it\/wp-json\/wp\/v2\/pages"}],"about":[{"href":"https:\/\/servicesforpharmacies.com\/it\/wp-json\/wp\/v2\/types\/page"}],"author":[{"embeddable":true,"href":"https:\/\/servicesforpharmacies.com\/it\/wp-json\/wp\/v2\/users\/1"}],"replies":[{"embeddable":true,"href":"https:\/\/servicesforpharmacies.com\/it\/wp-json\/wp\/v2\/comments?post=17229"}],"version-history":[{"count":0,"href":"https:\/\/servicesforpharmacies.com\/it\/wp-json\/wp\/v2\/pages\/17229\/revisions"}],"wp:featuredmedia":[{"embeddable":true,"href":"https:\/\/servicesforpharmacies.com\/it\/wp-json\/wp\/v2\/media\/146"}],"wp:attachment":[{"href":"https:\/\/servicesforpharmacies.com\/it\/wp-json\/wp\/v2\/media?parent=17229"}],"curies":[{"name":"wp","href":"https:\/\/api.w.org\/{rel}","templated":true}]}}