{"id":140,"date":"2020-07-30T19:33:37","date_gmt":"2020-07-30T19:33:37","guid":{"rendered":"http:\/\/servicesforpharmacies.com\/?page_id=140"},"modified":"2025-03-19T10:10:21","modified_gmt":"2025-03-19T10:10:21","slug":"servizio-di-prevenzione","status":"publish","type":"page","link":"https:\/\/servicesforpharmacies.com\/it\/","title":{"rendered":"Servizio di prevenzione"},"content":{"rendered":"\n\n\t\t\t\t<img loading=\"lazy\" decoding=\"async\" src=\"https:\/\/servicesforpharmacies.com\/wp-content\/uploads\/2020\/09\/prurito.jpg\" alt=\"Prurito\" itemprop=\"image\" height=\"455\" width=\"650\" title=\"prurito\" onerror=\"this.style.display='none'\"  \/>\n\t\t\t<a href=\"#\" target=\"_self\">\n\t\t\t\t\t\t\tPRURITO\n\t\t\t\t\t<\/a>\n\t\t\t\t<img loading=\"lazy\" decoding=\"async\" src=\"https:\/\/servicesforpharmacies.com\/wp-content\/uploads\/2020\/09\/forfora.jpg\" alt=\"Forfora\" itemprop=\"image\" height=\"455\" width=\"650\" title=\"forfora\" onerror=\"this.style.display='none'\"  \/>\n\t\t\t<a href=\"https:\/\/servicesforpharmacies.com\/it\/la-forfora\/\" target=\"_blank\" rel=\"noopener\">\n\t\t\t\t\t\t\tFORFORA\n\t\t\t\t\t<\/a>\n\t\t\t\t<img loading=\"lazy\" decoding=\"async\" src=\"https:\/\/servicesforpharmacies.com\/wp-content\/uploads\/2020\/09\/caduta.jpg\" alt=\"Servizio di prevenzione\" itemprop=\"image\" height=\"500\" width=\"715\" title=\"caduta\" onerror=\"this.style.display='none'\"  \/>\n\t\t\t<a href=\"#\" target=\"_self\">\n\t\t\t\t\t\t\tCADUTA\n\t\t\t\t\t<\/a>\n\t\t\t\t<img loading=\"lazy\" decoding=\"async\" src=\"https:\/\/servicesforpharmacies.com\/wp-content\/uploads\/2020\/09\/grasso.jpg\" alt=\"Capelli grassi\" itemprop=\"image\" height=\"500\" width=\"715\" title=\"grasso\" onerror=\"this.style.display='none'\"  \/>\n\t\t\t<a href=\"#\" target=\"_self\">\n\t\t\t\t\t\t\tGRASSO\n\t\t\t\t\t<\/a>\n<h1>\n\t\tPROBLEMI CON I CAPELLI?\n\t<\/h1>\n\t<p><strong>Servizio di prevenzione in Farmacia ha analizzato che \u00e8 luogo comune confrontarsi giornalmente con frasi del tipo:<\/strong><\/p>\n\t<p>ho i <strong>capelli grassi<\/strong>, li devo lavare ogni giorno&#8230;<\/p>\n<p>ho i <strong>capelli secchi<\/strong> e sfibrati, devo cambiare taglio &#8230;<\/p>\n<p>devo dare pi\u00f9 <strong>volume<\/strong> ai capelli, sono troppo <strong>sottili<\/strong> &#8230;<\/p>\n<p><strong>i capelli non<\/strong> mi <strong>crescono<\/strong> pi\u00f9 come una volta &#8230;<\/p>\n<p>ho molti <strong>meno capelli<\/strong> rispetto a quando ero giovane ecc. &#8230;<\/p>\n\t<p>Tutte considerazioni il cui obiettivo \u00e8\u00a0migliorare a livello estetico i propri capelli.<\/p>\n<p>Ma quanti si chiedono: <strong>PERCH\u00c9<\/strong>\u00a0ho i capelli grassi, secchi, sottili o sfibrati?<\/p>\n<p>Quali sono le cause? <strong>PERCH\u00c9<\/strong> i miei capelli non sono pi\u00f9 come una volta?<\/p>\n<p>&nbsp;<\/p>\n<p>Per dare una risposta a tutte queste domande \u00e8 nato un nuovo <strong>SERVIZIO DI PREVENZIONE IN FARMACIA.<\/strong><\/p>\n<h2>\n\t\tIL SERVIZIO IN FARMACIA\n\t<\/h2>\n\t\t\t<a href=\"\" target=\"_self\">\n\t\t\t\t\t\t\tSTRESS\n\t\t\t\t\t<\/a>\n\t\t\t<a href=\"\" target=\"_self\">\n\t\t\t\t\t\t\tPROBLEMI ORGANICI\n\t\t\t\t\t<\/a>\n\t\t\t<a href=\"\" target=\"_self\">\n\t\t\t\t\t\t\tABITUDINI IGIENICHE\n\t\t\t\t\t<\/a>\n\t\t\t<a href=\"\" target=\"_self\">\n\t\t\t\t\t\t\tALIMENTAZIONE\n\t\t\t\t\t<\/a>\n\t<p><a href=\"https:\/\/servicesforpharmacies.com\/it\/ossigeno\/\" target=\"_blank\" rel=\"noopener\"><strong>Il servizio di prevenzione in FARMACIA<\/strong><\/a>, nasce da un&#8217;attenta analisi della vita moderna e dello stile di vita dei giorni nostri. Lo stress, i problemi organici, la cattiva alimentazione, le scorrette abitudini igieniche sono le cause che provocano l&#8217;abbassamento delle difese della flora batterica cutanea e di conseguenza influiscono anche sul <strong>corretto funzionamento dell&#8217;apparato pilosebaceo.<\/strong><\/p>\n<h2>\n\t\tL&#8217;APPARATO PILOSEBACEO\n\t<\/h2>\n\t<p>Per mantenere l&#8217;apparato pilosebaceo funzionale nel tempo, sono neccessarie 4 condizioni:<\/p>\n<p>&nbsp;<\/p>\n<ol>\n<li><strong>UNA BUONA OSSIGENAZIONE CUTANEA<\/strong><\/li>\n<li><strong>UNA FLORA BATTERICA CUTANEA ATTIVA<\/strong><\/li>\n<li><strong>UN&#8217;EQUILIBRATA FUNZIONALIT\u00c0 DELLE GHIANDOLE SEBACEE<\/strong><\/li>\n<li><strong>UN CORRETTO NUTRIMENTO PILIFERO<\/strong><\/li>\n<\/ol>\n<p><strong>\u00a0<\/strong><\/p>\n<p>\u00c9 scientificamente dimostrato che, quando una di queste 4 condizioni viene a mancare, \u00e8 inevitabile con il passare del tempo, avere dei problemi con i capelli. <strong>I capelli diventano pi\u00f9 sottili, sfibrati, secchi o grassi, perdono di consistenza e di volume, non crescono pi\u00f9 come una volta e cadono in quantit\u00e0 anomala.<\/strong><\/p>\n<h2>\n\t\tCONTROLLO DI PREVENZIONE DELL&#8217;APPARATO PILOSEBACEO\n\t<\/h2>\n\t\t\t\t<img loading=\"lazy\" decoding=\"async\" src=\"https:\/\/servicesforpharmacies.com\/wp-content\/uploads\/2020\/07\/piloseb-num.png\" alt=\"Prevenitivni pregled pilosebacealnih jedinica vlasi\u0161ta\" itemprop=\"image\" height=\"1222\" width=\"777\" title=\"piloseb num\" onerror=\"this.style.display='none'\"  \/>\n\t<p><strong>L&#8217;obiettivo del CHECK-UP \u00e8 di verificare il corretto funzionamento dell&#8217;apparato pilosebaceo e di individuare le eventuali anomalie presenti.<\/strong><\/p>\n\t\t\t\t<img loading=\"lazy\" decoding=\"async\" src=\"https:\/\/servicesforpharmacies.com\/wp-content\/uploads\/2020\/07\/piloseb-num1.png\" alt=\"pilosebacealni ulazi\" itemprop=\"image\" height=\"508\" width=\"508\" title=\"piloseb num1\" onerror=\"this.style.display='none'\"  \/>\n\t<p><strong>La corretta igiene cutanea e degli imbocchi pilosebacei:<\/strong> ci\u00f2 favorisce una buona ossigenazione cutanea e una sana ricrescita dei capelli.<\/p>\n\t\t\t\t<img loading=\"lazy\" decoding=\"async\" src=\"https:\/\/servicesforpharmacies.com\/wp-content\/uploads\/2020\/07\/piloseb-num2.png\" alt=\"debljinu vlasi koja raste\" itemprop=\"image\" height=\"508\" width=\"508\" title=\"piloseb num2\" onerror=\"this.style.display='none'\"  \/>\n\t<p><strong>Il diametro dei capelli in crescita: <\/strong>una disfunzione dell&#8217;apparato pilosebaceo \u00e8 la causa di una ricrescita di capelli pi\u00f9 sottili e meno voluminosi a livello estetico.<\/p>\n\t\t\t\t<img loading=\"lazy\" decoding=\"async\" src=\"https:\/\/servicesforpharmacies.com\/wp-content\/uploads\/2020\/07\/piloseb-num3.png\" alt=\"Prisutnost anomalija na cornealnom sloju epiderme\" itemprop=\"image\" height=\"508\" width=\"508\" title=\"piloseb num3\" onerror=\"this.style.display='none'\"  \/>\n\t<p><strong>La presenza di anomalie sullo strato corneo<\/strong>: desquamazioni, irritazioni o arrossamenti, a volte accompagnate da prurito, sono spesso causate da un&#8217;alterazione della flora batterica.<\/p>\n\t\t\t\t<img loading=\"lazy\" decoding=\"async\" src=\"https:\/\/servicesforpharmacies.com\/wp-content\/uploads\/2020\/07\/piloseb-num4.png\" alt=\"Djelovanje \u017elijezda lojnica\" itemprop=\"image\" height=\"508\" width=\"508\" title=\"piloseb num4\" onerror=\"this.style.display='none'\"  \/>\n\t<p><strong>La funzionalit\u00e0 delle ghiandole sebacee:<\/strong> la presenza di sebo in eccesso sulla cute, sui capelli e all&#8217;interno del follicolo.<\/p>\n\t\t\t\t<img loading=\"lazy\" decoding=\"async\" src=\"https:\/\/servicesforpharmacies.com\/wp-content\/uploads\/2020\/07\/piloseb-num5.png\" alt=\"Oblik bulbusa (korijena)\" itemprop=\"image\" height=\"508\" width=\"508\" title=\"piloseb num5\" onerror=\"this.style.display='none'\"  \/>\n\t<p><strong>La forma dei bulbi:<\/strong> con l&#8217;estrazione di alcuni capelli possiamo valutare il corretto rinnovo del ciclo pilifero.<\/p>\n\t\t\t\t<img loading=\"lazy\" decoding=\"async\" src=\"https:\/\/servicesforpharmacies.com\/wp-content\/uploads\/2020\/07\/piloseb-num6.png\" alt=\"Pravilno hranjenje korijena kose\" itemprop=\"image\" height=\"508\" width=\"508\" title=\"piloseb num6\" onerror=\"this.style.display='none'\"  \/>\n\t<p><strong>Il nutrimento pilifero:<\/strong> per valutare se la radice del capello ha un corretto apporto di sostanze nutritive attraverso i capillari.<\/p>\n<h2>\n\t\tA CHI VIENE CONSIGLIATO?\n\t<\/h2>\n\t<p>IN PRESENZA DI:<\/p>\n<p>&nbsp;<\/p>\n<p><strong>PRURITO CUTANEO, CADUTA, FORFORA, CAPELLI GRASSI, FRAGILI O SFIBRATI &#8230;<\/strong><\/p>\n<p>&nbsp;<\/p>\n<p>Il <a href=\"https:\/\/servicesforpharmacies.com\/it\/picker\">CHECK-UP dell&#8217;apparato pilosebaceo<\/a> \u00e8 consigliato a chi ha notato col passare degli anni, un cambiamento estetico dei propri capelli e a tutte le persone a livello PREVENTIVO, da effettuare in PRIMAVERA e AUTUNNO. Come \u00e8 noto \u00e8 proprio nei cambi di stagione pi\u00f9 importanti, ESTATE e INVERNO-FREDDO, che le anomalie cutanee peggiorano.<\/p>\n<h2>\n\t\tPI\u00d9 DI 300.000 CLIENTI IN ITALIA\n\t<\/h2>\n<h3>\n\t\tVEDI LE LORO TESTIMONIANZE\n\t<\/h3>\n\tDa 26 anni aiutiamo le persone a migliorare la salute dei capelli e del cuoio capelluto.<br \/>\nCheck-up GRATUITO in farmacia &#8211; consulenza professionale personalizzata per te.<br \/>\nGuarda i risultati reali e scopri come puoi migliorare la salute dei tuoi capelli.<br \/>\nProfessionale, trasparente e personalizzato per te.\n<p>&nbsp;<\/p>\n\t\t\t<a href=\"\/it\/testimonianze\/\" target=\"_self\">\n\t\t\t\t\t\t\tVedi testimonianze\n\t\t\t\t\t<\/a>\n        \t<a href=\"https:\/\/servicesforpharmacies.com\/it\/group\/a-f-m\/\" target=\"_self\">            \n\t\t\t\t\t\t<img decoding=\"async\" src=\"https:\/\/servicesforpharmacies.com\/wp-content\/uploads\/2020\/11\/logo-afm.jpg\" alt=\"https:\/\/servicesforpharmacies.com\/wp-content\/uploads\/2020\/11\/logo-afm.jpg\" data-no-lazy=\"1\" \/>\t\t\t\t\t\n            <\/a>\t\t\n        \t<a href=\"https:\/\/servicesforpharmacies.com\/it\/group\/alliance\/\" target=\"_self\">            \n\t\t\t\t\t\t<img decoding=\"async\" src=\"https:\/\/servicesforpharmacies.com\/wp-content\/uploads\/2020\/11\/alliance.gif\" alt=\"https:\/\/servicesforpharmacies.com\/wp-content\/uploads\/2020\/11\/alliance.gif\" data-no-lazy=\"1\" \/>\t\t\t\t\t\n            <\/a>\t\t\n        \t<a href=\"https:\/\/servicesforpharmacies.com\/it\/group\/ravenna-farmacie-srl\/\" target=\"_self\">            \n\t\t\t\t\t\t<img decoding=\"async\" src=\"https:\/\/servicesforpharmacies.com\/wp-content\/uploads\/2020\/11\/ravenna.png\" alt=\"https:\/\/servicesforpharmacies.com\/wp-content\/uploads\/2020\/11\/ravenna.png\" data-no-lazy=\"1\" \/>\t\t\t\t\t\n            <\/a>\t\t\n\t\t\t<button>Next<\/button>\n\t\t<button>Previous<\/button>\n\t    <div id=\"osm_map_69d7564adc27e\" style=\"height: 650px;\"><\/div>\n    <script>\ndocument.addEventListener(\"DOMContentLoaded\", function () {\n    const map = L.map('osm_map_69d7564adc27e').setView([42, 8], 6);\n\n    L.tileLayer('https:\/\/{s}.tile.openstreetmap.org\/{z}\/{x}\/{y}.png', {\n        maxZoom: 19,\n        attribution: '&copy; OpenStreetMap contributors'\n    }).addTo(map);\n\n    fetch(\"https:\/\/servicesforpharmacies.com\/cron\/it-o.php\")\n        .then(response => response.json())\n        .then(results => {\n            if (!results || !results.pharmacies) {\n                console.warn(\"No pharmacies data in response\");\n                return;\n            }\n\n            results.pharmacies.forEach(pharmacy => {\n                if ((pharmacy.scalp || pharmacy.skin) && pharmacy.latitude && pharmacy.longitude) {\n\n                    let name = pharmacy.name\n    .toLowerCase()\n    .replace(\/\\s+\/g, '-')\n    .replace(\/[\u0111\u00f0]\/g, 'd')   \/\/ \u2705 fix \u0110 and \u0111\n    .replace(\/[\u0161]\/g, 's')\n    .replace(\/[\u010d\u0107]\/g, 'c')\n    .replace(\/[\u017e]\/g, 'z')\n    .normalize(\"NFD\")\n    .replace(\/[\\u0300-\\u036f]\/g, \"\")\n    .replace(\/[^a-z0-9-]\/g, '-')\n    .replace(\/^-+|-+$\/g, '')\n    .replace(\/-+\/g, '-');\n\n                    let scalp = pharmacy.scalp ? `<a href=\"\/it\/scalp\/${name}\">SCALP<\/a>` : '';\n                    let skin = pharmacy.skin ? `<a href=\"\/it\/skin\/${name}\">SKIN<\/a>` : '';\n\n                    let content = `\n                        <div style=\"display:flex;flex-direction:row;align-items:center;\">\n                            <img decoding=\"async\" src=\"https:\/\/servicesforpharmacies.com\/wp-content\/uploads\/2020\/08\/mappin.png\" style=\"height:50px;margin:0 10px;\">\n                            <div>\n                                <h4>${pharmacy.name}<\/h4>\n                                ${pharmacy.address}, ${pharmacy.municipality}<br>\n                                ${scalp}<br>${skin}\n                            <\/div>\n                        <\/div>\n                    `;\n\n                    const greenIcon = L.icon({\n    iconUrl: 'https:\/\/raw.githubusercontent.com\/pointhi\/leaflet-color-markers\/master\/img\/marker-icon-green.png',\n    shadowUrl: 'https:\/\/unpkg.com\/leaflet@1.9.4\/dist\/images\/marker-shadow.png',\n    iconSize:     [25, 41],\n    iconAnchor:   [12, 41],\n    popupAnchor:  [1, -34],\n    shadowSize:   [41, 41]\n});\n\nconst marker = L.marker([pharmacy.latitude, pharmacy.longitude], { icon: greenIcon }).addTo(map);\n\n                    marker.bindPopup(content);\n                }\n            });\n        })\n        .catch(error => {\n            console.error(\"Map data fetch failed\", error);\n        });\n});\n<\/script>\n\n    \n\n","protected":false},"excerpt":{"rendered":"<p>PRURITO FORFORA CADUTA GRASSO PROBLEMI CON I CAPELLI? Servizio di prevenzione in Farmacia ha analizzato che \u00e8 luogo comune confrontarsi giornalmente con frasi del tipo: ho i capelli grassi, li devo lavare ogni giorno&#8230; ho i capelli secchi e sfibrati, devo cambiare taglio &#8230; devo dare pi\u00f9 volume ai capelli, sono troppo sottili &#8230; i&hellip;<\/p>\n","protected":false},"author":2,"featured_media":8703,"parent":0,"menu_order":0,"comment_status":"closed","ping_status":"closed","template":"","meta":{"_acf_changed":false,"footnotes":""},"class_list":["post-140","page","type-page","status-publish","has-post-thumbnail","hentry"],"acf":[],"yoast_head":"<!-- This site is optimized with the Yoast SEO Premium plugin v22.9 (Yoast SEO v27.0) - https:\/\/yoast.com\/product\/yoast-seo-premium-wordpress\/ -->\n<title>Servizio di prevenzione in Farmacia ? : Problemi con i capelli ??<\/title>\n<meta name=\"description\" content=\"Servizio di prevenzione in farmacia ti permette di prenotare un check-up on-line nella farmacia pi\u00f9 vicina a te. \u27a1\ufe0f Prenota ora \u00e8 GRATUITO!\u2705\" \/>\n<meta name=\"robots\" content=\"index, follow, max-snippet:-1, max-image-preview:large, max-video-preview:-1\" \/>\n<link rel=\"canonical\" href=\"https:\/\/servicesforpharmacies.com\/it\/\" \/>\n<meta property=\"og:locale\" content=\"it_IT\" \/>\n<meta property=\"og:type\" content=\"article\" \/>\n<meta property=\"og:title\" content=\"Servizio di prevenzione\" \/>\n<meta property=\"og:description\" content=\"Servizio di prevenzione in farmacia ti permette di prenotare un check-up on-line nella farmacia pi\u00f9 vicina a te. \u27a1\ufe0f Prenota ora \u00e8 GRATUITO!\u2705\" \/>\n<meta property=\"og:url\" content=\"https:\/\/servicesforpharmacies.com\/it\/\" \/>\n<meta property=\"og:site_name\" content=\"Services for pharmacies\" \/>\n<meta property=\"article:modified_time\" content=\"2025-03-19T10:10:21+00:00\" \/>\n<meta property=\"og:image\" content=\"https:\/\/servicesforpharmacies.com\/wp-content\/uploads\/2020\/09\/caduta.jpg\" \/>\n\t<meta property=\"og:image:width\" content=\"715\" \/>\n\t<meta property=\"og:image:height\" content=\"500\" \/>\n\t<meta property=\"og:image:type\" content=\"image\/jpeg\" \/>\n<meta name=\"twitter:card\" content=\"summary_large_image\" \/>\n<meta name=\"twitter:label1\" content=\"Tempo di lettura stimato\" \/>\n\t<meta name=\"twitter:data1\" content=\"3 minuti\" \/>\n<script type=\"application\/ld+json\" class=\"yoast-schema-graph\">{\"@context\":\"https:\/\/schema.org\",\"@graph\":[{\"@type\":\"WebPage\",\"@id\":\"https:\/\/servicesforpharmacies.com\/it\/\",\"url\":\"https:\/\/servicesforpharmacies.com\/it\/\",\"name\":\"Servizio di prevenzione in Farmacia ? : Problemi con i capelli ??\",\"isPartOf\":{\"@id\":\"https:\/\/servicesforpharmacies.com\/#website\"},\"primaryImageOfPage\":{\"@id\":\"https:\/\/servicesforpharmacies.com\/it\/#primaryimage\"},\"image\":{\"@id\":\"https:\/\/servicesforpharmacies.com\/it\/#primaryimage\"},\"thumbnailUrl\":\"https:\/\/servicesforpharmacies.com\/wp-content\/uploads\/2020\/09\/caduta.jpg\",\"datePublished\":\"2020-07-30T19:33:37+00:00\",\"dateModified\":\"2025-03-19T10:10:21+00:00\",\"description\":\"Servizio di prevenzione in farmacia ti permette di prenotare un check-up on-line nella farmacia pi\u00f9 vicina a te. \u27a1\ufe0f Prenota ora \u00e8 GRATUITO!\u2705\",\"breadcrumb\":{\"@id\":\"https:\/\/servicesforpharmacies.com\/it\/#breadcrumb\"},\"inLanguage\":\"it-IT\",\"potentialAction\":[{\"@type\":\"ReadAction\",\"target\":[\"https:\/\/servicesforpharmacies.com\/it\/\"]}]},{\"@type\":\"ImageObject\",\"inLanguage\":\"it-IT\",\"@id\":\"https:\/\/servicesforpharmacies.com\/it\/#primaryimage\",\"url\":\"https:\/\/servicesforpharmacies.com\/wp-content\/uploads\/2020\/09\/caduta.jpg\",\"contentUrl\":\"https:\/\/servicesforpharmacies.com\/wp-content\/uploads\/2020\/09\/caduta.jpg\",\"width\":715,\"height\":500,\"caption\":\"Servizio di prevenzione\"},{\"@type\":\"BreadcrumbList\",\"@id\":\"https:\/\/servicesforpharmacies.com\/it\/#breadcrumb\",\"itemListElement\":[{\"@type\":\"ListItem\",\"position\":1,\"name\":\"Home\",\"item\":\"https:\/\/servicesforpharmacies.com\/it\/\"},{\"@type\":\"ListItem\",\"position\":2,\"name\":\"Servizio di prevenzione\"}]},{\"@type\":\"WebSite\",\"@id\":\"https:\/\/servicesforpharmacies.com\/#website\",\"url\":\"https:\/\/servicesforpharmacies.com\/\",\"name\":\"Services for pharmacies\",\"description\":\"\",\"publisher\":{\"@id\":\"https:\/\/servicesforpharmacies.com\/#organization\"},\"potentialAction\":[{\"@type\":\"SearchAction\",\"target\":{\"@type\":\"EntryPoint\",\"urlTemplate\":\"https:\/\/servicesforpharmacies.com\/?s={search_term_string}\"},\"query-input\":{\"@type\":\"PropertyValueSpecification\",\"valueRequired\":true,\"valueName\":\"search_term_string\"}}],\"inLanguage\":\"it-IT\"},{\"@type\":\"Organization\",\"@id\":\"https:\/\/servicesforpharmacies.com\/#organization\",\"name\":\"VitalPlusActive Group Ltd\",\"url\":\"https:\/\/servicesforpharmacies.com\/\",\"logo\":{\"@type\":\"ImageObject\",\"inLanguage\":\"it-IT\",\"@id\":\"https:\/\/servicesforpharmacies.com\/#\/schema\/logo\/image\/\",\"url\":\"https:\/\/servicesforpharmacies.com\/wp-content\/uploads\/2020\/07\/logo-eng.jpg\",\"contentUrl\":\"https:\/\/servicesforpharmacies.com\/wp-content\/uploads\/2020\/07\/logo-eng.jpg\",\"width\":398,\"height\":90,\"caption\":\"VitalPlusActive Group Ltd\"},\"image\":{\"@id\":\"https:\/\/servicesforpharmacies.com\/#\/schema\/logo\/image\/\"}}]}<\/script>\n<!-- \/ Yoast SEO Premium plugin. -->","yoast_head_json":{"title":"Servizio di prevenzione in Farmacia ? : Problemi con i capelli ??","description":"Servizio di prevenzione in farmacia ti permette di prenotare un check-up on-line nella farmacia pi\u00f9 vicina a te. \u27a1\ufe0f Prenota ora \u00e8 GRATUITO!\u2705","robots":{"index":"index","follow":"follow","max-snippet":"max-snippet:-1","max-image-preview":"max-image-preview:large","max-video-preview":"max-video-preview:-1"},"canonical":"https:\/\/servicesforpharmacies.com\/it\/","og_locale":"it_IT","og_type":"article","og_title":"Servizio di prevenzione","og_description":"Servizio di prevenzione in farmacia ti permette di prenotare un check-up on-line nella farmacia pi\u00f9 vicina a te. \u27a1\ufe0f Prenota ora \u00e8 GRATUITO!\u2705","og_url":"https:\/\/servicesforpharmacies.com\/it\/","og_site_name":"Services for pharmacies","article_modified_time":"2025-03-19T10:10:21+00:00","og_image":[{"width":715,"height":500,"url":"https:\/\/servicesforpharmacies.com\/wp-content\/uploads\/2020\/09\/caduta.jpg","type":"image\/jpeg"}],"twitter_card":"summary_large_image","twitter_misc":{"Tempo di lettura stimato":"3 minuti"},"schema":{"@context":"https:\/\/schema.org","@graph":[{"@type":"WebPage","@id":"https:\/\/servicesforpharmacies.com\/it\/","url":"https:\/\/servicesforpharmacies.com\/it\/","name":"Servizio di prevenzione in Farmacia ? : Problemi con i capelli ??","isPartOf":{"@id":"https:\/\/servicesforpharmacies.com\/#website"},"primaryImageOfPage":{"@id":"https:\/\/servicesforpharmacies.com\/it\/#primaryimage"},"image":{"@id":"https:\/\/servicesforpharmacies.com\/it\/#primaryimage"},"thumbnailUrl":"https:\/\/servicesforpharmacies.com\/wp-content\/uploads\/2020\/09\/caduta.jpg","datePublished":"2020-07-30T19:33:37+00:00","dateModified":"2025-03-19T10:10:21+00:00","description":"Servizio di prevenzione in farmacia ti permette di prenotare un check-up on-line nella farmacia pi\u00f9 vicina a te. \u27a1\ufe0f Prenota ora \u00e8 GRATUITO!\u2705","breadcrumb":{"@id":"https:\/\/servicesforpharmacies.com\/it\/#breadcrumb"},"inLanguage":"it-IT","potentialAction":[{"@type":"ReadAction","target":["https:\/\/servicesforpharmacies.com\/it\/"]}]},{"@type":"ImageObject","inLanguage":"it-IT","@id":"https:\/\/servicesforpharmacies.com\/it\/#primaryimage","url":"https:\/\/servicesforpharmacies.com\/wp-content\/uploads\/2020\/09\/caduta.jpg","contentUrl":"https:\/\/servicesforpharmacies.com\/wp-content\/uploads\/2020\/09\/caduta.jpg","width":715,"height":500,"caption":"Servizio di prevenzione"},{"@type":"BreadcrumbList","@id":"https:\/\/servicesforpharmacies.com\/it\/#breadcrumb","itemListElement":[{"@type":"ListItem","position":1,"name":"Home","item":"https:\/\/servicesforpharmacies.com\/it\/"},{"@type":"ListItem","position":2,"name":"Servizio di prevenzione"}]},{"@type":"WebSite","@id":"https:\/\/servicesforpharmacies.com\/#website","url":"https:\/\/servicesforpharmacies.com\/","name":"Services for pharmacies","description":"","publisher":{"@id":"https:\/\/servicesforpharmacies.com\/#organization"},"potentialAction":[{"@type":"SearchAction","target":{"@type":"EntryPoint","urlTemplate":"https:\/\/servicesforpharmacies.com\/?s={search_term_string}"},"query-input":{"@type":"PropertyValueSpecification","valueRequired":true,"valueName":"search_term_string"}}],"inLanguage":"it-IT"},{"@type":"Organization","@id":"https:\/\/servicesforpharmacies.com\/#organization","name":"VitalPlusActive Group Ltd","url":"https:\/\/servicesforpharmacies.com\/","logo":{"@type":"ImageObject","inLanguage":"it-IT","@id":"https:\/\/servicesforpharmacies.com\/#\/schema\/logo\/image\/","url":"https:\/\/servicesforpharmacies.com\/wp-content\/uploads\/2020\/07\/logo-eng.jpg","contentUrl":"https:\/\/servicesforpharmacies.com\/wp-content\/uploads\/2020\/07\/logo-eng.jpg","width":398,"height":90,"caption":"VitalPlusActive Group Ltd"},"image":{"@id":"https:\/\/servicesforpharmacies.com\/#\/schema\/logo\/image\/"}}]}},"_links":{"self":[{"href":"https:\/\/servicesforpharmacies.com\/it\/wp-json\/wp\/v2\/pages\/140","targetHints":{"allow":["GET"]}}],"collection":[{"href":"https:\/\/servicesforpharmacies.com\/it\/wp-json\/wp\/v2\/pages"}],"about":[{"href":"https:\/\/servicesforpharmacies.com\/it\/wp-json\/wp\/v2\/types\/page"}],"author":[{"embeddable":true,"href":"https:\/\/servicesforpharmacies.com\/it\/wp-json\/wp\/v2\/users\/2"}],"replies":[{"embeddable":true,"href":"https:\/\/servicesforpharmacies.com\/it\/wp-json\/wp\/v2\/comments?post=140"}],"version-history":[{"count":0,"href":"https:\/\/servicesforpharmacies.com\/it\/wp-json\/wp\/v2\/pages\/140\/revisions"}],"wp:featuredmedia":[{"embeddable":true,"href":"https:\/\/servicesforpharmacies.com\/it\/wp-json\/wp\/v2\/media\/8703"}],"wp:attachment":[{"href":"https:\/\/servicesforpharmacies.com\/it\/wp-json\/wp\/v2\/media?parent=140"}],"curies":[{"name":"wp","href":"https:\/\/api.w.org\/{rel}","templated":true}]}}