{"id":688182,"date":"2025-03-12T07:33:26","date_gmt":"2025-03-12T07:33:26","guid":{"rendered":"https:\/\/servicesforpharmacies.com\/velemenyek\/"},"modified":"2025-08-25T14:07:27","modified_gmt":"2025-08-25T14:07:27","slug":"velemenyek","status":"publish","type":"page","link":"https:\/\/servicesforpharmacies.com\/hu\/velemenyek\/","title":{"rendered":"V\u00e9lem\u00e9nyek"},"content":{"rendered":"\n<h1>\n\t\tT\u00d6BB MINT 80.000 \u00dcGYF\u00c9L MAGYARORSZ\u00c1GON\n\t<\/h1>\n<h2>\n\t\tN\u00c9ZD MEG TAPASZTALATAINKAT!\n\t<\/h2>\n\tM\u00e1r 26 \u00e9ve seg\u00edt\u00fcnk az embereknek jav\u00edtani a hajuk \u00e9s a fejb\u0151r\u00fck eg\u00e9szs\u00e9g\u00e9t.<br \/>\nINGYENES \u00e1llapotfelm\u00e9r\u00e9s a gy\u00f3gyszert\u00e1rban &#8211; szem\u00e9lyre szabott szakmai tan\u00e1csad\u00e1s neked.<br \/>\nN\u00e9zd meg a val\u00f3s eredm\u00e9nyeket, \u00e9s tudd meg, hogyan jav\u00edthatsz a hajad eg\u00e9szs\u00e9g\u00e9n.<br \/>\nSzakmai, \u00e1tl\u00e1that\u00f3 \u00e9s szem\u00e9lyre szabott tan\u00e1csad\u00e1s.\n\t\t\t<a href=\"https:\/\/servicesforpharmacies.com\/hu\/picker\/\" target=\"_blank\" rel=\"noopener\">\n\t\t\t\t\t\t\tK\u00e9rj INGYENES \u00e1llapotfelm\u00e9r\u00e9st a gy\u00f3gyszert\u00e1rban\n\t\t\t\t\t<\/a>\n<h2>\n\t\tHogyan zajlik az \u00e1llapotfelm\u00e9r\u00e9s?\n\t<\/h2>\n\t<p>R\u00f6vid bemutat\u00f3 a dermovisorral v\u00e9gzett vizsg\u00e1latr\u00f3l &#8211; Hogyan \u00e9rt\u00e9kelj\u00fck a sz\u0151rt\u00fcsz\u0151- \u00e9s faggy\u00famirigy rendszert?<\/p>\n\t\t<h4>\n\t\t\tModal Box\n\t\t\t\t\t<\/h4>\n\t\t<h5>modal-<\/h5>\n\t\tClick here to edit the &#8220;modal-box&#8221; settings. This text is only for editing and will not appear after you publish the changes.\t\n\t\t\t\t\t\tPreview\n\t\t\tmodal-\n\t\t<h2>\n\t\tMIEL\u0150TT ELMENNE&#8230; TUDJA MEG, HOGY HOGYAN SEG\u00cdTETT\u00dcNK M\u00c1SOKNAK!\n\t<\/h2>\n\t<p>T\u00f6bb mint 300.000 \u00fcgyf\u00e9l Olaszorsz\u00e1gban \u00e9s 700.000 Eur\u00f3p\u00e1ban m\u00e1r elv\u00e9gezte az \u00e1llapotfelm\u00e9r\u00e9st, \u00e9s megtal\u00e1lta a megfelel\u0151 megold\u00e1st a haj eg\u00e9szs\u00e9g\u00e9re.<\/p>\n<p>N\u00e9zd meg tapasztalataikat, \u00e9s tudd meg, hogyan seg\u00edthet\u00fcnk neked is!<\/p>\n\t\t\t\t<img loading=\"lazy\" decoding=\"async\" width=\"300\" height=\"158\" src=\"https:\/\/servicesforpharmacies.com\/wp-content\/uploads\/2025\/03\/before-after-Ricrescita-capelli-1-300x158.jpg\" alt=\"before-after-Ricrescita-capelli-1\" itemprop=\"image\" title=\"before-after-Ricrescita-capelli-1\" onerror=\"this.style.display='none'\" srcset=\"https:\/\/servicesforpharmacies.com\/wp-content\/uploads\/2025\/03\/before-after-Ricrescita-capelli-1-300x158.jpg 300w, https:\/\/servicesforpharmacies.com\/wp-content\/uploads\/2025\/03\/before-after-Ricrescita-capelli-1-1024x538.jpg 1024w, https:\/\/servicesforpharmacies.com\/wp-content\/uploads\/2025\/03\/before-after-Ricrescita-capelli-1-768x403.jpg 768w, https:\/\/servicesforpharmacies.com\/wp-content\/uploads\/2025\/03\/before-after-Ricrescita-capelli-1-95x50.jpg 95w, https:\/\/servicesforpharmacies.com\/wp-content\/uploads\/2025\/03\/before-after-Ricrescita-capelli-1.jpg 1200w\" sizes=\"auto, (max-width: 300px) 100vw, 300px\" \/>\n\t\t\t\t<img loading=\"lazy\" decoding=\"async\" width=\"300\" height=\"158\" src=\"https:\/\/servicesforpharmacies.com\/wp-content\/uploads\/2025\/03\/before-after-Ispadanje-las-1-300x158.jpg\" alt=\"before-after-Ispadanje-las-1\" itemprop=\"image\" title=\"before-after-Ispadanje-las-1\" onerror=\"this.style.display='none'\" srcset=\"https:\/\/servicesforpharmacies.com\/wp-content\/uploads\/2025\/03\/before-after-Ispadanje-las-1-300x158.jpg 300w, https:\/\/servicesforpharmacies.com\/wp-content\/uploads\/2025\/03\/before-after-Ispadanje-las-1-1024x538.jpg 1024w, https:\/\/servicesforpharmacies.com\/wp-content\/uploads\/2025\/03\/before-after-Ispadanje-las-1-768x403.jpg 768w, https:\/\/servicesforpharmacies.com\/wp-content\/uploads\/2025\/03\/before-after-Ispadanje-las-1-95x50.jpg 95w, https:\/\/servicesforpharmacies.com\/wp-content\/uploads\/2025\/03\/before-after-Ispadanje-las-1.jpg 1200w\" sizes=\"auto, (max-width: 300px) 100vw, 300px\" \/>\n\t\t\t\t<img loading=\"lazy\" decoding=\"async\" width=\"300\" height=\"158\" src=\"https:\/\/servicesforpharmacies.com\/wp-content\/uploads\/2025\/03\/before-after-opadanje-kose-1-300x158.jpg\" alt=\"before-after-opadanje-kose-1\" itemprop=\"image\" title=\"before-after-opadanje-kose-1\" onerror=\"this.style.display='none'\" srcset=\"https:\/\/servicesforpharmacies.com\/wp-content\/uploads\/2025\/03\/before-after-opadanje-kose-1-300x158.jpg 300w, https:\/\/servicesforpharmacies.com\/wp-content\/uploads\/2025\/03\/before-after-opadanje-kose-1-1024x538.jpg 1024w, https:\/\/servicesforpharmacies.com\/wp-content\/uploads\/2025\/03\/before-after-opadanje-kose-1-768x403.jpg 768w, https:\/\/servicesforpharmacies.com\/wp-content\/uploads\/2025\/03\/before-after-opadanje-kose-1-95x50.jpg 95w, https:\/\/servicesforpharmacies.com\/wp-content\/uploads\/2025\/03\/before-after-opadanje-kose-1.jpg 1200w\" sizes=\"auto, (max-width: 300px) 100vw, 300px\" \/>\n\t<p>\u00c1tl\u00e1that\u00f3 \u00e9s szakmai &#8211; nincs bombasztikus \u00edg\u00e9ret, csak konkr\u00e9t eredm\u00e9nyek.<\/p>\n<p>N\u00e9zd meg a tapasztalatokat, \u00e9s tudd meg, hogyan zajlik az \u00e1llapotfelm\u00e9r\u00e9s a gy\u00f3gyszert\u00e1rban.<\/p>\n<p>Kattints al\u00e1bb \u00e9s n\u00e9zd meg a val\u00f3s eredm\u00e9nyeket!<\/p>\n\t\t\t<a href=\"\/hu\/ugyfelek\/\" target=\"_self\">\n\t\t\t\t\t\t\tELLEN\u0150RIZD A V\u00c1S\u00c1RL\u00d3I TAPASZTALATOKAT   \n\t\t\t\t\t<\/a>\n\t\t\t<a href=\"\/hu\/picker\/\" target=\"_self\">\n\t\t\t\t\t\t\tNEM, TOV\u00c1BBRA IS INFORM\u00c1CI\u00d3 N\u00c9LK\u00dcL FOLYTATOM\n\t\t\t\t\t<\/a>\n\t<iframe loading=\"lazy\" title=\"Free Scalp Hair Check-Up at Your Local Pharmacy | Special Services for Pharmacies\" width=\"500\" height=\"281\" src=\"https:\/\/www.youtube.com\/embed\/v3xs6eepUmA?feature=oembed\" frameborder=\"0\" allow=\"accelerometer; autoplay; clipboard-write; encrypted-media; gyroscope; picture-in-picture; web-share\" referrerpolicy=\"strict-origin-when-cross-origin\" allowfullscreen><\/iframe>\n<h2>\n\t\tSZEM\u00c9LYRE SZABOTT TAN\u00c1CSAD\u00c1S AZ IG\u00c9NYEIDHEZ\n\t<\/h2>\n\t\t\t<a href=\"\" target=\"_self\">\n\t\t\t\t\t\t\tSzak\u00e9rtelem   \n\t\t\t\t\t<\/a>\n\t\t\t<a href=\"\" target=\"_self\">\n\t\t\t\t\t\t\tEg\u00e9szs\u00e9g   \n\t\t\t\t\t<\/a>\n\t\t\t<a href=\"\" target=\"_self\">\n\t\t\t\t\t\t\tTan\u00e1csad\u00e1s\n\t\t\t\t\t<\/a>\n\t<p>Szakmai \u00e9rt\u00e9kel\u00e9s a fejb\u0151r \u00e9s a haj \u00e1llapot\u00e1r\u00f3l, valamint a haj eg\u00e9szs\u00e9g\u00e9t befoly\u00e1sol\u00f3 t\u00e9nyez\u0151kr\u0151l.<br data-start=\"316\" data-end=\"319\" \/>Szem\u00e9lyre szabott tan\u00e1csok a rendelleness\u00e9g megold\u00e1s\u00e1hoz.<\/p>\n\t\t\t<a href=\"https:\/\/servicesforpharmacies.com\/hu\/picker\/\" target=\"_blank\" rel=\"noopener\">\n\t\t\t\t\t\t\tK\u00e9rj egy INGYENES \u00e1llapotfelm\u00e9r\u00e9st a gy\u00f3gyszert\u00e1rban!\n\t\t\t\t\t<\/a>\n<h2>\n\t\tV\u00e1s\u00e1rl\u00f3i tapasztalatok\n\t<\/h2>\n\t<p>Val\u00f3s eredm\u00e9nyek 3+ h\u00f3nap megfelel\u0151 \u00e1pol\u00e1s ut\u00e1n.<\/p>\n\t\t\t\t<img loading=\"lazy\" decoding=\"async\" src=\"https:\/\/servicesforpharmacies.com\/wp-content\/uploads\/2025\/03\/before-after-1200x630-107.jpg\" alt=\"before-after-1200x630-107\" itemprop=\"image\" height=\"630\" width=\"1200\" title=\"before-after-1200x630-107\" onerror=\"this.style.display='none'\"  \/>\n\t&#8220;4 h\u00f3nap megfelel\u0151 \u00e1pol\u00e1s ut\u00e1n a hajam er\u0151sebb\u00e9 \u00e9s d\u00fasabb\u00e1 v\u00e1lt.&#8221;<br \/>\n<strong>Katalin, 42 \u00e9ves<\/strong>\n\t\t\t\t<img loading=\"lazy\" decoding=\"async\" src=\"https:\/\/servicesforpharmacies.com\/wp-content\/uploads\/2025\/03\/before-after-1200x630-117.jpg\" alt=\"before-after-1200x630-117\" itemprop=\"image\" height=\"630\" width=\"1200\" title=\"before-after-1200x630-117\" onerror=\"this.style.display='none'\"  \/>\n\t&#8220;A korp\u00e1sod\u00e1s \u00e9s a fejb\u0151r viszket\u00e9se cs\u00f6kkent, miut\u00e1n megv\u00e1ltoztattam a szok\u00e1saimat.&#8221;<br \/>\n<strong>Istv\u00e1n, 37 \u00e9ves<\/strong>\n\t\t\t\t<img loading=\"lazy\" decoding=\"async\" src=\"https:\/\/servicesforpharmacies.com\/wp-content\/uploads\/2025\/03\/before-after-1200x630-111.jpg\" alt=\"before-after-1200x630-111\" itemprop=\"image\" height=\"630\" width=\"1200\" title=\"before-after-1200x630-111\" onerror=\"this.style.display='none'\"  \/>\n\t&#8220;Teljesen k\u00e9ts\u00e9gbeestem, amikor elvesztettem a hajam&#8230; az \u00e1llapotfelm\u00e9r\u00e9s er\u0151t adott!&#8221;<br \/>\n<strong>Anna, 29 \u00e9ves<\/strong>\n\t<p>Ez csak n\u00e9h\u00e1ny eredm\u00e9ny! N\u00e9zz meg m\u00e9g t\u00f6bb val\u00f3s tapasztalatot!<\/p>\n\t\t\t<a href=\"\/hu\/ugyfelek\/\" target=\"_blank\" rel=\"noopener\">\n\t\t\t\t\t\t\t N\u00e9zd meg az \u00f6sszes v\u00e9lem\u00e9nyt (85 db)!\n\t\t\t\t\t<\/a>\n<h2>\n\t\tHogyan m\u0171k\u00f6dik az \u00e1llapotfelm\u00e9r\u00e9s a gy\u00f3gyszert\u00e1rban?\n\t<\/h2>\n\t<strong data-start=\"576\" data-end=\"599\">Foglalj id\u0151pontot<\/strong> &#8211; V\u00e1lassz egy partner gy\u00f3gyszert\u00e1rat, \u00e9s jelentkezz be egy ingyenes \u00e1llapotfelm\u00e9r\u00e9sre.\n<strong data-start=\"693\" data-end=\"730\">15 perces szakmai \u00e1llapotfelm\u00e9r\u00e9s<\/strong> &#8211; Tan\u00e1csad\u00f3ink \u00e9rt\u00e9kelik a fejb\u0151r\u00f6d \u00e9s hajad \u00e1llapot\u00e1t, \u00e9s megbesz\u00e9lik a probl\u00e9m\u00e1k lehets\u00e9ges okait.\n<strong data-start=\"838\" data-end=\"859\">Szakmai aj\u00e1nl\u00e1sok<\/strong> &#8211; Az \u00e1llapotfelm\u00e9r\u00e9s alapj\u00e1n szem\u00e9lyre szabott \u00fatmutat\u00e1st kapsz a helyes \u00e1pol\u00e1sr\u00f3l.\nAz \u00e1llapotfelm\u00e9r\u00e9s 15 percig tart.\n\t\t\t<a href=\"https:\/\/servicesforpharmacies.com\/hu\/picker\/\" target=\"_blank\" rel=\"noopener\">\n\t\t\t\t\t\t\t k\u00e9rj egy INGYENES \u00e1llapotfelm\u00e9r\u00e9st a gy\u00f3gyszert\u00e1rban!\n\t\t\t\t\t<\/a>\n<h2>\n\t\tMi\u00e9rt v\u00e1laszd a haj\u00e1pol\u00e1si \u00e1llapotfelm\u00e9r\u00e9s\u00fcnket?\n\t<\/h2>\n\t<p>T\u00f6bb mint 26 \u00e9v tapasztalat &#8211; \u00c9vente t\u00f6bb mint 700.000 \u00e1llapotfelm\u00e9r\u00e9s Eur\u00f3p\u00e1ban.<br data-start=\"512\" data-end=\"515\" \/>80.000 \u00fcgyf\u00e9l Magyarorsz\u00e1gon &#8211; Szakmai tan\u00e1csad\u00f3k a gy\u00f3gyszert\u00e1rakban.<br data-start=\"585\" data-end=\"588\" \/>85 val\u00f3s v\u00e9lem\u00e9ny &#8211; Val\u00f3s eredm\u00e9nyek bemutat\u00e1sa hossz\u00fa t\u00e1v\u00fa javul\u00e1ssal.<br data-start=\"663\" data-end=\"666\" \/>Az \u00e1llapotfelm\u00e9r\u00e9s ingyenes \u00e9s v\u00e1s\u00e1rl\u00e1si k\u00f6telezetts\u00e9g n\u00e9lk\u00fcli.<\/p>\n<p><a href=\"https:\/\/servicesforpharmacies.com\/hu\/ugyfelek\">Tudjon meg t\u00f6bbet<\/a><\/p>\n\n<h2>\n\t\tGyakran Ism\u00e9telt K\u00e9rd\u00e9sek (FAQ)\n\t<\/h2>\n\t\t\t\tMennyi ideig tart az \u00e1llapotfelm\u00e9r\u00e9s?\n<article id=\"fl-post-688182\">\nKb. 15 perc, az el\u0151re egyeztetett id\u0151pontban a gy\u00f3gyszert\u00e1rban.\n<\/article>\n\t\t\t\tKell v\u00e1s\u00e1rolnom term\u00e9keket az \u00e1llapotfelm\u00e9r\u00e9s ut\u00e1n?\n<article id=\"fl-post-688182\">\nNem! Az \u00e1llapotfelm\u00e9r\u00e9s ingyenes \u00e9s v\u00e1s\u00e1rl\u00e1si k\u00f6telezetts\u00e9g n\u00e9lk\u00fcli.\n<\/article>\n\t\t\t\tMennyi id\u0151 ut\u00e1n v\u00e1rhat\u00f3k eredm\u00e9nyek?\n\t\t\t\t\t<section data-id=\"db5a60f\" data-element_type=\"section\">\n<p>Minden haj m\u00e1s, de a l\u00e1that\u00f3 v\u00e1ltoz\u00e1sok \u00e1ltal\u00e1ban 3-6 h\u00f3nap megfelel\u0151 kezel\u00e9s ut\u00e1n jelentkeznek.<\/p>\n<\/section>\n\n","protected":false},"excerpt":{"rendered":"<p>T\u00d6BB MINT 80.000 \u00dcGYF\u00c9L MAGYARORSZ\u00c1GON N\u00c9ZD MEG TAPASZTALATAINKAT! M\u00e1r 26 \u00e9ve seg\u00edt\u00fcnk az embereknek jav\u00edtani a hajuk \u00e9s a fejb\u0151r\u00fck eg\u00e9szs\u00e9g\u00e9t. INGYENES \u00e1llapotfelm\u00e9r\u00e9s a gy\u00f3gyszert\u00e1rban &#8211; szem\u00e9lyre szabott szakmai tan\u00e1csad\u00e1s neked. N\u00e9zd meg a val\u00f3s eredm\u00e9nyeket, \u00e9s tudd meg, hogyan jav\u00edthatsz a hajad eg\u00e9szs\u00e9g\u00e9n. Szakmai, \u00e1tl\u00e1that\u00f3 \u00e9s szem\u00e9lyre szabott tan\u00e1csad\u00e1s. K\u00e9rj INGYENES \u00e1llapotfelm\u00e9r\u00e9st a gy\u00f3gyszert\u00e1rban&hellip;<\/p>\n","protected":false},"author":1,"featured_media":0,"parent":0,"menu_order":0,"comment_status":"closed","ping_status":"closed","template":"","meta":{"_acf_changed":false,"footnotes":""},"class_list":["post-688182","page","type-page","status-publish","hentry"],"acf":[],"yoast_head":"<!-- This site is optimized with the Yoast SEO Premium plugin v22.9 (Yoast SEO v27.0) - https:\/\/yoast.com\/product\/yoast-seo-premium-wordpress\/ -->\n<title>V\u00e9lem\u00e9nyek | Services for pharmacies<\/title>\n<meta name=\"robots\" content=\"index, follow, max-snippet:-1, max-image-preview:large, max-video-preview:-1\" \/>\n<link rel=\"canonical\" href=\"https:\/\/servicesforpharmacies.com\/hu\/velemenyek\/\" \/>\n<meta property=\"og:locale\" content=\"hu_HU\" \/>\n<meta property=\"og:type\" content=\"article\" \/>\n<meta property=\"og:title\" content=\"V\u00e9lem\u00e9nyek\" \/>\n<meta property=\"og:description\" content=\"T\u00d6BB MINT 80.000 \u00dcGYF\u00c9L MAGYARORSZ\u00c1GON N\u00c9ZD MEG TAPASZTALATAINKAT! M\u00e1r 26 \u00e9ve seg\u00edt\u00fcnk az embereknek jav\u00edtani a hajuk \u00e9s a fejb\u0151r\u00fck eg\u00e9szs\u00e9g\u00e9t. INGYENES \u00e1llapotfelm\u00e9r\u00e9s a gy\u00f3gyszert\u00e1rban &#8211; szem\u00e9lyre szabott szakmai tan\u00e1csad\u00e1s neked. N\u00e9zd meg a val\u00f3s eredm\u00e9nyeket, \u00e9s tudd meg, hogyan jav\u00edthatsz a hajad eg\u00e9szs\u00e9g\u00e9n. Szakmai, \u00e1tl\u00e1that\u00f3 \u00e9s szem\u00e9lyre szabott tan\u00e1csad\u00e1s. K\u00e9rj INGYENES \u00e1llapotfelm\u00e9r\u00e9st a gy\u00f3gyszert\u00e1rban&hellip;\" \/>\n<meta property=\"og:url\" content=\"https:\/\/servicesforpharmacies.com\/hu\/velemenyek\/\" \/>\n<meta property=\"og:site_name\" content=\"Services for pharmacies\" \/>\n<meta property=\"article:modified_time\" content=\"2025-08-25T14:07:27+00:00\" \/>\n<meta property=\"og:image\" content=\"https:\/\/servicesforpharmacies.com\/wp-content\/uploads\/2025\/03\/before-after-Ricrescita-capelli-1-300x158.jpg\" \/>\n<meta name=\"twitter:card\" content=\"summary_large_image\" \/>\n<meta name=\"twitter:label1\" content=\"Becs\u00fclt olvas\u00e1si id\u0151\" \/>\n\t<meta name=\"twitter:data1\" content=\"4 perc\" \/>\n<script type=\"application\/ld+json\" class=\"yoast-schema-graph\">{\"@context\":\"https:\/\/schema.org\",\"@graph\":[{\"@type\":\"WebPage\",\"@id\":\"https:\/\/servicesforpharmacies.com\/hu\/velemenyek\/\",\"url\":\"https:\/\/servicesforpharmacies.com\/hu\/velemenyek\/\",\"name\":\"V\u00e9lem\u00e9nyek | Services for pharmacies\",\"isPartOf\":{\"@id\":\"https:\/\/servicesforpharmacies.com\/#website\"},\"primaryImageOfPage\":{\"@id\":\"https:\/\/servicesforpharmacies.com\/hu\/velemenyek\/#primaryimage\"},\"image\":{\"@id\":\"https:\/\/servicesforpharmacies.com\/hu\/velemenyek\/#primaryimage\"},\"thumbnailUrl\":\"https:\/\/servicesforpharmacies.com\/wp-content\/uploads\/2025\/03\/before-after-Ricrescita-capelli-1-300x158.jpg\",\"datePublished\":\"2025-03-12T07:33:26+00:00\",\"dateModified\":\"2025-08-25T14:07:27+00:00\",\"breadcrumb\":{\"@id\":\"https:\/\/servicesforpharmacies.com\/hu\/velemenyek\/#breadcrumb\"},\"inLanguage\":\"hu\",\"potentialAction\":[{\"@type\":\"ReadAction\",\"target\":[\"https:\/\/servicesforpharmacies.com\/hu\/velemenyek\/\"]}]},{\"@type\":\"ImageObject\",\"inLanguage\":\"hu\",\"@id\":\"https:\/\/servicesforpharmacies.com\/hu\/velemenyek\/#primaryimage\",\"url\":\"https:\/\/servicesforpharmacies.com\/wp-content\/uploads\/2025\/03\/before-after-Ricrescita-capelli-1-300x158.jpg\",\"contentUrl\":\"https:\/\/servicesforpharmacies.com\/wp-content\/uploads\/2025\/03\/before-after-Ricrescita-capelli-1-300x158.jpg\"},{\"@type\":\"BreadcrumbList\",\"@id\":\"https:\/\/servicesforpharmacies.com\/hu\/velemenyek\/#breadcrumb\",\"itemListElement\":[{\"@type\":\"ListItem\",\"position\":1,\"name\":\"Home\",\"item\":\"https:\/\/servicesforpharmacies.com\/hu\/\"},{\"@type\":\"ListItem\",\"position\":2,\"name\":\"V\u00e9lem\u00e9nyek\"}]},{\"@type\":\"WebSite\",\"@id\":\"https:\/\/servicesforpharmacies.com\/#website\",\"url\":\"https:\/\/servicesforpharmacies.com\/\",\"name\":\"Services for pharmacies\",\"description\":\"\",\"publisher\":{\"@id\":\"https:\/\/servicesforpharmacies.com\/#organization\"},\"potentialAction\":[{\"@type\":\"SearchAction\",\"target\":{\"@type\":\"EntryPoint\",\"urlTemplate\":\"https:\/\/servicesforpharmacies.com\/?s={search_term_string}\"},\"query-input\":{\"@type\":\"PropertyValueSpecification\",\"valueRequired\":true,\"valueName\":\"search_term_string\"}}],\"inLanguage\":\"hu\"},{\"@type\":\"Organization\",\"@id\":\"https:\/\/servicesforpharmacies.com\/#organization\",\"name\":\"VitalPlusActive Group Ltd\",\"url\":\"https:\/\/servicesforpharmacies.com\/\",\"logo\":{\"@type\":\"ImageObject\",\"inLanguage\":\"hu\",\"@id\":\"https:\/\/servicesforpharmacies.com\/#\/schema\/logo\/image\/\",\"url\":\"https:\/\/servicesforpharmacies.com\/wp-content\/uploads\/2020\/07\/logo-eng.jpg\",\"contentUrl\":\"https:\/\/servicesforpharmacies.com\/wp-content\/uploads\/2020\/07\/logo-eng.jpg\",\"width\":398,\"height\":90,\"caption\":\"VitalPlusActive Group Ltd\"},\"image\":{\"@id\":\"https:\/\/servicesforpharmacies.com\/#\/schema\/logo\/image\/\"}}]}<\/script>\n<!-- \/ Yoast SEO Premium plugin. -->","yoast_head_json":{"title":"V\u00e9lem\u00e9nyek | Services for pharmacies","robots":{"index":"index","follow":"follow","max-snippet":"max-snippet:-1","max-image-preview":"max-image-preview:large","max-video-preview":"max-video-preview:-1"},"canonical":"https:\/\/servicesforpharmacies.com\/hu\/velemenyek\/","og_locale":"hu_HU","og_type":"article","og_title":"V\u00e9lem\u00e9nyek","og_description":"T\u00d6BB MINT 80.000 \u00dcGYF\u00c9L MAGYARORSZ\u00c1GON N\u00c9ZD MEG TAPASZTALATAINKAT! M\u00e1r 26 \u00e9ve seg\u00edt\u00fcnk az embereknek jav\u00edtani a hajuk \u00e9s a fejb\u0151r\u00fck eg\u00e9szs\u00e9g\u00e9t. INGYENES \u00e1llapotfelm\u00e9r\u00e9s a gy\u00f3gyszert\u00e1rban &#8211; szem\u00e9lyre szabott szakmai tan\u00e1csad\u00e1s neked. N\u00e9zd meg a val\u00f3s eredm\u00e9nyeket, \u00e9s tudd meg, hogyan jav\u00edthatsz a hajad eg\u00e9szs\u00e9g\u00e9n. Szakmai, \u00e1tl\u00e1that\u00f3 \u00e9s szem\u00e9lyre szabott tan\u00e1csad\u00e1s. K\u00e9rj INGYENES \u00e1llapotfelm\u00e9r\u00e9st a gy\u00f3gyszert\u00e1rban&hellip;","og_url":"https:\/\/servicesforpharmacies.com\/hu\/velemenyek\/","og_site_name":"Services for pharmacies","article_modified_time":"2025-08-25T14:07:27+00:00","og_image":[{"url":"https:\/\/servicesforpharmacies.com\/wp-content\/uploads\/2025\/03\/before-after-Ricrescita-capelli-1-300x158.jpg","type":"","width":"","height":""}],"twitter_card":"summary_large_image","twitter_misc":{"Becs\u00fclt olvas\u00e1si id\u0151":"4 perc"},"schema":{"@context":"https:\/\/schema.org","@graph":[{"@type":"WebPage","@id":"https:\/\/servicesforpharmacies.com\/hu\/velemenyek\/","url":"https:\/\/servicesforpharmacies.com\/hu\/velemenyek\/","name":"V\u00e9lem\u00e9nyek | Services for pharmacies","isPartOf":{"@id":"https:\/\/servicesforpharmacies.com\/#website"},"primaryImageOfPage":{"@id":"https:\/\/servicesforpharmacies.com\/hu\/velemenyek\/#primaryimage"},"image":{"@id":"https:\/\/servicesforpharmacies.com\/hu\/velemenyek\/#primaryimage"},"thumbnailUrl":"https:\/\/servicesforpharmacies.com\/wp-content\/uploads\/2025\/03\/before-after-Ricrescita-capelli-1-300x158.jpg","datePublished":"2025-03-12T07:33:26+00:00","dateModified":"2025-08-25T14:07:27+00:00","breadcrumb":{"@id":"https:\/\/servicesforpharmacies.com\/hu\/velemenyek\/#breadcrumb"},"inLanguage":"hu","potentialAction":[{"@type":"ReadAction","target":["https:\/\/servicesforpharmacies.com\/hu\/velemenyek\/"]}]},{"@type":"ImageObject","inLanguage":"hu","@id":"https:\/\/servicesforpharmacies.com\/hu\/velemenyek\/#primaryimage","url":"https:\/\/servicesforpharmacies.com\/wp-content\/uploads\/2025\/03\/before-after-Ricrescita-capelli-1-300x158.jpg","contentUrl":"https:\/\/servicesforpharmacies.com\/wp-content\/uploads\/2025\/03\/before-after-Ricrescita-capelli-1-300x158.jpg"},{"@type":"BreadcrumbList","@id":"https:\/\/servicesforpharmacies.com\/hu\/velemenyek\/#breadcrumb","itemListElement":[{"@type":"ListItem","position":1,"name":"Home","item":"https:\/\/servicesforpharmacies.com\/hu\/"},{"@type":"ListItem","position":2,"name":"V\u00e9lem\u00e9nyek"}]},{"@type":"WebSite","@id":"https:\/\/servicesforpharmacies.com\/#website","url":"https:\/\/servicesforpharmacies.com\/","name":"Services for pharmacies","description":"","publisher":{"@id":"https:\/\/servicesforpharmacies.com\/#organization"},"potentialAction":[{"@type":"SearchAction","target":{"@type":"EntryPoint","urlTemplate":"https:\/\/servicesforpharmacies.com\/?s={search_term_string}"},"query-input":{"@type":"PropertyValueSpecification","valueRequired":true,"valueName":"search_term_string"}}],"inLanguage":"hu"},{"@type":"Organization","@id":"https:\/\/servicesforpharmacies.com\/#organization","name":"VitalPlusActive Group Ltd","url":"https:\/\/servicesforpharmacies.com\/","logo":{"@type":"ImageObject","inLanguage":"hu","@id":"https:\/\/servicesforpharmacies.com\/#\/schema\/logo\/image\/","url":"https:\/\/servicesforpharmacies.com\/wp-content\/uploads\/2020\/07\/logo-eng.jpg","contentUrl":"https:\/\/servicesforpharmacies.com\/wp-content\/uploads\/2020\/07\/logo-eng.jpg","width":398,"height":90,"caption":"VitalPlusActive Group Ltd"},"image":{"@id":"https:\/\/servicesforpharmacies.com\/#\/schema\/logo\/image\/"}}]}},"_links":{"self":[{"href":"https:\/\/servicesforpharmacies.com\/hu\/wp-json\/wp\/v2\/pages\/688182","targetHints":{"allow":["GET"]}}],"collection":[{"href":"https:\/\/servicesforpharmacies.com\/hu\/wp-json\/wp\/v2\/pages"}],"about":[{"href":"https:\/\/servicesforpharmacies.com\/hu\/wp-json\/wp\/v2\/types\/page"}],"author":[{"embeddable":true,"href":"https:\/\/servicesforpharmacies.com\/hu\/wp-json\/wp\/v2\/users\/1"}],"replies":[{"embeddable":true,"href":"https:\/\/servicesforpharmacies.com\/hu\/wp-json\/wp\/v2\/comments?post=688182"}],"version-history":[{"count":3,"href":"https:\/\/servicesforpharmacies.com\/hu\/wp-json\/wp\/v2\/pages\/688182\/revisions"}],"predecessor-version":[{"id":736603,"href":"https:\/\/servicesforpharmacies.com\/hu\/wp-json\/wp\/v2\/pages\/688182\/revisions\/736603"}],"wp:attachment":[{"href":"https:\/\/servicesforpharmacies.com\/hu\/wp-json\/wp\/v2\/media?parent=688182"}],"curies":[{"name":"wp","href":"https:\/\/api.w.org\/{rel}","templated":true}]}}