{"id":65722,"date":"2021-01-12T07:11:00","date_gmt":"2021-01-12T07:11:00","guid":{"rendered":"http:\/\/servicesforpharmacies.com\/?page_id=65722"},"modified":"2023-03-09T10:13:21","modified_gmt":"2023-03-09T10:13:21","slug":"adatvedelmi-tajekoztato","status":"publish","type":"page","link":"https:\/\/servicesforpharmacies.com\/hu\/adatvedelmi-tajekoztato\/","title":{"rendered":"Adatv\u00e9delmi t\u00e1j\u00e9koztat\u00f3"},"content":{"rendered":"\n<section data-id=\"2445f3c\" data-element_type=\"section\">\n\n<strong>Bevezet\u00e9s:<\/strong> A\/Az Prelab Kft (2045 T\u00f6r\u00f6kb\u00e1lint, Kinizsi P\u00e1l u. 29, ad\u00f3sz\u00e1m: 12459779-2-43, c\u00e9gjegyz\u00e9ksz\u00e1m\/nyilv\u00e1ntart\u00e1si sz\u00e1m: 0109935375) (a tov\u00e1bbiakban: Szolg\u00e1ltat\u00f3, adatkezel\u0151) al\u00e1 veti mag\u00e1t a k\u00f6vetkez\u0151 szab\u00e1lyzatnak:<br>\nA term\u00e9szetes szem\u00e9lyeknek a szem\u00e9lyes adatok kezel\u00e9se tekintet\u00e9ben t\u00f6rt\u00e9n\u0151 v\u00e9delm\u00e9r\u0151l \u00e9s az ilyen adatok szabad \u00e1raml\u00e1s\u00e1r\u00f3l, valamint a 95\/46\/EK rendelet hat\u00e1lyon k\u00edv\u00fcl helyez\u00e9s\u00e9r\u0151l (\u00e1ltal\u00e1nos adatv\u00e9delmi rendelet) AZ EUR\u00d3PAI PARLAMENT \u00c9S A TAN\u00c1CS (EU) 2016\/679 RENDELETE (2016. \u00e1prilis 27.) szerint az al\u00e1bbi t\u00e1j\u00e9koztat\u00e1st adjuk.Jelen adatv\u00e9delmi szab\u00e1lyzat az al\u00e1bbi oldalak\/mobil alkalmaz\u00e1sok adatkezel\u00e9s\u00e9t szab\u00e1lyozza: https:\/\/www.prelab.hu\/Az adatv\u00e9delmi szab\u00e1lyzat el\u00e9rhet\u0151 az al\u00e1bbi oldalr\u00f3l: https:\/\/www.prelab.hu\/adatvedelemA szab\u00e1lyzat m\u00f3dos\u00edt\u00e1sai a fenti c\u00edmen t\u00f6rt\u00e9n\u0151 k\u00f6zz\u00e9t\u00e9tellel l\u00e9pnek hat\u00e1lyba.\n<strong>Az adatkezel\u0151 \u00e9s el\u00e9rhet\u0151s\u00e9gei<\/strong><br>\nN\u00e9v: Prelab Kft<br>\nSz\u00e9khely: 2045 T\u00f6r\u00f6kb\u00e1lint, Kinizsi P\u00e1l u. 29<br>\nE-mail: <a href=\"mailto:info@dermoconsultant.hu\">info@dermoconsultant.hu<\/a><br>\nTelefon: +36 70 770 1710\n<strong>Fogalom meghat\u00e1roz\u00e1sok<\/strong><br>\n1.\u201eszem\u00e9lyes adat&#8221;: azonos\u00edtott vagy azonos\u00edthat\u00f3 term\u00e9szetes szem\u00e9lyre (\u201e\u00e9rintett&#8221;) vonatkoz\u00f3 b\u00e1rmely inform\u00e1ci\u00f3;azonos\u00edthat\u00f3 az a term\u00e9szetes szem\u00e9ly, aki k\u00f6zvetlen vagy k\u00f6zvetett m\u00f3don, k\u00fcl\u00f6n\u00f6sen valamely azonos\u00edt\u00f3,p\u00e9ld\u00e1ul n\u00e9v, sz\u00e1m, helymeghat\u00e1roz\u00f3 adat, online azonos\u00edt\u00f3 vagy a term\u00e9szetes szem\u00e9ly testi, fiziol\u00f3giai, genetikai,szellemi, gazdas\u00e1gi, kultur\u00e1lis vagy szoci\u00e1lis azonoss\u00e1g\u00e1ra vonatkoz\u00f3 egy vagy t\u00f6bb t\u00e9nyez\u0151 alapj\u00e1n azonos\u00edthat\u00f3;<br>\n2.\u201eadatkezel\u00e9s&#8221;: a szem\u00e9lyes adatokon vagy adat\u00e1llom\u00e1nyokon automatiz\u00e1lt vagy nem automatiz\u00e1lt m\u00f3don v\u00e9gzett b\u00e1rmely m\u0171velet vagy m\u0171veletek \u00f6sszess\u00e9ge, \u00edgy a gy\u0171jt\u00e9s, r\u00f6gz\u00edt\u00e9s, rendszerez\u00e9s, tagol\u00e1s, t\u00e1rol\u00e1s, \u00e1talak\u00edt\u00e1s vagy megv\u00e1ltoztat\u00e1s, lek\u00e9rdez\u00e9s, betekint\u00e9s, felhaszn\u00e1l\u00e1s, k\u00f6zl\u00e9s tov\u00e1bb\u00edt\u00e1s, terjeszt\u00e9s vagy egy\u00e9b m\u00f3don t\u00f6rt\u00e9n\u0151 hozz\u00e1f\u00e9rhet\u0151v\u00e9 t\u00e9tel \u00fatj\u00e1n, \u00f6sszehangol\u00e1s vagy \u00f6sszekapcsol\u00e1s, korl\u00e1toz\u00e1s, t\u00f6rl\u00e9s, illetve megsemmis\u00edt\u00e9s;<br>\n3.\u201eadatkezel\u0151&#8221;: az a term\u00e9szetes vagy jogi szem\u00e9ly, k\u00f6zhatalmi szerv, \u00fcgyn\u00f6ks\u00e9g vagy b\u00e1rmely egy\u00e9b szerv, amely aszem\u00e9lyes adatok kezel\u00e9s\u00e9nek c\u00e9ljait \u00e9s eszk\u00f6zeit \u00f6n\u00e1ll\u00f3an vagy m\u00e1sokkal egy\u00fctt meghat\u00e1rozza; ha az adatkezel\u00e9s c\u00e9ljait \u00e9s eszk\u00f6zeit az uni\u00f3s vagy a tag\u00e1llami jog hat\u00e1rozza meg, az adatkezel\u0151t vagy az adatkezel\u0151 kijel\u00f6l\u00e9s\u00e9re vonatkoz\u00f3 k\u00fcl\u00f6n\u00f6s szempontokat az uni\u00f3s vagy a tag\u00e1llami jog is meghat\u00e1rozhatja;<br>\n4.\u201eadatfeldolgoz\u00f3&#8221;: az a term\u00e9szetes vagy jogi szem\u00e9ly, k\u00f6zhatalmi szerv, \u00fcgyn\u00f6ks\u00e9g vagy b\u00e1rmely egy\u00e9b szerv,amely az adatkezel\u0151 nev\u00e9ben szem\u00e9lyes adatokat kezel;<br>\n5.\u201ec\u00edmzett&#8221;: az a term\u00e9szetes vagy jogi szem\u00e9ly, k\u00f6zhatalmi szerv, \u00fcgyn\u00f6ks\u00e9g vagy b\u00e1rmely egy\u00e9b szerv, akivel vagy amellyel a szem\u00e9lyes adatot k\u00f6zlik, f\u00fcggetlen\u00fcl att\u00f3l, hogy harmadik f\u00e9l-e. Azon k\u00f6zhatalmi szervek, amelyek egyegyedi vizsg\u00e1lat keret\u00e9ben az uni\u00f3s vagy a tag\u00e1llami joggal \u00f6sszhangban f\u00e9rhetnek hozz\u00e1 szem\u00e9lyes adatokhoz,nem min\u0151s\u00fclnek c\u00edmzettnek; az eml\u00edtett adatok e k\u00f6zhatalmi szervek \u00e1ltali kezel\u00e9se meg kell, hogy feleljen az adatkezel\u00e9s c\u00e9ljainak megfelel\u0151en az alkalmazand\u00f3 adatv\u00e9delmi szab\u00e1lyoknak;<br>\n6.\u201eaz \u00e9rintett hozz\u00e1j\u00e1rul\u00e1sa&#8221;: az \u00e9rintett akarat\u00e1nak \u00f6nk\u00e9ntes, konkr\u00e9t \u00e9s megfelel\u0151 t\u00e1j\u00e9koztat\u00e1son alapul\u00f3 \u00e9s egy\u00e9rtelm\u0171 kinyilv\u00e1n\u00edt\u00e1sa, amellyel az \u00e9rintett nyilatkozat vagy a meger\u0151s\u00edt\u00e9st f\u00e9lre\u00e9rthetetlen\u00fcl kifejez\u0151cselekedet \u00fatj\u00e1n jelzi, hogy beleegyez\u00e9s\u00e9t adja az \u0151t \u00e9rint\u0151 szem\u00e9lyes adatok kezel\u00e9s\u00e9hez;<br>\n7.\u201eadatv\u00e9delmi incidens&#8221;: a biztons\u00e1g olyan s\u00e9r\u00fcl\u00e9se, amely a tov\u00e1bb\u00edtott, t\u00e1rolt vagy m\u00e1s m\u00f3don kezelt szem\u00e9lyes adatok v\u00e9letlen vagy jogellenes megsemmis\u00edt\u00e9s\u00e9t, elveszt\u00e9s\u00e9t, megv\u00e1ltoztat\u00e1s\u00e1t, jogosulatlan k\u00f6zl\u00e9s\u00e9t vagy az azokhoz val\u00f3 jogosulatlan hozz\u00e1f\u00e9r\u00e9st eredm\u00e9nyezi.<br>\n<strong>A szem\u00e9lyes adatok kezel\u00e9s\u00e9re vonatkoz\u00f3 elvek.<\/strong><br>\nA szem\u00e9lyes adatok:<br>\n1.kezel\u00e9s\u00e9t jogszer\u0171en \u00e9s tisztess\u00e9gesen, valamint az \u00e9rintett sz\u00e1m\u00e1ra \u00e1tl\u00e1that\u00f3 m\u00f3don kell v\u00e9gezni (\u201ejogszer\u0171s\u00e9g,tisztess\u00e9ges elj\u00e1r\u00e1s \u00e9s \u00e1tl\u00e1that\u00f3s\u00e1g&#8221;);<br>\n2.gy\u0171jt\u00e9se csak meghat\u00e1rozott, egy\u00e9rtelm\u0171 \u00e9s jogszer\u0171 c\u00e9lb\u00f3l t\u00f6rt\u00e9njen, \u00e9s azokat ne kezelj\u00e9k ezekkel a c\u00e9lokkal \u00f6ssze nem egyeztethet\u0151 m\u00f3don; a 89. cikk (1) bekezd\u00e9s\u00e9nek megfelel\u0151en nem min\u0151s\u00fcl az eredeti c\u00e9llal \u00f6ssze nem egyeztethet\u0151nek a k\u00f6z\u00e9rdek\u0171 archiv\u00e1l\u00e1s c\u00e9lj\u00e1b\u00f3l, tudom\u00e1nyos \u00e9s t\u00f6rt\u00e9nelmi kutat\u00e1si c\u00e9lb\u00f3l vagy statisztikai c\u00e9lb\u00f3l t\u00f6rt\u00e9n\u0151 tov\u00e1bbi adatkezel\u00e9s (\u201ec\u00e9lhoz k\u00f6t\u00f6tts\u00e9g&#8221;);<br>\n3.az adatkezel\u00e9s c\u00e9ljai szempontj\u00e1b\u00f3l megfelel\u0151ek \u00e9s relev\u00e1nsak kell, hogy legyenek, \u00e9s a sz\u00fcks\u00e9gesre kell korl\u00e1toz\u00f3dniuk (\u201eadattakar\u00e9koss\u00e1g&#8221;);<br>\n4.pontosnak \u00e9s sz\u00fcks\u00e9g eset\u00e9n naprak\u00e9sznek kell lenni\u00fck; minden \u00e9szszer\u0171 int\u00e9zked\u00e9st meg kell tenni annak \u00e9rdek\u00e9ben, hogy az adatkezel\u00e9s c\u00e9ljai szempontj\u00e1b\u00f3l pontatlan szem\u00e9lyes adatokat halad\u00e9ktalanul t\u00f6r\u00f6lj\u00e9k vagy helyesb\u00edts\u00e9k (\u201epontoss\u00e1g&#8221;);<br>\n5.t\u00e1rol\u00e1s\u00e1nak olyan form\u00e1ban kell t\u00f6rt\u00e9nnie, amely az \u00e9rintettek azonos\u00edt\u00e1s\u00e1t csak a szem\u00e9lyes adatok kezel\u00e9s e c\u00e9ljainak el\u00e9r\u00e9s\u00e9hez sz\u00fcks\u00e9ges ideig teszi lehet\u0151v\u00e9; a szem\u00e9lyes adatok enn\u00e9l hosszabb ideig t\u00f6rt\u00e9n\u0151 t\u00e1rol\u00e1s\u00e1ra csak akkor ker\u00fclhet sor, amennyiben a szem\u00e9lyes adatok kezel\u00e9s\u00e9re a 89. cikk (1) bekezd\u00e9s\u00e9nek megfelel\u0151en k\u00f6z\u00e9rdek\u0171 archiv\u00e1l\u00e1s c\u00e9lj\u00e1b\u00f3l, tudom\u00e1nyos \u00e9s t\u00f6rt\u00e9nelmi kutat\u00e1si c\u00e9lb\u00f3l vagy statisztikai c\u00e9lb\u00f3l ker\u00fcl majd sor, az e rendeletben az \u00e9rintettek jogainak \u00e9s szabads\u00e1gainak v\u00e9delme \u00e9rdek\u00e9ben el\u0151\u00edrt megfelel\u0151 technikai \u00e9s szervez\u00e9si int\u00e9zked\u00e9sek v\u00e9grehajt\u00e1s\u00e1ra is figyelemmel (\u201ekorl\u00e1tozott t\u00e1rolhat\u00f3s\u00e1g&#8221;);<br>\n6.kezel\u00e9s\u00e9t oly m\u00f3don kell v\u00e9gezni, hogy megfelel\u0151 technikai vagy szervez\u00e9si int\u00e9zked\u00e9sek alkalmaz\u00e1s\u00e1val biztos\u00edtva legyen a szem\u00e9lyes adatok megfelel\u0151 biztons\u00e1ga, az adatok jogosulatlan vagy jogellenes kezel\u00e9s\u00e9vel,v\u00e9letlen elveszt\u00e9s\u00e9vel, megsemmis\u00edt\u00e9s\u00e9vel vagy k\u00e1rosod\u00e1s\u00e1val szembeni v\u00e9delmet is ide\u00e9rtve (\u201eintegrit\u00e1s \u00e9s bizalmas jelleg&#8221;).Az adatkezel\u0151 felel\u0151s a fentiek megfelel\u00e9s\u00e9rt, tov\u00e1bb\u00e1 k\u00e9pesnek kell lennie e megfelel\u00e9s igazol\u00e1s\u00e1ra(\u201eelsz\u00e1moltathat\u00f3s\u00e1g&#8221;).Az adatkezel\u0151 nyilatkozik, hogy adatkezel\u00e9se a jelen pontban foglalt alapelveknek megfelel\u0151en t\u00f6rt\u00e9nik.\nA szem\u00e9lyes adatokhoz val\u00f3 hozz\u00e1f\u00e9r\u00e9st, azok t\u00f6rl\u00e9s\u00e9t, m\u00f3dos\u00edt\u00e1s\u00e1t, vagy kezel\u00e9s\u00e9nek korl\u00e1toz\u00e1s\u00e1t, az adatok hordozhat\u00f3s\u00e1g\u00e1t az al\u00e1bbi m\u00f3dokon tudja \u00e9rintett kezdem\u00e9nyezni:<br>\n<strong>postai \u00faton<\/strong> a\/az 2045 T\u00f6r\u00f6kb\u00e1lint, Kinizsi P\u00e1l u. 29 c\u00edmen,<br>\n<strong>e-mail \u00fatj\u00e1n<\/strong> a\/az <a href=\"mailto:info@dermoconsultant.hu\">info@dermoconsultant.hu<\/a> e-mail c\u00edmen,<br>\n<strong>telefonon<\/strong> a +36 70 770 1710 sz\u00e1mon\n<\/section>\n","protected":false},"excerpt":{"rendered":"<p>Bevezet\u00e9s: A\/Az Prelab Kft (2045 T\u00f6r\u00f6kb\u00e1lint, Kinizsi P\u00e1l u. 29, ad\u00f3sz\u00e1m: 12459779-2-43, c\u00e9gjegyz\u00e9ksz\u00e1m\/nyilv\u00e1ntart\u00e1si sz\u00e1m: 0109935375) (a tov\u00e1bbiakban: Szolg\u00e1ltat\u00f3, adatkezel\u0151) al\u00e1 veti mag\u00e1t a k\u00f6vetkez\u0151 szab\u00e1lyzatnak: A term\u00e9szetes szem\u00e9lyeknek a szem\u00e9lyes adatok kezel\u00e9se tekintet\u00e9ben t\u00f6rt\u00e9n\u0151 v\u00e9delm\u00e9r\u0151l \u00e9s az ilyen adatok szabad \u00e1raml\u00e1s\u00e1r\u00f3l, valamint a 95\/46\/EK rendelet hat\u00e1lyon k\u00edv\u00fcl helyez\u00e9s\u00e9r\u0151l (\u00e1ltal\u00e1nos adatv\u00e9delmi rendelet) AZ EUR\u00d3PAI PARLAMENT \u00c9S&hellip;<\/p>\n","protected":false},"author":8,"featured_media":0,"parent":0,"menu_order":0,"comment_status":"closed","ping_status":"closed","template":"","meta":{"_acf_changed":false,"footnotes":""},"class_list":["post-65722","page","type-page","status-publish","hentry"],"acf":[],"yoast_head":"<!-- This site is optimized with the Yoast SEO Premium plugin v22.9 (Yoast SEO v27.0) - https:\/\/yoast.com\/product\/yoast-seo-premium-wordpress\/ -->\n<title>Adatv\u00e9delmi t\u00e1j\u00e9koztat\u00f3 | Services for pharmacies<\/title>\n<meta name=\"robots\" content=\"index, follow, max-snippet:-1, max-image-preview:large, max-video-preview:-1\" \/>\n<link rel=\"canonical\" href=\"https:\/\/servicesforpharmacies.com\/hu\/adatvedelmi-tajekoztato\/\" \/>\n<meta property=\"og:locale\" content=\"hu_HU\" \/>\n<meta property=\"og:type\" content=\"article\" \/>\n<meta property=\"og:title\" content=\"Adatv\u00e9delmi t\u00e1j\u00e9koztat\u00f3\" \/>\n<meta property=\"og:description\" content=\"Bevezet\u00e9s: A\/Az Prelab Kft (2045 T\u00f6r\u00f6kb\u00e1lint, Kinizsi P\u00e1l u. 29, ad\u00f3sz\u00e1m: 12459779-2-43, c\u00e9gjegyz\u00e9ksz\u00e1m\/nyilv\u00e1ntart\u00e1si sz\u00e1m: 0109935375) (a tov\u00e1bbiakban: Szolg\u00e1ltat\u00f3, adatkezel\u0151) al\u00e1 veti mag\u00e1t a k\u00f6vetkez\u0151 szab\u00e1lyzatnak: A term\u00e9szetes szem\u00e9lyeknek a szem\u00e9lyes adatok kezel\u00e9se tekintet\u00e9ben t\u00f6rt\u00e9n\u0151 v\u00e9delm\u00e9r\u0151l \u00e9s az ilyen adatok szabad \u00e1raml\u00e1s\u00e1r\u00f3l, valamint a 95\/46\/EK rendelet hat\u00e1lyon k\u00edv\u00fcl helyez\u00e9s\u00e9r\u0151l (\u00e1ltal\u00e1nos adatv\u00e9delmi rendelet) AZ EUR\u00d3PAI PARLAMENT \u00c9S&hellip;\" \/>\n<meta property=\"og:url\" content=\"https:\/\/servicesforpharmacies.com\/hu\/adatvedelmi-tajekoztato\/\" \/>\n<meta property=\"og:site_name\" content=\"Services for pharmacies\" \/>\n<meta property=\"article:modified_time\" content=\"2023-03-09T10:13:21+00:00\" \/>\n<meta name=\"twitter:card\" content=\"summary_large_image\" \/>\n<meta name=\"twitter:label1\" content=\"Becs\u00fclt olvas\u00e1si id\u0151\" \/>\n\t<meta name=\"twitter:data1\" content=\"4 perc\" \/>\n<script type=\"application\/ld+json\" class=\"yoast-schema-graph\">{\"@context\":\"https:\/\/schema.org\",\"@graph\":[{\"@type\":\"WebPage\",\"@id\":\"https:\/\/servicesforpharmacies.com\/hu\/adatvedelmi-tajekoztato\/\",\"url\":\"https:\/\/servicesforpharmacies.com\/hu\/adatvedelmi-tajekoztato\/\",\"name\":\"Adatv\u00e9delmi t\u00e1j\u00e9koztat\u00f3 | Services for pharmacies\",\"isPartOf\":{\"@id\":\"https:\/\/servicesforpharmacies.com\/#website\"},\"datePublished\":\"2021-01-12T07:11:00+00:00\",\"dateModified\":\"2023-03-09T10:13:21+00:00\",\"breadcrumb\":{\"@id\":\"https:\/\/servicesforpharmacies.com\/hu\/adatvedelmi-tajekoztato\/#breadcrumb\"},\"inLanguage\":\"hu\",\"potentialAction\":[{\"@type\":\"ReadAction\",\"target\":[\"https:\/\/servicesforpharmacies.com\/hu\/adatvedelmi-tajekoztato\/\"]}]},{\"@type\":\"BreadcrumbList\",\"@id\":\"https:\/\/servicesforpharmacies.com\/hu\/adatvedelmi-tajekoztato\/#breadcrumb\",\"itemListElement\":[{\"@type\":\"ListItem\",\"position\":1,\"name\":\"Home\",\"item\":\"https:\/\/servicesforpharmacies.com\/hu\/\"},{\"@type\":\"ListItem\",\"position\":2,\"name\":\"Adatv\u00e9delmi t\u00e1j\u00e9koztat\u00f3\"}]},{\"@type\":\"WebSite\",\"@id\":\"https:\/\/servicesforpharmacies.com\/#website\",\"url\":\"https:\/\/servicesforpharmacies.com\/\",\"name\":\"Services for pharmacies\",\"description\":\"\",\"publisher\":{\"@id\":\"https:\/\/servicesforpharmacies.com\/#organization\"},\"potentialAction\":[{\"@type\":\"SearchAction\",\"target\":{\"@type\":\"EntryPoint\",\"urlTemplate\":\"https:\/\/servicesforpharmacies.com\/?s={search_term_string}\"},\"query-input\":{\"@type\":\"PropertyValueSpecification\",\"valueRequired\":true,\"valueName\":\"search_term_string\"}}],\"inLanguage\":\"hu\"},{\"@type\":\"Organization\",\"@id\":\"https:\/\/servicesforpharmacies.com\/#organization\",\"name\":\"VitalPlusActive Group Ltd\",\"url\":\"https:\/\/servicesforpharmacies.com\/\",\"logo\":{\"@type\":\"ImageObject\",\"inLanguage\":\"hu\",\"@id\":\"https:\/\/servicesforpharmacies.com\/#\/schema\/logo\/image\/\",\"url\":\"https:\/\/servicesforpharmacies.com\/wp-content\/uploads\/2020\/07\/logo-eng.jpg\",\"contentUrl\":\"https:\/\/servicesforpharmacies.com\/wp-content\/uploads\/2020\/07\/logo-eng.jpg\",\"width\":398,\"height\":90,\"caption\":\"VitalPlusActive Group Ltd\"},\"image\":{\"@id\":\"https:\/\/servicesforpharmacies.com\/#\/schema\/logo\/image\/\"}}]}<\/script>\n<!-- \/ Yoast SEO Premium plugin. -->","yoast_head_json":{"title":"Adatv\u00e9delmi t\u00e1j\u00e9koztat\u00f3 | Services for pharmacies","robots":{"index":"index","follow":"follow","max-snippet":"max-snippet:-1","max-image-preview":"max-image-preview:large","max-video-preview":"max-video-preview:-1"},"canonical":"https:\/\/servicesforpharmacies.com\/hu\/adatvedelmi-tajekoztato\/","og_locale":"hu_HU","og_type":"article","og_title":"Adatv\u00e9delmi t\u00e1j\u00e9koztat\u00f3","og_description":"Bevezet\u00e9s: A\/Az Prelab Kft (2045 T\u00f6r\u00f6kb\u00e1lint, Kinizsi P\u00e1l u. 29, ad\u00f3sz\u00e1m: 12459779-2-43, c\u00e9gjegyz\u00e9ksz\u00e1m\/nyilv\u00e1ntart\u00e1si sz\u00e1m: 0109935375) (a tov\u00e1bbiakban: Szolg\u00e1ltat\u00f3, adatkezel\u0151) al\u00e1 veti mag\u00e1t a k\u00f6vetkez\u0151 szab\u00e1lyzatnak: A term\u00e9szetes szem\u00e9lyeknek a szem\u00e9lyes adatok kezel\u00e9se tekintet\u00e9ben t\u00f6rt\u00e9n\u0151 v\u00e9delm\u00e9r\u0151l \u00e9s az ilyen adatok szabad \u00e1raml\u00e1s\u00e1r\u00f3l, valamint a 95\/46\/EK rendelet hat\u00e1lyon k\u00edv\u00fcl helyez\u00e9s\u00e9r\u0151l (\u00e1ltal\u00e1nos adatv\u00e9delmi rendelet) AZ EUR\u00d3PAI PARLAMENT \u00c9S&hellip;","og_url":"https:\/\/servicesforpharmacies.com\/hu\/adatvedelmi-tajekoztato\/","og_site_name":"Services for pharmacies","article_modified_time":"2023-03-09T10:13:21+00:00","twitter_card":"summary_large_image","twitter_misc":{"Becs\u00fclt olvas\u00e1si id\u0151":"4 perc"},"schema":{"@context":"https:\/\/schema.org","@graph":[{"@type":"WebPage","@id":"https:\/\/servicesforpharmacies.com\/hu\/adatvedelmi-tajekoztato\/","url":"https:\/\/servicesforpharmacies.com\/hu\/adatvedelmi-tajekoztato\/","name":"Adatv\u00e9delmi t\u00e1j\u00e9koztat\u00f3 | Services for pharmacies","isPartOf":{"@id":"https:\/\/servicesforpharmacies.com\/#website"},"datePublished":"2021-01-12T07:11:00+00:00","dateModified":"2023-03-09T10:13:21+00:00","breadcrumb":{"@id":"https:\/\/servicesforpharmacies.com\/hu\/adatvedelmi-tajekoztato\/#breadcrumb"},"inLanguage":"hu","potentialAction":[{"@type":"ReadAction","target":["https:\/\/servicesforpharmacies.com\/hu\/adatvedelmi-tajekoztato\/"]}]},{"@type":"BreadcrumbList","@id":"https:\/\/servicesforpharmacies.com\/hu\/adatvedelmi-tajekoztato\/#breadcrumb","itemListElement":[{"@type":"ListItem","position":1,"name":"Home","item":"https:\/\/servicesforpharmacies.com\/hu\/"},{"@type":"ListItem","position":2,"name":"Adatv\u00e9delmi t\u00e1j\u00e9koztat\u00f3"}]},{"@type":"WebSite","@id":"https:\/\/servicesforpharmacies.com\/#website","url":"https:\/\/servicesforpharmacies.com\/","name":"Services for pharmacies","description":"","publisher":{"@id":"https:\/\/servicesforpharmacies.com\/#organization"},"potentialAction":[{"@type":"SearchAction","target":{"@type":"EntryPoint","urlTemplate":"https:\/\/servicesforpharmacies.com\/?s={search_term_string}"},"query-input":{"@type":"PropertyValueSpecification","valueRequired":true,"valueName":"search_term_string"}}],"inLanguage":"hu"},{"@type":"Organization","@id":"https:\/\/servicesforpharmacies.com\/#organization","name":"VitalPlusActive Group Ltd","url":"https:\/\/servicesforpharmacies.com\/","logo":{"@type":"ImageObject","inLanguage":"hu","@id":"https:\/\/servicesforpharmacies.com\/#\/schema\/logo\/image\/","url":"https:\/\/servicesforpharmacies.com\/wp-content\/uploads\/2020\/07\/logo-eng.jpg","contentUrl":"https:\/\/servicesforpharmacies.com\/wp-content\/uploads\/2020\/07\/logo-eng.jpg","width":398,"height":90,"caption":"VitalPlusActive Group Ltd"},"image":{"@id":"https:\/\/servicesforpharmacies.com\/#\/schema\/logo\/image\/"}}]}},"_links":{"self":[{"href":"https:\/\/servicesforpharmacies.com\/hu\/wp-json\/wp\/v2\/pages\/65722","targetHints":{"allow":["GET"]}}],"collection":[{"href":"https:\/\/servicesforpharmacies.com\/hu\/wp-json\/wp\/v2\/pages"}],"about":[{"href":"https:\/\/servicesforpharmacies.com\/hu\/wp-json\/wp\/v2\/types\/page"}],"author":[{"embeddable":true,"href":"https:\/\/servicesforpharmacies.com\/hu\/wp-json\/wp\/v2\/users\/8"}],"replies":[{"embeddable":true,"href":"https:\/\/servicesforpharmacies.com\/hu\/wp-json\/wp\/v2\/comments?post=65722"}],"version-history":[{"count":0,"href":"https:\/\/servicesforpharmacies.com\/hu\/wp-json\/wp\/v2\/pages\/65722\/revisions"}],"wp:attachment":[{"href":"https:\/\/servicesforpharmacies.com\/hu\/wp-json\/wp\/v2\/media?parent=65722"}],"curies":[{"name":"wp","href":"https:\/\/api.w.org\/{rel}","templated":true}]}}