{"id":17220,"date":"2020-09-18T08:29:11","date_gmt":"2020-09-18T08:29:11","guid":{"rendered":"http:\/\/servicesforpharmacies.com\/?page_id=17220"},"modified":"2022-07-14T13:35:04","modified_gmt":"2022-07-14T13:35:04","slug":"arcbor-problemak","status":"publish","type":"page","link":"https:\/\/servicesforpharmacies.com\/hu\/arcbor-problemak\/","title":{"rendered":"Arcb\u0151r probl\u00e9m\u00e1k"},"content":{"rendered":"\n<h2>\n\t\tINGYENES\n\t<\/h2>\n<h3>\n\t\tOXYG\u00c9NES ARC-DERMOMASSZ\u00c1ZS\n\t<\/h3>\n<h3>\n\t\tSZEM\u00c9LYRESZABOTT \n\t<\/h3>\n<h3>\n\t\tTAN\u00c1CSAD\u00c1S \n\t<\/h3>\n\t\t\t<a href=\"https:\/\/servicesforpharmacies.com\/hu\/ox-picker\" target=\"_blank\" role=\"button\" rel=\"noopener\">\n\t\t\t\t\t\t\tid\u0151pontfoglal\u00e1s\n\t\t\t\t\t<\/a>\n\t\t\t\t<img loading=\"lazy\" decoding=\"async\" src=\"https:\/\/servicesforpharmacies.com\/wp-content\/uploads\/2022\/06\/Ke\u0301p-arc-1.png\" alt=\"Ke\u0301p arc 1\" itemprop=\"image\" height=\"1062\" width=\"1236\" title=\"Ke\u0301p arc 1\" onerror=\"this.style.display='none'\"  \/>\n<h1>\n\t\tAZ OXYG\u00c9NES DERMOMASSZ\u00c1ZS\n\t<\/h1>\n\t<p>Az id\u0151 m\u00fal\u00e1s\u00e1val a b\u0151rsz\u00f6vet vesz\u00edt oxig\u00e9ntartalm\u00e1b\u00f3l, ez\u00e9rt a b\u0151r s\u00e1padtt\u00e1 v\u00e1lhat, elvesztheti a feszess\u00e9g\u00e9t \u00e9s rugalmass\u00e1g\u00e1t, a b\u0151r ezt k\u00f6vet\u0151en megereszkedik.<\/p>\n<p>Az oxig\u00e9nes dermomassz\u00e1zs a b\u0151rbe nagy koncentr\u00e1ci\u00f3j\u00fa tiszta oxig\u00e9nt juttat be \u00e9s lehet\u0151v\u00e9 teszi a b\u0151rsejtek termel\u00e9s\u00e9nek \u00fajraind\u00edt\u00e1s\u00e1t. Ez egy egyszer\u0171, f\u00e1jdalommentes, kellemes \u00e9s pihentet\u0151 kezel\u00e9s.<\/p>\n<h2>\n\t\tMILYEN EL\u0150NYEI VANNAK A B\u0150R SZ\u00c1M\u00c1RA?\n\t<\/h2>\n\t<p>Az oxig\u00e9n k\u00e9pes a felh\u00e1m \u00f6sszes r\u00e9teg\u00e9t \u00fajra\u00e9leszteni, \u00e9s a felhalmozott toxinokat elt\u00e1vol\u00edtani, amelyek a s\u00e1padt \u00e9s op\u00e1los sz\u00ednt okozz\u00e1k. Jav\u00edt a b\u0151r mikrokering\u00e9s\u00e9n \u00e9s a sejtmetabolizmuson, el\u0151seg\u00edti a fibroblasztok kollag\u00e9n \u00e9s elasztin termel\u00e9s\u00e9t.<\/p>\n<h2>\n\t\tMILYEN EREDM\u00c9NYEK V\u00c1RHAT\u00d3K?\n\t<\/h2>\n\t<p><strong>M\u00e1r az els\u0151 kezel\u00e9s ut\u00e1n egy\u00e9rtelm\u0171en<\/strong> pozit\u00edv v\u00e1ltoz\u00e1s \u00e9szlelhet\u0151 a b\u0151r\u00f6n. A b\u0151r teltebb\u00e9, rugalmasabb\u00e1, feszesebb\u00e9, ragyog\u00f3bb\u00e1, hidrat\u00e1ltabb\u00e1 \u00e9s frissebb\u00e9 v\u00e1lik. Az arcb\u0151r sim\u00e1bb lesz, azonnali lifting hat\u00e1s \u00e9rz\u00e9kelhet\u0151, a v\u00e9kony r\u00e1ncok \u00e9s mimikai r\u00e1ncok jelent\u0151sen cs\u00f6kkennek.<\/p>\n\t\t\t\t<img decoding=\"async\" src=\"https:\/\/servicesforpharmacies.com\/wp-content\/uploads\/2020\/07\/skin-before.jpg\" alt=\"Kisik prije\" itemprop=\"image\" title=\"skin before\" onerror=\"this.style.display='none'\"  \/>\n\t\t\t\t<img decoding=\"async\" src=\"https:\/\/servicesforpharmacies.com\/wp-content\/uploads\/2020\/07\/skin-after.jpg\" alt=\"Kisik poslije\" itemprop=\"image\" title=\"skin after\" onerror=\"this.style.display='none'\"  \/>\n<h2>\n\t\tKINEK AJ\u00c1NLOTT?\u2003\n\t<\/h2>\n<table  data-tablesaw-minimap>\n\t\t<thead>\n\t\t<tr>\n\t\t\t<th id=\"pp-table-col-1\" scope=\"col\" data-tablesaw-sortable-col>\t\t\t\t\t\n\t\t\t\t\t\t\t\t\t\t\t\tB\u0150RT\u00cdPUS\t\t\t\t\t\n\t\t\t\t\t<\/th><th id=\"pp-table-col-2\" scope=\"col\" data-tablesaw-sortable-col>\t\t\t\t\t\n\t\t\t\t\t\t\t\t\t\t\t\tFUNKCI\u00d3\t\t\t\t\t\n\t\t\t\t\t<\/th>\t\t<\/tr>\n\t<\/thead>\n\t\t<tbody>\n\t\t<tr><td>Kevert, szennyezett, akn\u00e9s b\u0151r<\/td><td>P\u00f3rus \u00f6sszeh\u00fazz\u00f3 \u00e9s h\u00e1mos\u00edt\u00f3 hat\u00e1sa van<\/td><\/tr><tr><td>Sz\u00e1raz, v\u00edzhi\u00e1nyos, elv\u00e9konyodott \u00e9s \u00e9rz\u00e9keny b\u0151r<\/td><td>Hidrat\u00e1l\u00f3 hat\u00e1s\u00e1val el\u0151seg\u00edti a kollag\u00e9n \u00e9s az elasztin termel\u00e9st<\/td><\/tr><tr><td>\u00c9lettelen, fak\u00f3 b\u0151r mimikai r\u00e1ncokkal<\/td><td>Revitaliz\u00e1l\u00f3, friss\u00edt\u0151, r\u00e1nctalan\u00edt\u00f3 \u00e9s m\u00e9regtelen\u00edt\u0151 hat\u00e1sa van<\/td><\/tr>\t<\/tbody>\n<\/table>\n\t<p>Az oxig\u00e9nes dermomassz\u00e1zs minden b\u0151rt\u00edpushoz aj\u00e1nlott. Ezen fel\u00fcl el\u0151seg\u00edti a dermokozmetikumokkal v\u00e9gzett kezel\u00e9sek m\u00e9lybe jut\u00e1s\u00e1t a felh\u00e1m r\u00e9tegein kereszt\u00fcl. El\u0151seg\u00edti a kezel\u0151szer egyenletes eloszl\u00e1s\u00e1t \u00e9s a hat\u00f3anyagok &#8211; hialuronsav, kollag\u00e9n stb. &#8211; gyors felsz\u00edv\u00f3d\u00e1s\u00e1t. Az oxig\u00e9nnek \u00e9s a term\u00e9kek akt\u00edv hat\u00f3anyagainak egy\u00fcttes <strong> hat\u00e1s\u00e1nak k\u00f6sz\u00f6nhet\u0151en az eredm\u00e9ny azonnal \u00e9rz\u00e9kelhet\u0151.<\/strong><\/p>\n\t    <div id=\"osm_map_69e2ffbdf2bbd\" style=\"height: 650px;\"><\/div>\n    <script>\ndocument.addEventListener(\"DOMContentLoaded\", function () {\n    const map = L.map('osm_map_69e2ffbdf2bbd').setView([47, 18], 7);\n\n    L.tileLayer('https:\/\/{s}.tile.openstreetmap.org\/{z}\/{x}\/{y}.png', {\n        maxZoom: 19,\n        attribution: '&copy; OpenStreetMap contributors'\n    }).addTo(map);\n\n    fetch(\"https:\/\/servicesforpharmacies.com\/cron\/hu-o.php\")\n        .then(response => response.json())\n        .then(results => {\n            if (!results || !results.pharmacies) {\n                console.warn(\"No pharmacies data in response\");\n                return;\n            }\n\n            results.pharmacies.forEach(pharmacy => {\n                if ((pharmacy.scalp || pharmacy.skin) && pharmacy.latitude && pharmacy.longitude) {\n\n                    let name = pharmacy.name\n    .toLowerCase()\n    .replace(\/\\s+\/g, '-')\n    .replace(\/[\u0111\u00f0]\/g, 'd')   \/\/ \u2705 fix \u0110 and \u0111\n    .replace(\/[\u0161]\/g, 's')\n    .replace(\/[\u010d\u0107]\/g, 'c')\n    .replace(\/[\u017e]\/g, 'z')\n    .normalize(\"NFD\")\n    .replace(\/[\\u0300-\\u036f]\/g, \"\")\n    .replace(\/[^a-z0-9-]\/g, '-')\n    .replace(\/^-+|-+$\/g, '')\n    .replace(\/-+\/g, '-');\n\n                    let scalp = pharmacy.scalp ? `<a href=\"\/hu\/scalp\/${name}\">SCALP<\/a>` : '';\n                    let skin = pharmacy.skin ? `<a href=\"\/hu\/skin\/${name}\">SKIN<\/a>` : '';\n\n                    let content = `\n                        <div style=\"display:flex;flex-direction:row;align-items:center;\">\n                            <img decoding=\"async\" src=\"https:\/\/servicesforpharmacies.com\/wp-content\/uploads\/2020\/08\/mappin.png\" style=\"height:50px;margin:0 10px;\">\n                            <div>\n                                <h4>${pharmacy.name}<\/h4>\n                                ${pharmacy.address}, ${pharmacy.municipality}<br>\n                                ${scalp}<br>${skin}\n                            <\/div>\n                        <\/div>\n                    `;\n\n                    const greenIcon = L.icon({\n    iconUrl: 'https:\/\/raw.githubusercontent.com\/pointhi\/leaflet-color-markers\/master\/img\/marker-icon-green.png',\n    shadowUrl: 'https:\/\/unpkg.com\/leaflet@1.9.4\/dist\/images\/marker-shadow.png',\n    iconSize:     [25, 41],\n    iconAnchor:   [12, 41],\n    popupAnchor:  [1, -34],\n    shadowSize:   [41, 41]\n});\n\nconst marker = L.marker([pharmacy.latitude, pharmacy.longitude], { icon: greenIcon }).addTo(map);\n\n                    marker.bindPopup(content);\n                }\n            });\n        })\n        .catch(error => {\n            console.error(\"Map data fetch failed\", error);\n        });\n});\n<\/script>\n\n    \n\n","protected":false},"excerpt":{"rendered":"<p>INGYENES OXYG\u00c9NES ARC-DERMOMASSZ\u00c1ZS SZEM\u00c9LYRESZABOTT TAN\u00c1CSAD\u00c1S id\u0151pontfoglal\u00e1s AZ OXYG\u00c9NES DERMOMASSZ\u00c1ZS Az id\u0151 m\u00fal\u00e1s\u00e1val a b\u0151rsz\u00f6vet vesz\u00edt oxig\u00e9ntartalm\u00e1b\u00f3l, ez\u00e9rt a b\u0151r s\u00e1padtt\u00e1 v\u00e1lhat, elvesztheti a feszess\u00e9g\u00e9t \u00e9s rugalmass\u00e1g\u00e1t, a b\u0151r ezt k\u00f6vet\u0151en megereszkedik. Az oxig\u00e9nes dermomassz\u00e1zs a b\u0151rbe nagy koncentr\u00e1ci\u00f3j\u00fa tiszta oxig\u00e9nt juttat be \u00e9s lehet\u0151v\u00e9 teszi a b\u0151rsejtek termel\u00e9s\u00e9nek \u00fajraind\u00edt\u00e1s\u00e1t. Ez egy egyszer\u0171, f\u00e1jdalommentes, kellemes \u00e9s&hellip;<\/p>\n","protected":false},"author":1,"featured_media":568,"parent":0,"menu_order":0,"comment_status":"closed","ping_status":"closed","template":"","meta":{"_acf_changed":false,"footnotes":""},"class_list":["post-17220","page","type-page","status-publish","has-post-thumbnail","hentry"],"acf":[],"yoast_head":"<!-- This site is optimized with the Yoast SEO Premium plugin v22.9 (Yoast SEO v27.0) - https:\/\/yoast.com\/product\/yoast-seo-premium-wordpress\/ -->\n<title>Arcb\u0151r probl\u00e9m\u00e1k | Services for pharmacies<\/title>\n<meta name=\"robots\" content=\"index, follow, max-snippet:-1, max-image-preview:large, max-video-preview:-1\" \/>\n<link rel=\"canonical\" href=\"https:\/\/servicesforpharmacies.com\/hu\/arcbor-problemak\/\" \/>\n<meta property=\"og:locale\" content=\"hu_HU\" \/>\n<meta property=\"og:type\" content=\"article\" \/>\n<meta property=\"og:title\" content=\"Arcb\u0151r probl\u00e9m\u00e1k\" \/>\n<meta property=\"og:description\" content=\"INGYENES OXYG\u00c9NES ARC-DERMOMASSZ\u00c1ZS SZEM\u00c9LYRESZABOTT TAN\u00c1CSAD\u00c1S id\u0151pontfoglal\u00e1s AZ OXYG\u00c9NES DERMOMASSZ\u00c1ZS Az id\u0151 m\u00fal\u00e1s\u00e1val a b\u0151rsz\u00f6vet vesz\u00edt oxig\u00e9ntartalm\u00e1b\u00f3l, ez\u00e9rt a b\u0151r s\u00e1padtt\u00e1 v\u00e1lhat, elvesztheti a feszess\u00e9g\u00e9t \u00e9s rugalmass\u00e1g\u00e1t, a b\u0151r ezt k\u00f6vet\u0151en megereszkedik. Az oxig\u00e9nes dermomassz\u00e1zs a b\u0151rbe nagy koncentr\u00e1ci\u00f3j\u00fa tiszta oxig\u00e9nt juttat be \u00e9s lehet\u0151v\u00e9 teszi a b\u0151rsejtek termel\u00e9s\u00e9nek \u00fajraind\u00edt\u00e1s\u00e1t. Ez egy egyszer\u0171, f\u00e1jdalommentes, kellemes \u00e9s&hellip;\" \/>\n<meta property=\"og:url\" content=\"https:\/\/servicesforpharmacies.com\/hu\/arcbor-problemak\/\" \/>\n<meta property=\"og:site_name\" content=\"Services for pharmacies\" \/>\n<meta property=\"article:modified_time\" content=\"2022-07-14T13:35:04+00:00\" \/>\n<meta property=\"og:image\" content=\"https:\/\/servicesforpharmacies.com\/wp-content\/uploads\/2020\/08\/OXY-D.jpg\" \/>\n\t<meta property=\"og:image:width\" content=\"1920\" \/>\n\t<meta property=\"og:image:height\" content=\"1080\" \/>\n\t<meta property=\"og:image:type\" content=\"image\/jpeg\" \/>\n<meta name=\"twitter:card\" content=\"summary_large_image\" \/>\n<meta name=\"twitter:label1\" content=\"Becs\u00fclt olvas\u00e1si id\u0151\" \/>\n\t<meta name=\"twitter:data1\" content=\"2 perc\" \/>\n<script type=\"application\/ld+json\" class=\"yoast-schema-graph\">{\"@context\":\"https:\/\/schema.org\",\"@graph\":[{\"@type\":\"WebPage\",\"@id\":\"https:\/\/servicesforpharmacies.com\/hu\/arcbor-problemak\/\",\"url\":\"https:\/\/servicesforpharmacies.com\/hu\/arcbor-problemak\/\",\"name\":\"Arcb\u0151r probl\u00e9m\u00e1k | Services for pharmacies\",\"isPartOf\":{\"@id\":\"https:\/\/servicesforpharmacies.com\/hu\/#website\"},\"primaryImageOfPage\":{\"@id\":\"https:\/\/servicesforpharmacies.com\/hu\/arcbor-problemak\/#primaryimage\"},\"image\":{\"@id\":\"https:\/\/servicesforpharmacies.com\/hu\/arcbor-problemak\/#primaryimage\"},\"thumbnailUrl\":\"https:\/\/servicesforpharmacies.com\/wp-content\/uploads\/2020\/08\/OXY-D.jpg\",\"datePublished\":\"2020-09-18T08:29:11+00:00\",\"dateModified\":\"2022-07-14T13:35:04+00:00\",\"breadcrumb\":{\"@id\":\"https:\/\/servicesforpharmacies.com\/hu\/arcbor-problemak\/#breadcrumb\"},\"inLanguage\":\"hu\",\"potentialAction\":[{\"@type\":\"ReadAction\",\"target\":[\"https:\/\/servicesforpharmacies.com\/hu\/arcbor-problemak\/\"]}]},{\"@type\":\"ImageObject\",\"inLanguage\":\"hu\",\"@id\":\"https:\/\/servicesforpharmacies.com\/hu\/arcbor-problemak\/#primaryimage\",\"url\":\"https:\/\/servicesforpharmacies.com\/wp-content\/uploads\/2020\/08\/OXY-D.jpg\",\"contentUrl\":\"https:\/\/servicesforpharmacies.com\/wp-content\/uploads\/2020\/08\/OXY-D.jpg\",\"width\":1920,\"height\":1080,\"caption\":\"Ossigeno\"},{\"@type\":\"BreadcrumbList\",\"@id\":\"https:\/\/servicesforpharmacies.com\/hu\/arcbor-problemak\/#breadcrumb\",\"itemListElement\":[{\"@type\":\"ListItem\",\"position\":1,\"name\":\"Home\",\"item\":\"https:\/\/servicesforpharmacies.com\/hu\/\"},{\"@type\":\"ListItem\",\"position\":2,\"name\":\"Arcb\u0151r probl\u00e9m\u00e1k\"}]},{\"@type\":\"WebSite\",\"@id\":\"https:\/\/servicesforpharmacies.com\/hu\/#website\",\"url\":\"https:\/\/servicesforpharmacies.com\/hu\/\",\"name\":\"Services for pharmacies\",\"description\":\"\",\"publisher\":{\"@id\":\"https:\/\/servicesforpharmacies.com\/hu\/#organization\"},\"potentialAction\":[{\"@type\":\"SearchAction\",\"target\":{\"@type\":\"EntryPoint\",\"urlTemplate\":\"https:\/\/servicesforpharmacies.com\/hu\/?s={search_term_string}\"},\"query-input\":{\"@type\":\"PropertyValueSpecification\",\"valueRequired\":true,\"valueName\":\"search_term_string\"}}],\"inLanguage\":\"hu\"},{\"@type\":\"Organization\",\"@id\":\"https:\/\/servicesforpharmacies.com\/hu\/#organization\",\"name\":\"VitalPlusActive Group Ltd\",\"url\":\"https:\/\/servicesforpharmacies.com\/hu\/\",\"logo\":{\"@type\":\"ImageObject\",\"inLanguage\":\"hu\",\"@id\":\"https:\/\/servicesforpharmacies.com\/hu\/#\/schema\/logo\/image\/\",\"url\":\"https:\/\/servicesforpharmacies.com\/wp-content\/uploads\/2020\/07\/logo-eng.jpg\",\"contentUrl\":\"https:\/\/servicesforpharmacies.com\/wp-content\/uploads\/2020\/07\/logo-eng.jpg\",\"width\":398,\"height\":90,\"caption\":\"VitalPlusActive Group Ltd\"},\"image\":{\"@id\":\"https:\/\/servicesforpharmacies.com\/hu\/#\/schema\/logo\/image\/\"}}]}<\/script>\n<!-- \/ Yoast SEO Premium plugin. -->","yoast_head_json":{"title":"Arcb\u0151r probl\u00e9m\u00e1k | Services for pharmacies","robots":{"index":"index","follow":"follow","max-snippet":"max-snippet:-1","max-image-preview":"max-image-preview:large","max-video-preview":"max-video-preview:-1"},"canonical":"https:\/\/servicesforpharmacies.com\/hu\/arcbor-problemak\/","og_locale":"hu_HU","og_type":"article","og_title":"Arcb\u0151r probl\u00e9m\u00e1k","og_description":"INGYENES OXYG\u00c9NES ARC-DERMOMASSZ\u00c1ZS SZEM\u00c9LYRESZABOTT TAN\u00c1CSAD\u00c1S id\u0151pontfoglal\u00e1s AZ OXYG\u00c9NES DERMOMASSZ\u00c1ZS Az id\u0151 m\u00fal\u00e1s\u00e1val a b\u0151rsz\u00f6vet vesz\u00edt oxig\u00e9ntartalm\u00e1b\u00f3l, ez\u00e9rt a b\u0151r s\u00e1padtt\u00e1 v\u00e1lhat, elvesztheti a feszess\u00e9g\u00e9t \u00e9s rugalmass\u00e1g\u00e1t, a b\u0151r ezt k\u00f6vet\u0151en megereszkedik. Az oxig\u00e9nes dermomassz\u00e1zs a b\u0151rbe nagy koncentr\u00e1ci\u00f3j\u00fa tiszta oxig\u00e9nt juttat be \u00e9s lehet\u0151v\u00e9 teszi a b\u0151rsejtek termel\u00e9s\u00e9nek \u00fajraind\u00edt\u00e1s\u00e1t. Ez egy egyszer\u0171, f\u00e1jdalommentes, kellemes \u00e9s&hellip;","og_url":"https:\/\/servicesforpharmacies.com\/hu\/arcbor-problemak\/","og_site_name":"Services for pharmacies","article_modified_time":"2022-07-14T13:35:04+00:00","og_image":[{"width":1920,"height":1080,"url":"https:\/\/servicesforpharmacies.com\/wp-content\/uploads\/2020\/08\/OXY-D.jpg","type":"image\/jpeg"}],"twitter_card":"summary_large_image","twitter_misc":{"Becs\u00fclt olvas\u00e1si id\u0151":"2 perc"},"schema":{"@context":"https:\/\/schema.org","@graph":[{"@type":"WebPage","@id":"https:\/\/servicesforpharmacies.com\/hu\/arcbor-problemak\/","url":"https:\/\/servicesforpharmacies.com\/hu\/arcbor-problemak\/","name":"Arcb\u0151r probl\u00e9m\u00e1k | Services for pharmacies","isPartOf":{"@id":"https:\/\/servicesforpharmacies.com\/hu\/#website"},"primaryImageOfPage":{"@id":"https:\/\/servicesforpharmacies.com\/hu\/arcbor-problemak\/#primaryimage"},"image":{"@id":"https:\/\/servicesforpharmacies.com\/hu\/arcbor-problemak\/#primaryimage"},"thumbnailUrl":"https:\/\/servicesforpharmacies.com\/wp-content\/uploads\/2020\/08\/OXY-D.jpg","datePublished":"2020-09-18T08:29:11+00:00","dateModified":"2022-07-14T13:35:04+00:00","breadcrumb":{"@id":"https:\/\/servicesforpharmacies.com\/hu\/arcbor-problemak\/#breadcrumb"},"inLanguage":"hu","potentialAction":[{"@type":"ReadAction","target":["https:\/\/servicesforpharmacies.com\/hu\/arcbor-problemak\/"]}]},{"@type":"ImageObject","inLanguage":"hu","@id":"https:\/\/servicesforpharmacies.com\/hu\/arcbor-problemak\/#primaryimage","url":"https:\/\/servicesforpharmacies.com\/wp-content\/uploads\/2020\/08\/OXY-D.jpg","contentUrl":"https:\/\/servicesforpharmacies.com\/wp-content\/uploads\/2020\/08\/OXY-D.jpg","width":1920,"height":1080,"caption":"Ossigeno"},{"@type":"BreadcrumbList","@id":"https:\/\/servicesforpharmacies.com\/hu\/arcbor-problemak\/#breadcrumb","itemListElement":[{"@type":"ListItem","position":1,"name":"Home","item":"https:\/\/servicesforpharmacies.com\/hu\/"},{"@type":"ListItem","position":2,"name":"Arcb\u0151r probl\u00e9m\u00e1k"}]},{"@type":"WebSite","@id":"https:\/\/servicesforpharmacies.com\/hu\/#website","url":"https:\/\/servicesforpharmacies.com\/hu\/","name":"Services for pharmacies","description":"","publisher":{"@id":"https:\/\/servicesforpharmacies.com\/hu\/#organization"},"potentialAction":[{"@type":"SearchAction","target":{"@type":"EntryPoint","urlTemplate":"https:\/\/servicesforpharmacies.com\/hu\/?s={search_term_string}"},"query-input":{"@type":"PropertyValueSpecification","valueRequired":true,"valueName":"search_term_string"}}],"inLanguage":"hu"},{"@type":"Organization","@id":"https:\/\/servicesforpharmacies.com\/hu\/#organization","name":"VitalPlusActive Group Ltd","url":"https:\/\/servicesforpharmacies.com\/hu\/","logo":{"@type":"ImageObject","inLanguage":"hu","@id":"https:\/\/servicesforpharmacies.com\/hu\/#\/schema\/logo\/image\/","url":"https:\/\/servicesforpharmacies.com\/wp-content\/uploads\/2020\/07\/logo-eng.jpg","contentUrl":"https:\/\/servicesforpharmacies.com\/wp-content\/uploads\/2020\/07\/logo-eng.jpg","width":398,"height":90,"caption":"VitalPlusActive Group Ltd"},"image":{"@id":"https:\/\/servicesforpharmacies.com\/hu\/#\/schema\/logo\/image\/"}}]}},"_links":{"self":[{"href":"https:\/\/servicesforpharmacies.com\/hu\/wp-json\/wp\/v2\/pages\/17220","targetHints":{"allow":["GET"]}}],"collection":[{"href":"https:\/\/servicesforpharmacies.com\/hu\/wp-json\/wp\/v2\/pages"}],"about":[{"href":"https:\/\/servicesforpharmacies.com\/hu\/wp-json\/wp\/v2\/types\/page"}],"author":[{"embeddable":true,"href":"https:\/\/servicesforpharmacies.com\/hu\/wp-json\/wp\/v2\/users\/1"}],"replies":[{"embeddable":true,"href":"https:\/\/servicesforpharmacies.com\/hu\/wp-json\/wp\/v2\/comments?post=17220"}],"version-history":[{"count":0,"href":"https:\/\/servicesforpharmacies.com\/hu\/wp-json\/wp\/v2\/pages\/17220\/revisions"}],"wp:featuredmedia":[{"embeddable":true,"href":"https:\/\/servicesforpharmacies.com\/hu\/wp-json\/wp\/v2\/media\/568"}],"wp:attachment":[{"href":"https:\/\/servicesforpharmacies.com\/hu\/wp-json\/wp\/v2\/media?parent=17220"}],"curies":[{"name":"wp","href":"https:\/\/api.w.org\/{rel}","templated":true}]}}