{"id":17128,"date":"2020-09-17T06:47:20","date_gmt":"2020-09-17T06:47:20","guid":{"rendered":"http:\/\/servicesforpharmacies.com\/?page_id=17128"},"modified":"2025-03-19T10:11:10","modified_gmt":"2025-03-19T10:11:10","slug":"haj-problemak","status":"publish","type":"page","link":"https:\/\/servicesforpharmacies.com\/hu\/","title":{"rendered":"Haj probl\u00e9m\u00e1k"},"content":{"rendered":"\n\n\t\t\t\t<img loading=\"lazy\" decoding=\"async\" src=\"https:\/\/servicesforpharmacies.com\/wp-content\/uploads\/2020\/09\/prurito.jpg\" alt=\"prurito\" itemprop=\"image\" height=\"455\" width=\"650\" title=\"prurito\" onerror=\"this.style.display='none'\"  \/>\n\t\t\t<a href=\"#\" target=\"_self\">\n\t\t\t\t\t\t\tVISZKET\u00c9S\n\t\t\t\t\t<\/a>\n\t\t\t\t<img loading=\"lazy\" decoding=\"async\" src=\"https:\/\/servicesforpharmacies.com\/wp-content\/uploads\/2020\/09\/forfora.jpg\" alt=\"Perut\" itemprop=\"image\" height=\"455\" width=\"650\" title=\"forfora\" onerror=\"this.style.display='none'\"  \/>\n\t\t\t<a href=\"#\" target=\"_self\">\n\t\t\t\t\t\t\tKORP\u00c1SOD\u00c1S\n\t\t\t\t\t<\/a>\n\t\t\t\t<img loading=\"lazy\" decoding=\"async\" src=\"https:\/\/servicesforpharmacies.com\/wp-content\/uploads\/2020\/09\/caduta.jpg\" alt=\"Problemi s kosom\" itemprop=\"image\" height=\"500\" width=\"715\" title=\"Problemi s kosom\" onerror=\"this.style.display='none'\"  \/>\n\t\t\t<a href=\"#\" target=\"_self\">\n\t\t\t\t\t\t\tHAJHULL\u00c1S\n\t\t\t\t\t<\/a>\n\t\t\t\t<img loading=\"lazy\" decoding=\"async\" src=\"https:\/\/servicesforpharmacies.com\/wp-content\/uploads\/2020\/09\/grasso.jpg\" alt=\"Masna kosa\" itemprop=\"image\" height=\"500\" width=\"715\" title=\"grasso\" onerror=\"this.style.display='none'\"  \/>\n\t\t\t<a href=\"#\" target=\"_self\">\n\t\t\t\t\t\t\tZS\u00cdROSOD\u00c1S\n\t\t\t\t\t<\/a>\n<h1>\n\t\tHAJPROBL\u00c9M\u00c1K?\n\t<\/h1>\n\t<p><strong>Hajprobl\u00e9m\u00e1k? Naponta hallhat\u00f3ak hasonl\u00f3, m\u00e1r k\u00f6zhelynek sz\u00e1m\u00edt\u00f3 mondatok:<\/strong><strong>\u00a0<\/strong><\/p>\n\t<p>Zs\u00edros hajam van, minden nap hajat kell mossak&#8230;<\/p>\n<p>Sz\u00e1raz \u00e9s gyenge a hajam, frizur\u00e1t kell v\u00e1ltoztassak&#8230;<\/p>\n<p>D\u00fasabb hajat szeretn\u00e9k, t\u00fal v\u00e9konyak a hajsz\u00e1laim&#8230;<\/p>\n<p>Ma m\u00e1r nem \u00fagy n\u0151 a hajam, mint r\u00e9gen&#8230;<\/p>\n<p>Sokkal kevesebb hajam van, mint fiatal koromban, stb&#8230;<\/p>\n\t<p>Ezekn\u00e9l a gondolatokn\u00e1l a c\u00e9l: a haj eszt\u00e9tikai \u00e1llapot\u00e1nak a jav\u00edt\u00e1sa. H\u00e1nyan k\u00e9rdezik: <strong>MI\u00c9RT<\/strong> zs\u00edros, sz\u00e1raz, elv\u00e9konyodott \u00e9s t\u00f6redezett a hajam? Mi lehet az oka? <strong>MI\u00c9RT<\/strong> nem olyan a hajam, mint r\u00e9gen? Ezekre a k\u00e9rd\u00e9sek megv\u00e1laszol\u00e1s\u00e1ra sz\u00fcletett meg ez a <strong>GY\u00d3GYSZERT\u00c1RI PREVENCI\u00d3S SZOLG\u00c1LTAT\u00c1S.<\/strong><\/p>\n<h2>\n\t\tA GY\u00d3GYSZERT\u00c1RI  SZOLG\u00c1LTAT\u00c1S\n\t<\/h2>\n\t\t\t<a href=\"\" target=\"_self\">\n\t\t\t\t\t\t\tSTRESSZ\n\t\t\t\t\t<\/a>\n\t\t\t<a href=\"\" target=\"_self\">\n\t\t\t\t\t\t\tSZERVI PROBL\u00c9M\u00c1K\n\t\t\t\t\t<\/a>\n\t\t\t<a href=\"\" target=\"_self\">\n\t\t\t\t\t\t\tHIGI\u00c9NIA\n\t\t\t\t\t<\/a>\n\t\t\t<a href=\"\" target=\"_self\">\n\t\t\t\t\t\t\tT\u00c1PL\u00c1LKOZ\u00c1S\n\t\t\t\t\t<\/a>\n\t<p>Hajprobl\u00e9m\u00e1k? A GY\u00d3GYSZERT\u00c1RI prevenci\u00f3s szolg\u00e1ltat\u00e1s a modern \u00e9let \u00e9s a mai \u00e9letm\u00f3d alapos elemz\u00e9s\u00e9b\u0151l ered. A stressz, a szervi probl\u00e9m\u00e1k, a nem megfelel\u0151 t\u00e1pl\u00e1lkoz\u00e1s, a helytelen higi\u00e9niai szok\u00e1sok okozz\u00e1k a b\u0151r bakt\u00e9rium fl\u00f3r\u00e1ja v\u00e9dekez\u0151k\u00e9pess\u00e9g\u00e9nek cs\u00f6kken\u00e9s\u00e9t, \u00e9s ennek k\u00f6vetkezm\u00e9nyek\u00e9nt befoly\u00e1solj\u00e1k a <strong>pilosebaceus egys\u00e9g helyes m\u0171k\u00f6d\u00e9s\u00e9t.<\/strong><\/p>\n<h2>\n\t\tA PILOSEBACEOUS EGYS\u00c9G\n\t<\/h2>\n\t<p>Ahhoz, hogy a pilosebaceous egys\u00e9g az id\u0151 eltelt\u00e9vel is megfelel\u0151en m\u0171k\u00f6dj\u00f6n 4 felt\u00e9tel sz\u00fcks\u00e9ges:<\/p>\n<p>&nbsp;<\/p>\n<ol>\n<li><strong>A B\u0150R J\u00d3 OXIG\u00c9NELL\u00c1T\u00c1SA<\/strong><\/li>\n<li><strong>A B\u0150R AKT\u00cdV BAKT\u00c9RIUMFL\u00d3R\u00c1JA<\/strong><\/li>\n<li><strong>EGY KIEGYENS\u00daLYOZOTT FAGGY\u00daMIRIGY M\u0170K\u00d6D\u00c9S<\/strong><\/li>\n<li><strong>MEGFELEL\u0150 T\u00c1PANYAGELL\u00c1T\u00c1S<\/strong><\/li>\n<\/ol>\n<p><strong>\u00a0<\/strong><\/p>\n<p>Tudom\u00e1nyosan igazolt t\u00e9ny, hogy amikor ez a n\u00e9gy felt\u00e9tel egy\u00fcttesen nem adott, akkor az id\u0151 eltelt\u00e9vel eszt\u00e9tikai hajprobl\u00e9m\u00e1k jelentkeznek.  <strong>A haj elv\u00e9konyodik, legyeng\u00fcl, sz\u00e1raz vagy zs\u00edros lesz, elveszti s\u0171r\u0171s\u00e9g\u00e9t \u00e9s m\u00e1r nem olyan d\u00fas, nem n\u0151 \u00fagy, mint r\u00e9gen \u00e9s rendellenes mennyis\u00e9gben hullani kezd.<\/strong><\/p>\n<h2>\n\t\tA PILOSEBACEOUS EGYS\u00c9G \u00c1LLAPOTRELM\u00c9R\u00c9SE\n\t<\/h2>\n\t\t\t\t<img loading=\"lazy\" decoding=\"async\" src=\"https:\/\/servicesforpharmacies.com\/wp-content\/uploads\/2020\/07\/piloseb-num.png\" alt=\"Prevenitivni pregled pilosebacealnih jedinica vlasi\u0161ta\" itemprop=\"image\" height=\"1222\" width=\"777\" title=\"piloseb num\" onerror=\"this.style.display='none'\"  \/>\n\t<p><strong>Az \u00c1LLAPOTFELM\u00c9R\u00c9S c\u00e9lja a pilosebaceous egys\u00e9g helyes m\u0171k\u00f6d\u00e9s\u00e9nek leellen\u0151rz\u00e9se \u00e9s az esetleges rendelleness\u00e9gek felt\u00e1r\u00e1sa. <\/strong><\/p>\n\t\t\t\t<img loading=\"lazy\" decoding=\"async\" src=\"https:\/\/servicesforpharmacies.com\/wp-content\/uploads\/2020\/07\/piloseb-num1.png\" alt=\"pilosebacealni ulazi\" itemprop=\"image\" height=\"508\" width=\"508\" title=\"piloseb num1\" onerror=\"this.style.display='none'\"  \/>\n\t<p><strong>A sz\u0151rt\u00fcsz\u0151 ny\u00edl\u00e1sok \u00e1llapot\u00e1nak meg\u00e1llap\u00edt\u00e1sa,<\/strong> mert csak a szabad ny\u00edl\u00e1sokb\u00f3l tud eg\u00e9szs\u00e9ges haj n\u00f6vekedni.<\/p>\n\t\t\t\t<img loading=\"lazy\" decoding=\"async\" src=\"https:\/\/servicesforpharmacies.com\/wp-content\/uploads\/2020\/07\/piloseb-num2.png\" alt=\"debljinu vlasi koja raste\" itemprop=\"image\" height=\"508\" width=\"508\" title=\"piloseb num2\" onerror=\"this.style.display='none'\"  \/>\n\t<p><strong>A hajsz\u00e1lak \u00e1tm\u00e9r\u0151j\u00e9nek a meghat\u00e1roz\u00e1sa: <\/strong>egy nem megfelel\u0151en m\u0171k\u00f6d\u0151 pilosebaceous egys\u00e9g az oka a hajsz\u00e1lak elv\u00e9konyod\u00e1s\u00e1nak \u00e9s a hajt\u00f6meg cs\u00f6kken\u00e9s\u00e9nek eszt\u00e9tikai szinten.<\/p>\n\t\t\t\t<img loading=\"lazy\" decoding=\"async\" src=\"https:\/\/servicesforpharmacies.com\/wp-content\/uploads\/2020\/07\/piloseb-num3.png\" alt=\"Prisutnost anomalija na cornealnom sloju epiderme\" itemprop=\"image\" height=\"508\" width=\"508\" title=\"piloseb num3\" onerror=\"this.style.display='none'\"  \/>\n\t<p><strong>Rendelleness\u00e9gek jelenl\u00e9te a fejb\u0151r\u00f6n:<\/strong> h\u00e1ml\u00e1s, irrit\u00e1ci\u00f3 vagy b\u0151rkipirosod\u00e1s amit viszket\u00e9s k\u00eds\u00e9r, melyek gyakran a bakt\u00e9riumfl\u00f3ra egyens\u00faly\u00e1nak a felboml\u00e1sa miatt alakul ki.<\/p>\n\t\t\t\t<img loading=\"lazy\" decoding=\"async\" src=\"https:\/\/servicesforpharmacies.com\/wp-content\/uploads\/2020\/07\/piloseb-num4.png\" alt=\"Djelovanje \u017elijezda lojnica\" itemprop=\"image\" height=\"508\" width=\"508\" title=\"piloseb num4\" onerror=\"this.style.display='none'\"  \/>\n\t<p><strong>A faggy\u00famirigy m\u0171k\u00f6d\u00e9s\u00e9nek meg\u00e1llap\u00edt\u00e1sa,<\/strong> hogy t\u00fal sok-e a faggy\u00fa a fejb\u0151r\u00f6n, hajsz\u00e1lon.<\/p>\n\t\t\t\t<img loading=\"lazy\" decoding=\"async\" src=\"https:\/\/servicesforpharmacies.com\/wp-content\/uploads\/2020\/07\/piloseb-num5.png\" alt=\"Oblik bulbusa (korijena)\" itemprop=\"image\" height=\"508\" width=\"508\" title=\"piloseb num5\" onerror=\"this.style.display='none'\"  \/>\n\t<p><strong>A hajhagym\u00e1k <\/strong> \u00e1llapot\u00e1nak meghat\u00e1roz\u00e1sa.<\/p>\n\t\t\t\t<img loading=\"lazy\" decoding=\"async\" src=\"https:\/\/servicesforpharmacies.com\/wp-content\/uploads\/2020\/07\/piloseb-num6.png\" alt=\"Pravilno hranjenje korijena kose\" itemprop=\"image\" height=\"508\" width=\"508\" title=\"piloseb num6\" onerror=\"this.style.display='none'\"  \/>\n\t<p><strong>Megfelel\u0151-e a hajhagyma t\u00e1pl\u00e1lts\u00e1ga:<\/strong> kap-e a hajhagyma elegend\u0151 t\u00e1panyagot a hajsz\u00e1lereken kereszt\u00fcl.<\/p>\n<h2>\n\t\tKINEK AJ\u00c1NLOTT?\n\t<\/h2>\n\t<p>AMENNYIBEN:<\/p>\n<p>&nbsp;<\/p>\n<p><strong>VISZKET A FEJB\u0150RE, HULLIK, KORP\u00c1S, ZS\u00cdROS, T\u00d6REDEZETT, VAGY ELV\u00c9KONYODOTT A HAJA.<\/strong><\/p>\n<p>&nbsp;<\/p>\n<p><a href=\"https:\/\/servicesforpharmacies.com\/hu\/picker\" target=\"_blank\" rel=\"noopener\">A pilosebaceous egys\u00e9g \u00c1LLAPOTFELM\u00c9R\u00c9SE<\/a> azoknak is javasolt, akik azt tapasztalj\u00e1k, hogy az \u00e9vek sor\u00e1n a hajuk eszt\u00e9tikai szempontb\u00f3l megv\u00e1ltozott. MEGEL\u0150Z\u00c9SI c\u00e9llal mindenkinek TAVASSZAL \u00e9s \u0150SSZEL, mivel ismert t\u00e9ny, hogy az \u00e9vszak v\u00e1ltoz\u00e1sokn\u00e1l, NY\u00c1R \u00e9s a T\u00c9LI-HIDEG rosszabbodnak a fejb\u0151r rendelleness\u00e9gei.<\/p>\n<h2>\n\t\tT\u00d6BB MINT 80.000 \u00dcGYFEL MAGYARORSZ\u00c1GON\n\t<\/h2>\n<h3>\n\t\tN\u00c9ZD MEG TAPASZTALATAIKAT\n\t<\/h3>\n\tM\u00e1r 26 \u00e9ve seg\u00edt\u00fcnk az embereknek jav\u00edtani a haj \u00e9s a fejb\u0151r eg\u00e9szs\u00e9g\u00e9t.<br \/>\nINGYENES \u00e1llapotfelm\u00e9r\u00e9s a gy\u00f3gyszert\u00e1rban &#8211; szem\u00e9lyre szabott szakmai tan\u00e1csad\u00e1s neked.<br \/>\nN\u00e9zd meg a val\u00f3s eredm\u00e9nyeket, \u00e9s tudd meg, hogyan jav\u00edthatsz a hajad eg\u00e9szs\u00e9g\u00e9n.<br \/>\nSzakmai, \u00e1tl\u00e1that\u00f3 \u00e9s szem\u00e9lyre szabott sz\u00e1modra.\n\t\t\t<a href=\"\/hu\/velemenyek\/\" target=\"_self\">\n\t\t\t\t\t\t\t N\u00e9zze meg az \u00f6sszes tan\u00favallom\u00e1st\n\t\t\t\t\t<\/a>\n\t    <div id=\"osm_map_69df3ff5ce81e\" style=\"height: 650px;\"><\/div>\n    <script>\ndocument.addEventListener(\"DOMContentLoaded\", function () {\n    const map = L.map('osm_map_69df3ff5ce81e').setView([47, 18], 7);\n\n    L.tileLayer('https:\/\/{s}.tile.openstreetmap.org\/{z}\/{x}\/{y}.png', {\n        maxZoom: 19,\n        attribution: '&copy; OpenStreetMap contributors'\n    }).addTo(map);\n\n    fetch(\"https:\/\/servicesforpharmacies.com\/cron\/hu-o.php\")\n        .then(response => response.json())\n        .then(results => {\n            if (!results || !results.pharmacies) {\n                console.warn(\"No pharmacies data in response\");\n                return;\n            }\n\n            results.pharmacies.forEach(pharmacy => {\n                if ((pharmacy.scalp || pharmacy.skin) && pharmacy.latitude && pharmacy.longitude) {\n\n                    let name = pharmacy.name\n    .toLowerCase()\n    .replace(\/\\s+\/g, '-')\n    .replace(\/[\u0111\u00f0]\/g, 'd')   \/\/ \u2705 fix \u0110 and \u0111\n    .replace(\/[\u0161]\/g, 's')\n    .replace(\/[\u010d\u0107]\/g, 'c')\n    .replace(\/[\u017e]\/g, 'z')\n    .normalize(\"NFD\")\n    .replace(\/[\\u0300-\\u036f]\/g, \"\")\n    .replace(\/[^a-z0-9-]\/g, '-')\n    .replace(\/^-+|-+$\/g, '')\n    .replace(\/-+\/g, '-');\n\n                    let scalp = pharmacy.scalp ? `<a href=\"\/hu\/scalp\/${name}\">SCALP<\/a>` : '';\n                    let skin = pharmacy.skin ? `<a href=\"\/hu\/skin\/${name}\">SKIN<\/a>` : '';\n\n                    let content = `\n                        <div style=\"display:flex;flex-direction:row;align-items:center;\">\n                            <img decoding=\"async\" src=\"https:\/\/servicesforpharmacies.com\/wp-content\/uploads\/2020\/08\/mappin.png\" style=\"height:50px;margin:0 10px;\">\n                            <div>\n                                <h4>${pharmacy.name}<\/h4>\n                                ${pharmacy.address}, ${pharmacy.municipality}<br>\n                                ${scalp}<br>${skin}\n                            <\/div>\n                        <\/div>\n                    `;\n\n                    const greenIcon = L.icon({\n    iconUrl: 'https:\/\/raw.githubusercontent.com\/pointhi\/leaflet-color-markers\/master\/img\/marker-icon-green.png',\n    shadowUrl: 'https:\/\/unpkg.com\/leaflet@1.9.4\/dist\/images\/marker-shadow.png',\n    iconSize:     [25, 41],\n    iconAnchor:   [12, 41],\n    popupAnchor:  [1, -34],\n    shadowSize:   [41, 41]\n});\n\nconst marker = L.marker([pharmacy.latitude, pharmacy.longitude], { icon: greenIcon }).addTo(map);\n\n                    marker.bindPopup(content);\n                }\n            });\n        })\n        .catch(error => {\n            console.error(\"Map data fetch failed\", error);\n        });\n});\n<\/script>\n\n    \n\n","protected":false},"excerpt":{"rendered":"<p>VISZKET\u00c9S KORP\u00c1SOD\u00c1S HAJHULL\u00c1S ZS\u00cdROSOD\u00c1S HAJPROBL\u00c9M\u00c1K? Hajprobl\u00e9m\u00e1k? Naponta hallhat\u00f3ak hasonl\u00f3, m\u00e1r k\u00f6zhelynek sz\u00e1m\u00edt\u00f3 mondatok:\u00a0 Zs\u00edros hajam van, minden nap hajat kell mossak&#8230; Sz\u00e1raz \u00e9s gyenge a hajam, frizur\u00e1t kell v\u00e1ltoztassak&#8230; D\u00fasabb hajat szeretn\u00e9k, t\u00fal v\u00e9konyak a hajsz\u00e1laim&#8230; Ma m\u00e1r nem \u00fagy n\u0151 a hajam, mint r\u00e9gen&#8230; Sokkal kevesebb hajam van, mint fiatal koromban, stb&#8230; Ezekn\u00e9l a&hellip;<\/p>\n","protected":false},"author":1,"featured_media":8702,"parent":0,"menu_order":0,"comment_status":"closed","ping_status":"closed","template":"","meta":{"_acf_changed":false,"footnotes":""},"class_list":["post-17128","page","type-page","status-publish","has-post-thumbnail","hentry"],"acf":[],"yoast_head":"<!-- This site is optimized with the Yoast SEO Premium plugin v22.9 (Yoast SEO v27.0) - https:\/\/yoast.com\/product\/yoast-seo-premium-wordpress\/ -->\n<title>HAJ PROBL\u00c9M\u00c1K? | ? Ingyenes \u00e1llapotfelm\u00e9r\u00e9s a gy\u00f3gyszert\u00e1rban. ?<\/title>\n<meta name=\"description\" content=\"Haj probl\u00e9m\u00e1k? Gy\u00f3gyszert\u00e1ri prevenci\u00f3s szolg\u00e1ltat\u00e1s. Ingyenes \u00e1llapotfelm\u00e9r\u00e9s, hozz\u00e1d legk\u00f6zelebb. \u27a1\ufe0f Foglalj id\u0151pontot most! \u2705\" \/>\n<meta name=\"robots\" content=\"index, follow, max-snippet:-1, max-image-preview:large, max-video-preview:-1\" \/>\n<link rel=\"canonical\" href=\"https:\/\/servicesforpharmacies.com\/hu\/\" \/>\n<meta property=\"og:locale\" content=\"hu_HU\" \/>\n<meta property=\"og:type\" content=\"article\" \/>\n<meta property=\"og:title\" content=\"Haj probl\u00e9m\u00e1k\" \/>\n<meta property=\"og:description\" content=\"Haj probl\u00e9m\u00e1k? Gy\u00f3gyszert\u00e1ri prevenci\u00f3s szolg\u00e1ltat\u00e1s. Ingyenes \u00e1llapotfelm\u00e9r\u00e9s, hozz\u00e1d legk\u00f6zelebb. \u27a1\ufe0f Foglalj id\u0151pontot most! \u2705\" \/>\n<meta property=\"og:url\" content=\"https:\/\/servicesforpharmacies.com\/hu\/\" \/>\n<meta property=\"og:site_name\" content=\"Services for pharmacies\" \/>\n<meta property=\"article:modified_time\" content=\"2025-03-19T10:11:10+00:00\" \/>\n<meta property=\"og:image\" content=\"https:\/\/servicesforpharmacies.com\/wp-content\/uploads\/2020\/09\/caduta.jpg\" \/>\n\t<meta property=\"og:image:width\" content=\"715\" \/>\n\t<meta property=\"og:image:height\" content=\"500\" \/>\n\t<meta property=\"og:image:type\" content=\"image\/jpeg\" \/>\n<meta name=\"twitter:card\" content=\"summary_large_image\" \/>\n<script type=\"application\/ld+json\" class=\"yoast-schema-graph\">{\"@context\":\"https:\/\/schema.org\",\"@graph\":[{\"@type\":\"WebPage\",\"@id\":\"https:\/\/servicesforpharmacies.com\/hu\/\",\"url\":\"https:\/\/servicesforpharmacies.com\/hu\/\",\"name\":\"HAJ PROBL\u00c9M\u00c1K? | ? Ingyenes \u00e1llapotfelm\u00e9r\u00e9s a gy\u00f3gyszert\u00e1rban. ?\",\"isPartOf\":{\"@id\":\"https:\/\/servicesforpharmacies.com\/hu\/#website\"},\"primaryImageOfPage\":{\"@id\":\"https:\/\/servicesforpharmacies.com\/hu\/#primaryimage\"},\"image\":{\"@id\":\"https:\/\/servicesforpharmacies.com\/hu\/#primaryimage\"},\"thumbnailUrl\":\"https:\/\/servicesforpharmacies.com\/wp-content\/uploads\/2020\/09\/caduta.jpg\",\"datePublished\":\"2020-09-17T06:47:20+00:00\",\"dateModified\":\"2025-03-19T10:11:10+00:00\",\"description\":\"Haj probl\u00e9m\u00e1k? Gy\u00f3gyszert\u00e1ri prevenci\u00f3s szolg\u00e1ltat\u00e1s. Ingyenes \u00e1llapotfelm\u00e9r\u00e9s, hozz\u00e1d legk\u00f6zelebb. \u27a1\ufe0f Foglalj id\u0151pontot most! \u2705\",\"breadcrumb\":{\"@id\":\"https:\/\/servicesforpharmacies.com\/hu\/#breadcrumb\"},\"inLanguage\":\"hu\",\"potentialAction\":[{\"@type\":\"ReadAction\",\"target\":[\"https:\/\/servicesforpharmacies.com\/hu\/\"]}]},{\"@type\":\"ImageObject\",\"inLanguage\":\"hu\",\"@id\":\"https:\/\/servicesforpharmacies.com\/hu\/#primaryimage\",\"url\":\"https:\/\/servicesforpharmacies.com\/wp-content\/uploads\/2020\/09\/caduta.jpg\",\"contentUrl\":\"https:\/\/servicesforpharmacies.com\/wp-content\/uploads\/2020\/09\/caduta.jpg\",\"width\":715,\"height\":500,\"caption\":\"Haj probl\u00e9m\u00e1k?\"},{\"@type\":\"BreadcrumbList\",\"@id\":\"https:\/\/servicesforpharmacies.com\/hu\/#breadcrumb\",\"itemListElement\":[{\"@type\":\"ListItem\",\"position\":1,\"name\":\"Home\",\"item\":\"https:\/\/servicesforpharmacies.com\/hu\/\"},{\"@type\":\"ListItem\",\"position\":2,\"name\":\"Haj probl\u00e9m\u00e1k\"}]},{\"@type\":\"WebSite\",\"@id\":\"https:\/\/servicesforpharmacies.com\/hu\/#website\",\"url\":\"https:\/\/servicesforpharmacies.com\/hu\/\",\"name\":\"Services for pharmacies\",\"description\":\"\",\"publisher\":{\"@id\":\"https:\/\/servicesforpharmacies.com\/hu\/#organization\"},\"potentialAction\":[{\"@type\":\"SearchAction\",\"target\":{\"@type\":\"EntryPoint\",\"urlTemplate\":\"https:\/\/servicesforpharmacies.com\/hu\/?s={search_term_string}\"},\"query-input\":{\"@type\":\"PropertyValueSpecification\",\"valueRequired\":true,\"valueName\":\"search_term_string\"}}],\"inLanguage\":\"hu\"},{\"@type\":\"Organization\",\"@id\":\"https:\/\/servicesforpharmacies.com\/hu\/#organization\",\"name\":\"VitalPlusActive Group Ltd\",\"url\":\"https:\/\/servicesforpharmacies.com\/hu\/\",\"logo\":{\"@type\":\"ImageObject\",\"inLanguage\":\"hu\",\"@id\":\"https:\/\/servicesforpharmacies.com\/hu\/#\/schema\/logo\/image\/\",\"url\":\"https:\/\/servicesforpharmacies.com\/wp-content\/uploads\/2020\/07\/logo-eng.jpg\",\"contentUrl\":\"https:\/\/servicesforpharmacies.com\/wp-content\/uploads\/2020\/07\/logo-eng.jpg\",\"width\":398,\"height\":90,\"caption\":\"VitalPlusActive Group Ltd\"},\"image\":{\"@id\":\"https:\/\/servicesforpharmacies.com\/hu\/#\/schema\/logo\/image\/\"}}]}<\/script>\n<!-- \/ Yoast SEO Premium plugin. -->","yoast_head_json":{"title":"HAJ PROBL\u00c9M\u00c1K? | ? Ingyenes \u00e1llapotfelm\u00e9r\u00e9s a gy\u00f3gyszert\u00e1rban. ?","description":"Haj probl\u00e9m\u00e1k? Gy\u00f3gyszert\u00e1ri prevenci\u00f3s szolg\u00e1ltat\u00e1s. Ingyenes \u00e1llapotfelm\u00e9r\u00e9s, hozz\u00e1d legk\u00f6zelebb. \u27a1\ufe0f Foglalj id\u0151pontot most! \u2705","robots":{"index":"index","follow":"follow","max-snippet":"max-snippet:-1","max-image-preview":"max-image-preview:large","max-video-preview":"max-video-preview:-1"},"canonical":"https:\/\/servicesforpharmacies.com\/hu\/","og_locale":"hu_HU","og_type":"article","og_title":"Haj probl\u00e9m\u00e1k","og_description":"Haj probl\u00e9m\u00e1k? Gy\u00f3gyszert\u00e1ri prevenci\u00f3s szolg\u00e1ltat\u00e1s. Ingyenes \u00e1llapotfelm\u00e9r\u00e9s, hozz\u00e1d legk\u00f6zelebb. \u27a1\ufe0f Foglalj id\u0151pontot most! \u2705","og_url":"https:\/\/servicesforpharmacies.com\/hu\/","og_site_name":"Services for pharmacies","article_modified_time":"2025-03-19T10:11:10+00:00","og_image":[{"width":715,"height":500,"url":"https:\/\/servicesforpharmacies.com\/wp-content\/uploads\/2020\/09\/caduta.jpg","type":"image\/jpeg"}],"twitter_card":"summary_large_image","schema":{"@context":"https:\/\/schema.org","@graph":[{"@type":"WebPage","@id":"https:\/\/servicesforpharmacies.com\/hu\/","url":"https:\/\/servicesforpharmacies.com\/hu\/","name":"HAJ PROBL\u00c9M\u00c1K? | ? Ingyenes \u00e1llapotfelm\u00e9r\u00e9s a gy\u00f3gyszert\u00e1rban. ?","isPartOf":{"@id":"https:\/\/servicesforpharmacies.com\/hu\/#website"},"primaryImageOfPage":{"@id":"https:\/\/servicesforpharmacies.com\/hu\/#primaryimage"},"image":{"@id":"https:\/\/servicesforpharmacies.com\/hu\/#primaryimage"},"thumbnailUrl":"https:\/\/servicesforpharmacies.com\/wp-content\/uploads\/2020\/09\/caduta.jpg","datePublished":"2020-09-17T06:47:20+00:00","dateModified":"2025-03-19T10:11:10+00:00","description":"Haj probl\u00e9m\u00e1k? Gy\u00f3gyszert\u00e1ri prevenci\u00f3s szolg\u00e1ltat\u00e1s. Ingyenes \u00e1llapotfelm\u00e9r\u00e9s, hozz\u00e1d legk\u00f6zelebb. \u27a1\ufe0f Foglalj id\u0151pontot most! \u2705","breadcrumb":{"@id":"https:\/\/servicesforpharmacies.com\/hu\/#breadcrumb"},"inLanguage":"hu","potentialAction":[{"@type":"ReadAction","target":["https:\/\/servicesforpharmacies.com\/hu\/"]}]},{"@type":"ImageObject","inLanguage":"hu","@id":"https:\/\/servicesforpharmacies.com\/hu\/#primaryimage","url":"https:\/\/servicesforpharmacies.com\/wp-content\/uploads\/2020\/09\/caduta.jpg","contentUrl":"https:\/\/servicesforpharmacies.com\/wp-content\/uploads\/2020\/09\/caduta.jpg","width":715,"height":500,"caption":"Haj probl\u00e9m\u00e1k?"},{"@type":"BreadcrumbList","@id":"https:\/\/servicesforpharmacies.com\/hu\/#breadcrumb","itemListElement":[{"@type":"ListItem","position":1,"name":"Home","item":"https:\/\/servicesforpharmacies.com\/hu\/"},{"@type":"ListItem","position":2,"name":"Haj probl\u00e9m\u00e1k"}]},{"@type":"WebSite","@id":"https:\/\/servicesforpharmacies.com\/hu\/#website","url":"https:\/\/servicesforpharmacies.com\/hu\/","name":"Services for pharmacies","description":"","publisher":{"@id":"https:\/\/servicesforpharmacies.com\/hu\/#organization"},"potentialAction":[{"@type":"SearchAction","target":{"@type":"EntryPoint","urlTemplate":"https:\/\/servicesforpharmacies.com\/hu\/?s={search_term_string}"},"query-input":{"@type":"PropertyValueSpecification","valueRequired":true,"valueName":"search_term_string"}}],"inLanguage":"hu"},{"@type":"Organization","@id":"https:\/\/servicesforpharmacies.com\/hu\/#organization","name":"VitalPlusActive Group Ltd","url":"https:\/\/servicesforpharmacies.com\/hu\/","logo":{"@type":"ImageObject","inLanguage":"hu","@id":"https:\/\/servicesforpharmacies.com\/hu\/#\/schema\/logo\/image\/","url":"https:\/\/servicesforpharmacies.com\/wp-content\/uploads\/2020\/07\/logo-eng.jpg","contentUrl":"https:\/\/servicesforpharmacies.com\/wp-content\/uploads\/2020\/07\/logo-eng.jpg","width":398,"height":90,"caption":"VitalPlusActive Group Ltd"},"image":{"@id":"https:\/\/servicesforpharmacies.com\/hu\/#\/schema\/logo\/image\/"}}]}},"_links":{"self":[{"href":"https:\/\/servicesforpharmacies.com\/hu\/wp-json\/wp\/v2\/pages\/17128","targetHints":{"allow":["GET"]}}],"collection":[{"href":"https:\/\/servicesforpharmacies.com\/hu\/wp-json\/wp\/v2\/pages"}],"about":[{"href":"https:\/\/servicesforpharmacies.com\/hu\/wp-json\/wp\/v2\/types\/page"}],"author":[{"embeddable":true,"href":"https:\/\/servicesforpharmacies.com\/hu\/wp-json\/wp\/v2\/users\/1"}],"replies":[{"embeddable":true,"href":"https:\/\/servicesforpharmacies.com\/hu\/wp-json\/wp\/v2\/comments?post=17128"}],"version-history":[{"count":0,"href":"https:\/\/servicesforpharmacies.com\/hu\/wp-json\/wp\/v2\/pages\/17128\/revisions"}],"wp:featuredmedia":[{"embeddable":true,"href":"https:\/\/servicesforpharmacies.com\/hu\/wp-json\/wp\/v2\/media\/8702"}],"wp:attachment":[{"href":"https:\/\/servicesforpharmacies.com\/hu\/wp-json\/wp\/v2\/media?parent=17128"}],"curies":[{"name":"wp","href":"https:\/\/api.w.org\/{rel}","templated":true}]}}