{"id":687094,"date":"2025-03-04T20:14:46","date_gmt":"2025-03-04T20:14:46","guid":{"rendered":"https:\/\/servicesforpharmacies.com\/?page_id=687094"},"modified":"2025-03-08T23:19:20","modified_gmt":"2025-03-08T23:19:20","slug":"testimony","status":"publish","type":"page","link":"https:\/\/servicesforpharmacies.com\/hr\/testimony\/","title":{"rendered":"Testimony"},"content":{"rendered":"\n<h1>\n\t\tVI\u0160E OD 40.000 KLIJENATA U HRVATSKOJ \n\t<\/h1>\n<h2>\n\t\tPOGLEDAJTE NJIHOVA ISKUSTVA\n\t<\/h2>\n\tVe\u0107 26 godina poma\u017eemo ljudima pobolj\u0161ati zdravlje kose i vlasi\u0161ta.<br \/>\nStru\u010dni pregled u ljekarnama &#8211; profesionalni savjeti prilago\u0111eni vama.<br \/>\nPogledajte stvarne rezultate i saznajte kako mo\u017eete pobolj\u0161ati zdravlje svoje kose.\nStru\u010dno, transparentno i prilago\u0111eno vama.\n\t\t\t<a href=\"https:\/\/servicesforpharmacies.com\/hr\/picker\/\" target=\"_blank\" rel=\"noopener\">\n\t\t\t\t\t\t\tZatra\u017eite BESPLATAN pregled u ljekarni\n\t\t\t\t\t<\/a>\n<h2>\n\t\tKako izgleda pregled?\n\t<\/h2>\n\t<p>Kratki prikaz pregleda na dermovisoru &#8211; Kako izgleda procjena stanja vlasi\u0161ta?<\/p>\n\t\t<h4>\n\t\t\tModal Box\n\t\t\t\t\t<\/h4>\n\t\t<h5>modal-<\/h5>\n\t\tClick here to edit the &#8220;modal-box&#8221; settings. This text is only for editing and will not appear after you publish the changes.\t\n\t\t\t\t\t\tPreview\n\t\t\tmodal-\n\t\t<h2>\n\t\tPRIJE NEGO ODETE&#8230; SAZNAJTE KAKO SMO POMAGALI DRUGIMA!\n\t<\/h2>\n\t<p>Vi\u0161e od 40.000 klijenata u Hrvatskoj i 700.000 u Europi ve\u0107 je pro\u0161lo kroz stru\u010dni pregled i prona\u0161lo pravo rje\u0161enje za zdravlje kose.<\/p>\n<p>Pogledajte njihova iskustva i saznajte kako mo\u017eemo pomo\u0107i i vama!<\/p>\n\t\t\t\t<img loading=\"lazy\" decoding=\"async\" width=\"300\" height=\"158\" src=\"https:\/\/servicesforpharmacies.com\/wp-content\/uploads\/2025\/03\/before-after-Ricrescita-capelli-1-300x158.jpg\" alt=\"before-after-Ricrescita-capelli-1\" itemprop=\"image\" title=\"before-after-Ricrescita-capelli-1\" onerror=\"this.style.display='none'\" srcset=\"https:\/\/servicesforpharmacies.com\/wp-content\/uploads\/2025\/03\/before-after-Ricrescita-capelli-1-300x158.jpg 300w, https:\/\/servicesforpharmacies.com\/wp-content\/uploads\/2025\/03\/before-after-Ricrescita-capelli-1-1024x538.jpg 1024w, https:\/\/servicesforpharmacies.com\/wp-content\/uploads\/2025\/03\/before-after-Ricrescita-capelli-1-768x403.jpg 768w, https:\/\/servicesforpharmacies.com\/wp-content\/uploads\/2025\/03\/before-after-Ricrescita-capelli-1-95x50.jpg 95w, https:\/\/servicesforpharmacies.com\/wp-content\/uploads\/2025\/03\/before-after-Ricrescita-capelli-1.jpg 1200w\" sizes=\"auto, (max-width: 300px) 100vw, 300px\" \/>\n\t\t\t\t<img loading=\"lazy\" decoding=\"async\" width=\"300\" height=\"158\" src=\"https:\/\/servicesforpharmacies.com\/wp-content\/uploads\/2025\/03\/before-after-Ispadanje-las-1-300x158.jpg\" alt=\"before-after-Ispadanje-las-1\" itemprop=\"image\" title=\"before-after-Ispadanje-las-1\" onerror=\"this.style.display='none'\" srcset=\"https:\/\/servicesforpharmacies.com\/wp-content\/uploads\/2025\/03\/before-after-Ispadanje-las-1-300x158.jpg 300w, https:\/\/servicesforpharmacies.com\/wp-content\/uploads\/2025\/03\/before-after-Ispadanje-las-1-1024x538.jpg 1024w, https:\/\/servicesforpharmacies.com\/wp-content\/uploads\/2025\/03\/before-after-Ispadanje-las-1-768x403.jpg 768w, https:\/\/servicesforpharmacies.com\/wp-content\/uploads\/2025\/03\/before-after-Ispadanje-las-1-95x50.jpg 95w, https:\/\/servicesforpharmacies.com\/wp-content\/uploads\/2025\/03\/before-after-Ispadanje-las-1.jpg 1200w\" sizes=\"auto, (max-width: 300px) 100vw, 300px\" \/>\n\t\t\t\t<img loading=\"lazy\" decoding=\"async\" width=\"300\" height=\"158\" src=\"https:\/\/servicesforpharmacies.com\/wp-content\/uploads\/2025\/03\/before-after-opadanje-kose-1-300x158.jpg\" alt=\"before-after-opadanje-kose-1\" itemprop=\"image\" title=\"before-after-opadanje-kose-1\" onerror=\"this.style.display='none'\" srcset=\"https:\/\/servicesforpharmacies.com\/wp-content\/uploads\/2025\/03\/before-after-opadanje-kose-1-300x158.jpg 300w, https:\/\/servicesforpharmacies.com\/wp-content\/uploads\/2025\/03\/before-after-opadanje-kose-1-1024x538.jpg 1024w, https:\/\/servicesforpharmacies.com\/wp-content\/uploads\/2025\/03\/before-after-opadanje-kose-1-768x403.jpg 768w, https:\/\/servicesforpharmacies.com\/wp-content\/uploads\/2025\/03\/before-after-opadanje-kose-1-95x50.jpg 95w, https:\/\/servicesforpharmacies.com\/wp-content\/uploads\/2025\/03\/before-after-opadanje-kose-1.jpg 1200w\" sizes=\"auto, (max-width: 300px) 100vw, 300px\" \/>\n\t<p>Transparentno i stru\u010dno &#8211; bez bombasti\u010dnih obe\u0107anja, samo stvarni rezultati.<\/p>\n<p>Pogledajte svjedo\u010danstva i saznajte kako izgleda stru\u010dni pregled u ljekarnama.<\/p>\n<p>Kliknite ispod i pogledajte stvarne rezultate!<\/p>\n\t\t\t<a href=\"\/hr\/svjedocanstva\/\" target=\"_self\">\n\t\t\t\t\t\t\tPOGLEDAJTE ISKUSTVA KLIJENATA\n\t\t\t\t\t<\/a>\n\t\t\t<a href=\"https:\/\/servicesforpharmacies.com\/hr\/picker\/\" target=\"_self\">\n\t\t\t\t\t\t\tNE, NASTAVLJAM BEZ INFORMACIJA\n\t\t\t\t\t<\/a>\n\t<iframe loading=\"lazy\" title=\"Free Scalp Hair Check-Up at Your Local Pharmacy | Special Services for Pharmacies\" width=\"500\" height=\"281\" src=\"https:\/\/www.youtube.com\/embed\/v3xs6eepUmA?feature=oembed\" frameborder=\"0\" allow=\"accelerometer; autoplay; clipboard-write; encrypted-media; gyroscope; picture-in-picture; web-share\" referrerpolicy=\"strict-origin-when-cross-origin\" allowfullscreen><\/iframe>\n<h2>\n\t\tPrilago\u0111eno va\u0161im potrebama\n\t<\/h2>\n\t\t\t<a href=\"\" target=\"_self\">\n\t\t\t\t\t\t\tStru\u010dnost\n\t\t\t\t\t<\/a>\n\t\t\t<a href=\"\" target=\"_self\">\n\t\t\t\t\t\t\tZDRAVLJE\n\t\t\t\t\t<\/a>\n\t\t\t<a href=\"\" target=\"_self\">\n\t\t\t\t\t\t\tPreporuke\n\t\t\t\t\t<\/a>\n\tStru\u010dno procijenjeno stanje vlasi\u0161ta i kose.<br \/>\nVidljivi faktori koji utje\u010du na zdravlje kose.<br \/>\nPersonalizirane preporuke temeljene na stru\u010dnom pregledu.\n\t\t\t<a href=\"https:\/\/servicesforpharmacies.com\/hr\/picker\/\" target=\"_blank\" rel=\"noopener\">\n\t\t\t\t\t\t\tZatra\u017eite BESPLATAN pregled u ljekarni\n\t\t\t\t\t<\/a>\n<h2>\n\t\tIskustva klijenata\n\t<\/h2>\n\t<p>Stvarni rezultati kroz 3+ mjeseca pravilne njege.<\/p>\n\t\t\t\t<img loading=\"lazy\" decoding=\"async\" src=\"https:\/\/servicesforpharmacies.com\/wp-content\/uploads\/2025\/03\/before-after-1200x630-107.jpg\" alt=\"before-after-1200x630-107\" itemprop=\"image\" height=\"630\" width=\"1200\" title=\"before-after-1200x630-107\" onerror=\"this.style.display='none'\"  \/>\n\t&#8220;Nakon 4 mjeseca pravilne njege, kosa mi je postala ja\u010da i gu\u0161\u0107a.&#8221;<br \/>\n<strong>Marija, 42 godine<\/strong>\n\t\t\t\t<img loading=\"lazy\" decoding=\"async\" src=\"https:\/\/servicesforpharmacies.com\/wp-content\/uploads\/2025\/03\/before-after-1200x630-117.jpg\" alt=\"before-after-1200x630-117\" itemprop=\"image\" height=\"630\" width=\"1200\" title=\"before-after-1200x630-117\" onerror=\"this.style.display='none'\"  \/>\n\t&#8220;Smanjilo se perutanje i svrbe\u017e vlasi\u0161ta nakon \u0161to sam promijenila rutinu.&#8221;<br \/>\n<strong>Ivan, 37 godina<\/strong>\n\t\t\t\t<img loading=\"lazy\" decoding=\"async\" src=\"https:\/\/servicesforpharmacies.com\/wp-content\/uploads\/2025\/03\/before-after-1200x630-111.jpg\" alt=\"before-after-1200x630-111\" itemprop=\"image\" height=\"630\" width=\"1200\" title=\"before-after-1200x630-111\" onerror=\"this.style.display='none'\"  \/>\n\t&#8220;Mislila sam da ni\u0161ta ne mo\u017ee pomo\u0107i mojoj tankoj kosi, ali sad vidim razliku.&#8221;<br \/>\n<strong>Ana, 29 godina<\/strong>\n\t<p>Ovo su samo neki od rezultata &#8211; pogledajte jo\u0161 vi\u0161e stvarnih svjedo\u010danstava!<\/p>\n\t\t\t<a href=\"\/hr\/svjedocanstva\/\" target=\"_blank\" rel=\"noopener\">\n\t\t\t\t\t\t\tPogledajte svih 85 svjedo\u010danstava\n\t\t\t\t\t<\/a>\n<h2>\n\t\tKako funkcionira stru\u010dni pregled u ljekarni?\n\t<\/h2>\n\tRezervirajte termin &#8211; Odaberite partnersku ljekarnu i prijavite se za besplatan pregled.\n15-minutni stru\u010dni pregled &#8211; Na\u0161i savjetnici procjenjuju stanje va\u0161eg vlasi\u0161ta i kose te razgovaraju s vama o mogu\u0107im uzrocima problema.\nStru\u010dne preporuke &#8211; Na temelju pregleda dobivate personalizirane smjernice za pravilnu njegu.\nPregled traje 15 minuta i provodi se isklju\u010divo u ljekarnama.\n\t\t\t<a href=\"https:\/\/servicesforpharmacies.com\/hr\/picker\/\" target=\"_blank\" rel=\"noopener\">\n\t\t\t\t\t\t\tZatra\u017eite BESPLATAN pregled u ljekarni\n\t\t\t\t\t<\/a>\n<h2>\n\t\tZa\u0161to odabrati na\u0161 stru\u010dni pregled?\n\t<\/h2>\n\tVi\u0161e od 26 godina iskustva &#8211; Preko 700.000 pregleda godi\u0161nje u Europi.\n40.000 klijenata u Hrvatskoj &#8211; Profesionalni savjetnici u ljekarnama.\n85 stvarnih svjedo\u010danstava &#8211; Prikaz realnih rezultata s dugoro\u010dnim pobolj\u0161anjima.\nPregled je besplatan i bez obaveze kupovine.\n\n<a href=\"https:\/\/vitalplusactive.com\/hr\/svjedocanstva\/\">Saznajte vi\u0161e<\/a>\n<h2>\n\t\t\u010cesta pitanja (FAQ)\n\t<\/h2>\n\t\t\t\tKoliko traje pregled?\n\t\t\t\t\t<p>Oko 15 minuta, u dogovorenom terminu u ljekarni.<\/p>\n\t\t\t\tMoram li kupiti proizvode nakon pregleda?\n\t\t\t\t\t<p>Ne! Stru\u010dni pregled je besplatan i bez obaveze kupovine.<\/p>\n\t\t\t\tKoliko brzo mogu o\u010dekivati rezultate?\n\t\t\t\t\t<section data-id=\"db5a60f\" data-element_type=\"section\">\n<p>Svaka kosa je druga\u010dija, ali vidljive promjene obi\u010dno se primijete nakon 3 do 6 mjeseci pravilne njege.<\/p>\n<\/section>\n\n","protected":false},"excerpt":{"rendered":"<p>VI\u0160E OD 40.000 KLIJENATA U HRVATSKOJ POGLEDAJTE NJIHOVA ISKUSTVA Ve\u0107 26 godina poma\u017eemo ljudima pobolj\u0161ati zdravlje kose i vlasi\u0161ta. Stru\u010dni pregled u ljekarnama &#8211; profesionalni savjeti prilago\u0111eni vama. Pogledajte stvarne rezultate i saznajte kako mo\u017eete pobolj\u0161ati zdravlje svoje kose. Stru\u010dno, transparentno i prilago\u0111eno vama. Zatra\u017eite BESPLATAN pregled u ljekarni Kako izgleda pregled? Kratki prikaz pregleda&hellip;<\/p>\n","protected":false},"author":1,"featured_media":0,"parent":0,"menu_order":0,"comment_status":"closed","ping_status":"closed","template":"","meta":{"_acf_changed":false,"footnotes":""},"class_list":["post-687094","page","type-page","status-publish","hentry"],"acf":[],"yoast_head":"<!-- This site is optimized with the Yoast SEO Premium plugin v22.9 (Yoast SEO v27.0) - https:\/\/yoast.com\/product\/yoast-seo-premium-wordpress\/ -->\n<title>Testimony | Services for pharmacies<\/title>\n<meta name=\"robots\" content=\"index, follow, max-snippet:-1, max-image-preview:large, max-video-preview:-1\" \/>\n<link rel=\"canonical\" href=\"https:\/\/servicesforpharmacies.com\/hr\/testimony\/\" \/>\n<meta property=\"og:locale\" content=\"hr_HR\" \/>\n<meta property=\"og:type\" content=\"article\" \/>\n<meta property=\"og:title\" content=\"Testimony\" \/>\n<meta property=\"og:description\" content=\"VI\u0160E OD 40.000 KLIJENATA U HRVATSKOJ POGLEDAJTE NJIHOVA ISKUSTVA Ve\u0107 26 godina poma\u017eemo ljudima pobolj\u0161ati zdravlje kose i vlasi\u0161ta. Stru\u010dni pregled u ljekarnama &#8211; profesionalni savjeti prilago\u0111eni vama. Pogledajte stvarne rezultate i saznajte kako mo\u017eete pobolj\u0161ati zdravlje svoje kose. Stru\u010dno, transparentno i prilago\u0111eno vama. Zatra\u017eite BESPLATAN pregled u ljekarni Kako izgleda pregled? Kratki prikaz pregleda&hellip;\" \/>\n<meta property=\"og:url\" content=\"https:\/\/servicesforpharmacies.com\/hr\/testimony\/\" \/>\n<meta property=\"og:site_name\" content=\"Services for pharmacies\" \/>\n<meta property=\"article:modified_time\" content=\"2025-03-08T23:19:20+00:00\" \/>\n<meta property=\"og:image\" content=\"https:\/\/servicesforpharmacies.com\/wp-content\/uploads\/2025\/03\/before-after-Ricrescita-capelli-1-300x158.jpg\" \/>\n<meta name=\"twitter:card\" content=\"summary_large_image\" \/>\n<script type=\"application\/ld+json\" class=\"yoast-schema-graph\">{\"@context\":\"https:\/\/schema.org\",\"@graph\":[{\"@type\":\"WebPage\",\"@id\":\"https:\/\/servicesforpharmacies.com\/hr\/testimony\/\",\"url\":\"https:\/\/servicesforpharmacies.com\/hr\/testimony\/\",\"name\":\"Testimony | Services for pharmacies\",\"isPartOf\":{\"@id\":\"https:\/\/servicesforpharmacies.com\/hr\/#website\"},\"primaryImageOfPage\":{\"@id\":\"https:\/\/servicesforpharmacies.com\/hr\/testimony\/#primaryimage\"},\"image\":{\"@id\":\"https:\/\/servicesforpharmacies.com\/hr\/testimony\/#primaryimage\"},\"thumbnailUrl\":\"https:\/\/servicesforpharmacies.com\/wp-content\/uploads\/2025\/03\/before-after-Ricrescita-capelli-1-300x158.jpg\",\"datePublished\":\"2025-03-04T20:14:46+00:00\",\"dateModified\":\"2025-03-08T23:19:20+00:00\",\"breadcrumb\":{\"@id\":\"https:\/\/servicesforpharmacies.com\/hr\/testimony\/#breadcrumb\"},\"inLanguage\":\"hr\",\"potentialAction\":[{\"@type\":\"ReadAction\",\"target\":[\"https:\/\/servicesforpharmacies.com\/hr\/testimony\/\"]}]},{\"@type\":\"ImageObject\",\"inLanguage\":\"hr\",\"@id\":\"https:\/\/servicesforpharmacies.com\/hr\/testimony\/#primaryimage\",\"url\":\"https:\/\/servicesforpharmacies.com\/wp-content\/uploads\/2025\/03\/before-after-Ricrescita-capelli-1-300x158.jpg\",\"contentUrl\":\"https:\/\/servicesforpharmacies.com\/wp-content\/uploads\/2025\/03\/before-after-Ricrescita-capelli-1-300x158.jpg\"},{\"@type\":\"BreadcrumbList\",\"@id\":\"https:\/\/servicesforpharmacies.com\/hr\/testimony\/#breadcrumb\",\"itemListElement\":[{\"@type\":\"ListItem\",\"position\":1,\"name\":\"Home\",\"item\":\"https:\/\/servicesforpharmacies.com\/hr\/\"},{\"@type\":\"ListItem\",\"position\":2,\"name\":\"Testimony\"}]},{\"@type\":\"WebSite\",\"@id\":\"https:\/\/servicesforpharmacies.com\/hr\/#website\",\"url\":\"https:\/\/servicesforpharmacies.com\/hr\/\",\"name\":\"Services for pharmacies\",\"description\":\"\",\"publisher\":{\"@id\":\"https:\/\/servicesforpharmacies.com\/hr\/#organization\"},\"potentialAction\":[{\"@type\":\"SearchAction\",\"target\":{\"@type\":\"EntryPoint\",\"urlTemplate\":\"https:\/\/servicesforpharmacies.com\/hr\/?s={search_term_string}\"},\"query-input\":{\"@type\":\"PropertyValueSpecification\",\"valueRequired\":true,\"valueName\":\"search_term_string\"}}],\"inLanguage\":\"hr\"},{\"@type\":\"Organization\",\"@id\":\"https:\/\/servicesforpharmacies.com\/hr\/#organization\",\"name\":\"VitalPlusActive Group Ltd\",\"url\":\"https:\/\/servicesforpharmacies.com\/hr\/\",\"logo\":{\"@type\":\"ImageObject\",\"inLanguage\":\"hr\",\"@id\":\"https:\/\/servicesforpharmacies.com\/hr\/#\/schema\/logo\/image\/\",\"url\":\"https:\/\/servicesforpharmacies.com\/wp-content\/uploads\/2020\/07\/logo-eng.jpg\",\"contentUrl\":\"https:\/\/servicesforpharmacies.com\/wp-content\/uploads\/2020\/07\/logo-eng.jpg\",\"width\":398,\"height\":90,\"caption\":\"VitalPlusActive Group Ltd\"},\"image\":{\"@id\":\"https:\/\/servicesforpharmacies.com\/hr\/#\/schema\/logo\/image\/\"}}]}<\/script>\n<!-- \/ Yoast SEO Premium plugin. -->","yoast_head_json":{"title":"Testimony | Services for pharmacies","robots":{"index":"index","follow":"follow","max-snippet":"max-snippet:-1","max-image-preview":"max-image-preview:large","max-video-preview":"max-video-preview:-1"},"canonical":"https:\/\/servicesforpharmacies.com\/hr\/testimony\/","og_locale":"hr_HR","og_type":"article","og_title":"Testimony","og_description":"VI\u0160E OD 40.000 KLIJENATA U HRVATSKOJ POGLEDAJTE NJIHOVA ISKUSTVA Ve\u0107 26 godina poma\u017eemo ljudima pobolj\u0161ati zdravlje kose i vlasi\u0161ta. Stru\u010dni pregled u ljekarnama &#8211; profesionalni savjeti prilago\u0111eni vama. Pogledajte stvarne rezultate i saznajte kako mo\u017eete pobolj\u0161ati zdravlje svoje kose. Stru\u010dno, transparentno i prilago\u0111eno vama. Zatra\u017eite BESPLATAN pregled u ljekarni Kako izgleda pregled? Kratki prikaz pregleda&hellip;","og_url":"https:\/\/servicesforpharmacies.com\/hr\/testimony\/","og_site_name":"Services for pharmacies","article_modified_time":"2025-03-08T23:19:20+00:00","og_image":[{"url":"https:\/\/servicesforpharmacies.com\/wp-content\/uploads\/2025\/03\/before-after-Ricrescita-capelli-1-300x158.jpg","type":"","width":"","height":""}],"twitter_card":"summary_large_image","schema":{"@context":"https:\/\/schema.org","@graph":[{"@type":"WebPage","@id":"https:\/\/servicesforpharmacies.com\/hr\/testimony\/","url":"https:\/\/servicesforpharmacies.com\/hr\/testimony\/","name":"Testimony | Services for pharmacies","isPartOf":{"@id":"https:\/\/servicesforpharmacies.com\/hr\/#website"},"primaryImageOfPage":{"@id":"https:\/\/servicesforpharmacies.com\/hr\/testimony\/#primaryimage"},"image":{"@id":"https:\/\/servicesforpharmacies.com\/hr\/testimony\/#primaryimage"},"thumbnailUrl":"https:\/\/servicesforpharmacies.com\/wp-content\/uploads\/2025\/03\/before-after-Ricrescita-capelli-1-300x158.jpg","datePublished":"2025-03-04T20:14:46+00:00","dateModified":"2025-03-08T23:19:20+00:00","breadcrumb":{"@id":"https:\/\/servicesforpharmacies.com\/hr\/testimony\/#breadcrumb"},"inLanguage":"hr","potentialAction":[{"@type":"ReadAction","target":["https:\/\/servicesforpharmacies.com\/hr\/testimony\/"]}]},{"@type":"ImageObject","inLanguage":"hr","@id":"https:\/\/servicesforpharmacies.com\/hr\/testimony\/#primaryimage","url":"https:\/\/servicesforpharmacies.com\/wp-content\/uploads\/2025\/03\/before-after-Ricrescita-capelli-1-300x158.jpg","contentUrl":"https:\/\/servicesforpharmacies.com\/wp-content\/uploads\/2025\/03\/before-after-Ricrescita-capelli-1-300x158.jpg"},{"@type":"BreadcrumbList","@id":"https:\/\/servicesforpharmacies.com\/hr\/testimony\/#breadcrumb","itemListElement":[{"@type":"ListItem","position":1,"name":"Home","item":"https:\/\/servicesforpharmacies.com\/hr\/"},{"@type":"ListItem","position":2,"name":"Testimony"}]},{"@type":"WebSite","@id":"https:\/\/servicesforpharmacies.com\/hr\/#website","url":"https:\/\/servicesforpharmacies.com\/hr\/","name":"Services for pharmacies","description":"","publisher":{"@id":"https:\/\/servicesforpharmacies.com\/hr\/#organization"},"potentialAction":[{"@type":"SearchAction","target":{"@type":"EntryPoint","urlTemplate":"https:\/\/servicesforpharmacies.com\/hr\/?s={search_term_string}"},"query-input":{"@type":"PropertyValueSpecification","valueRequired":true,"valueName":"search_term_string"}}],"inLanguage":"hr"},{"@type":"Organization","@id":"https:\/\/servicesforpharmacies.com\/hr\/#organization","name":"VitalPlusActive Group Ltd","url":"https:\/\/servicesforpharmacies.com\/hr\/","logo":{"@type":"ImageObject","inLanguage":"hr","@id":"https:\/\/servicesforpharmacies.com\/hr\/#\/schema\/logo\/image\/","url":"https:\/\/servicesforpharmacies.com\/wp-content\/uploads\/2020\/07\/logo-eng.jpg","contentUrl":"https:\/\/servicesforpharmacies.com\/wp-content\/uploads\/2020\/07\/logo-eng.jpg","width":398,"height":90,"caption":"VitalPlusActive Group Ltd"},"image":{"@id":"https:\/\/servicesforpharmacies.com\/hr\/#\/schema\/logo\/image\/"}}]}},"_links":{"self":[{"href":"https:\/\/servicesforpharmacies.com\/hr\/wp-json\/wp\/v2\/pages\/687094","targetHints":{"allow":["GET"]}}],"collection":[{"href":"https:\/\/servicesforpharmacies.com\/hr\/wp-json\/wp\/v2\/pages"}],"about":[{"href":"https:\/\/servicesforpharmacies.com\/hr\/wp-json\/wp\/v2\/types\/page"}],"author":[{"embeddable":true,"href":"https:\/\/servicesforpharmacies.com\/hr\/wp-json\/wp\/v2\/users\/1"}],"replies":[{"embeddable":true,"href":"https:\/\/servicesforpharmacies.com\/hr\/wp-json\/wp\/v2\/comments?post=687094"}],"version-history":[{"count":0,"href":"https:\/\/servicesforpharmacies.com\/hr\/wp-json\/wp\/v2\/pages\/687094\/revisions"}],"wp:attachment":[{"href":"https:\/\/servicesforpharmacies.com\/hr\/wp-json\/wp\/v2\/media?parent=687094"}],"curies":[{"name":"wp","href":"https:\/\/api.w.org\/{rel}","templated":true}]}}