{"id":639,"date":"2020-08-06T12:29:58","date_gmt":"2020-08-06T12:29:58","guid":{"rendered":"http:\/\/servicesforpharmacies.com\/?page_id=639"},"modified":"2020-12-23T12:05:43","modified_gmt":"2020-12-23T12:05:43","slug":"cesta-pitanja","status":"publish","type":"page","link":"https:\/\/servicesforpharmacies.com\/hr\/cesta-pitanja\/","title":{"rendered":"\u010cESTA PITANJA"},"content":{"rendered":"\n<h1>\n\t<\/h1>\n\t\t\t\t\t\u0160to je perut ?\t\t\t\t\n<p><strong>Perut<\/strong> je ljuskanje ko\u017ee vlasi\u0161ta uzrokovano prekomjernom odumiranju stanica epiderme. Uzrok je fiziolo\u0161ka gljivica na vlasi\u0161tu Pyttisporum Ovalis.<\/p>\n\u00a0\n\t\t\t\t\t\u0160to je to Pytirosporum Ovalis?\t\t\t\t\n\t\t\t\t\t<p><strong>Pytirosporum Ovalis<\/strong> je gljivica koja \u010dini 40% bakterijske flore, prirodne za\u0161tite vlasi\u0161ta. U ovom je postotku ne\u0161tetna, \u010dak pridonosi prirodnoj za\u0161titi vlasi\u0161ta. Bakterijska flora sastoji se od znoja, sebuma (loja), odumrlih stanica, fiziolo\u0161kih bakterija i gljivica (uklju\u010duju\u0107i pyttisporum ovalis) i drugih masno\u0107a koje izlu\u010duje ko\u017ea. Pyttisporum ovalis hrani sebumom i poput svih gljiva razmno\u017eava se u vla\u017enim i toplim uvjetima.<\/p>\n\t\t\t\t\tKoliko traje pregled?\t\t\t\t\n<p>Pregled pilosebacealnih jedinica vlasi\u0161ta u ljekarni traje 15 min.\u00a0<\/p>\n\u00a0\n\t\t\t\t\tDa li je potrebno do\u0107i na pregled sa svije\u017ee opranom kosom?\t\t\t\t\n\t\t\t\t\t<p>Idealno je do\u0107i na pregled sa neopranom kosom, jer se na takav na\u010din anomalije bolje vide te \u0107e Dermoconsultant pravilnije procijeniti anomaliju na vlasi\u0161tu.<\/p>\n\t\t\t\t\tDa li se pregled pla\u0107a?\t\t\t\t\n\t\t\t\t\t<p>Pregled pilosebacealnih jedinica vlasi\u0161ta je <strong>BESPLATNAN\u00a0<\/strong>jer ga ljekarne poklanjaju svojim strankama kao dodatnu uslugu ljekarne. Stranka koja obavi pregled isto tako nije u obavezi, da kupi tretman u ljekarni.<\/p>\n\n","protected":false},"excerpt":{"rendered":"<p>\u0160to je perut ? Perut je ljuskanje ko\u017ee vlasi\u0161ta uzrokovano prekomjernom odumiranju stanica epiderme. Uzrok je fiziolo\u0161ka gljivica na vlasi\u0161tu Pyttisporum Ovalis. \u00a0 \u0160to je to Pytirosporum Ovalis? Pytirosporum Ovalis je gljivica koja \u010dini 40% bakterijske flore, prirodne za\u0161tite vlasi\u0161ta. U ovom je postotku ne\u0161tetna, \u010dak pridonosi prirodnoj za\u0161titi vlasi\u0161ta. Bakterijska flora sastoji se od&hellip;<\/p>\n","protected":false},"author":1,"featured_media":0,"parent":0,"menu_order":0,"comment_status":"closed","ping_status":"closed","template":"","meta":{"_acf_changed":false,"footnotes":""},"class_list":["post-639","page","type-page","status-publish","hentry"],"acf":[],"yoast_head":"<!-- This site is optimized with the Yoast SEO Premium plugin v22.9 (Yoast SEO v27.0) - https:\/\/yoast.com\/product\/yoast-seo-premium-wordpress\/ -->\n<title>\u010cESTA PITANJA | Services for pharmacies<\/title>\n<meta name=\"robots\" content=\"index, follow, max-snippet:-1, max-image-preview:large, max-video-preview:-1\" \/>\n<link rel=\"canonical\" href=\"https:\/\/servicesforpharmacies.com\/hr\/cesta-pitanja\/\" \/>\n<meta property=\"og:locale\" content=\"hr_HR\" \/>\n<meta property=\"og:type\" content=\"article\" \/>\n<meta property=\"og:title\" content=\"\u010cESTA PITANJA\" \/>\n<meta property=\"og:description\" content=\"\u0160to je perut ? Perut je ljuskanje ko\u017ee vlasi\u0161ta uzrokovano prekomjernom odumiranju stanica epiderme. Uzrok je fiziolo\u0161ka gljivica na vlasi\u0161tu Pyttisporum Ovalis. \u00a0 \u0160to je to Pytirosporum Ovalis? Pytirosporum Ovalis je gljivica koja \u010dini 40% bakterijske flore, prirodne za\u0161tite vlasi\u0161ta. U ovom je postotku ne\u0161tetna, \u010dak pridonosi prirodnoj za\u0161titi vlasi\u0161ta. Bakterijska flora sastoji se od&hellip;\" \/>\n<meta property=\"og:url\" content=\"https:\/\/servicesforpharmacies.com\/hr\/cesta-pitanja\/\" \/>\n<meta property=\"og:site_name\" content=\"Services for pharmacies\" \/>\n<meta property=\"article:modified_time\" content=\"2020-12-23T12:05:43+00:00\" \/>\n<meta name=\"twitter:card\" content=\"summary_large_image\" \/>\n<meta name=\"twitter:label1\" content=\"Procijenjeno vrijeme \u010ditanja\" \/>\n\t<meta name=\"twitter:data1\" content=\"1 minuta\" \/>\n<script type=\"application\/ld+json\" class=\"yoast-schema-graph\">{\"@context\":\"https:\/\/schema.org\",\"@graph\":[{\"@type\":\"WebPage\",\"@id\":\"https:\/\/servicesforpharmacies.com\/hr\/cesta-pitanja\/\",\"url\":\"https:\/\/servicesforpharmacies.com\/hr\/cesta-pitanja\/\",\"name\":\"\u010cESTA PITANJA | Services for pharmacies\",\"isPartOf\":{\"@id\":\"https:\/\/servicesforpharmacies.com\/hr\/#website\"},\"datePublished\":\"2020-08-06T12:29:58+00:00\",\"dateModified\":\"2020-12-23T12:05:43+00:00\",\"breadcrumb\":{\"@id\":\"https:\/\/servicesforpharmacies.com\/hr\/cesta-pitanja\/#breadcrumb\"},\"inLanguage\":\"hr\",\"potentialAction\":[{\"@type\":\"ReadAction\",\"target\":[\"https:\/\/servicesforpharmacies.com\/hr\/cesta-pitanja\/\"]}]},{\"@type\":\"BreadcrumbList\",\"@id\":\"https:\/\/servicesforpharmacies.com\/hr\/cesta-pitanja\/#breadcrumb\",\"itemListElement\":[{\"@type\":\"ListItem\",\"position\":1,\"name\":\"Home\",\"item\":\"https:\/\/servicesforpharmacies.com\/hr\/\"},{\"@type\":\"ListItem\",\"position\":2,\"name\":\"\u010cESTA PITANJA\"}]},{\"@type\":\"WebSite\",\"@id\":\"https:\/\/servicesforpharmacies.com\/hr\/#website\",\"url\":\"https:\/\/servicesforpharmacies.com\/hr\/\",\"name\":\"Services for pharmacies\",\"description\":\"\",\"publisher\":{\"@id\":\"https:\/\/servicesforpharmacies.com\/hr\/#organization\"},\"potentialAction\":[{\"@type\":\"SearchAction\",\"target\":{\"@type\":\"EntryPoint\",\"urlTemplate\":\"https:\/\/servicesforpharmacies.com\/hr\/?s={search_term_string}\"},\"query-input\":{\"@type\":\"PropertyValueSpecification\",\"valueRequired\":true,\"valueName\":\"search_term_string\"}}],\"inLanguage\":\"hr\"},{\"@type\":\"Organization\",\"@id\":\"https:\/\/servicesforpharmacies.com\/hr\/#organization\",\"name\":\"VitalPlusActive Group Ltd\",\"url\":\"https:\/\/servicesforpharmacies.com\/hr\/\",\"logo\":{\"@type\":\"ImageObject\",\"inLanguage\":\"hr\",\"@id\":\"https:\/\/servicesforpharmacies.com\/hr\/#\/schema\/logo\/image\/\",\"url\":\"https:\/\/servicesforpharmacies.com\/wp-content\/uploads\/2020\/07\/logo-eng.jpg\",\"contentUrl\":\"https:\/\/servicesforpharmacies.com\/wp-content\/uploads\/2020\/07\/logo-eng.jpg\",\"width\":398,\"height\":90,\"caption\":\"VitalPlusActive Group Ltd\"},\"image\":{\"@id\":\"https:\/\/servicesforpharmacies.com\/hr\/#\/schema\/logo\/image\/\"}}]}<\/script>\n<!-- \/ Yoast SEO Premium plugin. -->","yoast_head_json":{"title":"\u010cESTA PITANJA | Services for pharmacies","robots":{"index":"index","follow":"follow","max-snippet":"max-snippet:-1","max-image-preview":"max-image-preview:large","max-video-preview":"max-video-preview:-1"},"canonical":"https:\/\/servicesforpharmacies.com\/hr\/cesta-pitanja\/","og_locale":"hr_HR","og_type":"article","og_title":"\u010cESTA PITANJA","og_description":"\u0160to je perut ? Perut je ljuskanje ko\u017ee vlasi\u0161ta uzrokovano prekomjernom odumiranju stanica epiderme. Uzrok je fiziolo\u0161ka gljivica na vlasi\u0161tu Pyttisporum Ovalis. \u00a0 \u0160to je to Pytirosporum Ovalis? Pytirosporum Ovalis je gljivica koja \u010dini 40% bakterijske flore, prirodne za\u0161tite vlasi\u0161ta. U ovom je postotku ne\u0161tetna, \u010dak pridonosi prirodnoj za\u0161titi vlasi\u0161ta. Bakterijska flora sastoji se od&hellip;","og_url":"https:\/\/servicesforpharmacies.com\/hr\/cesta-pitanja\/","og_site_name":"Services for pharmacies","article_modified_time":"2020-12-23T12:05:43+00:00","twitter_card":"summary_large_image","twitter_misc":{"Procijenjeno vrijeme \u010ditanja":"1 minuta"},"schema":{"@context":"https:\/\/schema.org","@graph":[{"@type":"WebPage","@id":"https:\/\/servicesforpharmacies.com\/hr\/cesta-pitanja\/","url":"https:\/\/servicesforpharmacies.com\/hr\/cesta-pitanja\/","name":"\u010cESTA PITANJA | Services for pharmacies","isPartOf":{"@id":"https:\/\/servicesforpharmacies.com\/hr\/#website"},"datePublished":"2020-08-06T12:29:58+00:00","dateModified":"2020-12-23T12:05:43+00:00","breadcrumb":{"@id":"https:\/\/servicesforpharmacies.com\/hr\/cesta-pitanja\/#breadcrumb"},"inLanguage":"hr","potentialAction":[{"@type":"ReadAction","target":["https:\/\/servicesforpharmacies.com\/hr\/cesta-pitanja\/"]}]},{"@type":"BreadcrumbList","@id":"https:\/\/servicesforpharmacies.com\/hr\/cesta-pitanja\/#breadcrumb","itemListElement":[{"@type":"ListItem","position":1,"name":"Home","item":"https:\/\/servicesforpharmacies.com\/hr\/"},{"@type":"ListItem","position":2,"name":"\u010cESTA PITANJA"}]},{"@type":"WebSite","@id":"https:\/\/servicesforpharmacies.com\/hr\/#website","url":"https:\/\/servicesforpharmacies.com\/hr\/","name":"Services for pharmacies","description":"","publisher":{"@id":"https:\/\/servicesforpharmacies.com\/hr\/#organization"},"potentialAction":[{"@type":"SearchAction","target":{"@type":"EntryPoint","urlTemplate":"https:\/\/servicesforpharmacies.com\/hr\/?s={search_term_string}"},"query-input":{"@type":"PropertyValueSpecification","valueRequired":true,"valueName":"search_term_string"}}],"inLanguage":"hr"},{"@type":"Organization","@id":"https:\/\/servicesforpharmacies.com\/hr\/#organization","name":"VitalPlusActive Group Ltd","url":"https:\/\/servicesforpharmacies.com\/hr\/","logo":{"@type":"ImageObject","inLanguage":"hr","@id":"https:\/\/servicesforpharmacies.com\/hr\/#\/schema\/logo\/image\/","url":"https:\/\/servicesforpharmacies.com\/wp-content\/uploads\/2020\/07\/logo-eng.jpg","contentUrl":"https:\/\/servicesforpharmacies.com\/wp-content\/uploads\/2020\/07\/logo-eng.jpg","width":398,"height":90,"caption":"VitalPlusActive Group Ltd"},"image":{"@id":"https:\/\/servicesforpharmacies.com\/hr\/#\/schema\/logo\/image\/"}}]}},"_links":{"self":[{"href":"https:\/\/servicesforpharmacies.com\/hr\/wp-json\/wp\/v2\/pages\/639","targetHints":{"allow":["GET"]}}],"collection":[{"href":"https:\/\/servicesforpharmacies.com\/hr\/wp-json\/wp\/v2\/pages"}],"about":[{"href":"https:\/\/servicesforpharmacies.com\/hr\/wp-json\/wp\/v2\/types\/page"}],"author":[{"embeddable":true,"href":"https:\/\/servicesforpharmacies.com\/hr\/wp-json\/wp\/v2\/users\/1"}],"replies":[{"embeddable":true,"href":"https:\/\/servicesforpharmacies.com\/hr\/wp-json\/wp\/v2\/comments?post=639"}],"version-history":[{"count":0,"href":"https:\/\/servicesforpharmacies.com\/hr\/wp-json\/wp\/v2\/pages\/639\/revisions"}],"wp:attachment":[{"href":"https:\/\/servicesforpharmacies.com\/hr\/wp-json\/wp\/v2\/media?parent=639"}],"curies":[{"name":"wp","href":"https:\/\/api.w.org\/{rel}","templated":true}]}}