{"id":542,"date":"2020-08-06T07:44:34","date_gmt":"2020-08-06T07:44:34","guid":{"rendered":"http:\/\/servicesforpharmacies.com\/?page_id=542"},"modified":"2023-04-17T13:01:57","modified_gmt":"2023-04-17T13:01:57","slug":"dermo-masaza-kisikom","status":"publish","type":"page","link":"https:\/\/servicesforpharmacies.com\/hr\/dermo-masaza-kisikom\/","title":{"rendered":"Kisik"},"content":{"rendered":"\n<h1>\n\t\tDERMO MASA\u017dA KISIKOM\n\t<\/h1>\n\t<p>Dermo masa\u017ea kisikom unosi u ko\u017eu visoku koncentraciju \u010distog kisika i omogu\u0107uje ponovnu aktivaciju stani\u010dne proizvodnje. To je vrlo jednostavan, bezbolan, ugodan i opu\u0161taju\u0107i tretman.<\/p>\n<p>S godinama i progresivnim gubitkom kisika u ko\u017enom tkivu ko\u017ea je sklona be\u017eivotnoj boji, gubitku tonusa i elasti\u010dnosti s posljedi\u010dnim opu\u0161tanjem ko\u017ee.<\/p>\n<h2>\n\t\tKOJI SU POZITIVNI U\u010cINCI DERMO MASA\u017dE KISIKOM ZA KO\u017dU?\u2003\n\t<\/h2>\n\t<p>Kisik djeluje revitaliziraju\u0107e na tkivo epiderme i omogu\u0107uje bolje izlu\u010divanje akumuliranih toksina koji uzrokuju sivkastu, be\u017eivotnu boju ko\u017ee. Pobolj\u0161ava mikrocirkulaciju i stani\u010dni metabolizam ko\u017ee te tako poti\u010de proizvodnju kolagena i elastina sa strane fibroblasta.<\/p>\n<h2>\n\t\tKOJI SU REZULTATI?\u2003\n\t<\/h2>\n\t<p><strong>Ve\u0107 nakon prvog tretmana<\/strong> vidljivi su pozitivni pomaci svih morfolo\u0161kih parametara ko\u017ee. Ko\u017ea je vidljivo tonificirana, svjetlija, kompaktnija, elasti\u010dnija i hidratizirana. Lice je zagla\u0111eno, postignut&nbsp; je trenutni lifting efekt koji zna\u010dajno uklanja izra\u017eajne bore.<\/p>\n\t\t\t\t<img decoding=\"async\" src=\"https:\/\/servicesforpharmacies.com\/wp-content\/uploads\/2020\/07\/skin-before.jpg\" alt=\"Kisik prije\" itemprop=\"image\" title=\"skin before\" onerror=\"this.style.display='none'\">\n\t\t\t\t<img decoding=\"async\" src=\"https:\/\/servicesforpharmacies.com\/wp-content\/uploads\/2020\/07\/skin-after.jpg\" alt=\"Kisik poslije\" itemprop=\"image\" title=\"skin after\" onerror=\"this.style.display='none'\">\n<h2>\n\t\tKOME SE PREPORU\u010cUJE DERMO MASA\u017dA KISIKOM?\u2003\n\t<\/h2>\n<table data-tablesaw-minimap=\"\">\n\t\t<thead>\n\t\t<tr>\n\t\t\t<th id=\"pp-table-col-1\" scope=\"col\" data-tablesaw-sortable-col=\"\">TIP KO\u017dE<\/th><th id=\"pp-table-col-2\" scope=\"col\" data-tablesaw-sortable-col=\"\">DJELOVANJE<\/th>\t\t<\/tr>\n\t<\/thead>\n\t\t<tbody>\n\t\t<tr><td>Mje\u0161ovita, ne\u010dista, aknasta ko\u017ea<\/td><td>Djeluje adstringentno na pore epiderme i pospje\u0161uje zacjeljivanje<\/td><\/tr><tr><td>Suha, dehidrirana, tanka i osjetljiva ko\u017ea<\/td><td>Djeluje hidratiziraju\u0107e, stimulira proizvodnju kolagena i elastina<\/td><\/tr><tr><td>Be\u017eivotna ko\u017ea s izra\u017eajnim borama<\/td><td>Djeluje protiv bora, uklanja toksine te revitalizira i tonificira ko\u017eu<\/td><\/tr>\t<\/tbody>\n<\/table>\n\t\n\t\t\t<p>&#8220;Isprobala sam dermo masa\u017eu kisikom u ljekarni&#8230; jako sam se iznenadila nad odli\u010dnim rezultatom ve\u0107 nakon 15 min. Isprobajte i vi. Toplo preporu\u010dam.Gabrijela&#8221;<\/p>\t\t\n\t\t\t<p>&#8220;Mislila sam da je to jo\u0161 jedna promocija proizvoda u ljekarni&#8230;na kraju sam bila jako zadovoljna zato \u0161to je bila g\u0111a Ana, savjetnica u ljekarni iznimno stru\u010dna i profesionalna.&nbsp;&nbsp;Ivana&#8221;<\/p>\t\t\n\t\t\t<p>&#8220;Dermo masa\u017ea kisikom je otkri\u0107e! Na ve\u010deri&nbsp; s prijateljima&#8230;su me svi pitali \u0161ta sam uradila s ko\u017eom. Stvarno je fenomenalno! Preporu\u010dam svima.&nbsp;Lana&#8221;<\/p>\t\t\n<h2>\n\t\tBESPLATNO\n\t<\/h2>\n<h3>\n\t\tOSOBNO \n\t<\/h3>\n<h3>\n\t\tSAVJETOVANJE \n\t<\/h3>\n<h4>\n\t\tVIDEO-POZIV\n\t<\/h4>\n<h4>\n\t\tILI\n\t<\/h4>\n<h4>\n\t\tTELEFON\n\t<\/h4>\n\t\t\t<a href=\"https:\/\/servicesforpharmacies.com\/hr\/ox-picker\/\" target=\"_blank\" role=\"button\" rel=\"noopener\">\n\t\t\t\t\t\t\tNaru\u010di se odmah &#8230;\n\t\t\t\t\t<\/a>\n\t\t\t\t<a href=\"https:\/\/servicesforpharmacies.com\/hr\/\" target=\"_blank\" rel=\"noopener\" itemprop=\"url\">\n\t\t\t\t<img loading=\"lazy\" decoding=\"async\" src=\"https:\/\/servicesforpharmacies.com\/wp-content\/uploads\/2020\/08\/gdja.jpg\" alt=\"Savjetovanje za lice\" itemprop=\"image\" height=\"604\" width=\"640\" title=\"gdja\" onerror=\"this.style.display='none'\">\n\t\t\t\t<\/a>\n\t    <div id=\"osm_map_69d78cedc05ad\" style=\"height: 650px;\"><\/div>\n    <script>\ndocument.addEventListener(\"DOMContentLoaded\", function () {\n    const map = L.map('osm_map_69d78cedc05ad').setView([44.6, 15], 7);\n\n    L.tileLayer('https:\/\/{s}.tile.openstreetmap.org\/{z}\/{x}\/{y}.png', {\n        maxZoom: 19,\n        attribution: '&copy; OpenStreetMap contributors'\n    }).addTo(map);\n\n    fetch(\"https:\/\/servicesforpharmacies.com\/cron\/hr-o.php\")\n        .then(response => response.json())\n        .then(results => {\n            if (!results || !results.pharmacies) {\n                console.warn(\"No pharmacies data in response\");\n                return;\n            }\n\n            results.pharmacies.forEach(pharmacy => {\n                if ((pharmacy.scalp || pharmacy.skin) && pharmacy.latitude && pharmacy.longitude) {\n\n                    let name = pharmacy.name\n    .toLowerCase()\n    .replace(\/\\s+\/g, '-')\n    .replace(\/[\u0111\u00f0]\/g, 'd')   \/\/ \u2705 fix \u0110 and \u0111\n    .replace(\/[\u0161]\/g, 's')\n    .replace(\/[\u010d\u0107]\/g, 'c')\n    .replace(\/[\u017e]\/g, 'z')\n    .normalize(\"NFD\")\n    .replace(\/[\\u0300-\\u036f]\/g, \"\")\n    .replace(\/[^a-z0-9-]\/g, '-')\n    .replace(\/^-+|-+$\/g, '')\n    .replace(\/-+\/g, '-');\n\n                    let scalp = pharmacy.scalp ? `<a href=\"\/hr\/scalp\/${name}\">SCALP<\/a>` : '';\n                    let skin = pharmacy.skin ? `<a href=\"\/hr\/skin\/${name}\">SKIN<\/a>` : '';\n\n                    let content = `\n                        <div style=\"display:flex;flex-direction:row;align-items:center;\">\n                            <img decoding=\"async\" src=\"https:\/\/servicesforpharmacies.com\/wp-content\/uploads\/2020\/08\/mappin.png\" style=\"height:50px;margin:0 10px;\">\n                            <div>\n                                <h4>${pharmacy.name}<\/h4>\n                                ${pharmacy.address}, ${pharmacy.municipality}<br>\n                                ${scalp}<br>${skin}\n                            <\/div>\n                        <\/div>\n                    `;\n\n                    const greenIcon = L.icon({\n    iconUrl: 'https:\/\/raw.githubusercontent.com\/pointhi\/leaflet-color-markers\/master\/img\/marker-icon-green.png',\n    shadowUrl: 'https:\/\/unpkg.com\/leaflet@1.9.4\/dist\/images\/marker-shadow.png',\n    iconSize:     [25, 41],\n    iconAnchor:   [12, 41],\n    popupAnchor:  [1, -34],\n    shadowSize:   [41, 41]\n});\n\nconst marker = L.marker([pharmacy.latitude, pharmacy.longitude], { icon: greenIcon }).addTo(map);\n\n                    marker.bindPopup(content);\n                }\n            });\n        })\n        .catch(error => {\n            console.error(\"Map data fetch failed\", error);\n        });\n});\n<\/script>\n\n    \n","protected":false},"excerpt":{"rendered":"<p>DERMO MASA\u017dA KISIKOM Dermo masa\u017ea kisikom unosi u ko\u017eu visoku koncentraciju \u010distog kisika i omogu\u0107uje ponovnu aktivaciju stani\u010dne proizvodnje. To je vrlo jednostavan, bezbolan, ugodan i opu\u0161taju\u0107i tretman. S godinama i progresivnim gubitkom kisika u ko\u017enom tkivu ko\u017ea je sklona be\u017eivotnoj boji, gubitku tonusa i elasti\u010dnosti s posljedi\u010dnim opu\u0161tanjem ko\u017ee. KOJI SU POZITIVNI U\u010cINCI DERMO&hellip;<\/p>\n","protected":false},"author":2,"featured_media":564,"parent":0,"menu_order":0,"comment_status":"closed","ping_status":"closed","template":"","meta":{"_acf_changed":false,"footnotes":""},"class_list":["post-542","page","type-page","status-publish","has-post-thumbnail","hentry"],"acf":[],"yoast_head":"<!-- This site is optimized with the Yoast SEO Premium plugin v22.9 (Yoast SEO v27.0) - https:\/\/yoast.com\/product\/yoast-seo-premium-wordpress\/ -->\n<title>DERMO MASA\u017dA KISIKOM - Naru\u010di se u najbli\u017eoj ljekarni BESPLATNO\u2705<\/title>\n<meta name=\"description\" content=\"Dermo masa\u017ea kisikom i osobno savjetovanje - Naru\u010di se on-line u najbli\u017eoj ljekarni . Jednostavno super je a jo\u0161 i BESPLATNO! Iskoristi! ?\" \/>\n<meta name=\"robots\" content=\"index, follow, max-snippet:-1, max-image-preview:large, max-video-preview:-1\" \/>\n<link rel=\"canonical\" href=\"https:\/\/servicesforpharmacies.com\/hr\/dermo-masaza-kisikom\/\" \/>\n<meta property=\"og:locale\" content=\"hr_HR\" \/>\n<meta property=\"og:type\" content=\"article\" \/>\n<meta property=\"og:title\" content=\"Kisik\" \/>\n<meta property=\"og:description\" content=\"Dermo masa\u017ea kisikom i osobno savjetovanje - Naru\u010di se on-line u najbli\u017eoj ljekarni . Jednostavno super je a jo\u0161 i BESPLATNO! Iskoristi! ?\" \/>\n<meta property=\"og:url\" content=\"https:\/\/servicesforpharmacies.com\/hr\/dermo-masaza-kisikom\/\" \/>\n<meta property=\"og:site_name\" content=\"Services for pharmacies\" \/>\n<meta property=\"article:modified_time\" content=\"2023-04-17T13:01:57+00:00\" \/>\n<meta property=\"og:image\" content=\"https:\/\/servicesforpharmacies.com\/wp-content\/uploads\/2020\/08\/OXY-D.jpg\" \/>\n\t<meta property=\"og:image:width\" content=\"1920\" \/>\n\t<meta property=\"og:image:height\" content=\"1080\" \/>\n\t<meta property=\"og:image:type\" content=\"image\/jpeg\" \/>\n<meta name=\"twitter:card\" content=\"summary_large_image\" \/>\n<script type=\"application\/ld+json\" class=\"yoast-schema-graph\">{\"@context\":\"https:\/\/schema.org\",\"@graph\":[{\"@type\":\"WebPage\",\"@id\":\"https:\/\/servicesforpharmacies.com\/hr\/dermo-masaza-kisikom\/\",\"url\":\"https:\/\/servicesforpharmacies.com\/hr\/dermo-masaza-kisikom\/\",\"name\":\"DERMO MASA\u017dA KISIKOM - Naru\u010di se u najbli\u017eoj ljekarni BESPLATNO\u2705\",\"isPartOf\":{\"@id\":\"https:\/\/servicesforpharmacies.com\/#website\"},\"primaryImageOfPage\":{\"@id\":\"https:\/\/servicesforpharmacies.com\/hr\/dermo-masaza-kisikom\/#primaryimage\"},\"image\":{\"@id\":\"https:\/\/servicesforpharmacies.com\/hr\/dermo-masaza-kisikom\/#primaryimage\"},\"thumbnailUrl\":\"https:\/\/servicesforpharmacies.com\/wp-content\/uploads\/2020\/08\/OXY-D.jpg\",\"datePublished\":\"2020-08-06T07:44:34+00:00\",\"dateModified\":\"2023-04-17T13:01:57+00:00\",\"description\":\"Dermo masa\u017ea kisikom i osobno savjetovanje - Naru\u010di se on-line u najbli\u017eoj ljekarni . Jednostavno super je a jo\u0161 i BESPLATNO! Iskoristi! ?\",\"breadcrumb\":{\"@id\":\"https:\/\/servicesforpharmacies.com\/hr\/dermo-masaza-kisikom\/#breadcrumb\"},\"inLanguage\":\"hr\",\"potentialAction\":[{\"@type\":\"ReadAction\",\"target\":[\"https:\/\/servicesforpharmacies.com\/hr\/dermo-masaza-kisikom\/\"]}]},{\"@type\":\"ImageObject\",\"inLanguage\":\"hr\",\"@id\":\"https:\/\/servicesforpharmacies.com\/hr\/dermo-masaza-kisikom\/#primaryimage\",\"url\":\"https:\/\/servicesforpharmacies.com\/wp-content\/uploads\/2020\/08\/OXY-D.jpg\",\"contentUrl\":\"https:\/\/servicesforpharmacies.com\/wp-content\/uploads\/2020\/08\/OXY-D.jpg\",\"width\":1920,\"height\":1080,\"caption\":\"Kisik\"},{\"@type\":\"BreadcrumbList\",\"@id\":\"https:\/\/servicesforpharmacies.com\/hr\/dermo-masaza-kisikom\/#breadcrumb\",\"itemListElement\":[{\"@type\":\"ListItem\",\"position\":1,\"name\":\"Home\",\"item\":\"https:\/\/servicesforpharmacies.com\/hr\/\"},{\"@type\":\"ListItem\",\"position\":2,\"name\":\"Kisik\"}]},{\"@type\":\"WebSite\",\"@id\":\"https:\/\/servicesforpharmacies.com\/#website\",\"url\":\"https:\/\/servicesforpharmacies.com\/\",\"name\":\"Services for pharmacies\",\"description\":\"\",\"publisher\":{\"@id\":\"https:\/\/servicesforpharmacies.com\/#organization\"},\"potentialAction\":[{\"@type\":\"SearchAction\",\"target\":{\"@type\":\"EntryPoint\",\"urlTemplate\":\"https:\/\/servicesforpharmacies.com\/?s={search_term_string}\"},\"query-input\":{\"@type\":\"PropertyValueSpecification\",\"valueRequired\":true,\"valueName\":\"search_term_string\"}}],\"inLanguage\":\"hr\"},{\"@type\":\"Organization\",\"@id\":\"https:\/\/servicesforpharmacies.com\/#organization\",\"name\":\"VitalPlusActive Group Ltd\",\"url\":\"https:\/\/servicesforpharmacies.com\/\",\"logo\":{\"@type\":\"ImageObject\",\"inLanguage\":\"hr\",\"@id\":\"https:\/\/servicesforpharmacies.com\/#\/schema\/logo\/image\/\",\"url\":\"https:\/\/servicesforpharmacies.com\/wp-content\/uploads\/2020\/07\/logo-eng.jpg\",\"contentUrl\":\"https:\/\/servicesforpharmacies.com\/wp-content\/uploads\/2020\/07\/logo-eng.jpg\",\"width\":398,\"height\":90,\"caption\":\"VitalPlusActive Group Ltd\"},\"image\":{\"@id\":\"https:\/\/servicesforpharmacies.com\/#\/schema\/logo\/image\/\"}}]}<\/script>\n<!-- \/ Yoast SEO Premium plugin. -->","yoast_head_json":{"title":"DERMO MASA\u017dA KISIKOM - Naru\u010di se u najbli\u017eoj ljekarni BESPLATNO\u2705","description":"Dermo masa\u017ea kisikom i osobno savjetovanje - Naru\u010di se on-line u najbli\u017eoj ljekarni . Jednostavno super je a jo\u0161 i BESPLATNO! Iskoristi! ?","robots":{"index":"index","follow":"follow","max-snippet":"max-snippet:-1","max-image-preview":"max-image-preview:large","max-video-preview":"max-video-preview:-1"},"canonical":"https:\/\/servicesforpharmacies.com\/hr\/dermo-masaza-kisikom\/","og_locale":"hr_HR","og_type":"article","og_title":"Kisik","og_description":"Dermo masa\u017ea kisikom i osobno savjetovanje - Naru\u010di se on-line u najbli\u017eoj ljekarni . Jednostavno super je a jo\u0161 i BESPLATNO! Iskoristi! ?","og_url":"https:\/\/servicesforpharmacies.com\/hr\/dermo-masaza-kisikom\/","og_site_name":"Services for pharmacies","article_modified_time":"2023-04-17T13:01:57+00:00","og_image":[{"width":1920,"height":1080,"url":"https:\/\/servicesforpharmacies.com\/wp-content\/uploads\/2020\/08\/OXY-D.jpg","type":"image\/jpeg"}],"twitter_card":"summary_large_image","schema":{"@context":"https:\/\/schema.org","@graph":[{"@type":"WebPage","@id":"https:\/\/servicesforpharmacies.com\/hr\/dermo-masaza-kisikom\/","url":"https:\/\/servicesforpharmacies.com\/hr\/dermo-masaza-kisikom\/","name":"DERMO MASA\u017dA KISIKOM - Naru\u010di se u najbli\u017eoj ljekarni BESPLATNO\u2705","isPartOf":{"@id":"https:\/\/servicesforpharmacies.com\/#website"},"primaryImageOfPage":{"@id":"https:\/\/servicesforpharmacies.com\/hr\/dermo-masaza-kisikom\/#primaryimage"},"image":{"@id":"https:\/\/servicesforpharmacies.com\/hr\/dermo-masaza-kisikom\/#primaryimage"},"thumbnailUrl":"https:\/\/servicesforpharmacies.com\/wp-content\/uploads\/2020\/08\/OXY-D.jpg","datePublished":"2020-08-06T07:44:34+00:00","dateModified":"2023-04-17T13:01:57+00:00","description":"Dermo masa\u017ea kisikom i osobno savjetovanje - Naru\u010di se on-line u najbli\u017eoj ljekarni . Jednostavno super je a jo\u0161 i BESPLATNO! Iskoristi! ?","breadcrumb":{"@id":"https:\/\/servicesforpharmacies.com\/hr\/dermo-masaza-kisikom\/#breadcrumb"},"inLanguage":"hr","potentialAction":[{"@type":"ReadAction","target":["https:\/\/servicesforpharmacies.com\/hr\/dermo-masaza-kisikom\/"]}]},{"@type":"ImageObject","inLanguage":"hr","@id":"https:\/\/servicesforpharmacies.com\/hr\/dermo-masaza-kisikom\/#primaryimage","url":"https:\/\/servicesforpharmacies.com\/wp-content\/uploads\/2020\/08\/OXY-D.jpg","contentUrl":"https:\/\/servicesforpharmacies.com\/wp-content\/uploads\/2020\/08\/OXY-D.jpg","width":1920,"height":1080,"caption":"Kisik"},{"@type":"BreadcrumbList","@id":"https:\/\/servicesforpharmacies.com\/hr\/dermo-masaza-kisikom\/#breadcrumb","itemListElement":[{"@type":"ListItem","position":1,"name":"Home","item":"https:\/\/servicesforpharmacies.com\/hr\/"},{"@type":"ListItem","position":2,"name":"Kisik"}]},{"@type":"WebSite","@id":"https:\/\/servicesforpharmacies.com\/#website","url":"https:\/\/servicesforpharmacies.com\/","name":"Services for pharmacies","description":"","publisher":{"@id":"https:\/\/servicesforpharmacies.com\/#organization"},"potentialAction":[{"@type":"SearchAction","target":{"@type":"EntryPoint","urlTemplate":"https:\/\/servicesforpharmacies.com\/?s={search_term_string}"},"query-input":{"@type":"PropertyValueSpecification","valueRequired":true,"valueName":"search_term_string"}}],"inLanguage":"hr"},{"@type":"Organization","@id":"https:\/\/servicesforpharmacies.com\/#organization","name":"VitalPlusActive Group Ltd","url":"https:\/\/servicesforpharmacies.com\/","logo":{"@type":"ImageObject","inLanguage":"hr","@id":"https:\/\/servicesforpharmacies.com\/#\/schema\/logo\/image\/","url":"https:\/\/servicesforpharmacies.com\/wp-content\/uploads\/2020\/07\/logo-eng.jpg","contentUrl":"https:\/\/servicesforpharmacies.com\/wp-content\/uploads\/2020\/07\/logo-eng.jpg","width":398,"height":90,"caption":"VitalPlusActive Group Ltd"},"image":{"@id":"https:\/\/servicesforpharmacies.com\/#\/schema\/logo\/image\/"}}]}},"_links":{"self":[{"href":"https:\/\/servicesforpharmacies.com\/hr\/wp-json\/wp\/v2\/pages\/542","targetHints":{"allow":["GET"]}}],"collection":[{"href":"https:\/\/servicesforpharmacies.com\/hr\/wp-json\/wp\/v2\/pages"}],"about":[{"href":"https:\/\/servicesforpharmacies.com\/hr\/wp-json\/wp\/v2\/types\/page"}],"author":[{"embeddable":true,"href":"https:\/\/servicesforpharmacies.com\/hr\/wp-json\/wp\/v2\/users\/2"}],"replies":[{"embeddable":true,"href":"https:\/\/servicesforpharmacies.com\/hr\/wp-json\/wp\/v2\/comments?post=542"}],"version-history":[{"count":0,"href":"https:\/\/servicesforpharmacies.com\/hr\/wp-json\/wp\/v2\/pages\/542\/revisions"}],"wp:featuredmedia":[{"embeddable":true,"href":"https:\/\/servicesforpharmacies.com\/hr\/wp-json\/wp\/v2\/media\/564"}],"wp:attachment":[{"href":"https:\/\/servicesforpharmacies.com\/hr\/wp-json\/wp\/v2\/media?parent=542"}],"curies":[{"name":"wp","href":"https:\/\/api.w.org\/{rel}","templated":true}]}}