{"id":473,"date":"2020-07-31T10:49:53","date_gmt":"2020-07-31T10:49:53","guid":{"rendered":"http:\/\/servicesforpharmacies.com\/?page_id=473"},"modified":"2022-08-30T11:14:17","modified_gmt":"2022-08-30T11:14:17","slug":"blog","status":"publish","type":"page","link":"https:\/\/servicesforpharmacies.com\/hr\/blog\/","title":{"rendered":"BLOG"},"content":{"rendered":"\n<h1>\n\t<\/h1>\n\t<meta itemscope=\"\" itemprop=\"mainEntityOfPage\" itemtype=\"https:\/\/schema.org\/WebPage\" itemid=\"https:\/\/servicesforpharmacies.com\/hr\/perut\/\" content=\"Perut\"><meta itemprop=\"datePublished\" content=\"2020-07-31\"><meta itemprop=\"dateModified\" content=\"2020-08-10\"><meta itemprop=\"name\" content=\"Services for pharmacies\"><meta itemprop=\"url\" content=\"https:\/\/servicesforpharmacies.com\/hr\/author\/clabs\/\"><meta itemprop=\"name\" content=\"clabs\"><meta itemprop=\"url\" content=\"https:\/\/servicesforpharmacies.com\/wp-content\/uploads\/2020\/07\/woman-in-gray-tank-top-showing-distress-3812745.jpg\"><meta itemprop=\"width\" content=\"1920\"><meta itemprop=\"height\" content=\"1280\"><meta itemprop=\"interactionType\" content=\"https:\/\/schema.org\/CommentAction\"><meta itemprop=\"userInteractionCount\" content=\"0\">\n\t\t\t\t\t<a href=\"https:\/\/servicesforpharmacies.com\/hr\/perut\/\" title=\"Perut\"><\/a>\n\t\t\t<h3 itemprop=\"headline\">\n\t\t\t\t\t\t\t\t\t\tPerut\t\t\t\t\t\t\t<\/h3>\n\t\t\t\t\t\t\t\t\t\t\t\t\t31 srpnja, 2020\t\t\t\t\t\t\t\t\t\t\t\n\t\t\t\t<img loading=\"lazy\" decoding=\"async\" src=\"https:\/\/servicesforpharmacies.com\/wp-content\/uploads\/bb-plugin\/cache\/woman-in-gray-tank-top-showing-distress-3812745-1024x683-landscape.jpg\" alt=\"woman-in-gray-tank-top-showing-distress-3812745\" itemprop=\"image\" data-no-lazy=\"1\" title=\"woman-in-gray-tank-top-showing-distress-3812745\" onerror=\"this.style.display='none'\" width=\"1024\" height=\"683\">\n    Perut je ljuskanje ko\u017ee vlasi\u0161ta uzrokovano prekomjernom odumiranju stanica epiderme. Uzrok je fiziolo\u0161ka gljivica na vlasi\u0161tu Pyttisporum Ovalis. Perut uzrukuje fiziolo\u0161ka glivica Pyttirosporum Ovalis Pyttirosporum Ovalis je gljivica koja \u010dini&#8230;\n\t<meta itemscope=\"\" itemprop=\"mainEntityOfPage\" itemtype=\"https:\/\/schema.org\/WebPage\" itemid=\"https:\/\/servicesforpharmacies.com\/hr\/seboroicni-dermatitis-svrbez-i-perut\/\" content=\"Seboroi\u010dni dermatitis: svrbe\u017e i perut\"><meta itemprop=\"datePublished\" content=\"2020-07-31\"><meta itemprop=\"dateModified\" content=\"2020-08-11\"><meta itemprop=\"name\" content=\"Services for pharmacies\"><meta itemprop=\"url\" content=\"https:\/\/servicesforpharmacies.com\/hr\/author\/clabs\/\"><meta itemprop=\"name\" content=\"clabs\"><meta itemprop=\"url\" content=\"https:\/\/servicesforpharmacies.com\/wp-content\/uploads\/2020\/07\/woman-wearing-white-long-sleeved-shirt-973401.jpg\"><meta itemprop=\"width\" content=\"1920\"><meta itemprop=\"height\" content=\"1281\"><meta itemprop=\"interactionType\" content=\"https:\/\/schema.org\/CommentAction\"><meta itemprop=\"userInteractionCount\" content=\"0\">\n\t\t\t\t\t<a href=\"https:\/\/servicesforpharmacies.com\/hr\/seboroicni-dermatitis-svrbez-i-perut\/\" title=\"Seboroi\u010dni dermatitis: svrbe\u017e i perut\"><\/a>\n\t\t\t<h3 itemprop=\"headline\">\n\t\t\t\t\t\t\t\t\t\tSeboroi\u010dni dermatitis: svrbe\u017e i perut\t\t\t\t\t\t\t<\/h3>\n\t\t\t\t\t\t\t\t\t\t\t\t\t31 srpnja, 2020\t\t\t\t\t\t\t\t\t\t\t\n\t\t\t\t<img loading=\"lazy\" decoding=\"async\" src=\"https:\/\/servicesforpharmacies.com\/wp-content\/uploads\/bb-plugin\/cache\/woman-wearing-white-long-sleeved-shirt-973401-1024x683-landscape.jpg\" alt=\"woman-wearing-white-long-sleeved-shirt-973401\" itemprop=\"image\" data-no-lazy=\"1\" title=\"woman-wearing-white-long-sleeved-shirt-973401\" onerror=\"this.style.display='none'\" width=\"1024\" height=\"683\">\n    Seboroi\u010dni dermatitis: svrbe\u017e i perut popra\u0107eni eritemom, crvenilom u sredi\u0161njem dijelu glave, koji mogu iza\u0107i sa vlasi\u0161ta za 1 cm na \u010delu. Kod seboroi\u010dnog dermatitisa svrbe\u017e i eritem nastaju oksidacijom&#8230;\n\t\t<!-- .pp-content-posts -->\n","protected":false},"excerpt":{"rendered":"<p>Perut 31 srpnja, 2020 Perut je ljuskanje ko\u017ee vlasi\u0161ta uzrokovano prekomjernom odumiranju stanica epiderme. Uzrok je fiziolo\u0161ka gljivica na vlasi\u0161tu Pyttisporum Ovalis. Perut uzrukuje fiziolo\u0161ka glivica Pyttirosporum Ovalis Pyttirosporum Ovalis je gljivica koja \u010dini&#8230; Seboroi\u010dni dermatitis: svrbe\u017e i perut 31 srpnja, 2020 Seboroi\u010dni dermatitis: svrbe\u017e i perut popra\u0107eni eritemom, crvenilom u sredi\u0161njem dijelu glave, koji&hellip;<\/p>\n","protected":false},"author":1,"featured_media":0,"parent":0,"menu_order":0,"comment_status":"closed","ping_status":"closed","template":"","meta":{"_acf_changed":false,"footnotes":""},"class_list":["post-473","page","type-page","status-publish","hentry"],"acf":[],"yoast_head":"<!-- This site is optimized with the Yoast SEO Premium plugin v22.9 (Yoast SEO v27.0) - https:\/\/yoast.com\/product\/yoast-seo-premium-wordpress\/ -->\n<title>BLOG | Services for pharmacies<\/title>\n<meta name=\"robots\" content=\"index, follow, max-snippet:-1, max-image-preview:large, max-video-preview:-1\" \/>\n<link rel=\"canonical\" href=\"https:\/\/servicesforpharmacies.com\/hr\/blog\/\" \/>\n<meta property=\"og:locale\" content=\"hr_HR\" \/>\n<meta property=\"og:type\" content=\"article\" \/>\n<meta property=\"og:title\" content=\"BLOG\" \/>\n<meta property=\"og:description\" content=\"Perut 31 srpnja, 2020 Perut je ljuskanje ko\u017ee vlasi\u0161ta uzrokovano prekomjernom odumiranju stanica epiderme. Uzrok je fiziolo\u0161ka gljivica na vlasi\u0161tu Pyttisporum Ovalis. Perut uzrukuje fiziolo\u0161ka glivica Pyttirosporum Ovalis Pyttirosporum Ovalis je gljivica koja \u010dini&#8230; Seboroi\u010dni dermatitis: svrbe\u017e i perut 31 srpnja, 2020 Seboroi\u010dni dermatitis: svrbe\u017e i perut popra\u0107eni eritemom, crvenilom u sredi\u0161njem dijelu glave, koji&hellip;\" \/>\n<meta property=\"og:url\" content=\"https:\/\/servicesforpharmacies.com\/hr\/blog\/\" \/>\n<meta property=\"og:site_name\" content=\"Services for pharmacies\" \/>\n<meta property=\"article:modified_time\" content=\"2022-08-30T11:14:17+00:00\" \/>\n<meta property=\"og:image\" content=\"https:\/\/servicesforpharmacies.com\/wp-content\/uploads\/bb-plugin\/cache\/woman-in-gray-tank-top-showing-distress-3812745-1024x683-landscape.jpg\" \/>\n<meta name=\"twitter:card\" content=\"summary_large_image\" \/>\n<meta name=\"twitter:label1\" content=\"Procijenjeno vrijeme \u010ditanja\" \/>\n\t<meta name=\"twitter:data1\" content=\"1 minuta\" \/>\n<script type=\"application\/ld+json\" class=\"yoast-schema-graph\">{\"@context\":\"https:\/\/schema.org\",\"@graph\":[{\"@type\":\"WebPage\",\"@id\":\"https:\/\/servicesforpharmacies.com\/hr\/blog\/\",\"url\":\"https:\/\/servicesforpharmacies.com\/hr\/blog\/\",\"name\":\"BLOG | Services for pharmacies\",\"isPartOf\":{\"@id\":\"https:\/\/servicesforpharmacies.com\/hr\/#website\"},\"primaryImageOfPage\":{\"@id\":\"https:\/\/servicesforpharmacies.com\/hr\/blog\/#primaryimage\"},\"image\":{\"@id\":\"https:\/\/servicesforpharmacies.com\/hr\/blog\/#primaryimage\"},\"thumbnailUrl\":\"https:\/\/servicesforpharmacies.com\/wp-content\/uploads\/bb-plugin\/cache\/woman-in-gray-tank-top-showing-distress-3812745-1024x683-landscape.jpg\",\"datePublished\":\"2020-07-31T10:49:53+00:00\",\"dateModified\":\"2022-08-30T11:14:17+00:00\",\"breadcrumb\":{\"@id\":\"https:\/\/servicesforpharmacies.com\/hr\/blog\/#breadcrumb\"},\"inLanguage\":\"hr\",\"potentialAction\":[{\"@type\":\"ReadAction\",\"target\":[\"https:\/\/servicesforpharmacies.com\/hr\/blog\/\"]}]},{\"@type\":\"ImageObject\",\"inLanguage\":\"hr\",\"@id\":\"https:\/\/servicesforpharmacies.com\/hr\/blog\/#primaryimage\",\"url\":\"https:\/\/servicesforpharmacies.com\/wp-content\/uploads\/bb-plugin\/cache\/woman-in-gray-tank-top-showing-distress-3812745-1024x683-landscape.jpg\",\"contentUrl\":\"https:\/\/servicesforpharmacies.com\/wp-content\/uploads\/bb-plugin\/cache\/woman-in-gray-tank-top-showing-distress-3812745-1024x683-landscape.jpg\"},{\"@type\":\"BreadcrumbList\",\"@id\":\"https:\/\/servicesforpharmacies.com\/hr\/blog\/#breadcrumb\",\"itemListElement\":[{\"@type\":\"ListItem\",\"position\":1,\"name\":\"Home\",\"item\":\"https:\/\/servicesforpharmacies.com\/hr\/\"},{\"@type\":\"ListItem\",\"position\":2,\"name\":\"BLOG\"}]},{\"@type\":\"WebSite\",\"@id\":\"https:\/\/servicesforpharmacies.com\/hr\/#website\",\"url\":\"https:\/\/servicesforpharmacies.com\/hr\/\",\"name\":\"Services for pharmacies\",\"description\":\"\",\"publisher\":{\"@id\":\"https:\/\/servicesforpharmacies.com\/hr\/#organization\"},\"potentialAction\":[{\"@type\":\"SearchAction\",\"target\":{\"@type\":\"EntryPoint\",\"urlTemplate\":\"https:\/\/servicesforpharmacies.com\/hr\/?s={search_term_string}\"},\"query-input\":{\"@type\":\"PropertyValueSpecification\",\"valueRequired\":true,\"valueName\":\"search_term_string\"}}],\"inLanguage\":\"hr\"},{\"@type\":\"Organization\",\"@id\":\"https:\/\/servicesforpharmacies.com\/hr\/#organization\",\"name\":\"VitalPlusActive Group Ltd\",\"url\":\"https:\/\/servicesforpharmacies.com\/hr\/\",\"logo\":{\"@type\":\"ImageObject\",\"inLanguage\":\"hr\",\"@id\":\"https:\/\/servicesforpharmacies.com\/hr\/#\/schema\/logo\/image\/\",\"url\":\"https:\/\/servicesforpharmacies.com\/wp-content\/uploads\/2020\/07\/logo-eng.jpg\",\"contentUrl\":\"https:\/\/servicesforpharmacies.com\/wp-content\/uploads\/2020\/07\/logo-eng.jpg\",\"width\":398,\"height\":90,\"caption\":\"VitalPlusActive Group Ltd\"},\"image\":{\"@id\":\"https:\/\/servicesforpharmacies.com\/hr\/#\/schema\/logo\/image\/\"}}]}<\/script>\n<!-- \/ Yoast SEO Premium plugin. -->","yoast_head_json":{"title":"BLOG | Services for pharmacies","robots":{"index":"index","follow":"follow","max-snippet":"max-snippet:-1","max-image-preview":"max-image-preview:large","max-video-preview":"max-video-preview:-1"},"canonical":"https:\/\/servicesforpharmacies.com\/hr\/blog\/","og_locale":"hr_HR","og_type":"article","og_title":"BLOG","og_description":"Perut 31 srpnja, 2020 Perut je ljuskanje ko\u017ee vlasi\u0161ta uzrokovano prekomjernom odumiranju stanica epiderme. Uzrok je fiziolo\u0161ka gljivica na vlasi\u0161tu Pyttisporum Ovalis. Perut uzrukuje fiziolo\u0161ka glivica Pyttirosporum Ovalis Pyttirosporum Ovalis je gljivica koja \u010dini&#8230; Seboroi\u010dni dermatitis: svrbe\u017e i perut 31 srpnja, 2020 Seboroi\u010dni dermatitis: svrbe\u017e i perut popra\u0107eni eritemom, crvenilom u sredi\u0161njem dijelu glave, koji&hellip;","og_url":"https:\/\/servicesforpharmacies.com\/hr\/blog\/","og_site_name":"Services for pharmacies","article_modified_time":"2022-08-30T11:14:17+00:00","og_image":[{"url":"https:\/\/servicesforpharmacies.com\/wp-content\/uploads\/bb-plugin\/cache\/woman-in-gray-tank-top-showing-distress-3812745-1024x683-landscape.jpg","type":"","width":"","height":""}],"twitter_card":"summary_large_image","twitter_misc":{"Procijenjeno vrijeme \u010ditanja":"1 minuta"},"schema":{"@context":"https:\/\/schema.org","@graph":[{"@type":"WebPage","@id":"https:\/\/servicesforpharmacies.com\/hr\/blog\/","url":"https:\/\/servicesforpharmacies.com\/hr\/blog\/","name":"BLOG | Services for pharmacies","isPartOf":{"@id":"https:\/\/servicesforpharmacies.com\/hr\/#website"},"primaryImageOfPage":{"@id":"https:\/\/servicesforpharmacies.com\/hr\/blog\/#primaryimage"},"image":{"@id":"https:\/\/servicesforpharmacies.com\/hr\/blog\/#primaryimage"},"thumbnailUrl":"https:\/\/servicesforpharmacies.com\/wp-content\/uploads\/bb-plugin\/cache\/woman-in-gray-tank-top-showing-distress-3812745-1024x683-landscape.jpg","datePublished":"2020-07-31T10:49:53+00:00","dateModified":"2022-08-30T11:14:17+00:00","breadcrumb":{"@id":"https:\/\/servicesforpharmacies.com\/hr\/blog\/#breadcrumb"},"inLanguage":"hr","potentialAction":[{"@type":"ReadAction","target":["https:\/\/servicesforpharmacies.com\/hr\/blog\/"]}]},{"@type":"ImageObject","inLanguage":"hr","@id":"https:\/\/servicesforpharmacies.com\/hr\/blog\/#primaryimage","url":"https:\/\/servicesforpharmacies.com\/wp-content\/uploads\/bb-plugin\/cache\/woman-in-gray-tank-top-showing-distress-3812745-1024x683-landscape.jpg","contentUrl":"https:\/\/servicesforpharmacies.com\/wp-content\/uploads\/bb-plugin\/cache\/woman-in-gray-tank-top-showing-distress-3812745-1024x683-landscape.jpg"},{"@type":"BreadcrumbList","@id":"https:\/\/servicesforpharmacies.com\/hr\/blog\/#breadcrumb","itemListElement":[{"@type":"ListItem","position":1,"name":"Home","item":"https:\/\/servicesforpharmacies.com\/hr\/"},{"@type":"ListItem","position":2,"name":"BLOG"}]},{"@type":"WebSite","@id":"https:\/\/servicesforpharmacies.com\/hr\/#website","url":"https:\/\/servicesforpharmacies.com\/hr\/","name":"Services for pharmacies","description":"","publisher":{"@id":"https:\/\/servicesforpharmacies.com\/hr\/#organization"},"potentialAction":[{"@type":"SearchAction","target":{"@type":"EntryPoint","urlTemplate":"https:\/\/servicesforpharmacies.com\/hr\/?s={search_term_string}"},"query-input":{"@type":"PropertyValueSpecification","valueRequired":true,"valueName":"search_term_string"}}],"inLanguage":"hr"},{"@type":"Organization","@id":"https:\/\/servicesforpharmacies.com\/hr\/#organization","name":"VitalPlusActive Group Ltd","url":"https:\/\/servicesforpharmacies.com\/hr\/","logo":{"@type":"ImageObject","inLanguage":"hr","@id":"https:\/\/servicesforpharmacies.com\/hr\/#\/schema\/logo\/image\/","url":"https:\/\/servicesforpharmacies.com\/wp-content\/uploads\/2020\/07\/logo-eng.jpg","contentUrl":"https:\/\/servicesforpharmacies.com\/wp-content\/uploads\/2020\/07\/logo-eng.jpg","width":398,"height":90,"caption":"VitalPlusActive Group Ltd"},"image":{"@id":"https:\/\/servicesforpharmacies.com\/hr\/#\/schema\/logo\/image\/"}}]}},"_links":{"self":[{"href":"https:\/\/servicesforpharmacies.com\/hr\/wp-json\/wp\/v2\/pages\/473","targetHints":{"allow":["GET"]}}],"collection":[{"href":"https:\/\/servicesforpharmacies.com\/hr\/wp-json\/wp\/v2\/pages"}],"about":[{"href":"https:\/\/servicesforpharmacies.com\/hr\/wp-json\/wp\/v2\/types\/page"}],"author":[{"embeddable":true,"href":"https:\/\/servicesforpharmacies.com\/hr\/wp-json\/wp\/v2\/users\/1"}],"replies":[{"embeddable":true,"href":"https:\/\/servicesforpharmacies.com\/hr\/wp-json\/wp\/v2\/comments?post=473"}],"version-history":[{"count":0,"href":"https:\/\/servicesforpharmacies.com\/hr\/wp-json\/wp\/v2\/pages\/473\/revisions"}],"wp:attachment":[{"href":"https:\/\/servicesforpharmacies.com\/hr\/wp-json\/wp\/v2\/media?parent=473"}],"curies":[{"name":"wp","href":"https:\/\/api.w.org\/{rel}","templated":true}]}}