{"id":688183,"date":"2025-03-12T07:33:28","date_gmt":"2025-03-12T07:33:28","guid":{"rendered":"https:\/\/servicesforpharmacies.com\/testimonios\/"},"modified":"2025-03-18T22:49:31","modified_gmt":"2025-03-18T22:49:31","slug":"testimonios","status":"publish","type":"page","link":"https:\/\/servicesforpharmacies.com\/es\/testimonios\/","title":{"rendered":"Testimonios"},"content":{"rendered":"\n<h1>\n\t\tM\u00c1S DE 300.000 CLIENTES EN ESPA\u00d1A\n\t<\/h1>\n<h2>\n\t\tMIRA SUS EXPERIENCIAS\n\t<\/h2>\n\tLlevamos 26 a\u00f1os ayudando a las personas a mejorar la salud del cabello y el cuero cabelludo.<br \/>\nRevisi\u00f3n GRATUITA en la farmacia: asesoramiento profesional personalizado para ti.<br \/>\nMira los resultados reales y descubre c\u00f3mo puedes mejorar la salud de tu cabello.<br \/>\nProfesional, transparente y personalizado para ti.\n\t\t\t<a href=\"https:\/\/servicesforpharmacies.com\/es\/picker\/\" target=\"_blank\" rel=\"noopener\">\n\t\t\t\t\t\t\t Solicita un chequeo GRATUITO en la farmacia\n\t\t\t\t\t<\/a>\n<h2>\n\t\t\u00bfC\u00f3mo se realiza el chequeo?\n\t<\/h2>\n\t<p>Breve presentaci\u00f3n del control con dermovisor &#8211; \u00bfC\u00f3mo evaluamos el aparato piloseb\u00e1ceo?<\/p>\n\t\t<h4>\n\t\t\tModal Box\n\t\t\t\t\t<\/h4>\n\t\t<h5>modal-<\/h5>\n\t\tClick here to edit the &#8220;modal-box&#8221; settings. This text is only for editing and will not appear after you publish the changes.\t\n\t\t\t\t\t\tPreview\n\t\t\tmodal-\n\t\t<h2>\n\t\tANTES DE IRTE&#8230; \u00a1DESCUBRE C\u00d3MO HEMOS AYUDADO A OTROS!\n\t<\/h2>\n\t<p>M\u00e1s de 300.000 clientes en Espa\u00f1a y 700.000 en Europa ya se han realizado el chequeo y han encontrado la soluci\u00f3n adecuada para la salud de su cabello.<\/p>\n<p>\u00a1Mira sus experiencias y descubre c\u00f3mo podemos ayudarte tambi\u00e9n a ti!<\/p>\n\t\t\t\t<img loading=\"lazy\" decoding=\"async\" width=\"300\" height=\"158\" src=\"https:\/\/servicesforpharmacies.com\/wp-content\/uploads\/2025\/03\/before-after-Ricrescita-capelli-1-300x158.jpg\" alt=\"before-after-Ricrescita-capelli-1\" itemprop=\"image\" title=\"before-after-Ricrescita-capelli-1\" onerror=\"this.style.display='none'\" srcset=\"https:\/\/servicesforpharmacies.com\/wp-content\/uploads\/2025\/03\/before-after-Ricrescita-capelli-1-300x158.jpg 300w, https:\/\/servicesforpharmacies.com\/wp-content\/uploads\/2025\/03\/before-after-Ricrescita-capelli-1-1024x538.jpg 1024w, https:\/\/servicesforpharmacies.com\/wp-content\/uploads\/2025\/03\/before-after-Ricrescita-capelli-1-768x403.jpg 768w, https:\/\/servicesforpharmacies.com\/wp-content\/uploads\/2025\/03\/before-after-Ricrescita-capelli-1-95x50.jpg 95w, https:\/\/servicesforpharmacies.com\/wp-content\/uploads\/2025\/03\/before-after-Ricrescita-capelli-1.jpg 1200w\" sizes=\"auto, (max-width: 300px) 100vw, 300px\" \/>\n\t\t\t\t<img loading=\"lazy\" decoding=\"async\" width=\"300\" height=\"158\" src=\"https:\/\/servicesforpharmacies.com\/wp-content\/uploads\/2025\/03\/before-after-Ispadanje-las-1-300x158.jpg\" alt=\"before-after-Ispadanje-las-1\" itemprop=\"image\" title=\"before-after-Ispadanje-las-1\" onerror=\"this.style.display='none'\" srcset=\"https:\/\/servicesforpharmacies.com\/wp-content\/uploads\/2025\/03\/before-after-Ispadanje-las-1-300x158.jpg 300w, https:\/\/servicesforpharmacies.com\/wp-content\/uploads\/2025\/03\/before-after-Ispadanje-las-1-1024x538.jpg 1024w, https:\/\/servicesforpharmacies.com\/wp-content\/uploads\/2025\/03\/before-after-Ispadanje-las-1-768x403.jpg 768w, https:\/\/servicesforpharmacies.com\/wp-content\/uploads\/2025\/03\/before-after-Ispadanje-las-1-95x50.jpg 95w, https:\/\/servicesforpharmacies.com\/wp-content\/uploads\/2025\/03\/before-after-Ispadanje-las-1.jpg 1200w\" sizes=\"auto, (max-width: 300px) 100vw, 300px\" \/>\n\t\t\t\t<img loading=\"lazy\" decoding=\"async\" width=\"300\" height=\"158\" src=\"https:\/\/servicesforpharmacies.com\/wp-content\/uploads\/2025\/03\/before-after-opadanje-kose-1-300x158.jpg\" alt=\"before-after-opadanje-kose-1\" itemprop=\"image\" title=\"before-after-opadanje-kose-1\" onerror=\"this.style.display='none'\" srcset=\"https:\/\/servicesforpharmacies.com\/wp-content\/uploads\/2025\/03\/before-after-opadanje-kose-1-300x158.jpg 300w, https:\/\/servicesforpharmacies.com\/wp-content\/uploads\/2025\/03\/before-after-opadanje-kose-1-1024x538.jpg 1024w, https:\/\/servicesforpharmacies.com\/wp-content\/uploads\/2025\/03\/before-after-opadanje-kose-1-768x403.jpg 768w, https:\/\/servicesforpharmacies.com\/wp-content\/uploads\/2025\/03\/before-after-opadanje-kose-1-95x50.jpg 95w, https:\/\/servicesforpharmacies.com\/wp-content\/uploads\/2025\/03\/before-after-opadanje-kose-1.jpg 1200w\" sizes=\"auto, (max-width: 300px) 100vw, 300px\" \/>\n\t<p>Transparente y profesional &#8211; sin promesas exageradas, solo resultados concretos.<\/p>\n<p>Mira las testimonios y descubre c\u00f3mo se realiza el chequeo en la farmacia.<\/p>\n<p>Haz clic abajo y ve los resultados reales!<\/p>\n\t\t\t<a href=\"\/es\/clientela\/\" target=\"_self\">\n\t\t\t\t\t\t\tVERIFICA LOS TESTIMONIOS DE LOS CLIENTES\n\t\t\t\t\t<\/a>\n\t\t\t<a href=\"\/es\/picker\/\" target=\"_self\">\n\t\t\t\t\t\t\tNO, SIGO SIN INFORMACI\u00d3N\n\t\t\t\t\t<\/a>\n\t<iframe loading=\"lazy\" title=\"Free Scalp Hair Check-Up at Your Local Pharmacy | Special Services for Pharmacies\" width=\"500\" height=\"281\" src=\"https:\/\/www.youtube.com\/embed\/v3xs6eepUmA?feature=oembed\" frameborder=\"0\" allow=\"accelerometer; autoplay; clipboard-write; encrypted-media; gyroscope; picture-in-picture; web-share\" referrerpolicy=\"strict-origin-when-cross-origin\" allowfullscreen><\/iframe>\n<h2>\n\t\tPERSONALIZADO PARA TUS NECESIDADES\n\t<\/h2>\n\t\t\t<a href=\"\" target=\"_self\">\n\t\t\t\t\t\t\tProfesionalidad  \n\t\t\t\t\t<\/a>\n\t\t\t<a href=\"\" target=\"_self\">\n\t\t\t\t\t\t\t Salud  \n\t\t\t\t\t<\/a>\n\t\t\t<a href=\"\" target=\"_self\">\n\t\t\t\t\t\t\tConsulta\n\t\t\t\t\t<\/a>\n\t<p>Evaluaci\u00f3n profesional del estado del cuero cabelludo y del cabello, as\u00ed como de los factores que influyen en la salud capilar.<br data-start=\"143\" data-end=\"146\" \/>Consejos personalizados para resolver la anomal\u00eda.<\/p>\n\t\t\t<a href=\"https:\/\/servicesforpharmacies.com\/es\/picker\/\" target=\"_blank\" rel=\"noopener\">\n\t\t\t\t\t\t\t Reserva un chequeo GRATUITO en farmacia\n\t\t\t\t\t<\/a>\n<h2>\n\t\tExperiencias de los clientes\n\t<\/h2>\n\t<p>Resultados reales despu\u00e9s de 3+ meses de cuidado adecuado.<\/p>\n\t\t\t\t<img loading=\"lazy\" decoding=\"async\" src=\"https:\/\/servicesforpharmacies.com\/wp-content\/uploads\/2025\/03\/before-after-1200x630-107.jpg\" alt=\"before-after-1200x630-107\" itemprop=\"image\" height=\"630\" width=\"1200\" title=\"before-after-1200x630-107\" onerror=\"this.style.display='none'\"  \/>\n\t&#8220;Despu\u00e9s de 4 meses de cuidado adecuado, mi cabello se volvi\u00f3 m\u00e1s fuerte y m\u00e1s grueso.&#8221;<br \/>\n<strong>Mar\u00eda, 42 a\u00f1os<\/strong>\n\t\t\t\t<img loading=\"lazy\" decoding=\"async\" src=\"https:\/\/servicesforpharmacies.com\/wp-content\/uploads\/2025\/03\/before-after-1200x630-117.jpg\" alt=\"before-after-1200x630-117\" itemprop=\"image\" height=\"630\" width=\"1200\" title=\"before-after-1200x630-117\" onerror=\"this.style.display='none'\"  \/>\n\t&#8220;La caspa y la picaz\u00f3n en el cuero cabelludo disminuyeron despu\u00e9s de cambiar mi rutina.&#8221;<br \/>\n<strong>Iv\u00e1n, 37 a\u00f1os<\/strong>\n\t\t\t\t<img loading=\"lazy\" decoding=\"async\" src=\"https:\/\/servicesforpharmacies.com\/wp-content\/uploads\/2025\/03\/before-after-1200x630-111.jpg\" alt=\"before-after-1200x630-111\" itemprop=\"image\" height=\"630\" width=\"1200\" title=\"before-after-1200x630-111\" onerror=\"this.style.display='none'\"  \/>\n\t&#8220;Estaba completamente desesperada cuando perd\u00ed el cabello&#8230; \u00a1el chequeo me dio esperanza!&#8221;<br \/>\n<strong>Ana, 29 a\u00f1os<\/strong>\n\t<p>\u00a1Estos son solo algunos de los resultados! \u00a1Mira m\u00e1s testimonios reales!<\/p>\n\t\t\t<a href=\"\/es\/clientela\/\" target=\"_blank\" rel=\"noopener\">\n\t\t\t\t\t\t\t Mira los 85 testimonios completos\n\t\t\t\t\t<\/a>\n<h2>\n\t\t\u00bfC\u00f3mo funciona el chequeo en la farmacia?\n\t<\/h2>\n\t<strong data-start=\"61\" data-end=\"80\">Reserva tu cita<\/strong> &#8211; Elige una farmacia asociada y reg\u00edstrate para un chequeo gratuito.\n<strong data-start=\"152\" data-end=\"177\">Chequeo de 15 minutos<\/strong> &#8211; Nuestros asesores eval\u00faan el estado de tu cuero cabelludo y cabello, y hablan contigo sobre las posibles causas de los problemas.\n<strong data-start=\"312\" data-end=\"345\">Recomendaciones profesionales<\/strong> &#8211; Basado en la evaluaci\u00f3n, recibir\u00e1s pautas personalizadas para un cuidado adecuado.\nEl chequeo dura 15 minutos y se realiza exclusivamente en farmacias.\n\t\t\t<a href=\"https:\/\/servicesforpharmacies.com\/es\/picker\/\" target=\"_blank\" rel=\"noopener\">\n\t\t\t\t\t\t\tReserva un chequeo GRATUITO en farmacia\n\t\t\t\t\t<\/a>\n<h2>\n\t\t\u00bfPor qu\u00e9 elegir nuestro chequeo capilar?\n\t<\/h2>\n\t<p>M\u00e1s de 26 a\u00f1os de experiencia &#8211; M\u00e1s de 700.000 chequeos al a\u00f1o en Europa.<br data-start=\"133\" data-end=\"136\" \/>300.000 clientes en Espa\u00f1a &#8211; Asesores profesionales en farmacias.<br data-start=\"201\" data-end=\"204\" \/>85 testimonios reales &#8211; Muestra de resultados reales con mejoras a largo plazo.<br data-start=\"283\" data-end=\"286\" \/>El chequeo es gratuito y sin obligaci\u00f3n de compra.<\/p>\n<p><a href=\"https:\/\/servicesforpharmacies.com\/es\/clientela\">Descubre m\u00e1s<\/a><\/p>\n\n<h2>\n\t\tPreguntas frecuentes (FAQ)\n\t<\/h2>\n\t\t\t\t\u00bfCu\u00e1nto dura el chequeo?\n<article id=\"fl-post-688183\">\nAproximadamente 15 minutos, en la hora acordada en la farmacia.\n<\/article>\n\t\t\t\t\u00bfTengo que comprar productos despu\u00e9s del chequeo?\n<article id=\"fl-post-688183\">\n\u00a1No! El chequeo capilar es gratuito y sin obligaci\u00f3n de compra.\n<\/article>\n\t\t\t\t\u00bfCu\u00e1nto tiempo debo esperar para ver resultados?\n\t\t\t\t\t<section data-id=\"db5a60f\" data-element_type=\"section\">\n<article id=\"fl-post-688183\">\nCada cabello es diferente, pero los cambios visibles generalmente se notan despu\u00e9s de 3 a 6 meses de cuidado adecuado.\n<\/article>\n<\/section>\n\n","protected":false},"excerpt":{"rendered":"<p>M\u00c1S DE 300.000 CLIENTES EN ESPA\u00d1A MIRA SUS EXPERIENCIAS Llevamos 26 a\u00f1os ayudando a las personas a mejorar la salud del cabello y el cuero cabelludo. Revisi\u00f3n GRATUITA en la farmacia: asesoramiento profesional personalizado para ti. Mira los resultados reales y descubre c\u00f3mo puedes mejorar la salud de tu cabello. Profesional, transparente y personalizado para&hellip;<\/p>\n","protected":false},"author":1,"featured_media":0,"parent":0,"menu_order":0,"comment_status":"closed","ping_status":"closed","template":"","meta":{"_acf_changed":false,"footnotes":""},"class_list":["post-688183","page","type-page","status-publish","hentry"],"acf":[],"yoast_head":"<!-- This site is optimized with the Yoast SEO Premium plugin v22.9 (Yoast SEO v27.0) - https:\/\/yoast.com\/product\/yoast-seo-premium-wordpress\/ -->\n<title>Testimonios | Services for pharmacies<\/title>\n<meta name=\"robots\" content=\"index, follow, max-snippet:-1, max-image-preview:large, max-video-preview:-1\" \/>\n<link rel=\"canonical\" href=\"https:\/\/servicesforpharmacies.com\/es\/testimonios\/\" \/>\n<meta property=\"og:locale\" content=\"es_ES\" \/>\n<meta property=\"og:type\" content=\"article\" \/>\n<meta property=\"og:title\" content=\"Testimonios\" \/>\n<meta property=\"og:description\" content=\"M\u00c1S DE 300.000 CLIENTES EN ESPA\u00d1A MIRA SUS EXPERIENCIAS Llevamos 26 a\u00f1os ayudando a las personas a mejorar la salud del cabello y el cuero cabelludo. Revisi\u00f3n GRATUITA en la farmacia: asesoramiento profesional personalizado para ti. Mira los resultados reales y descubre c\u00f3mo puedes mejorar la salud de tu cabello. Profesional, transparente y personalizado para&hellip;\" \/>\n<meta property=\"og:url\" content=\"https:\/\/servicesforpharmacies.com\/es\/testimonios\/\" \/>\n<meta property=\"og:site_name\" content=\"Services for pharmacies\" \/>\n<meta property=\"article:modified_time\" content=\"2025-03-18T22:49:31+00:00\" \/>\n<meta property=\"og:image\" content=\"https:\/\/servicesforpharmacies.com\/wp-content\/uploads\/2025\/03\/before-after-Ricrescita-capelli-1-300x158.jpg\" \/>\n<meta name=\"twitter:card\" content=\"summary_large_image\" \/>\n<meta name=\"twitter:label1\" content=\"Tiempo de lectura\" \/>\n\t<meta name=\"twitter:data1\" content=\"3 minutos\" \/>\n<script type=\"application\/ld+json\" class=\"yoast-schema-graph\">{\"@context\":\"https:\/\/schema.org\",\"@graph\":[{\"@type\":\"WebPage\",\"@id\":\"https:\/\/servicesforpharmacies.com\/es\/testimonios\/\",\"url\":\"https:\/\/servicesforpharmacies.com\/es\/testimonios\/\",\"name\":\"Testimonios | Services for pharmacies\",\"isPartOf\":{\"@id\":\"https:\/\/servicesforpharmacies.com\/es\/#website\"},\"primaryImageOfPage\":{\"@id\":\"https:\/\/servicesforpharmacies.com\/es\/testimonios\/#primaryimage\"},\"image\":{\"@id\":\"https:\/\/servicesforpharmacies.com\/es\/testimonios\/#primaryimage\"},\"thumbnailUrl\":\"https:\/\/servicesforpharmacies.com\/wp-content\/uploads\/2025\/03\/before-after-Ricrescita-capelli-1-300x158.jpg\",\"datePublished\":\"2025-03-12T07:33:28+00:00\",\"dateModified\":\"2025-03-18T22:49:31+00:00\",\"breadcrumb\":{\"@id\":\"https:\/\/servicesforpharmacies.com\/es\/testimonios\/#breadcrumb\"},\"inLanguage\":\"es\",\"potentialAction\":[{\"@type\":\"ReadAction\",\"target\":[\"https:\/\/servicesforpharmacies.com\/es\/testimonios\/\"]}]},{\"@type\":\"ImageObject\",\"inLanguage\":\"es\",\"@id\":\"https:\/\/servicesforpharmacies.com\/es\/testimonios\/#primaryimage\",\"url\":\"https:\/\/servicesforpharmacies.com\/wp-content\/uploads\/2025\/03\/before-after-Ricrescita-capelli-1-300x158.jpg\",\"contentUrl\":\"https:\/\/servicesforpharmacies.com\/wp-content\/uploads\/2025\/03\/before-after-Ricrescita-capelli-1-300x158.jpg\"},{\"@type\":\"BreadcrumbList\",\"@id\":\"https:\/\/servicesforpharmacies.com\/es\/testimonios\/#breadcrumb\",\"itemListElement\":[{\"@type\":\"ListItem\",\"position\":1,\"name\":\"Home\",\"item\":\"https:\/\/servicesforpharmacies.com\/es\/\"},{\"@type\":\"ListItem\",\"position\":2,\"name\":\"Testimonios\"}]},{\"@type\":\"WebSite\",\"@id\":\"https:\/\/servicesforpharmacies.com\/es\/#website\",\"url\":\"https:\/\/servicesforpharmacies.com\/es\/\",\"name\":\"Services for pharmacies\",\"description\":\"\",\"publisher\":{\"@id\":\"https:\/\/servicesforpharmacies.com\/es\/#organization\"},\"potentialAction\":[{\"@type\":\"SearchAction\",\"target\":{\"@type\":\"EntryPoint\",\"urlTemplate\":\"https:\/\/servicesforpharmacies.com\/es\/?s={search_term_string}\"},\"query-input\":{\"@type\":\"PropertyValueSpecification\",\"valueRequired\":true,\"valueName\":\"search_term_string\"}}],\"inLanguage\":\"es\"},{\"@type\":\"Organization\",\"@id\":\"https:\/\/servicesforpharmacies.com\/es\/#organization\",\"name\":\"VitalPlusActive Group Ltd\",\"url\":\"https:\/\/servicesforpharmacies.com\/es\/\",\"logo\":{\"@type\":\"ImageObject\",\"inLanguage\":\"es\",\"@id\":\"https:\/\/servicesforpharmacies.com\/es\/#\/schema\/logo\/image\/\",\"url\":\"https:\/\/servicesforpharmacies.com\/wp-content\/uploads\/2020\/07\/logo-eng.jpg\",\"contentUrl\":\"https:\/\/servicesforpharmacies.com\/wp-content\/uploads\/2020\/07\/logo-eng.jpg\",\"width\":398,\"height\":90,\"caption\":\"VitalPlusActive Group Ltd\"},\"image\":{\"@id\":\"https:\/\/servicesforpharmacies.com\/es\/#\/schema\/logo\/image\/\"}}]}<\/script>\n<!-- \/ Yoast SEO Premium plugin. -->","yoast_head_json":{"title":"Testimonios | Services for pharmacies","robots":{"index":"index","follow":"follow","max-snippet":"max-snippet:-1","max-image-preview":"max-image-preview:large","max-video-preview":"max-video-preview:-1"},"canonical":"https:\/\/servicesforpharmacies.com\/es\/testimonios\/","og_locale":"es_ES","og_type":"article","og_title":"Testimonios","og_description":"M\u00c1S DE 300.000 CLIENTES EN ESPA\u00d1A MIRA SUS EXPERIENCIAS Llevamos 26 a\u00f1os ayudando a las personas a mejorar la salud del cabello y el cuero cabelludo. Revisi\u00f3n GRATUITA en la farmacia: asesoramiento profesional personalizado para ti. Mira los resultados reales y descubre c\u00f3mo puedes mejorar la salud de tu cabello. Profesional, transparente y personalizado para&hellip;","og_url":"https:\/\/servicesforpharmacies.com\/es\/testimonios\/","og_site_name":"Services for pharmacies","article_modified_time":"2025-03-18T22:49:31+00:00","og_image":[{"url":"https:\/\/servicesforpharmacies.com\/wp-content\/uploads\/2025\/03\/before-after-Ricrescita-capelli-1-300x158.jpg","type":"","width":"","height":""}],"twitter_card":"summary_large_image","twitter_misc":{"Tiempo de lectura":"3 minutos"},"schema":{"@context":"https:\/\/schema.org","@graph":[{"@type":"WebPage","@id":"https:\/\/servicesforpharmacies.com\/es\/testimonios\/","url":"https:\/\/servicesforpharmacies.com\/es\/testimonios\/","name":"Testimonios | Services for pharmacies","isPartOf":{"@id":"https:\/\/servicesforpharmacies.com\/es\/#website"},"primaryImageOfPage":{"@id":"https:\/\/servicesforpharmacies.com\/es\/testimonios\/#primaryimage"},"image":{"@id":"https:\/\/servicesforpharmacies.com\/es\/testimonios\/#primaryimage"},"thumbnailUrl":"https:\/\/servicesforpharmacies.com\/wp-content\/uploads\/2025\/03\/before-after-Ricrescita-capelli-1-300x158.jpg","datePublished":"2025-03-12T07:33:28+00:00","dateModified":"2025-03-18T22:49:31+00:00","breadcrumb":{"@id":"https:\/\/servicesforpharmacies.com\/es\/testimonios\/#breadcrumb"},"inLanguage":"es","potentialAction":[{"@type":"ReadAction","target":["https:\/\/servicesforpharmacies.com\/es\/testimonios\/"]}]},{"@type":"ImageObject","inLanguage":"es","@id":"https:\/\/servicesforpharmacies.com\/es\/testimonios\/#primaryimage","url":"https:\/\/servicesforpharmacies.com\/wp-content\/uploads\/2025\/03\/before-after-Ricrescita-capelli-1-300x158.jpg","contentUrl":"https:\/\/servicesforpharmacies.com\/wp-content\/uploads\/2025\/03\/before-after-Ricrescita-capelli-1-300x158.jpg"},{"@type":"BreadcrumbList","@id":"https:\/\/servicesforpharmacies.com\/es\/testimonios\/#breadcrumb","itemListElement":[{"@type":"ListItem","position":1,"name":"Home","item":"https:\/\/servicesforpharmacies.com\/es\/"},{"@type":"ListItem","position":2,"name":"Testimonios"}]},{"@type":"WebSite","@id":"https:\/\/servicesforpharmacies.com\/es\/#website","url":"https:\/\/servicesforpharmacies.com\/es\/","name":"Services for pharmacies","description":"","publisher":{"@id":"https:\/\/servicesforpharmacies.com\/es\/#organization"},"potentialAction":[{"@type":"SearchAction","target":{"@type":"EntryPoint","urlTemplate":"https:\/\/servicesforpharmacies.com\/es\/?s={search_term_string}"},"query-input":{"@type":"PropertyValueSpecification","valueRequired":true,"valueName":"search_term_string"}}],"inLanguage":"es"},{"@type":"Organization","@id":"https:\/\/servicesforpharmacies.com\/es\/#organization","name":"VitalPlusActive Group Ltd","url":"https:\/\/servicesforpharmacies.com\/es\/","logo":{"@type":"ImageObject","inLanguage":"es","@id":"https:\/\/servicesforpharmacies.com\/es\/#\/schema\/logo\/image\/","url":"https:\/\/servicesforpharmacies.com\/wp-content\/uploads\/2020\/07\/logo-eng.jpg","contentUrl":"https:\/\/servicesforpharmacies.com\/wp-content\/uploads\/2020\/07\/logo-eng.jpg","width":398,"height":90,"caption":"VitalPlusActive Group Ltd"},"image":{"@id":"https:\/\/servicesforpharmacies.com\/es\/#\/schema\/logo\/image\/"}}]}},"_links":{"self":[{"href":"https:\/\/servicesforpharmacies.com\/es\/wp-json\/wp\/v2\/pages\/688183","targetHints":{"allow":["GET"]}}],"collection":[{"href":"https:\/\/servicesforpharmacies.com\/es\/wp-json\/wp\/v2\/pages"}],"about":[{"href":"https:\/\/servicesforpharmacies.com\/es\/wp-json\/wp\/v2\/types\/page"}],"author":[{"embeddable":true,"href":"https:\/\/servicesforpharmacies.com\/es\/wp-json\/wp\/v2\/users\/1"}],"replies":[{"embeddable":true,"href":"https:\/\/servicesforpharmacies.com\/es\/wp-json\/wp\/v2\/comments?post=688183"}],"version-history":[{"count":0,"href":"https:\/\/servicesforpharmacies.com\/es\/wp-json\/wp\/v2\/pages\/688183\/revisions"}],"wp:attachment":[{"href":"https:\/\/servicesforpharmacies.com\/es\/wp-json\/wp\/v2\/media?parent=688183"}],"curies":[{"name":"wp","href":"https:\/\/api.w.org\/{rel}","templated":true}]}}