{"id":330,"date":"2020-07-30T21:55:01","date_gmt":"2020-07-30T21:55:01","guid":{"rendered":"http:\/\/servicesforpharmacies.com\/?page_id=330"},"modified":"2025-03-19T10:10:52","modified_gmt":"2025-03-19T10:10:52","slug":"problemas-con-el-cabello","status":"publish","type":"page","link":"https:\/\/servicesforpharmacies.com\/es\/","title":{"rendered":"\u00bfPROBLEMAS CON EL CABELLO?"},"content":{"rendered":"\n\n\t\t\t\t<img loading=\"lazy\" decoding=\"async\" src=\"https:\/\/servicesforpharmacies.com\/wp-content\/uploads\/2020\/09\/prurito.jpg\" alt=\"\u00bfPROBLEMAS CON EL CABELLO?\" itemprop=\"image\" height=\"455\" width=\"650\" title=\"prurito\" onerror=\"this.style.display='none'\"  \/>\n\t\t\t<a href=\"#\" target=\"_self\">\n\t\t\t\t\t\t\tPICOR\n\t\t\t\t\t<\/a>\n\t\t\t\t<img loading=\"lazy\" decoding=\"async\" src=\"https:\/\/servicesforpharmacies.com\/wp-content\/uploads\/2020\/09\/forfora.jpg\" alt=\"\u00bfPROBLEMAS CON EL CABELLO?\" itemprop=\"image\" height=\"455\" width=\"650\" title=\"forfora\" onerror=\"this.style.display='none'\"  \/>\n\t\t\t<a href=\"#\" target=\"_self\">\n\t\t\t\t\t\t\tCASPA\n\t\t\t\t\t<\/a>\n\t\t\t\t<img loading=\"lazy\" decoding=\"async\" src=\"https:\/\/servicesforpharmacies.com\/wp-content\/uploads\/2020\/09\/caduta.jpg\" alt=\"\u00bfPROBLEMAS CON EL CABELLO?\" itemprop=\"image\" height=\"500\" width=\"715\" title=\"caduta\" onerror=\"this.style.display='none'\"  \/>\n\t\t\t<a href=\"#\" target=\"_self\">\n\t\t\t\t\t\t\tCA\u00cdDA\n\t\t\t\t\t<\/a>\n\t\t\t\t<img loading=\"lazy\" decoding=\"async\" src=\"https:\/\/servicesforpharmacies.com\/wp-content\/uploads\/2020\/09\/grasso.jpg\" alt=\"\u00bfPROBLEMAS CON EL CABELLO?\" itemprop=\"image\" height=\"500\" width=\"715\" title=\"grasso\" onerror=\"this.style.display='none'\"  \/>\n\t\t\t<a href=\"#\" target=\"_self\">\n\t\t\t\t\t\t\tGRASA\n\t\t\t\t\t<\/a>\n<h1>\n\t\t<a href=\"https:\/\/servicesforpharmacies.com\/es\/problemas-con-el-cabello-2\/\" title=\"\u00bfPROBLEMAS CON EL CABELLO?\" target=\"_blank\" rel=\"noopener\">\n\t\t\u00bfPROBLEMAS CON EL CABELLO?\n\t\t<\/a>\n\t<\/h1>\n\t<p><strong>Es muy com\u00fan hacerse preguntas de este tipo:<\/strong><\/p>\n\t<p>Tengo el <strong>cabello graso<\/strong> y debo lavarlo todos los dias&#8230;<\/p>\n<p>Mi cabello esta <strong>seco y quebradizo<\/strong>, tengo que cambiar mi corte&#8230;<\/p>\n<p>Tengo que darle m\u00e1s volumen a mi cabello, es <strong>demasiado fino<\/strong>&#8230;<\/p>\n<p>Mi cabello <strong>no crece<\/strong> tanto como antes &#8230;<\/p>\n<p>Tengo <strong>menos cabello<\/strong> que cuando era m\u00e1s joven &#8230;<\/p>\n\t<p>Nos hacemos muy a menudo estas consideraciones, y todas tienen el mismo objetivo: queremos <strong>mejorar est\u00e9ticamente nuestro cabello.<\/strong><\/p>\n<p>Pero casi nadie se pregunta <strong>\u00bfpor qu\u00e9<\/strong>\u00a0tengo ahora el cabello graso, seco, fino, quebradizo? \u00bfCu\u00e1les son las CAUSAS? <strong>\u00bfpor qu\u00e9<\/strong>\u00a0mi cabello ya no es como antes? Para responder a todas estas preguntas y encontrar una <strong>soluci\u00f3n efectiva<\/strong>, existe nuestro nuevo <strong>SERVICIO DE PREVENCI\u00d3N EN FARMACIAS.<\/strong><\/p>\n<h2>\n\t\tEL SERVICIO EN FARMACIA\n\t<\/h2>\n\t\t\t<a href=\"\" target=\"_self\">\n\t\t\t\t\t\t\tSTRESS\n\t\t\t\t\t<\/a>\n\t\t\t<a href=\"\" target=\"_self\">\n\t\t\t\t\t\t\tPROBLEMAS ORG\u00c1NICOS\n\t\t\t\t\t<\/a>\n\t\t\t<a href=\"\" target=\"_self\">\n\t\t\t\t\t\t\tHIGIENE\n\t\t\t\t\t<\/a>\n\t\t\t<a href=\"\" target=\"_self\">\n\t\t\t\t\t\t\tNUTRICI\u00d3N\n\t\t\t\t\t<\/a>\n\t<p>El Servicio de Prevenci\u00f3n en Farmacia nace de un profundo an\u00e1lisis del estilo de vida actual y sus consecuencias. El estress, los problemas org\u00e1nicos, una mala nutrici\u00f3n o h\u00e1bitos higi\u00e9nicos incorrectos son las principales causas que provocan una ca\u00edda en las defensas de la flora bacteriana de la piel y, en consecuencia, tambi\u00e9n <strong>afectan al correcto funcionamiento de nuestro aparato piloseb\u00e1ceo.<\/strong><\/p>\n<h2>\n\t\tEL APARATO PILOSEB\u00c1CEO\n\t<\/h2>\n\t<p>Para mantener el aparato piloseb\u00e1ceo funcional a lo largo del tiempo, son necesarias 4 condiciones:<\/p>\n<p>&nbsp;<\/p>\n<ol>\n<li><strong> UNA BUENA OXIGENACI\u00d3N CUT\u00c1NEA <\/strong><\/li>\n<li><strong> QUE LA FLORA BACTERIANA DE LA PIEL SEA ACTIVA <\/strong><\/li>\n<li><strong> EL EQUILIBRIO FUNCIONAL DE LAS GL\u00c1NDULAS SEB\u00c1CEAS <\/strong><\/li>\n<li><strong> UNA CORRECTA NUTRICI\u00d3N DEL CABELLO <\/strong><\/li>\n<\/ol>\n<p><strong>\u00a0<\/strong><\/p>\n<p>Est\u00e1 cient\u00edficamente comprobado que cuando falla una de estas 4 condiciones, es inevitable que con el paso del tiempo se tengan problemas con el cabello. <strong>El cabello se vuelve m\u00e1s fino, quebradizo, se seca o notamos grasa, en definitiva pierde consistencia y volumen ya que no crece como antes y adem\u00e1s se pierde en exceso.<\/strong><\/p>\n<h2>\n\t\tAN\u00c1LISIS DE PREVENCi\u00d3N DEL APARATO PILOSEB\u00c1CEO\n\t<\/h2>\n\t\t\t\t<img loading=\"lazy\" decoding=\"async\" src=\"https:\/\/servicesforpharmacies.com\/wp-content\/uploads\/2020\/07\/piloseb-num.png\" alt=\"Prevenitivni pregled pilosebacealnih jedinica vlasi\u0161ta\" itemprop=\"image\" height=\"1222\" width=\"777\" title=\"piloseb num\" onerror=\"this.style.display='none'\"  \/>\n\t<p><strong>El objetivo del chequeo y AN\u00c1LISIS es controlar y verificar el correcto funcionamiento del aparato piloseb\u00e1ceo e identificar cualquier anomal\u00eda que le afecte, valorando:<\/strong><\/p>\n\t\t\t\t<img loading=\"lazy\" decoding=\"async\" src=\"https:\/\/servicesforpharmacies.com\/wp-content\/uploads\/2020\/07\/piloseb-num1.png\" alt=\"pilosebacealni ulazi\" itemprop=\"image\" height=\"508\" width=\"508\" title=\"piloseb num1\" onerror=\"this.style.display='none'\"  \/>\n\t<p><strong>La correcta higiene de la piel y de las salidas piloseb\u00e1ceas:<\/strong> esto facilita y favorece una buena oxigenaci\u00f3n cut\u00e1nea y un crecimiento saludable del cabello.<\/p>\n\t\t\t\t<img loading=\"lazy\" decoding=\"async\" src=\"https:\/\/servicesforpharmacies.com\/wp-content\/uploads\/2020\/07\/piloseb-num2.png\" alt=\"debljinu vlasi koja raste\" itemprop=\"image\" height=\"508\" width=\"508\" title=\"piloseb num2\" onerror=\"this.style.display='none'\"  \/>\n\t<p><strong>El di\u00e1metro del cabello en crecimiento:<\/strong> una disfunci\u00f3n en el aparato piloseb\u00e1ceo es la causa del crecimiento de cabellos m\u00e1s delgados y finos, menos voluminosos a nivel est\u00e9tico.<\/p>\n\t\t\t\t<img loading=\"lazy\" decoding=\"async\" src=\"https:\/\/servicesforpharmacies.com\/wp-content\/uploads\/2020\/07\/piloseb-num3.png\" alt=\"Prisutnost anomalija na cornealnom sloju epiderme\" itemprop=\"image\" height=\"508\" width=\"508\" title=\"piloseb num3\" onerror=\"this.style.display='none'\"  \/>\n\t<p><strong>La presencia de anomal\u00edas en el estrato c\u00f3rneo:<\/strong> la descamaci\u00f3n, la irritaci\u00f3n o el enrojecimiento del cuero cabelludo, a veces acompa\u00f1ado de picor, a menudo son ocasionados por una alteraci\u00f3n de la flora bacteriana.<\/p>\n\t\t\t\t<img loading=\"lazy\" decoding=\"async\" src=\"https:\/\/servicesforpharmacies.com\/wp-content\/uploads\/2020\/07\/piloseb-num4.png\" alt=\"Djelovanje \u017elijezda lojnica\" itemprop=\"image\" height=\"508\" width=\"508\" title=\"piloseb num4\" onerror=\"this.style.display='none'\"  \/>\n\t<p><strong>La funcionalidad de las gl\u00e1ndulas seb\u00e1ceas:<\/strong> la presencia de un exceso de sebo en la piel, el cabello y el interior del fol\u00edculo.<\/p>\n\t\t\t\t<img loading=\"lazy\" decoding=\"async\" src=\"https:\/\/servicesforpharmacies.com\/wp-content\/uploads\/2020\/07\/piloseb-num5.png\" alt=\"Oblik bulbusa (korijena)\" itemprop=\"image\" height=\"508\" width=\"508\" title=\"piloseb num5\" onerror=\"this.style.display='none'\"  \/>\n\t<p><strong>La forma del bulbo:<\/strong> con la extracci\u00f3n de un cabello, podemos evaluar su correcta renovaci\u00f3n en su ciclo de vida.<\/p>\n\t\t\t\t<img loading=\"lazy\" decoding=\"async\" src=\"https:\/\/servicesforpharmacies.com\/wp-content\/uploads\/2020\/07\/piloseb-num6.png\" alt=\"Pravilno hranjenje korijena kose\" itemprop=\"image\" height=\"508\" width=\"508\" title=\"piloseb num6\" onerror=\"this.style.display='none'\"  \/>\n\t<p><strong>Nutrici\u00f3n del cabello:<\/strong> para evaluar si la ra\u00edz del cabello tiene un suministro correcto de nutrientes a trav\u00e9s de los capilares sangu\u00edneos.<\/p>\n<h2>\n\t\t\u00bfA QUI\u00c9N SE RECOMIENDA?\n\t<\/h2>\n\t<p>SI TIENE:<\/p>\n<p>&nbsp;<\/p>\n<p><strong>PICOR EN LA PIEL, CA\u00cdDA, CASPA, CABELLO GRASO, FR\u00c1GIL O DA\u00d1ADO &#8230;<\/strong><\/p>\n<p>&nbsp;<\/p>\n<p><a href=\"https:\/\/servicesforpharmacies.com\/es\/picker\" target=\"_blank\" rel=\"noopener\">El AN\u00c1LISIS del aparato piloseb\u00e1ceo<\/a> <strong>se recomienda a todos aquellos que hayan notado a lo largo de los a\u00f1os un deterioro est\u00e9tico de su cabello<\/strong>, y tambi\u00e9n a todas las personas a nivel PREVENTIVO, sobre todo en PRIMAVERA y OTO\u00d1O. Como todos sabemos, los problemas producidos por las anomal\u00edas de la piel se acent\u00faan con el paso del calor al fr\u00edo en el cambio de estaciones.<\/p>\n<h2>\n\t\tM\u00c1S DE 300.000 CLIENTES EN ESPA\u00d1A\n\t<\/h2>\n<h3>\n\t\tMIRA SUS EXPERIENCIAS\n\t<\/h3>\n\tLlevamos 26 a\u00f1os ayudando a las personas a mejorar la salud del cabello y el cuero cabelludo.<br \/>\nRevisi\u00f3n GRATUITA en la farmacia: asesoramiento profesional personalizado para ti.<br \/>\nMira los resultados reales y descubre c\u00f3mo puedes mejorar la salud de tu cabello.<br \/>\nProfesional, transparente y personalizado para ti.\n\t\t\t<a href=\"\/es\/testimonios\/\" target=\"_self\">\n\t\t\t\t\t\t\tMira los testimonios\n\t\t\t\t\t<\/a>\n\t    <div id=\"osm_map_69d7b7437eb6f\" style=\"height: 650px;\"><\/div>\n    <script>\ndocument.addEventListener(\"DOMContentLoaded\", function () {\n    const map = L.map('osm_map_69d7b7437eb6f').setView([40, -8], 6);\n\n    L.tileLayer('https:\/\/{s}.tile.openstreetmap.org\/{z}\/{x}\/{y}.png', {\n        maxZoom: 19,\n        attribution: '&copy; OpenStreetMap contributors'\n    }).addTo(map);\n\n    fetch(\"https:\/\/servicesforpharmacies.com\/cron\/es-o.php\")\n        .then(response => response.json())\n        .then(results => {\n            if (!results || !results.pharmacies) {\n                console.warn(\"No pharmacies data in response\");\n                return;\n            }\n\n            results.pharmacies.forEach(pharmacy => {\n                if ((pharmacy.scalp || pharmacy.skin) && pharmacy.latitude && pharmacy.longitude) {\n\n                    let name = pharmacy.name\n    .toLowerCase()\n    .replace(\/\\s+\/g, '-')\n    .replace(\/[\u0111\u00f0]\/g, 'd')   \/\/ \u2705 fix \u0110 and \u0111\n    .replace(\/[\u0161]\/g, 's')\n    .replace(\/[\u010d\u0107]\/g, 'c')\n    .replace(\/[\u017e]\/g, 'z')\n    .normalize(\"NFD\")\n    .replace(\/[\\u0300-\\u036f]\/g, \"\")\n    .replace(\/[^a-z0-9-]\/g, '-')\n    .replace(\/^-+|-+$\/g, '')\n    .replace(\/-+\/g, '-');\n\n                    let scalp = pharmacy.scalp ? `<a href=\"\/es\/scalp\/${name}\">SCALP<\/a>` : '';\n                    let skin = pharmacy.skin ? `<a href=\"\/es\/skin\/${name}\">SKIN<\/a>` : '';\n\n                    let content = `\n                        <div style=\"display:flex;flex-direction:row;align-items:center;\">\n                            <img decoding=\"async\" src=\"https:\/\/servicesforpharmacies.com\/wp-content\/uploads\/2020\/08\/mappin.png\" style=\"height:50px;margin:0 10px;\">\n                            <div>\n                                <h4>${pharmacy.name}<\/h4>\n                                ${pharmacy.address}, ${pharmacy.municipality}<br>\n                                ${scalp}<br>${skin}\n                            <\/div>\n                        <\/div>\n                    `;\n\n                    const greenIcon = L.icon({\n    iconUrl: 'https:\/\/raw.githubusercontent.com\/pointhi\/leaflet-color-markers\/master\/img\/marker-icon-green.png',\n    shadowUrl: 'https:\/\/unpkg.com\/leaflet@1.9.4\/dist\/images\/marker-shadow.png',\n    iconSize:     [25, 41],\n    iconAnchor:   [12, 41],\n    popupAnchor:  [1, -34],\n    shadowSize:   [41, 41]\n});\n\nconst marker = L.marker([pharmacy.latitude, pharmacy.longitude], { icon: greenIcon }).addTo(map);\n\n                    marker.bindPopup(content);\n                }\n            });\n        })\n        .catch(error => {\n            console.error(\"Map data fetch failed\", error);\n        });\n});\n<\/script>\n\n    \n\n","protected":false},"excerpt":{"rendered":"<p>PICOR CASPA CA\u00cdDA GRASA \u00bfPROBLEMAS CON EL CABELLO? Es muy com\u00fan hacerse preguntas de este tipo: Tengo el cabello graso y debo lavarlo todos los dias&#8230; Mi cabello esta seco y quebradizo, tengo que cambiar mi corte&#8230; Tengo que darle m\u00e1s volumen a mi cabello, es demasiado fino&#8230; Mi cabello no crece tanto como antes&hellip;<\/p>\n","protected":false},"author":1,"featured_media":8707,"parent":0,"menu_order":0,"comment_status":"closed","ping_status":"closed","template":"","meta":{"_acf_changed":false,"footnotes":""},"class_list":["post-330","page","type-page","status-publish","has-post-thumbnail","hentry"],"acf":[],"yoast_head":"<!-- This site is optimized with the Yoast SEO Premium plugin v22.9 (Yoast SEO v27.0) - https:\/\/yoast.com\/product\/yoast-seo-premium-wordpress\/ -->\n<title>\u00bfPROBLEMAS CON EL CABELLO? | ? An\u00e1lisis en Farmacia GRATIS<\/title>\n<meta name=\"description\" content=\"\u00bfPROBLEMAS CON EL CABELLO? Picor, caspa, grasa, ca\u00edda... Reserva ahora on-line un control en tu farmacia mas cercana. Es f\u00e1cil y GRATIS !\" \/>\n<meta name=\"robots\" content=\"index, follow, max-snippet:-1, max-image-preview:large, max-video-preview:-1\" \/>\n<link rel=\"canonical\" href=\"https:\/\/servicesforpharmacies.com\/es\/\" \/>\n<meta property=\"og:locale\" content=\"es_ES\" \/>\n<meta property=\"og:type\" content=\"article\" \/>\n<meta property=\"og:title\" content=\"\u00bfPROBLEMAS CON EL CABELLO?\" \/>\n<meta property=\"og:description\" content=\"\u00bfPROBLEMAS CON EL CABELLO? Picor, caspa, grasa, ca\u00edda... Reserva ahora on-line un control en tu farmacia mas cercana. Es f\u00e1cil y GRATIS !\" \/>\n<meta property=\"og:url\" content=\"https:\/\/servicesforpharmacies.com\/es\/\" \/>\n<meta property=\"og:site_name\" content=\"Services for pharmacies\" \/>\n<meta property=\"article:modified_time\" content=\"2025-03-19T10:10:52+00:00\" \/>\n<meta property=\"og:image\" content=\"https:\/\/servicesforpharmacies.com\/wp-content\/uploads\/2020\/09\/caduta.jpg\" \/>\n\t<meta property=\"og:image:width\" content=\"715\" \/>\n\t<meta property=\"og:image:height\" content=\"500\" \/>\n\t<meta property=\"og:image:type\" content=\"image\/jpeg\" \/>\n<meta name=\"twitter:card\" content=\"summary_large_image\" \/>\n<meta name=\"twitter:label1\" content=\"Tiempo de lectura\" \/>\n\t<meta name=\"twitter:data1\" content=\"4 minutos\" \/>\n<script type=\"application\/ld+json\" class=\"yoast-schema-graph\">{\"@context\":\"https:\/\/schema.org\",\"@graph\":[{\"@type\":\"WebPage\",\"@id\":\"https:\/\/servicesforpharmacies.com\/es\/\",\"url\":\"https:\/\/servicesforpharmacies.com\/es\/\",\"name\":\"\u00bfPROBLEMAS CON EL CABELLO? | ? An\u00e1lisis en Farmacia GRATIS\",\"isPartOf\":{\"@id\":\"https:\/\/servicesforpharmacies.com\/#website\"},\"primaryImageOfPage\":{\"@id\":\"https:\/\/servicesforpharmacies.com\/es\/#primaryimage\"},\"image\":{\"@id\":\"https:\/\/servicesforpharmacies.com\/es\/#primaryimage\"},\"thumbnailUrl\":\"https:\/\/servicesforpharmacies.com\/wp-content\/uploads\/2020\/09\/caduta.jpg\",\"datePublished\":\"2020-07-30T21:55:01+00:00\",\"dateModified\":\"2025-03-19T10:10:52+00:00\",\"description\":\"\u00bfPROBLEMAS CON EL CABELLO? Picor, caspa, grasa, ca\u00edda... Reserva ahora on-line un control en tu farmacia mas cercana. Es f\u00e1cil y GRATIS !\",\"breadcrumb\":{\"@id\":\"https:\/\/servicesforpharmacies.com\/es\/#breadcrumb\"},\"inLanguage\":\"es\",\"potentialAction\":[{\"@type\":\"ReadAction\",\"target\":[\"https:\/\/servicesforpharmacies.com\/es\/\"]}]},{\"@type\":\"ImageObject\",\"inLanguage\":\"es\",\"@id\":\"https:\/\/servicesforpharmacies.com\/es\/#primaryimage\",\"url\":\"https:\/\/servicesforpharmacies.com\/wp-content\/uploads\/2020\/09\/caduta.jpg\",\"contentUrl\":\"https:\/\/servicesforpharmacies.com\/wp-content\/uploads\/2020\/09\/caduta.jpg\",\"width\":715,\"height\":500,\"caption\":\"\u00bfPROBLEMAS CON EL CABELLO?\"},{\"@type\":\"BreadcrumbList\",\"@id\":\"https:\/\/servicesforpharmacies.com\/es\/#breadcrumb\",\"itemListElement\":[{\"@type\":\"ListItem\",\"position\":1,\"name\":\"Home\",\"item\":\"https:\/\/servicesforpharmacies.com\/es\/\"},{\"@type\":\"ListItem\",\"position\":2,\"name\":\"\u00bfPROBLEMAS CON EL CABELLO?\"}]},{\"@type\":\"WebSite\",\"@id\":\"https:\/\/servicesforpharmacies.com\/#website\",\"url\":\"https:\/\/servicesforpharmacies.com\/\",\"name\":\"Services for pharmacies\",\"description\":\"\",\"publisher\":{\"@id\":\"https:\/\/servicesforpharmacies.com\/#organization\"},\"potentialAction\":[{\"@type\":\"SearchAction\",\"target\":{\"@type\":\"EntryPoint\",\"urlTemplate\":\"https:\/\/servicesforpharmacies.com\/?s={search_term_string}\"},\"query-input\":{\"@type\":\"PropertyValueSpecification\",\"valueRequired\":true,\"valueName\":\"search_term_string\"}}],\"inLanguage\":\"es\"},{\"@type\":\"Organization\",\"@id\":\"https:\/\/servicesforpharmacies.com\/#organization\",\"name\":\"VitalPlusActive Group Ltd\",\"url\":\"https:\/\/servicesforpharmacies.com\/\",\"logo\":{\"@type\":\"ImageObject\",\"inLanguage\":\"es\",\"@id\":\"https:\/\/servicesforpharmacies.com\/#\/schema\/logo\/image\/\",\"url\":\"https:\/\/servicesforpharmacies.com\/wp-content\/uploads\/2020\/07\/logo-eng.jpg\",\"contentUrl\":\"https:\/\/servicesforpharmacies.com\/wp-content\/uploads\/2020\/07\/logo-eng.jpg\",\"width\":398,\"height\":90,\"caption\":\"VitalPlusActive Group Ltd\"},\"image\":{\"@id\":\"https:\/\/servicesforpharmacies.com\/#\/schema\/logo\/image\/\"}}]}<\/script>\n<!-- \/ Yoast SEO Premium plugin. -->","yoast_head_json":{"title":"\u00bfPROBLEMAS CON EL CABELLO? | ? An\u00e1lisis en Farmacia GRATIS","description":"\u00bfPROBLEMAS CON EL CABELLO? Picor, caspa, grasa, ca\u00edda... Reserva ahora on-line un control en tu farmacia mas cercana. Es f\u00e1cil y GRATIS !","robots":{"index":"index","follow":"follow","max-snippet":"max-snippet:-1","max-image-preview":"max-image-preview:large","max-video-preview":"max-video-preview:-1"},"canonical":"https:\/\/servicesforpharmacies.com\/es\/","og_locale":"es_ES","og_type":"article","og_title":"\u00bfPROBLEMAS CON EL CABELLO?","og_description":"\u00bfPROBLEMAS CON EL CABELLO? Picor, caspa, grasa, ca\u00edda... Reserva ahora on-line un control en tu farmacia mas cercana. Es f\u00e1cil y GRATIS !","og_url":"https:\/\/servicesforpharmacies.com\/es\/","og_site_name":"Services for pharmacies","article_modified_time":"2025-03-19T10:10:52+00:00","og_image":[{"width":715,"height":500,"url":"https:\/\/servicesforpharmacies.com\/wp-content\/uploads\/2020\/09\/caduta.jpg","type":"image\/jpeg"}],"twitter_card":"summary_large_image","twitter_misc":{"Tiempo de lectura":"4 minutos"},"schema":{"@context":"https:\/\/schema.org","@graph":[{"@type":"WebPage","@id":"https:\/\/servicesforpharmacies.com\/es\/","url":"https:\/\/servicesforpharmacies.com\/es\/","name":"\u00bfPROBLEMAS CON EL CABELLO? | ? An\u00e1lisis en Farmacia GRATIS","isPartOf":{"@id":"https:\/\/servicesforpharmacies.com\/#website"},"primaryImageOfPage":{"@id":"https:\/\/servicesforpharmacies.com\/es\/#primaryimage"},"image":{"@id":"https:\/\/servicesforpharmacies.com\/es\/#primaryimage"},"thumbnailUrl":"https:\/\/servicesforpharmacies.com\/wp-content\/uploads\/2020\/09\/caduta.jpg","datePublished":"2020-07-30T21:55:01+00:00","dateModified":"2025-03-19T10:10:52+00:00","description":"\u00bfPROBLEMAS CON EL CABELLO? Picor, caspa, grasa, ca\u00edda... Reserva ahora on-line un control en tu farmacia mas cercana. Es f\u00e1cil y GRATIS !","breadcrumb":{"@id":"https:\/\/servicesforpharmacies.com\/es\/#breadcrumb"},"inLanguage":"es","potentialAction":[{"@type":"ReadAction","target":["https:\/\/servicesforpharmacies.com\/es\/"]}]},{"@type":"ImageObject","inLanguage":"es","@id":"https:\/\/servicesforpharmacies.com\/es\/#primaryimage","url":"https:\/\/servicesforpharmacies.com\/wp-content\/uploads\/2020\/09\/caduta.jpg","contentUrl":"https:\/\/servicesforpharmacies.com\/wp-content\/uploads\/2020\/09\/caduta.jpg","width":715,"height":500,"caption":"\u00bfPROBLEMAS CON EL CABELLO?"},{"@type":"BreadcrumbList","@id":"https:\/\/servicesforpharmacies.com\/es\/#breadcrumb","itemListElement":[{"@type":"ListItem","position":1,"name":"Home","item":"https:\/\/servicesforpharmacies.com\/es\/"},{"@type":"ListItem","position":2,"name":"\u00bfPROBLEMAS CON EL CABELLO?"}]},{"@type":"WebSite","@id":"https:\/\/servicesforpharmacies.com\/#website","url":"https:\/\/servicesforpharmacies.com\/","name":"Services for pharmacies","description":"","publisher":{"@id":"https:\/\/servicesforpharmacies.com\/#organization"},"potentialAction":[{"@type":"SearchAction","target":{"@type":"EntryPoint","urlTemplate":"https:\/\/servicesforpharmacies.com\/?s={search_term_string}"},"query-input":{"@type":"PropertyValueSpecification","valueRequired":true,"valueName":"search_term_string"}}],"inLanguage":"es"},{"@type":"Organization","@id":"https:\/\/servicesforpharmacies.com\/#organization","name":"VitalPlusActive Group Ltd","url":"https:\/\/servicesforpharmacies.com\/","logo":{"@type":"ImageObject","inLanguage":"es","@id":"https:\/\/servicesforpharmacies.com\/#\/schema\/logo\/image\/","url":"https:\/\/servicesforpharmacies.com\/wp-content\/uploads\/2020\/07\/logo-eng.jpg","contentUrl":"https:\/\/servicesforpharmacies.com\/wp-content\/uploads\/2020\/07\/logo-eng.jpg","width":398,"height":90,"caption":"VitalPlusActive Group Ltd"},"image":{"@id":"https:\/\/servicesforpharmacies.com\/#\/schema\/logo\/image\/"}}]}},"_links":{"self":[{"href":"https:\/\/servicesforpharmacies.com\/es\/wp-json\/wp\/v2\/pages\/330","targetHints":{"allow":["GET"]}}],"collection":[{"href":"https:\/\/servicesforpharmacies.com\/es\/wp-json\/wp\/v2\/pages"}],"about":[{"href":"https:\/\/servicesforpharmacies.com\/es\/wp-json\/wp\/v2\/types\/page"}],"author":[{"embeddable":true,"href":"https:\/\/servicesforpharmacies.com\/es\/wp-json\/wp\/v2\/users\/1"}],"replies":[{"embeddable":true,"href":"https:\/\/servicesforpharmacies.com\/es\/wp-json\/wp\/v2\/comments?post=330"}],"version-history":[{"count":0,"href":"https:\/\/servicesforpharmacies.com\/es\/wp-json\/wp\/v2\/pages\/330\/revisions"}],"wp:featuredmedia":[{"embeddable":true,"href":"https:\/\/servicesforpharmacies.com\/es\/wp-json\/wp\/v2\/media\/8707"}],"wp:attachment":[{"href":"https:\/\/servicesforpharmacies.com\/es\/wp-json\/wp\/v2\/media?parent=330"}],"curies":[{"name":"wp","href":"https:\/\/api.w.org\/{rel}","templated":true}]}}