{"id":247095,"date":"2022-08-25T22:56:33","date_gmt":"2022-08-25T22:56:33","guid":{"rendered":"http:\/\/servicesforpharmacies.com\/?page_id=247095"},"modified":"2023-05-26T08:14:45","modified_gmt":"2023-05-26T08:14:45","slug":"event-manager","status":"publish","type":"page","link":"https:\/\/servicesforpharmacies.com\/es\/event-manager\/","title":{"rendered":"Event Manager"},"content":{"rendered":"\n<h1>\n\t\tEVENT MANAGER\n\t<\/h1>\n\t<p>Estimado Farmaceutico,<\/p>\n<p>Benvenido a <strong>GOOGLE I FACEBOOK EVENT MANAGER&nbsp;<\/strong> en colaboracion con Vital Plus Active Espa\u00f1a (Liburnia SL &#8211; Valencia).<\/p>\n\t<p>A continuaci\u00f3n se muestran las partes que deben copiarse en Google My Business o Facebook Events:<\/p>\n<ol>\n<li>Caja del t\u00edtulo del evento: Copiar y pegar en el t\u00edtulo del evento<\/li>\n<li>Detalles del evento: Copiar y pegar en la descripci\u00f3n del evento.<\/li>\n<li>Enlace del evento: Copie y pegue en el cuadro de enlace de la reserva.<\/li>\n<\/ol>\n<h2>\n\t\tSCALP EVENT\n\t<\/h2>\n\t<div class=\"eventmanager\">\n\n<a download=\"Scalp Event\" href=\"https:\/\/servicesforpharmacies.com\/wp-content\/uploads\/2022\/08\/sclpSPA2-1.jpg\">\n    <img decoding=\"async\" alt=\"Scalp\" src=\"https:\/\/servicesforpharmacies.com\/wp-content\/uploads\/2022\/08\/sclpSPA2-1.jpg\">\n<\/a><h4>Event Title:<\/h4><div class=\"kopiranje\"><input type=\"text\" value=\"Revisi\u00f3n Capilar GRATUITA\" id=\"ctitlec\">\n    <button id=\"ctitle\" onclick=\"kopiraj(this.id)\"><i class=\"fas fa-solid fa-copy\"><\/i><\/button><\/div>\n    <h4>Event Details:<\/h4><div class=\"kopiranje\">\n    <textarea rows=\"10\"  type=\"text\" id=\"txtc\">\ud83d\udd34 PICOR &#8211; GRASA\n\ud83d\udd34 CASPA &#8211; CA\u00cdDA DEL CABELLO\nConsulta gratuita en la farmacia:\n\ud83c\udfa5\ud83d\udd0d Revisi\u00f3n Capilar GRATIS\n\u27a1\ufe0f Asesoramiento para problemas del cuero cabelludo y del cabello\n\u27a1\ufe0f El chequeo se realiza en nuestras farmacias asociadas\nEl chequeo es con cita previa. Para m\u00e1s informaci\u00f3n, haga clic en el enlace:\nhttps:\/\/servicesforpharmacies.com\/es\/scalp\/farmacia-farmacia-de-la-cierva\/&#10;&#10;Cabello, Problemas capilares, Ca\u00edda del cabello, Afinamiento del cabello, Cabello graso, Cabello seco, Picor en el cuero cabelludo, Cuero cabelludo irritado, Caspa, Dermatitis seborreica, Dermatitis psicosom\u00e1tica<\/textarea>\n    <button id=\"txt\" onclick=\"kopiraj(this.id)\"><i class=\"fas fa-solid fa-copy\"><\/i><\/button><\/div>\n    <h4>Event Link:<\/h4><div class=\"kopiranje linkscalp\">\n    <input type=\"text\" value=\"#\" id=\"linkc\">\n    <button id=\"link\" onclick=\"kopiraj(this.id)\"><i class=\"fas fa-solid fa-copy\"><\/i><\/button><\/div><\/div>\n    <script>\n    \n    function kopiraj(clicked_id) {\n      \/* Get the text field *\/\n    \n      var copyText = document.getElementById(clicked_id+\"c\");\n    \n      \/* Select the text field *\/\n      copyText.select();\n      copyText.setSelectionRange(0, 99999); \/* For mobile devices *\/\n    \n      \/* Copy the text inside the text field *\/\n      navigator.clipboard.writeText(copyText.value);\n     \n    }\n    <\/script>\n<h2>\n\t\tSKIN EVENT\n\t<\/h2>\n\t<div class=\"eventmanager\">\n\n<a download=\"Skin Event\" href=\"https:\/\/servicesforpharmacies.com\/wp-content\/uploads\/2022\/08\/OXYADS-UNV.jpg\">\n    <img decoding=\"async\" alt=\"Skin\" src=\"https:\/\/servicesforpharmacies.com\/wp-content\/uploads\/2022\/08\/OXYADS-UNV.jpg\">\n<\/a><h4>Event Title:<\/h4><div class=\"kopiranje\"><input type=\"text\" value=\"Dermo masaje con ox\u00edgeno GRATUITO\" id=\"stitlec\">\n    <button id=\"stitle\" onclick=\"kopirajskin(this.id)\"><i class=\"fas fa-solid fa-copy\"><\/i><\/button><\/div>\n    <h4>Event Details:<\/h4><div class=\"kopiranje\">\n    <textarea rows=\"10\" type=\"text\" id=\"stxtc\">\ud83d\udd34 PIELES GRASAS, MIXTAS, SECAS O MADURAS\n\ud83d\udd34 CUPEROSIS O PIEL SENSIBLE\nConsulta gratuita en la farmacia:\n\ud83c\udfa5\ud83d\udd0d Revisi\u00f3n de la piel GRATIS con dermoviser\n\u27a1\ufe0f Consejos sobre problemas de la piel\n\u27a1\ufe0f Masaje cut\u00e1neo oxy gratuito con aplicaci\u00f3n de \u00e1cido hialur\u00f3nico\nEl chequeo es con cita previa. Para m\u00e1s informaci\u00f3n, haga clic en el enlace:\nhttps:\/\/servicesforpharmacies.com\/es\/skin\/farmacia-ramon-sanchez-rubio_\/&#10;&#10;Pieles grasas; pieles secas; pieles mixtas; pieles sensibles; problemas cut\u00e1neos; masaje facial; tratamiento facial; <\/textarea>\n    <button id=\"stxt\" onclick=\"kopirajskin(this.id)\"><i class=\"fas fa-solid fa-copy\"><\/i><\/button><\/div>\n    <h4>Event Link:<\/h4><div class=\"kopiranje linkskin\">\n    <input type=\"text\" value=\"#\" id=\"slinkc\">\n    <button id=\"slink\" onclick=\"kopirajskin(this.id)\"><i class=\"fas fa-solid fa-copy\"><\/i><\/button><\/div><\/div>\n    <script>\n    \n    function kopirajskin(clicked_id) {\n      \/* Get the text field *\/\n    \n      var copyText = document.getElementById(clicked_id+\"c\");\n    \n      \/* Select the text field *\/\n      copyText.select();\n      copyText.setSelectionRange(0, 99999); \/* For mobile devices *\/\n    \n      \/* Copy the text inside the text field *\/\n      navigator.clipboard.writeText(copyText.value);\n     \n    }\n    <\/script>\n","protected":false},"excerpt":{"rendered":"","protected":false},"author":1,"featured_media":0,"parent":0,"menu_order":0,"comment_status":"closed","ping_status":"closed","template":"tpl-event-manager.php","meta":{"_acf_changed":false,"footnotes":""},"class_list":["post-247095","page","type-page","status-publish","hentry"],"acf":[],"yoast_head":"<!-- This site is optimized with the Yoast SEO Premium plugin v22.9 (Yoast SEO v27.0) - https:\/\/yoast.com\/product\/yoast-seo-premium-wordpress\/ -->\n<title>Event Manager | Services for pharmacies<\/title>\n<meta name=\"robots\" content=\"index, follow, max-snippet:-1, max-image-preview:large, max-video-preview:-1\" \/>\n<link rel=\"canonical\" href=\"https:\/\/servicesforpharmacies.com\/es\/event-manager\/\" \/>\n<meta property=\"og:locale\" content=\"es_ES\" \/>\n<meta property=\"og:type\" content=\"article\" \/>\n<meta property=\"og:title\" content=\"Event Manager\" \/>\n<meta property=\"og:description\" content=\"EVENT MANAGER Estimado Farmaceutico, Benvenido a GOOGLE I FACEBOOK EVENT MANAGER&nbsp; en colaboracion con Vital Plus Active Espa\u00f1a (Liburnia SL &#8211; Valencia). A continuaci\u00f3n se muestran las partes que deben copiarse en Google My Business o Facebook Events: Caja del t\u00edtulo del evento: Copiar y pegar en el t\u00edtulo del evento Detalles del evento: Copiar&hellip;\" \/>\n<meta property=\"og:url\" content=\"https:\/\/servicesforpharmacies.com\/es\/event-manager\/\" \/>\n<meta property=\"og:site_name\" content=\"Services for pharmacies\" \/>\n<meta property=\"article:modified_time\" content=\"2023-05-26T08:14:45+00:00\" \/>\n<meta name=\"twitter:card\" content=\"summary_large_image\" \/>\n<script type=\"application\/ld+json\" class=\"yoast-schema-graph\">{\"@context\":\"https:\/\/schema.org\",\"@graph\":[{\"@type\":\"WebPage\",\"@id\":\"https:\/\/servicesforpharmacies.com\/es\/event-manager\/\",\"url\":\"https:\/\/servicesforpharmacies.com\/es\/event-manager\/\",\"name\":\"Event Manager | Services for pharmacies\",\"isPartOf\":{\"@id\":\"https:\/\/servicesforpharmacies.com\/#website\"},\"datePublished\":\"2022-08-25T22:56:33+00:00\",\"dateModified\":\"2023-05-26T08:14:45+00:00\",\"breadcrumb\":{\"@id\":\"https:\/\/servicesforpharmacies.com\/es\/event-manager\/#breadcrumb\"},\"inLanguage\":\"es\",\"potentialAction\":[{\"@type\":\"ReadAction\",\"target\":[\"https:\/\/servicesforpharmacies.com\/es\/event-manager\/\"]}]},{\"@type\":\"BreadcrumbList\",\"@id\":\"https:\/\/servicesforpharmacies.com\/es\/event-manager\/#breadcrumb\",\"itemListElement\":[{\"@type\":\"ListItem\",\"position\":1,\"name\":\"Home\",\"item\":\"https:\/\/servicesforpharmacies.com\/es\/\"},{\"@type\":\"ListItem\",\"position\":2,\"name\":\"Event Manager\"}]},{\"@type\":\"WebSite\",\"@id\":\"https:\/\/servicesforpharmacies.com\/#website\",\"url\":\"https:\/\/servicesforpharmacies.com\/\",\"name\":\"Services for pharmacies\",\"description\":\"\",\"publisher\":{\"@id\":\"https:\/\/servicesforpharmacies.com\/#organization\"},\"potentialAction\":[{\"@type\":\"SearchAction\",\"target\":{\"@type\":\"EntryPoint\",\"urlTemplate\":\"https:\/\/servicesforpharmacies.com\/?s={search_term_string}\"},\"query-input\":{\"@type\":\"PropertyValueSpecification\",\"valueRequired\":true,\"valueName\":\"search_term_string\"}}],\"inLanguage\":\"es\"},{\"@type\":\"Organization\",\"@id\":\"https:\/\/servicesforpharmacies.com\/#organization\",\"name\":\"VitalPlusActive Group Ltd\",\"url\":\"https:\/\/servicesforpharmacies.com\/\",\"logo\":{\"@type\":\"ImageObject\",\"inLanguage\":\"es\",\"@id\":\"https:\/\/servicesforpharmacies.com\/#\/schema\/logo\/image\/\",\"url\":\"https:\/\/servicesforpharmacies.com\/wp-content\/uploads\/2020\/07\/logo-eng.jpg\",\"contentUrl\":\"https:\/\/servicesforpharmacies.com\/wp-content\/uploads\/2020\/07\/logo-eng.jpg\",\"width\":398,\"height\":90,\"caption\":\"VitalPlusActive Group Ltd\"},\"image\":{\"@id\":\"https:\/\/servicesforpharmacies.com\/#\/schema\/logo\/image\/\"}}]}<\/script>\n<!-- \/ Yoast SEO Premium plugin. -->","yoast_head_json":{"title":"Event Manager | Services for pharmacies","robots":{"index":"index","follow":"follow","max-snippet":"max-snippet:-1","max-image-preview":"max-image-preview:large","max-video-preview":"max-video-preview:-1"},"canonical":"https:\/\/servicesforpharmacies.com\/es\/event-manager\/","og_locale":"es_ES","og_type":"article","og_title":"Event Manager","og_description":"EVENT MANAGER Estimado Farmaceutico, Benvenido a GOOGLE I FACEBOOK EVENT MANAGER&nbsp; en colaboracion con Vital Plus Active Espa\u00f1a (Liburnia SL &#8211; Valencia). A continuaci\u00f3n se muestran las partes que deben copiarse en Google My Business o Facebook Events: Caja del t\u00edtulo del evento: Copiar y pegar en el t\u00edtulo del evento Detalles del evento: Copiar&hellip;","og_url":"https:\/\/servicesforpharmacies.com\/es\/event-manager\/","og_site_name":"Services for pharmacies","article_modified_time":"2023-05-26T08:14:45+00:00","twitter_card":"summary_large_image","schema":{"@context":"https:\/\/schema.org","@graph":[{"@type":"WebPage","@id":"https:\/\/servicesforpharmacies.com\/es\/event-manager\/","url":"https:\/\/servicesforpharmacies.com\/es\/event-manager\/","name":"Event Manager | Services for pharmacies","isPartOf":{"@id":"https:\/\/servicesforpharmacies.com\/#website"},"datePublished":"2022-08-25T22:56:33+00:00","dateModified":"2023-05-26T08:14:45+00:00","breadcrumb":{"@id":"https:\/\/servicesforpharmacies.com\/es\/event-manager\/#breadcrumb"},"inLanguage":"es","potentialAction":[{"@type":"ReadAction","target":["https:\/\/servicesforpharmacies.com\/es\/event-manager\/"]}]},{"@type":"BreadcrumbList","@id":"https:\/\/servicesforpharmacies.com\/es\/event-manager\/#breadcrumb","itemListElement":[{"@type":"ListItem","position":1,"name":"Home","item":"https:\/\/servicesforpharmacies.com\/es\/"},{"@type":"ListItem","position":2,"name":"Event Manager"}]},{"@type":"WebSite","@id":"https:\/\/servicesforpharmacies.com\/#website","url":"https:\/\/servicesforpharmacies.com\/","name":"Services for pharmacies","description":"","publisher":{"@id":"https:\/\/servicesforpharmacies.com\/#organization"},"potentialAction":[{"@type":"SearchAction","target":{"@type":"EntryPoint","urlTemplate":"https:\/\/servicesforpharmacies.com\/?s={search_term_string}"},"query-input":{"@type":"PropertyValueSpecification","valueRequired":true,"valueName":"search_term_string"}}],"inLanguage":"es"},{"@type":"Organization","@id":"https:\/\/servicesforpharmacies.com\/#organization","name":"VitalPlusActive Group Ltd","url":"https:\/\/servicesforpharmacies.com\/","logo":{"@type":"ImageObject","inLanguage":"es","@id":"https:\/\/servicesforpharmacies.com\/#\/schema\/logo\/image\/","url":"https:\/\/servicesforpharmacies.com\/wp-content\/uploads\/2020\/07\/logo-eng.jpg","contentUrl":"https:\/\/servicesforpharmacies.com\/wp-content\/uploads\/2020\/07\/logo-eng.jpg","width":398,"height":90,"caption":"VitalPlusActive Group Ltd"},"image":{"@id":"https:\/\/servicesforpharmacies.com\/#\/schema\/logo\/image\/"}}]}},"_links":{"self":[{"href":"https:\/\/servicesforpharmacies.com\/es\/wp-json\/wp\/v2\/pages\/247095","targetHints":{"allow":["GET"]}}],"collection":[{"href":"https:\/\/servicesforpharmacies.com\/es\/wp-json\/wp\/v2\/pages"}],"about":[{"href":"https:\/\/servicesforpharmacies.com\/es\/wp-json\/wp\/v2\/types\/page"}],"author":[{"embeddable":true,"href":"https:\/\/servicesforpharmacies.com\/es\/wp-json\/wp\/v2\/users\/1"}],"replies":[{"embeddable":true,"href":"https:\/\/servicesforpharmacies.com\/es\/wp-json\/wp\/v2\/comments?post=247095"}],"version-history":[{"count":0,"href":"https:\/\/servicesforpharmacies.com\/es\/wp-json\/wp\/v2\/pages\/247095\/revisions"}],"wp:attachment":[{"href":"https:\/\/servicesforpharmacies.com\/es\/wp-json\/wp\/v2\/media?parent=247095"}],"curies":[{"name":"wp","href":"https:\/\/api.w.org\/{rel}","templated":true}]}}