{"id":17251,"date":"2020-09-18T08:42:28","date_gmt":"2020-09-18T08:42:28","guid":{"rendered":"http:\/\/servicesforpharmacies.com\/?page_id=17251"},"modified":"2021-05-21T10:21:43","modified_gmt":"2021-05-21T10:21:43","slug":"oxigeno","status":"publish","type":"page","link":"https:\/\/servicesforpharmacies.com\/es\/oxigeno\/","title":{"rendered":"Ox\u00edgeno"},"content":{"rendered":"\n<h1>\n\t\tEL DERMOMASAJE CON OX\u00cdGENO\n\t<\/h1>\n\t<p><strong>El Dermomasaje con Ox\u00edgeno introduce una alta cantidad de ox\u00edgeno puro en la piel y permite reactivar la producci\u00f3n de sus c\u00e9lulas.<\/strong> Es un tratamiento no s\u00f3lo efectivo, sino simple, indoloro, agradable y relajante.<\/p>\n<p>Con el paso de los a\u00f1os, los tejidos de la piel sufren una p\u00e9rdida progresiva de ox\u00edgeno y tienden a adquirir un color m\u00e1s opaco, a perder su tono y elasticidad, con la consiguiente falta de consistencia y aumento de la flacidez cut\u00e1nea.<\/p>\n<h2>\n\t\t\u00bfC\u00d3MO BENEFICIA A MI PIEL? \n\t<\/h2>\n\t<p><strong>El Ox\u00edgeno es capaz de revitalizar las c\u00e9lulas de todas las capas de la epidermis<\/strong>, adem\u00e1s de eliminar las toxinas acumuladas que son las causantes de una tez oscura y opaca. Mejora la microcirculaci\u00f3n cut\u00e1nea y el metabolismo celular y favorece de forma natural la producci\u00f3n de col\u00e1geno y elastina de los fibroblastos.<\/p>\n<h2>\n\t\t\u00bfCU\u00c1LES SON LOS RESULTADOS DEL DERMOMASAJE CON OX\u00cdGENO?\u2003\n\t<\/h2>\n\t<p><strong>Con una sola sesi\u00f3n,<\/strong> ser\u00e1 visible una evoluci\u00f3n positiva de todos los par\u00e1metros morfol\u00f3gicos cut\u00e1neos. La piel se vuelve <strong>m\u00e1s turgente y el\u00e1stica, m\u00e1s compacta y luminosa, m\u00e1s hidratada y tonificada.<\/strong> La expresi\u00f3n del rostro ser\u00e1 m\u00e1s relajada ya que produce un efecto lifting inmediato, eliminando las l\u00edneas finas y reduciendo significativamente las arrugas de expresi\u00f3n.<\/p>\n\t\t\t\t<img decoding=\"async\" src=\"https:\/\/servicesforpharmacies.com\/wp-content\/uploads\/2020\/07\/skin-before.jpg\" alt=\"Kisik prije\" itemprop=\"image\" title=\"skin before\" onerror=\"this.style.display='none'\"  \/>\n\t\t\t\t<img decoding=\"async\" src=\"https:\/\/servicesforpharmacies.com\/wp-content\/uploads\/2020\/07\/skin-after.jpg\" alt=\"Kisik poslije\" itemprop=\"image\" title=\"skin after\" onerror=\"this.style.display='none'\"  \/>\n<h2>\n\t\t\u00bfPARA QUI\u00c9N EST\u00c1 INDICADO EL DERMOMASAJE CON OX\u00cdGENO?\n\t<\/h2>\n<table  data-tablesaw-minimap>\n\t\t<thead>\n\t\t<tr>\n\t\t\t<th id=\"pp-table-col-1\" scope=\"col\" data-tablesaw-sortable-col>TIPO DE PIEL<\/th><th id=\"pp-table-col-2\" scope=\"col\" data-tablesaw-sortable-col>FUNCI\u00d3N<\/th>\t\t<\/tr>\n\t<\/thead>\n\t\t<tbody>\n\t\t<tr><td>Piel mixta, impura, acn\u00e9ica<\/td><td>Tiene una acci\u00f3n astringente y cicatrizante sobre los poros de la piel<\/td><\/tr><tr><td>Piel seca, deshidratada, fina o sensible<\/td><td>Tiene una acci\u00f3n hidrorestitutiva, estimula la producci\u00f3n de col\u00e1geno y elastina<\/td><\/tr><tr><td>Piel desvitalizada, opaca, con l\u00edneas de expresi\u00f3n<\/td><td>Ejerce una acci\u00f3n revitalizante, tonificante, anti-arrugas y desintoxicante<\/td><\/tr>\t<\/tbody>\n<\/table>\n\t\n\t\t\t<p>&#8220;He probado el dermo masaje en la Farmacia y ha sido una grata sorpresa ver el efecto en la piel en solo 15 min. Pru\u00e9balo! Te lo aconsejo!Maria&#8221;<\/p>\t\t\n\t\t\t<p>&#8220;Pensaba que solamente era una promoci\u00f3n de productos en la Farmacia&#8230; pero me sorprendi\u00f3 porque Ana la consultora de la Farmacia es una gran profesional!Maria Jesus&#8221;<\/p>\t\t\n\t\t\t<p>&#8220;La tarde despu\u00e9s del masaje con ox\u00edgeno en la Farmacia tenia una cena con amigos&#8230; me han preguntado que me he hecho a la cara. Es fantastico! Lo aconsejo a todo el mundo!Macarena&#8221;<\/p>\t\t\n<h3>\n\t\tASESORAMIENTO\n\t<\/h3>\n<h3>\n\t\tPERSONAL\n\t<\/h3>\n<h2>\n\t\tGRATUITO\n\t<\/h2>\n<h4>\n\t\tV\u00cdDEO LLAMADA\n\t<\/h4>\n<h4>\n\t\tO\n\t<\/h4>\n<h4>\n\t\tTELEF\u00d3NICA\n\t<\/h4>\n\t\t\t<a href=\"https:\/\/servicesforpharmacies.com\/es\/ox-picker\" target=\"_blank\" role=\"button\" rel=\"noopener\">\n\t\t\t\t\t\t\tReserva ahora &#8230;\n\t\t\t\t\t<\/a>\n\t\t\t\t<a href=\"https:\/\/servicesforpharmacies.com\/es\/\" target=\"_blank\" rel=\"noopener\" itemprop=\"url\">\n\t\t\t\t<img loading=\"lazy\" decoding=\"async\" src=\"https:\/\/servicesforpharmacies.com\/wp-content\/uploads\/2020\/08\/gdja.jpg\" alt=\"Savjetovanje za lice\" itemprop=\"image\" height=\"604\" width=\"640\" title=\"gdja\" onerror=\"this.style.display='none'\"  \/>\n\t\t\t\t<\/a>\n\t    <div id=\"osm_map_69df3ca34752f\" style=\"height: 650px;\"><\/div>\n    <script>\ndocument.addEventListener(\"DOMContentLoaded\", function () {\n    const map = L.map('osm_map_69df3ca34752f').setView([40, -8], 6);\n\n    L.tileLayer('https:\/\/{s}.tile.openstreetmap.org\/{z}\/{x}\/{y}.png', {\n        maxZoom: 19,\n        attribution: '&copy; OpenStreetMap contributors'\n    }).addTo(map);\n\n    fetch(\"https:\/\/servicesforpharmacies.com\/cron\/es-o.php\")\n        .then(response => response.json())\n        .then(results => {\n            if (!results || !results.pharmacies) {\n                console.warn(\"No pharmacies data in response\");\n                return;\n            }\n\n            results.pharmacies.forEach(pharmacy => {\n                if ((pharmacy.scalp || pharmacy.skin) && pharmacy.latitude && pharmacy.longitude) {\n\n                    let name = pharmacy.name\n    .toLowerCase()\n    .replace(\/\\s+\/g, '-')\n    .replace(\/[\u0111\u00f0]\/g, 'd')   \/\/ \u2705 fix \u0110 and \u0111\n    .replace(\/[\u0161]\/g, 's')\n    .replace(\/[\u010d\u0107]\/g, 'c')\n    .replace(\/[\u017e]\/g, 'z')\n    .normalize(\"NFD\")\n    .replace(\/[\\u0300-\\u036f]\/g, \"\")\n    .replace(\/[^a-z0-9-]\/g, '-')\n    .replace(\/^-+|-+$\/g, '')\n    .replace(\/-+\/g, '-');\n\n                    let scalp = pharmacy.scalp ? `<a href=\"\/es\/scalp\/${name}\">SCALP<\/a>` : '';\n                    let skin = pharmacy.skin ? `<a href=\"\/es\/skin\/${name}\">SKIN<\/a>` : '';\n\n                    let content = `\n                        <div style=\"display:flex;flex-direction:row;align-items:center;\">\n                            <img decoding=\"async\" src=\"https:\/\/servicesforpharmacies.com\/wp-content\/uploads\/2020\/08\/mappin.png\" style=\"height:50px;margin:0 10px;\">\n                            <div>\n                                <h4>${pharmacy.name}<\/h4>\n                                ${pharmacy.address}, ${pharmacy.municipality}<br>\n                                ${scalp}<br>${skin}\n                            <\/div>\n                        <\/div>\n                    `;\n\n                    const greenIcon = L.icon({\n    iconUrl: 'https:\/\/raw.githubusercontent.com\/pointhi\/leaflet-color-markers\/master\/img\/marker-icon-green.png',\n    shadowUrl: 'https:\/\/unpkg.com\/leaflet@1.9.4\/dist\/images\/marker-shadow.png',\n    iconSize:     [25, 41],\n    iconAnchor:   [12, 41],\n    popupAnchor:  [1, -34],\n    shadowSize:   [41, 41]\n});\n\nconst marker = L.marker([pharmacy.latitude, pharmacy.longitude], { icon: greenIcon }).addTo(map);\n\n                    marker.bindPopup(content);\n                }\n            });\n        })\n        .catch(error => {\n            console.error(\"Map data fetch failed\", error);\n        });\n});\n<\/script>\n\n    \n\n","protected":false},"excerpt":{"rendered":"<p>EL DERMOMASAJE CON OX\u00cdGENO El Dermomasaje con Ox\u00edgeno introduce una alta cantidad de ox\u00edgeno puro en la piel y permite reactivar la producci\u00f3n de sus c\u00e9lulas. Es un tratamiento no s\u00f3lo efectivo, sino simple, indoloro, agradable y relajante. Con el paso de los a\u00f1os, los tejidos de la piel sufren una p\u00e9rdida progresiva de ox\u00edgeno&hellip;<\/p>\n","protected":false},"author":1,"featured_media":573,"parent":0,"menu_order":0,"comment_status":"closed","ping_status":"closed","template":"","meta":{"_acf_changed":false,"footnotes":""},"class_list":["post-17251","page","type-page","status-publish","has-post-thumbnail","hentry"],"acf":[],"yoast_head":"<!-- This site is optimized with the Yoast SEO Premium plugin v22.9 (Yoast SEO v27.0) - https:\/\/yoast.com\/product\/yoast-seo-premium-wordpress\/ -->\n<title>OX\u00cdGENO Reserva on-line un dermomasaje GRATIS en Farmacia<\/title>\n<meta name=\"description\" content=\"Reserva on-line en tu Farmacia m\u00e1s cercana un dermo masaje con OX\u00cdGENO con una Dermoconsultora especializada. Es f\u00e1cil y GRATIS.\" \/>\n<meta name=\"robots\" content=\"index, follow, max-snippet:-1, max-image-preview:large, max-video-preview:-1\" \/>\n<link rel=\"canonical\" href=\"https:\/\/servicesforpharmacies.com\/es\/oxigeno\/\" \/>\n<meta property=\"og:locale\" content=\"es_ES\" \/>\n<meta property=\"og:type\" content=\"article\" \/>\n<meta property=\"og:title\" content=\"Ox\u00edgeno\" \/>\n<meta property=\"og:description\" content=\"Reserva on-line en tu Farmacia m\u00e1s cercana un dermo masaje con OX\u00cdGENO con una Dermoconsultora especializada. Es f\u00e1cil y GRATIS.\" \/>\n<meta property=\"og:url\" content=\"https:\/\/servicesforpharmacies.com\/es\/oxigeno\/\" \/>\n<meta property=\"og:site_name\" content=\"Services for pharmacies\" \/>\n<meta property=\"article:modified_time\" content=\"2021-05-21T10:21:43+00:00\" \/>\n<meta property=\"og:image\" content=\"https:\/\/servicesforpharmacies.com\/wp-content\/uploads\/2020\/08\/OXY-D.jpg\" \/>\n\t<meta property=\"og:image:width\" content=\"1920\" \/>\n\t<meta property=\"og:image:height\" content=\"1080\" \/>\n\t<meta property=\"og:image:type\" content=\"image\/jpeg\" \/>\n<meta name=\"twitter:card\" content=\"summary_large_image\" \/>\n<meta name=\"twitter:label1\" content=\"Tiempo de lectura\" \/>\n\t<meta name=\"twitter:data1\" content=\"2 minutos\" \/>\n<script type=\"application\/ld+json\" class=\"yoast-schema-graph\">{\"@context\":\"https:\/\/schema.org\",\"@graph\":[{\"@type\":\"WebPage\",\"@id\":\"https:\/\/servicesforpharmacies.com\/es\/oxigeno\/\",\"url\":\"https:\/\/servicesforpharmacies.com\/es\/oxigeno\/\",\"name\":\"OX\u00cdGENO Reserva on-line un dermomasaje GRATIS en Farmacia\",\"isPartOf\":{\"@id\":\"https:\/\/servicesforpharmacies.com\/es\/#website\"},\"primaryImageOfPage\":{\"@id\":\"https:\/\/servicesforpharmacies.com\/es\/oxigeno\/#primaryimage\"},\"image\":{\"@id\":\"https:\/\/servicesforpharmacies.com\/es\/oxigeno\/#primaryimage\"},\"thumbnailUrl\":\"https:\/\/servicesforpharmacies.com\/wp-content\/uploads\/2020\/08\/OXY-D.jpg\",\"datePublished\":\"2020-09-18T08:42:28+00:00\",\"dateModified\":\"2021-05-21T10:21:43+00:00\",\"description\":\"Reserva on-line en tu Farmacia m\u00e1s cercana un dermo masaje con OX\u00cdGENO con una Dermoconsultora especializada. Es f\u00e1cil y GRATIS.\",\"breadcrumb\":{\"@id\":\"https:\/\/servicesforpharmacies.com\/es\/oxigeno\/#breadcrumb\"},\"inLanguage\":\"es\",\"potentialAction\":[{\"@type\":\"ReadAction\",\"target\":[\"https:\/\/servicesforpharmacies.com\/es\/oxigeno\/\"]}]},{\"@type\":\"ImageObject\",\"inLanguage\":\"es\",\"@id\":\"https:\/\/servicesforpharmacies.com\/es\/oxigeno\/#primaryimage\",\"url\":\"https:\/\/servicesforpharmacies.com\/wp-content\/uploads\/2020\/08\/OXY-D.jpg\",\"contentUrl\":\"https:\/\/servicesforpharmacies.com\/wp-content\/uploads\/2020\/08\/OXY-D.jpg\",\"width\":1920,\"height\":1080,\"caption\":\"Ox\u00edgeno\"},{\"@type\":\"BreadcrumbList\",\"@id\":\"https:\/\/servicesforpharmacies.com\/es\/oxigeno\/#breadcrumb\",\"itemListElement\":[{\"@type\":\"ListItem\",\"position\":1,\"name\":\"Home\",\"item\":\"https:\/\/servicesforpharmacies.com\/es\/\"},{\"@type\":\"ListItem\",\"position\":2,\"name\":\"Ox\u00edgeno\"}]},{\"@type\":\"WebSite\",\"@id\":\"https:\/\/servicesforpharmacies.com\/es\/#website\",\"url\":\"https:\/\/servicesforpharmacies.com\/es\/\",\"name\":\"Services for pharmacies\",\"description\":\"\",\"publisher\":{\"@id\":\"https:\/\/servicesforpharmacies.com\/es\/#organization\"},\"potentialAction\":[{\"@type\":\"SearchAction\",\"target\":{\"@type\":\"EntryPoint\",\"urlTemplate\":\"https:\/\/servicesforpharmacies.com\/es\/?s={search_term_string}\"},\"query-input\":{\"@type\":\"PropertyValueSpecification\",\"valueRequired\":true,\"valueName\":\"search_term_string\"}}],\"inLanguage\":\"es\"},{\"@type\":\"Organization\",\"@id\":\"https:\/\/servicesforpharmacies.com\/es\/#organization\",\"name\":\"VitalPlusActive Group Ltd\",\"url\":\"https:\/\/servicesforpharmacies.com\/es\/\",\"logo\":{\"@type\":\"ImageObject\",\"inLanguage\":\"es\",\"@id\":\"https:\/\/servicesforpharmacies.com\/es\/#\/schema\/logo\/image\/\",\"url\":\"https:\/\/servicesforpharmacies.com\/wp-content\/uploads\/2020\/07\/logo-eng.jpg\",\"contentUrl\":\"https:\/\/servicesforpharmacies.com\/wp-content\/uploads\/2020\/07\/logo-eng.jpg\",\"width\":398,\"height\":90,\"caption\":\"VitalPlusActive Group Ltd\"},\"image\":{\"@id\":\"https:\/\/servicesforpharmacies.com\/es\/#\/schema\/logo\/image\/\"}}]}<\/script>\n<!-- \/ Yoast SEO Premium plugin. -->","yoast_head_json":{"title":"OX\u00cdGENO Reserva on-line un dermomasaje GRATIS en Farmacia","description":"Reserva on-line en tu Farmacia m\u00e1s cercana un dermo masaje con OX\u00cdGENO con una Dermoconsultora especializada. Es f\u00e1cil y GRATIS.","robots":{"index":"index","follow":"follow","max-snippet":"max-snippet:-1","max-image-preview":"max-image-preview:large","max-video-preview":"max-video-preview:-1"},"canonical":"https:\/\/servicesforpharmacies.com\/es\/oxigeno\/","og_locale":"es_ES","og_type":"article","og_title":"Ox\u00edgeno","og_description":"Reserva on-line en tu Farmacia m\u00e1s cercana un dermo masaje con OX\u00cdGENO con una Dermoconsultora especializada. Es f\u00e1cil y GRATIS.","og_url":"https:\/\/servicesforpharmacies.com\/es\/oxigeno\/","og_site_name":"Services for pharmacies","article_modified_time":"2021-05-21T10:21:43+00:00","og_image":[{"width":1920,"height":1080,"url":"https:\/\/servicesforpharmacies.com\/wp-content\/uploads\/2020\/08\/OXY-D.jpg","type":"image\/jpeg"}],"twitter_card":"summary_large_image","twitter_misc":{"Tiempo de lectura":"2 minutos"},"schema":{"@context":"https:\/\/schema.org","@graph":[{"@type":"WebPage","@id":"https:\/\/servicesforpharmacies.com\/es\/oxigeno\/","url":"https:\/\/servicesforpharmacies.com\/es\/oxigeno\/","name":"OX\u00cdGENO Reserva on-line un dermomasaje GRATIS en Farmacia","isPartOf":{"@id":"https:\/\/servicesforpharmacies.com\/es\/#website"},"primaryImageOfPage":{"@id":"https:\/\/servicesforpharmacies.com\/es\/oxigeno\/#primaryimage"},"image":{"@id":"https:\/\/servicesforpharmacies.com\/es\/oxigeno\/#primaryimage"},"thumbnailUrl":"https:\/\/servicesforpharmacies.com\/wp-content\/uploads\/2020\/08\/OXY-D.jpg","datePublished":"2020-09-18T08:42:28+00:00","dateModified":"2021-05-21T10:21:43+00:00","description":"Reserva on-line en tu Farmacia m\u00e1s cercana un dermo masaje con OX\u00cdGENO con una Dermoconsultora especializada. Es f\u00e1cil y GRATIS.","breadcrumb":{"@id":"https:\/\/servicesforpharmacies.com\/es\/oxigeno\/#breadcrumb"},"inLanguage":"es","potentialAction":[{"@type":"ReadAction","target":["https:\/\/servicesforpharmacies.com\/es\/oxigeno\/"]}]},{"@type":"ImageObject","inLanguage":"es","@id":"https:\/\/servicesforpharmacies.com\/es\/oxigeno\/#primaryimage","url":"https:\/\/servicesforpharmacies.com\/wp-content\/uploads\/2020\/08\/OXY-D.jpg","contentUrl":"https:\/\/servicesforpharmacies.com\/wp-content\/uploads\/2020\/08\/OXY-D.jpg","width":1920,"height":1080,"caption":"Ox\u00edgeno"},{"@type":"BreadcrumbList","@id":"https:\/\/servicesforpharmacies.com\/es\/oxigeno\/#breadcrumb","itemListElement":[{"@type":"ListItem","position":1,"name":"Home","item":"https:\/\/servicesforpharmacies.com\/es\/"},{"@type":"ListItem","position":2,"name":"Ox\u00edgeno"}]},{"@type":"WebSite","@id":"https:\/\/servicesforpharmacies.com\/es\/#website","url":"https:\/\/servicesforpharmacies.com\/es\/","name":"Services for pharmacies","description":"","publisher":{"@id":"https:\/\/servicesforpharmacies.com\/es\/#organization"},"potentialAction":[{"@type":"SearchAction","target":{"@type":"EntryPoint","urlTemplate":"https:\/\/servicesforpharmacies.com\/es\/?s={search_term_string}"},"query-input":{"@type":"PropertyValueSpecification","valueRequired":true,"valueName":"search_term_string"}}],"inLanguage":"es"},{"@type":"Organization","@id":"https:\/\/servicesforpharmacies.com\/es\/#organization","name":"VitalPlusActive Group Ltd","url":"https:\/\/servicesforpharmacies.com\/es\/","logo":{"@type":"ImageObject","inLanguage":"es","@id":"https:\/\/servicesforpharmacies.com\/es\/#\/schema\/logo\/image\/","url":"https:\/\/servicesforpharmacies.com\/wp-content\/uploads\/2020\/07\/logo-eng.jpg","contentUrl":"https:\/\/servicesforpharmacies.com\/wp-content\/uploads\/2020\/07\/logo-eng.jpg","width":398,"height":90,"caption":"VitalPlusActive Group Ltd"},"image":{"@id":"https:\/\/servicesforpharmacies.com\/es\/#\/schema\/logo\/image\/"}}]}},"_links":{"self":[{"href":"https:\/\/servicesforpharmacies.com\/es\/wp-json\/wp\/v2\/pages\/17251","targetHints":{"allow":["GET"]}}],"collection":[{"href":"https:\/\/servicesforpharmacies.com\/es\/wp-json\/wp\/v2\/pages"}],"about":[{"href":"https:\/\/servicesforpharmacies.com\/es\/wp-json\/wp\/v2\/types\/page"}],"author":[{"embeddable":true,"href":"https:\/\/servicesforpharmacies.com\/es\/wp-json\/wp\/v2\/users\/1"}],"replies":[{"embeddable":true,"href":"https:\/\/servicesforpharmacies.com\/es\/wp-json\/wp\/v2\/comments?post=17251"}],"version-history":[{"count":0,"href":"https:\/\/servicesforpharmacies.com\/es\/wp-json\/wp\/v2\/pages\/17251\/revisions"}],"wp:featuredmedia":[{"embeddable":true,"href":"https:\/\/servicesforpharmacies.com\/es\/wp-json\/wp\/v2\/media\/573"}],"wp:attachment":[{"href":"https:\/\/servicesforpharmacies.com\/es\/wp-json\/wp\/v2\/media?parent=17251"}],"curies":[{"name":"wp","href":"https:\/\/api.w.org\/{rel}","templated":true}]}}