{"id":501,"date":"2020-08-05T17:47:46","date_gmt":"2020-08-05T17:47:46","guid":{"rendered":"http:\/\/servicesforpharmacies.com\/?page_id=501"},"modified":"2022-08-16T08:03:47","modified_gmt":"2022-08-16T08:03:47","slug":"haarprobleme","status":"publish","type":"page","link":"https:\/\/servicesforpharmacies.com\/de\/","title":{"rendered":"Haarprobleme"},"content":{"rendered":"\n\n\t\t\t\t<img decoding=\"async\" src=\"https:\/\/servicesforpharmacies.com\/wp-content\/uploads\/2020\/09\/prurito.jpg\" alt=\"prurito\" itemprop=\"image\" title=\"prurito\" onerror=\"this.style.display='none'\"  \/>\n\t\t\t<a href=\"#\" target=\"_self\" role=\"button\" rel=\"noopener\">\n\t\t\t\t\t\t\tJuckreiz\n\t\t\t\t\t<\/a>\n\t\t\t\t<img decoding=\"async\" src=\"https:\/\/servicesforpharmacies.com\/wp-content\/uploads\/2020\/09\/forfora.jpg\" alt=\"Perut\" itemprop=\"image\" title=\"forfora\" onerror=\"this.style.display='none'\"  \/>\n\t\t\t<a href=\"#\" target=\"_self\" role=\"button\" rel=\"noopener\">\n\t\t\t\t\t\t\tSchuppen\n\t\t\t\t\t<\/a>\n\t\t\t\t<img decoding=\"async\" src=\"https:\/\/servicesforpharmacies.com\/wp-content\/uploads\/2020\/09\/caduta.jpg\" alt=\"Problemi s kosom\" itemprop=\"image\" title=\"Problemi s kosom\" onerror=\"this.style.display='none'\"  \/>\n\t\t\t<a href=\"#\" target=\"_self\" role=\"button\" rel=\"noopener\">\n\t\t\t\t\t\t\thaarausfall\n\t\t\t\t\t<\/a>\n\t\t\t\t<img decoding=\"async\" src=\"https:\/\/servicesforpharmacies.com\/wp-content\/uploads\/2020\/09\/grasso.jpg\" alt=\"Masna kosa\" itemprop=\"image\" title=\"grasso\" onerror=\"this.style.display='none'\"  \/>\n\t\t\t<a href=\"#\" target=\"_self\" role=\"button\" rel=\"noopener\">\n\t\t\t\t\t\t\tfettiges haar\n\t\t\t\t\t<\/a>\n<h1>\n\t\t DE HAARPROBLEME?\n\t<\/h1>\n\t\n\t<p>Ich habe fettiges Haar und muss es jeden Tag waschen &#8230;<\/p>\n<p>Ich habe trockenes und strapaziertes Haar. Um eine sch\u00f6ne Frisur zu haben, muss ich zum Friseur gehen &#8230;<\/p>\n<p>Ich habe zu d\u00fcnnes Haar und deshalb muss ich Produkte f\u00fcr mehr Volumen verwenden &#8230;<\/p>\n<p>Meine Haare wachsen nicht mehr so wie fr\u00fcher &#8230;<\/p>\n<p>Mit zunehmendem Alter habe ich immer weniger Haare &#8230;<\/p>\n\t\n<h2>\n\t\tDIE DIENSTLEISTUNG IN DER APOTHEKE\n\t<\/h2>\n\t\t\t<a href=\"\" target=\"_self\" role=\"button\" rel=\"noopener\">\n\t\t\t\t\t\t\tSTRESS\n\t\t\t\t\t<\/a>\n\t\t\t<a href=\"\" target=\"_self\" role=\"button\" rel=\"noopener\">\n\t\t\t\t\t\t\tGESUNDHEITSPROBLEME \n\t\t\t\t\t<\/a>\n\t\t\t<a href=\"\" target=\"_self\" role=\"button\" rel=\"noopener\">\n\t\t\t\t\t\t\tHYGIENE \n\t\t\t\t\t<\/a>\n\t\t\t<a href=\"\" target=\"_self\" role=\"button\" rel=\"noopener\">\n\t\t\t\t\t\t\tERN\u00c4HRUNG\n\t\t\t\t\t<\/a>\n\t\n<h2>\n\t\tDIE PILOSEBACEALE EINHEIT DER KOPFHAUT\n\t<\/h2>\n\t\t\t\t<img decoding=\"async\" src=\"https:\/\/servicesforpharmacies.com\/wp-content\/uploads\/2020\/07\/pilosebgray.jpeg\" alt=\"Pilosebacealna jedinica vlasi\u0161ta\" itemprop=\"image\" title=\"pilosebgray\" onerror=\"this.style.display='none'\"  \/>\n\t<p>Damit die Pilosebacealen-Einheiten gut funktionieren, gibt es vier Voraussetzungen:<\/p>\n<p>&nbsp;<\/p>\n<ol>\n<li><strong>EINE GUTE SAUERSTOFFANREICHERUNG IN DER KOPFHAUT<\/strong><\/li>\n<li><strong>EINE AUSGEGLICHENE BAKTERIENFLORA<\/strong><\/li>\n<li><strong>EINE AUSGEWOGENE FUNKTION DER TALGDR\u00dcSEN<\/strong><\/li>\n<li><strong>EINE GUTE HAARERN\u00c4HRUNG<\/strong><\/li>\n<\/ol>\n\n\n<h2>\n\t\tDER VORBEUGENDE CHECK-UP DER PILOSEBACEALEN-EINHEITEN DER KOPFHAUT\n\t<\/h2>\n\t\t\t\t<img decoding=\"async\" src=\"https:\/\/servicesforpharmacies.com\/wp-content\/uploads\/2020\/07\/piloseb-num.png\" alt=\"Prevenitivni pregled pilosebacealnih jedinica vlasi\u0161ta\" itemprop=\"image\" title=\"piloseb num\" onerror=\"this.style.display='none'\"  \/>\n\t\n\t\t\t\t<img decoding=\"async\" src=\"https:\/\/servicesforpharmacies.com\/wp-content\/uploads\/2020\/07\/piloseb-num1.png\" alt=\"pilosebacealni ulazi\" itemprop=\"image\" title=\"piloseb num1\" onerror=\"this.style.display='none'\"  \/>\n\t<p><strong>Erfolgt eine korrekte Hygiene der Kopfhaut und sind die Pilosebacealen-Eing\u00e4nge frei?<\/strong>\u00a0Nur dann wird das Gewebe ausreichend mit Sauerstoff versorgt, was ein gesundes Nachwachsen der Haare erm\u00f6glicht.<\/p>\n\t\t\t\t<img decoding=\"async\" src=\"https:\/\/servicesforpharmacies.com\/wp-content\/uploads\/2020\/07\/piloseb-num2.png\" alt=\"debljinu vlasi koja raste\" itemprop=\"image\" title=\"piloseb num2\" onerror=\"this.style.display='none'\"  \/>\n\t<p><strong>Nimmt die Haardicke ab?<\/strong> Eine Funktionsst\u00f6rung der Pilosebacealen-Einheiten der Kopfhaut ist die Ursache f\u00fcr d\u00fcnneres und weniger volumin\u00f6ses Haar.<\/p>\n\t\t\t\t<img decoding=\"async\" src=\"https:\/\/servicesforpharmacies.com\/wp-content\/uploads\/2020\/07\/piloseb-num3.png\" alt=\"Prisutnost anomalija na cornealnom sloju epiderme\" itemprop=\"image\" title=\"piloseb num3\" onerror=\"this.style.display='none'\"  \/>\n\t<p><strong>Gibt es Anomalien in der Hornhautschicht der Epidermis?<\/strong> Schuppen, Reizungen oder R\u00f6tungen, manchmal begleitet von Juckreiz, sind h\u00e4ufig das Ergebnis einer St\u00f6rung der Bakterienflora.<\/p>\n\t\t\t\t<img decoding=\"async\" src=\"https:\/\/servicesforpharmacies.com\/wp-content\/uploads\/2020\/07\/piloseb-num4.png\" alt=\"Djelovanje \u017elijezda lojnica\" itemprop=\"image\" title=\"piloseb num4\" onerror=\"this.style.display='none'\"  \/>\n\t<p><strong>Wie arbeiten die Talgdr\u00fcsen?<\/strong> Produzieren sie \u00fcberm\u00e4\u00dfig viel Fett auf Haut, Haaren und Follikeln?<\/p>\n\t\t\t\t<img decoding=\"async\" src=\"https:\/\/servicesforpharmacies.com\/wp-content\/uploads\/2020\/07\/piloseb-num5.png\" alt=\"Oblik bulbusa (korijena)\" itemprop=\"image\" title=\"piloseb num5\" onerror=\"this.style.display='none'\"  \/>\n\t<p><strong>Wir untersuchen die Wurzel-Form:<\/strong> Durch Extrahieren mehrerer Haare k\u00f6nnen wir deren ordnungsgem\u00e4\u00dfe Regeneration und deren Lebenszyklus beurteilen.<\/p>\n\t\t\t\t<img decoding=\"async\" src=\"https:\/\/servicesforpharmacies.com\/wp-content\/uploads\/2020\/07\/piloseb-num6.png\" alt=\"Pravilno hranjenje korijena kose\" itemprop=\"image\" title=\"piloseb num6\" onerror=\"this.style.display='none'\"  \/>\n\t<p><strong>Wir \u00fcberpr\u00fcfen die richtige Ern\u00e4hrung der Haarwurzeln:<\/strong> Wir beurteilen, ob die Haarwurzel \u00fcber die Kapillaren ausreichend mit N\u00e4hrstoffen versorgt wird.<\/p>\n<h2>\n\t\tWEM WIRD DAS CHECK-UP EMPFOHLEN?\n\t<\/h2>\n\t<p>ES WIRD EMPFOHLEN IM FALLE VON:<\/p>\n<p>&nbsp;<\/p>\n\n<p>&nbsp;<\/p>\nDER CHECK-UP DER PILOSEBACEALEN &#8211; EINHEITEN DER KOPFHAUT<br \/>\nWir empfehlen allen Kunden, die im Laufe der Jahre eine Ver\u00e4nderung der Haarqualit\u00e4t festgestellt haben, aber auch allen anderen Kunden, zweimal im Jahr als vorbeugende Ma\u00dfnahme im FR\u00dcHLING und HERBST. Bekanntlich verursachen gerade der Klimawandel, die SOMMERHITZE und der WINTERFROST Anomalien in der Kopfhaut und in den Pilosebacealen-Einheiten.\n\t    <div id=\"osm_map_69d0bfcfce607\" style=\"height: 650px;\"><\/div>\n    <script>\ndocument.addEventListener(\"DOMContentLoaded\", function () {\n    const map = L.map('osm_map_69d0bfcfce607').setView([48, 13], 7);\n\n    L.tileLayer('https:\/\/{s}.tile.openstreetmap.org\/{z}\/{x}\/{y}.png', {\n        maxZoom: 19,\n        attribution: '&copy; OpenStreetMap contributors'\n    }).addTo(map);\n\n    fetch(\"https:\/\/servicesforpharmacies.com\/cron\/de-o.php\")\n        .then(response => response.json())\n        .then(results => {\n            if (!results || !results.pharmacies) {\n                console.warn(\"No pharmacies data in response\");\n                return;\n            }\n\n            results.pharmacies.forEach(pharmacy => {\n                if ((pharmacy.scalp || pharmacy.skin) && pharmacy.latitude && pharmacy.longitude) {\n\n                    let name = pharmacy.name\n    .toLowerCase()\n    .replace(\/\\s+\/g, '-')\n    .replace(\/[\u0111\u00f0]\/g, 'd')   \/\/ \u2705 fix \u0110 and \u0111\n    .replace(\/[\u0161]\/g, 's')\n    .replace(\/[\u010d\u0107]\/g, 'c')\n    .replace(\/[\u017e]\/g, 'z')\n    .normalize(\"NFD\")\n    .replace(\/[\\u0300-\\u036f]\/g, \"\")\n    .replace(\/[^a-z0-9-]\/g, '-')\n    .replace(\/^-+|-+$\/g, '')\n    .replace(\/-+\/g, '-');\n\n                    let scalp = pharmacy.scalp ? `<a href=\"\/de\/scalp\/${name}\">SCALP<\/a>` : '';\n                    let skin = pharmacy.skin ? `<a href=\"\/de\/skin\/${name}\">SKIN<\/a>` : '';\n\n                    let content = `\n                        <div style=\"display:flex;flex-direction:row;align-items:center;\">\n                            <img decoding=\"async\" src=\"https:\/\/servicesforpharmacies.com\/wp-content\/uploads\/2020\/08\/mappin.png\" style=\"height:50px;margin:0 10px;\">\n                            <div>\n                                <h4>${pharmacy.name}<\/h4>\n                                ${pharmacy.address}, ${pharmacy.municipality}<br>\n                                ${scalp}<br>${skin}\n                            <\/div>\n                        <\/div>\n                    `;\n\n                    const greenIcon = L.icon({\n    iconUrl: 'https:\/\/raw.githubusercontent.com\/pointhi\/leaflet-color-markers\/master\/img\/marker-icon-green.png',\n    shadowUrl: 'https:\/\/unpkg.com\/leaflet@1.9.4\/dist\/images\/marker-shadow.png',\n    iconSize:     [25, 41],\n    iconAnchor:   [12, 41],\n    popupAnchor:  [1, -34],\n    shadowSize:   [41, 41]\n});\n\nconst marker = L.marker([pharmacy.latitude, pharmacy.longitude], { icon: greenIcon }).addTo(map);\n\n                    marker.bindPopup(content);\n                }\n            });\n        })\n        .catch(error => {\n            console.error(\"Map data fetch failed\", error);\n        });\n});\n<\/script>\n\n    \n\n","protected":false},"excerpt":{"rendered":"<p>Juckreiz Schuppen haarausfall fettiges haar DE HAARPROBLEME? Ich habe fettiges Haar und muss es jeden Tag waschen &#8230; Ich habe trockenes und strapaziertes Haar. Um eine sch\u00f6ne Frisur zu haben, muss ich zum Friseur gehen &#8230; Ich habe zu d\u00fcnnes Haar und deshalb muss ich Produkte f\u00fcr mehr Volumen verwenden &#8230; Meine Haare wachsen nicht&hellip;<\/p>\n","protected":false},"author":1,"featured_media":8701,"parent":0,"menu_order":0,"comment_status":"closed","ping_status":"closed","template":"","meta":{"_acf_changed":false,"footnotes":""},"class_list":["post-501","page","type-page","status-publish","has-post-thumbnail","hentry"],"acf":[],"yoast_head":"<!-- This site is optimized with the Yoast SEO Premium plugin v22.9 (Yoast SEO v27.0) - https:\/\/yoast.com\/product\/yoast-seo-premium-wordpress\/ -->\n<title>Haarprobleme | Services for pharmacies<\/title>\n<meta name=\"robots\" content=\"index, follow, max-snippet:-1, max-image-preview:large, max-video-preview:-1\" \/>\n<link rel=\"canonical\" href=\"https:\/\/servicesforpharmacies.com\/de\/\" \/>\n<meta property=\"og:locale\" content=\"de_DE\" \/>\n<meta property=\"og:type\" content=\"article\" \/>\n<meta property=\"og:title\" content=\"Haarprobleme\" \/>\n<meta property=\"og:description\" content=\"Juckreiz Schuppen haarausfall fettiges haar DE HAARPROBLEME? Ich habe fettiges Haar und muss es jeden Tag waschen &#8230; Ich habe trockenes und strapaziertes Haar. Um eine sch\u00f6ne Frisur zu haben, muss ich zum Friseur gehen &#8230; Ich habe zu d\u00fcnnes Haar und deshalb muss ich Produkte f\u00fcr mehr Volumen verwenden &#8230; Meine Haare wachsen nicht&hellip;\" \/>\n<meta property=\"og:url\" content=\"https:\/\/servicesforpharmacies.com\/de\/\" \/>\n<meta property=\"og:site_name\" content=\"Services for pharmacies\" \/>\n<meta property=\"article:modified_time\" content=\"2022-08-16T08:03:47+00:00\" \/>\n<meta property=\"og:image\" content=\"https:\/\/servicesforpharmacies.com\/wp-content\/uploads\/2020\/09\/caduta.jpg\" \/>\n\t<meta property=\"og:image:width\" content=\"715\" \/>\n\t<meta property=\"og:image:height\" content=\"500\" \/>\n\t<meta property=\"og:image:type\" content=\"image\/jpeg\" \/>\n<meta name=\"twitter:card\" content=\"summary_large_image\" \/>\n<meta name=\"twitter:label1\" content=\"Gesch\u00e4tzte Lesezeit\" \/>\n\t<meta name=\"twitter:data1\" content=\"2\u00a0Minuten\" \/>\n<script type=\"application\/ld+json\" class=\"yoast-schema-graph\">{\"@context\":\"https:\/\/schema.org\",\"@graph\":[{\"@type\":\"WebPage\",\"@id\":\"https:\/\/servicesforpharmacies.com\/de\/\",\"url\":\"https:\/\/servicesforpharmacies.com\/de\/\",\"name\":\"Haarprobleme | Services for pharmacies\",\"isPartOf\":{\"@id\":\"https:\/\/servicesforpharmacies.com\/#website\"},\"primaryImageOfPage\":{\"@id\":\"https:\/\/servicesforpharmacies.com\/de\/#primaryimage\"},\"image\":{\"@id\":\"https:\/\/servicesforpharmacies.com\/de\/#primaryimage\"},\"thumbnailUrl\":\"https:\/\/servicesforpharmacies.com\/wp-content\/uploads\/2020\/09\/caduta.jpg\",\"datePublished\":\"2020-08-05T17:47:46+00:00\",\"dateModified\":\"2022-08-16T08:03:47+00:00\",\"breadcrumb\":{\"@id\":\"https:\/\/servicesforpharmacies.com\/de\/#breadcrumb\"},\"inLanguage\":\"de\",\"potentialAction\":[{\"@type\":\"ReadAction\",\"target\":[\"https:\/\/servicesforpharmacies.com\/de\/\"]}]},{\"@type\":\"ImageObject\",\"inLanguage\":\"de\",\"@id\":\"https:\/\/servicesforpharmacies.com\/de\/#primaryimage\",\"url\":\"https:\/\/servicesforpharmacies.com\/wp-content\/uploads\/2020\/09\/caduta.jpg\",\"contentUrl\":\"https:\/\/servicesforpharmacies.com\/wp-content\/uploads\/2020\/09\/caduta.jpg\",\"width\":715,\"height\":500,\"caption\":\"Problemi s kosom\"},{\"@type\":\"BreadcrumbList\",\"@id\":\"https:\/\/servicesforpharmacies.com\/de\/#breadcrumb\",\"itemListElement\":[{\"@type\":\"ListItem\",\"position\":1,\"name\":\"Home\",\"item\":\"https:\/\/servicesforpharmacies.com\/de\/\"},{\"@type\":\"ListItem\",\"position\":2,\"name\":\"Haarprobleme\"}]},{\"@type\":\"WebSite\",\"@id\":\"https:\/\/servicesforpharmacies.com\/#website\",\"url\":\"https:\/\/servicesforpharmacies.com\/\",\"name\":\"Services for pharmacies\",\"description\":\"\",\"publisher\":{\"@id\":\"https:\/\/servicesforpharmacies.com\/#organization\"},\"potentialAction\":[{\"@type\":\"SearchAction\",\"target\":{\"@type\":\"EntryPoint\",\"urlTemplate\":\"https:\/\/servicesforpharmacies.com\/?s={search_term_string}\"},\"query-input\":{\"@type\":\"PropertyValueSpecification\",\"valueRequired\":true,\"valueName\":\"search_term_string\"}}],\"inLanguage\":\"de\"},{\"@type\":\"Organization\",\"@id\":\"https:\/\/servicesforpharmacies.com\/#organization\",\"name\":\"VitalPlusActive Group Ltd\",\"url\":\"https:\/\/servicesforpharmacies.com\/\",\"logo\":{\"@type\":\"ImageObject\",\"inLanguage\":\"de\",\"@id\":\"https:\/\/servicesforpharmacies.com\/#\/schema\/logo\/image\/\",\"url\":\"https:\/\/servicesforpharmacies.com\/wp-content\/uploads\/2020\/07\/logo-eng.jpg\",\"contentUrl\":\"https:\/\/servicesforpharmacies.com\/wp-content\/uploads\/2020\/07\/logo-eng.jpg\",\"width\":398,\"height\":90,\"caption\":\"VitalPlusActive Group Ltd\"},\"image\":{\"@id\":\"https:\/\/servicesforpharmacies.com\/#\/schema\/logo\/image\/\"}}]}<\/script>\n<!-- \/ Yoast SEO Premium plugin. -->","yoast_head_json":{"title":"Haarprobleme | Services for pharmacies","robots":{"index":"index","follow":"follow","max-snippet":"max-snippet:-1","max-image-preview":"max-image-preview:large","max-video-preview":"max-video-preview:-1"},"canonical":"https:\/\/servicesforpharmacies.com\/de\/","og_locale":"de_DE","og_type":"article","og_title":"Haarprobleme","og_description":"Juckreiz Schuppen haarausfall fettiges haar DE HAARPROBLEME? Ich habe fettiges Haar und muss es jeden Tag waschen &#8230; Ich habe trockenes und strapaziertes Haar. Um eine sch\u00f6ne Frisur zu haben, muss ich zum Friseur gehen &#8230; Ich habe zu d\u00fcnnes Haar und deshalb muss ich Produkte f\u00fcr mehr Volumen verwenden &#8230; Meine Haare wachsen nicht&hellip;","og_url":"https:\/\/servicesforpharmacies.com\/de\/","og_site_name":"Services for pharmacies","article_modified_time":"2022-08-16T08:03:47+00:00","og_image":[{"width":715,"height":500,"url":"https:\/\/servicesforpharmacies.com\/wp-content\/uploads\/2020\/09\/caduta.jpg","type":"image\/jpeg"}],"twitter_card":"summary_large_image","twitter_misc":{"Gesch\u00e4tzte Lesezeit":"2\u00a0Minuten"},"schema":{"@context":"https:\/\/schema.org","@graph":[{"@type":"WebPage","@id":"https:\/\/servicesforpharmacies.com\/de\/","url":"https:\/\/servicesforpharmacies.com\/de\/","name":"Haarprobleme | Services for pharmacies","isPartOf":{"@id":"https:\/\/servicesforpharmacies.com\/#website"},"primaryImageOfPage":{"@id":"https:\/\/servicesforpharmacies.com\/de\/#primaryimage"},"image":{"@id":"https:\/\/servicesforpharmacies.com\/de\/#primaryimage"},"thumbnailUrl":"https:\/\/servicesforpharmacies.com\/wp-content\/uploads\/2020\/09\/caduta.jpg","datePublished":"2020-08-05T17:47:46+00:00","dateModified":"2022-08-16T08:03:47+00:00","breadcrumb":{"@id":"https:\/\/servicesforpharmacies.com\/de\/#breadcrumb"},"inLanguage":"de","potentialAction":[{"@type":"ReadAction","target":["https:\/\/servicesforpharmacies.com\/de\/"]}]},{"@type":"ImageObject","inLanguage":"de","@id":"https:\/\/servicesforpharmacies.com\/de\/#primaryimage","url":"https:\/\/servicesforpharmacies.com\/wp-content\/uploads\/2020\/09\/caduta.jpg","contentUrl":"https:\/\/servicesforpharmacies.com\/wp-content\/uploads\/2020\/09\/caduta.jpg","width":715,"height":500,"caption":"Problemi s kosom"},{"@type":"BreadcrumbList","@id":"https:\/\/servicesforpharmacies.com\/de\/#breadcrumb","itemListElement":[{"@type":"ListItem","position":1,"name":"Home","item":"https:\/\/servicesforpharmacies.com\/de\/"},{"@type":"ListItem","position":2,"name":"Haarprobleme"}]},{"@type":"WebSite","@id":"https:\/\/servicesforpharmacies.com\/#website","url":"https:\/\/servicesforpharmacies.com\/","name":"Services for pharmacies","description":"","publisher":{"@id":"https:\/\/servicesforpharmacies.com\/#organization"},"potentialAction":[{"@type":"SearchAction","target":{"@type":"EntryPoint","urlTemplate":"https:\/\/servicesforpharmacies.com\/?s={search_term_string}"},"query-input":{"@type":"PropertyValueSpecification","valueRequired":true,"valueName":"search_term_string"}}],"inLanguage":"de"},{"@type":"Organization","@id":"https:\/\/servicesforpharmacies.com\/#organization","name":"VitalPlusActive Group Ltd","url":"https:\/\/servicesforpharmacies.com\/","logo":{"@type":"ImageObject","inLanguage":"de","@id":"https:\/\/servicesforpharmacies.com\/#\/schema\/logo\/image\/","url":"https:\/\/servicesforpharmacies.com\/wp-content\/uploads\/2020\/07\/logo-eng.jpg","contentUrl":"https:\/\/servicesforpharmacies.com\/wp-content\/uploads\/2020\/07\/logo-eng.jpg","width":398,"height":90,"caption":"VitalPlusActive Group Ltd"},"image":{"@id":"https:\/\/servicesforpharmacies.com\/#\/schema\/logo\/image\/"}}]}},"_links":{"self":[{"href":"https:\/\/servicesforpharmacies.com\/de\/wp-json\/wp\/v2\/pages\/501","targetHints":{"allow":["GET"]}}],"collection":[{"href":"https:\/\/servicesforpharmacies.com\/de\/wp-json\/wp\/v2\/pages"}],"about":[{"href":"https:\/\/servicesforpharmacies.com\/de\/wp-json\/wp\/v2\/types\/page"}],"author":[{"embeddable":true,"href":"https:\/\/servicesforpharmacies.com\/de\/wp-json\/wp\/v2\/users\/1"}],"replies":[{"embeddable":true,"href":"https:\/\/servicesforpharmacies.com\/de\/wp-json\/wp\/v2\/comments?post=501"}],"version-history":[{"count":0,"href":"https:\/\/servicesforpharmacies.com\/de\/wp-json\/wp\/v2\/pages\/501\/revisions"}],"wp:featuredmedia":[{"embeddable":true,"href":"https:\/\/servicesforpharmacies.com\/de\/wp-json\/wp\/v2\/media\/8701"}],"wp:attachment":[{"href":"https:\/\/servicesforpharmacies.com\/de\/wp-json\/wp\/v2\/media?parent=501"}],"curies":[{"name":"wp","href":"https:\/\/api.w.org\/{rel}","templated":true}]}}