{"id":25400,"date":"2020-07-30T22:04:40","date_gmt":"2020-07-30T22:04:40","guid":{"rendered":"http:\/\/servicesforpharmacies.com\/pocetna\/"},"modified":"2025-09-09T08:48:05","modified_gmt":"2025-09-09T08:48:05","slug":"problemi-sa-kosom","status":"publish","type":"page","link":"https:\/\/servicesforpharmacies.com\/ba\/","title":{"rendered":"Problemi sa kosom"},"content":{"rendered":"\n\n\t\t\t\t<img loading=\"lazy\" decoding=\"async\" src=\"https:\/\/servicesforpharmacies.com\/wp-content\/uploads\/2020\/09\/prurito.jpg\" alt=\"prurito\" itemprop=\"image\" height=\"455\" width=\"650\" title=\"prurito\" onerror=\"this.style.display='none'\"  \/>\n\t\t\t<a href=\"#\" target=\"_self\">\n\t\t\t\t\t\t\tSVRBE\u017d\n\t\t\t\t\t<\/a>\n\t\t\t\t<img loading=\"lazy\" decoding=\"async\" src=\"https:\/\/servicesforpharmacies.com\/wp-content\/uploads\/2020\/09\/forfora.jpg\" alt=\"Perut\" itemprop=\"image\" height=\"455\" width=\"650\" title=\"forfora\" onerror=\"this.style.display='none'\"  \/>\n\t\t\t<a href=\"#\" target=\"_self\">\n\t\t\t\t\t\t\tPRHUT\n\t\t\t\t\t<\/a>\n\t\t\t\t<img loading=\"lazy\" decoding=\"async\" src=\"https:\/\/servicesforpharmacies.com\/wp-content\/uploads\/2020\/09\/caduta.jpg\" alt=\"Problemi s kosom\" itemprop=\"image\" height=\"500\" width=\"715\" title=\"Problemi s kosom\" onerror=\"this.style.display='none'\"  \/>\n\t\t\t<a href=\"#\" target=\"_self\">\n\t\t\t\t\t\t\tISPADANJE\n\t\t\t\t\t<\/a>\n\t\t\t\t<img loading=\"lazy\" decoding=\"async\" src=\"https:\/\/servicesforpharmacies.com\/wp-content\/uploads\/2020\/09\/grasso.jpg\" alt=\"Masna kosa\" itemprop=\"image\" height=\"500\" width=\"715\" title=\"grasso\" onerror=\"this.style.display='none'\"  \/>\n\t\t\t<a href=\"#\" target=\"_self\">\n\t\t\t\t\t\t\tMASNA\n\t\t\t\t\t<\/a>\n<h1>\n\t\tPROBLEMI SA KOSOM?\n\t<\/h1>\n\t<p><strong>Problemi sa kosom: Svakodnevno razgovaramo o tome koriste\u0107i ovakve ili sli\u010dne re\u010denice:<\/strong><\/p>\n\t<p><strong>Imam masnu kosu<\/strong> i moram je prati svaki dan &#8230;<\/p>\n<p><strong>Imam suhu i o\u0161te\u0107enu kosu<\/strong>. Kako bih imala lijepu frizuru moram oti\u0107i frizeru &#8230;<\/p>\n<p><strong>Imam pretanku kosu<\/strong> i zato moram koristiti proizvode za volumen &#8230;<\/p>\n<p><strong>Kosa mi ne raste vi\u0161e<\/strong> kao nekada &#8230;<\/p>\n<p>S godinama <strong>imam sve manje kose<\/strong> &#8230;<\/p>\n\t<p>Sva navedena razmisljanja imaju cilj popraviti estetsko stanje kose. Ali, koliko njih se pita: &#8211; <strong>ZA\u0160TO<\/strong> je moja kosa masna, suha, tanka iii oste\u0107ena? Koji su uzroci? <strong>ZA\u0160TO<\/strong> moja kosa nije vi\u0161e onakva kakva je bila nekada? Da bi odgovorili na sva ta pitanja, nastala je <strong>PREVENTIVNA USLUGA U APOTEKAMA\/LJEKARNAMA<\/strong><\/p>\n<h2>\n\t\tUSLUGA U APOTEKAMA \/LJEKARNAMA\n\t<\/h2>\n\t\t\t<a href=\"\" target=\"_self\">\n\t\t\t\t\t\t\tSTRES\n\t\t\t\t\t<\/a>\n\t\t\t<a href=\"\" target=\"_self\">\n\t\t\t\t\t\t\tZDRAVSTVENI PROBLEMI\n\t\t\t\t\t<\/a>\n\t\t\t<a href=\"\" target=\"_self\">\n\t\t\t\t\t\t\tHIGIJENA\n\t\t\t\t\t<\/a>\n\t\t\t<a href=\"\" target=\"_self\">\n\t\t\t\t\t\t\tPREHRANA\n\t\t\t\t\t<\/a>\n\t<p>Preventivna usluga u APOTEKAMA\/LJEKARNAMA, nastaje detaljnom analizom savremenog na\u010dina \u017eivota. Stres, zdravstveni problemi, nepravilna prehrana i pogre\u0161ne higijenske navike uzrok su za naru\u0161avanje za\u0161titnog djelovanja bakterijske flore epiderme i posljedi\u010dno uti\u010du i na <strong>pravilno djelovanje pilosebacealnih jedinica vlasi\u0161ta.<\/strong><\/p>\n<h2>\n\t\tPILOSEBACEALNA JEDINICA VLASI\u0160TA\n\t<\/h2>\n\t<p>Ako \u017eelimo zadr\u017eati pilosebacealnu jedinicu u funkciji, potrebno je zadovoljiti 4 uslova:<\/p>\n<p>&nbsp;<\/p>\n<ol>\n<li><strong>DOBRA OKSIGENACIJA PREKO KO\u017dE<\/strong><\/li>\n<li><strong>URAVNOTE\u017dENU BAKTERIJSKU FLORU<\/strong><\/li>\n<li><strong>PRAVILNO DJELOVANJE \u017dLIJEZDA LOJNICA<\/strong><\/li>\n<li><strong>PRAVILNO HRANJENJE KORIJENA KOSE<\/strong><\/li>\n<\/ol>\n<p><strong>\u00a0<\/strong><\/p>\n<p>Nau\u010dno je dokazano da nedostatak samo jednog od navedenih uslova s vremenom sigurno dovodi do estetskih problema s kosom. <strong>Kosa postaje tanja, oste\u0107ena, suha ili masna, gubi svoju ja\u010dinu, volumen, ne raste vi\u0161e kao prije i ispada u abnormalnim koli\u010dinama. \u2003<\/strong><\/p>\n<h2>\n\t\tPREVENTIVNI PREGLED PILOSEBACEALNIH JEDINICA VLASI\u0160TA\n\t<\/h2>\n\t\t\t\t<img loading=\"lazy\" decoding=\"async\" src=\"https:\/\/servicesforpharmacies.com\/wp-content\/uploads\/2020\/07\/piloseb-num.png\" alt=\"Prevenitivni pregled pilosebacealnih jedinica vlasi\u0161ta\" itemprop=\"image\" height=\"1222\" width=\"777\" title=\"piloseb num\" onerror=\"this.style.display='none'\"  \/>\n\t<p><strong>Cilj PREGLEDA je procjena pravilnog djelovanja  pilosebacealnih jedinica vlasi\u0161ta i detekcija prisutnosti eventualnih anomalija.  <\/strong><\/p>\n\t\t\t\t<img loading=\"lazy\" decoding=\"async\" src=\"https:\/\/servicesforpharmacies.com\/wp-content\/uploads\/2020\/07\/piloseb-num1.png\" alt=\"pilosebacealni ulazi\" itemprop=\"image\" height=\"508\" width=\"508\" title=\"piloseb num1\" onerror=\"this.style.display='none'\"  \/>\n\t<p><strong>Pravilna higijena vlasi\u0161ta i da li su pilosebacelni ulazi slobodni :<\/strong> to omogu\u0107ava dobru oksigenaciju epiderme i zdravi ponovni rast kose<\/p>\n\t\t\t\t<img loading=\"lazy\" decoding=\"async\" src=\"https:\/\/servicesforpharmacies.com\/wp-content\/uploads\/2020\/07\/piloseb-num2.png\" alt=\"debljinu vlasi koja raste\" itemprop=\"image\" height=\"508\" width=\"508\" title=\"piloseb num2\" onerror=\"this.style.display='none'\"  \/>\n\t<p><strong>Debljinu vlasi koja raste: <\/strong>disfunkcija pilosebacealnih jedinica vlasi\u0161ta je uzrok za rast tanje i manje voluminozne kose estetski gledaju\u0107i.<\/p>\n\t\t\t\t<img loading=\"lazy\" decoding=\"async\" src=\"https:\/\/servicesforpharmacies.com\/wp-content\/uploads\/2020\/07\/piloseb-num3.png\" alt=\"Prisutnost anomalija na cornealnom sloju epiderme\" itemprop=\"image\" height=\"508\" width=\"508\" title=\"piloseb num3\" onerror=\"this.style.display='none'\"  \/>\n\t<p><strong>Prisutnost anomalija na cornealnom sloju epiderme<\/strong>: ljuspanje, iritacije ili crvenilo, koje ponekad prati svrbe\u017e, \u010desto su posljedica porome\u0107aja bakterijske flore.<\/p>\n\t\t\t\t<img loading=\"lazy\" decoding=\"async\" src=\"https:\/\/servicesforpharmacies.com\/wp-content\/uploads\/2020\/07\/piloseb-num4.png\" alt=\"Djelovanje \u017elijezda lojnica\" itemprop=\"image\" height=\"508\" width=\"508\" title=\"piloseb num4\" onerror=\"this.style.display='none'\"  \/>\n\t<p><strong>Djelovanje \u017elijezda lojnica, tj. prekomjerno ma\u0161\u0107enje:<\/strong> prekomjerna koli\u010dina sebuma &#8211; masno\u0107e na epidermi, na kosi i u folikuli.<\/p>\n\t\t\t\t<img loading=\"lazy\" decoding=\"async\" src=\"https:\/\/servicesforpharmacies.com\/wp-content\/uploads\/2020\/07\/piloseb-num5.png\" alt=\"Oblik bulbusa (korijena)\" itemprop=\"image\" height=\"508\" width=\"508\" title=\"piloseb num5\" onerror=\"this.style.display='none'\"  \/>\n\t<p><strong>Oblik bulbusa (korijena):<\/strong> estrakcijom nekoliko vlasi mo\u017eemo procijeniti njihovu pravinu obnovu i \u017eivotni ciklus.<\/p>\n\t\t\t\t<img loading=\"lazy\" decoding=\"async\" src=\"https:\/\/servicesforpharmacies.com\/wp-content\/uploads\/2020\/07\/piloseb-num6.png\" alt=\"Pravilno hranjenje korijena kose\" itemprop=\"image\" height=\"508\" width=\"508\" title=\"piloseb num6\" onerror=\"this.style.display='none'\"  \/>\n\t<p><strong>Pravilno hranjenje korijena kose:<\/strong> procjena da li ima korijen kose pravilan dotok hranljivih tvari preko kapilara.<\/p>\n<h2>\n\t\tKOME SAVJETUJEMO PREGLED?\n\t<\/h2>\n\t<p>U SLU\u010cAJU:<\/p>\n<p>&nbsp;<\/p>\n<p><strong>SVRBE\u017dA VLASI\u0160TA, ISPADANJA KOSE, PERUTI, MASNE, TANKE ILI O\u0160TE\u0106ENE KOSE &#8230;<\/strong><\/p>\n<p>&nbsp;<\/p>\n<a href=\"https:\/\/servicesforpharmacies.com\/ba\/picker\" target=\"_blank\" rel=\"noopener\">PREGLED PILOSEBACEALNIH JEDINICA VLASI\u0160TA<\/a> savjetujemo svim strankama koje su kroz godine primjetile promjenu u kvaliteti svoje kose, ali i svim strankama, dva puta godi\u0161nje, kao preventivu i to u PROLJE\u0106E i u JESEN. Kao \u0161to je poznato, upravo promjena klime, LJETNA VRU\u0106INA i ZIMSKI MRAZ , uzrokuju nastanak anomalija na vlasi\u0161tu i u pilosebacealnim jedinicama.<strong><br \/>\n<\/strong>\n        \t<a href=\"https:\/\/servicesforpharmacies.com\/ba\/group\/al-hana\/\" target=\"_self\">            \n\t\t\t\t\t\t<img decoding=\"async\" src=\"https:\/\/servicesforpharmacies.com\/wp-content\/uploads\/2020\/11\/ah.jpg\" alt=\"https:\/\/servicesforpharmacies.com\/wp-content\/uploads\/2020\/11\/ah.jpg\" data-no-lazy=\"1\" \/>\t\t\t\t\t\n            <\/a>\t\t\n        \t<a href=\"https:\/\/servicesforpharmacies.com\/ba\/group\/b-pharm\/\" target=\"_self\">            \n\t\t\t\t\t\t<img decoding=\"async\" src=\"https:\/\/servicesforpharmacies.com\/wp-content\/uploads\/2020\/11\/logo-250px.png\" alt=\"https:\/\/servicesforpharmacies.com\/wp-content\/uploads\/2020\/11\/logo-250px.png\" data-no-lazy=\"1\" \/>\t\t\t\t\t\n            <\/a>\t\t\n        \t<a href=\"https:\/\/servicesforpharmacies.com\/ba\/group\/belladonna\/\" target=\"_self\">            \n\t\t\t\t\t\t<img decoding=\"async\" src=\"https:\/\/servicesforpharmacies.com\/wp-content\/uploads\/2020\/11\/Belladonna.jpg\" alt=\"https:\/\/servicesforpharmacies.com\/wp-content\/uploads\/2020\/11\/Belladonna.jpg\" data-no-lazy=\"1\" \/>\t\t\t\t\t\n            <\/a>\t\t\n        \t<a href=\"https:\/\/servicesforpharmacies.com\/ba\/group\/crvena-apoteka\/\" target=\"_self\">            \n\t\t\t\t\t\t<img decoding=\"async\" src=\"https:\/\/servicesforpharmacies.com\/wp-content\/uploads\/2020\/11\/cropped-Crvena-apoteka-logo-1.png\" alt=\"https:\/\/servicesforpharmacies.com\/wp-content\/uploads\/2020\/11\/cropped-Crvena-apoteka-logo-1.png\" data-no-lazy=\"1\" \/>\t\t\t\t\t\n            <\/a>\t\t\n        \t<a href=\"https:\/\/servicesforpharmacies.com\/ba\/group\/eurovita\/\" target=\"_self\">            \n\t\t\t\t\t\t<img decoding=\"async\" src=\"https:\/\/servicesforpharmacies.com\/wp-content\/uploads\/2020\/11\/Eurovita-Pharmacia-Logo.png\" alt=\"https:\/\/servicesforpharmacies.com\/wp-content\/uploads\/2020\/11\/Eurovita-Pharmacia-Logo.png\" data-no-lazy=\"1\" \/>\t\t\t\t\t\n            <\/a>\t\t\n        \t<a href=\"https:\/\/servicesforpharmacies.com\/ba\/group\/expera\/\" target=\"_self\">            \n\t\t\t\t\t\t<img decoding=\"async\" src=\"https:\/\/servicesforpharmacies.com\/wp-content\/uploads\/2020\/11\/logo-expera-pharmacy.png\" alt=\"https:\/\/servicesforpharmacies.com\/wp-content\/uploads\/2020\/11\/logo-expera-pharmacy.png\" data-no-lazy=\"1\" \/>\t\t\t\t\t\n            <\/a>\t\t\n        \t<a href=\"https:\/\/servicesforpharmacies.com\/ba\/group\/ibn-sina\/\" target=\"_self\">            \n\t\t\t\t\t\t<img decoding=\"async\" src=\"https:\/\/servicesforpharmacies.com\/wp-content\/uploads\/2020\/11\/IBNSINA.jpeg\" alt=\"https:\/\/servicesforpharmacies.com\/wp-content\/uploads\/2020\/11\/IBNSINA.jpeg\" data-no-lazy=\"1\" \/>\t\t\t\t\t\n            <\/a>\t\t\n        \t<a href=\"https:\/\/servicesforpharmacies.com\/ba\/group\/ju-apoteke-sarajevo\/\" target=\"_self\">            \n\t\t\t\t\t\t<img decoding=\"async\" src=\"https:\/\/servicesforpharmacies.com\/wp-content\/uploads\/2020\/11\/juas_logo_2-1.jpg\" alt=\"https:\/\/servicesforpharmacies.com\/wp-content\/uploads\/2020\/11\/juas_logo_2-1.jpg\" data-no-lazy=\"1\" \/>\t\t\t\t\t\n            <\/a>\t\t\n        \t<a href=\"https:\/\/servicesforpharmacies.com\/ba\/group\/jzu-gradske-tuzla\/\" target=\"_self\">            \n\t\t\t\t\t\t<img decoding=\"async\" src=\"https:\/\/servicesforpharmacies.com\/wp-content\/uploads\/2020\/11\/100-2.png\" alt=\"https:\/\/servicesforpharmacies.com\/wp-content\/uploads\/2020\/11\/100-2.png\" data-no-lazy=\"1\" \/>\t\t\t\t\t\n            <\/a>\t\t\n        \t<a href=\"https:\/\/servicesforpharmacies.com\/ba\/group\/oaza-zdravlja\/\" target=\"_self\">            \n\t\t\t\t\t\t<img decoding=\"async\" src=\"https:\/\/servicesforpharmacies.com\/wp-content\/uploads\/2020\/11\/OazaZdravlja.png\" alt=\"https:\/\/servicesforpharmacies.com\/wp-content\/uploads\/2020\/11\/OazaZdravlja.png\" data-no-lazy=\"1\" \/>\t\t\t\t\t\n            <\/a>\t\t\n        \t<a href=\"https:\/\/servicesforpharmacies.com\/ba\/group\/pharmanova\/\" target=\"_self\">            \n\t\t\t\t\t\t<img decoding=\"async\" src=\"https:\/\/servicesforpharmacies.com\/wp-content\/uploads\/2020\/11\/PHARMANOVA.png\" alt=\"https:\/\/servicesforpharmacies.com\/wp-content\/uploads\/2020\/11\/PHARMANOVA.png\" data-no-lazy=\"1\" \/>\t\t\t\t\t\n            <\/a>\t\t\n        \t<a href=\"https:\/\/servicesforpharmacies.com\/ba\/group\/zu-moja-apoteka\/\" target=\"_self\">            \n\t\t\t\t\t\t<img decoding=\"async\" src=\"https:\/\/servicesforpharmacies.com\/wp-content\/uploads\/2020\/11\/apoteka_logo.png\" alt=\"https:\/\/servicesforpharmacies.com\/wp-content\/uploads\/2020\/11\/apoteka_logo.png\" data-no-lazy=\"1\" \/>\t\t\t\t\t\n            <\/a>\t\t\n\t\t\t\t\t\t<img decoding=\"async\" src=\"https:\/\/servicesforpharmacies.com\/wp-content\/uploads\/2025\/09\/Monis-Logo-3D.png\" alt=\"monis\" data-no-lazy=\"1\" \/>\t\t\t\t\t\n                            <p>monis<\/p>\n\t\t\t<button>Next<\/button>\n\t\t<button>Previous<\/button>\n\t    <div id=\"osm_map_69ea46b5b9a7a\" style=\"height: 650px;\"><\/div>\n    <script>\ndocument.addEventListener(\"DOMContentLoaded\", function () {\n    const map = L.map('osm_map_69ea46b5b9a7a').setView([44, 17], 7);\n\n    L.tileLayer('https:\/\/{s}.tile.openstreetmap.org\/{z}\/{x}\/{y}.png', {\n        maxZoom: 19,\n        attribution: '&copy; OpenStreetMap contributors'\n    }).addTo(map);\n\n    fetch(\"https:\/\/servicesforpharmacies.com\/cron\/ba-o.php\")\n        .then(response => response.json())\n        .then(results => {\n            if (!results || !results.pharmacies) {\n                console.warn(\"No pharmacies data in response\");\n                return;\n            }\n\n            results.pharmacies.forEach(pharmacy => {\n                if ((pharmacy.scalp || pharmacy.skin) && pharmacy.latitude && pharmacy.longitude) {\n\n                    let name = pharmacy.name\n    .toLowerCase()\n    .replace(\/\\s+\/g, '-')\n    .replace(\/[\u0111\u00f0]\/g, 'd')   \/\/ \u2705 fix \u0110 and \u0111\n    .replace(\/[\u0161]\/g, 's')\n    .replace(\/[\u010d\u0107]\/g, 'c')\n    .replace(\/[\u017e]\/g, 'z')\n    .normalize(\"NFD\")\n    .replace(\/[\\u0300-\\u036f]\/g, \"\")\n    .replace(\/[^a-z0-9-]\/g, '-')\n    .replace(\/^-+|-+$\/g, '')\n    .replace(\/-+\/g, '-');\n\n                    let scalp = pharmacy.scalp ? `<a href=\"\/ba\/scalp\/${name}\">SCALP<\/a>` : '';\n                    let skin = pharmacy.skin ? `<a href=\"\/ba\/skin\/${name}\">SKIN<\/a>` : '';\n\n                    let content = `\n                        <div style=\"display:flex;flex-direction:row;align-items:center;\">\n                            <img decoding=\"async\" src=\"https:\/\/servicesforpharmacies.com\/wp-content\/uploads\/2020\/08\/mappin.png\" style=\"height:50px;margin:0 10px;\">\n                            <div>\n                                <h4>${pharmacy.name}<\/h4>\n                                ${pharmacy.address}, ${pharmacy.municipality}<br>\n                                ${scalp}<br>${skin}\n                            <\/div>\n                        <\/div>\n                    `;\n\n                    const greenIcon = L.icon({\n    iconUrl: 'https:\/\/raw.githubusercontent.com\/pointhi\/leaflet-color-markers\/master\/img\/marker-icon-green.png',\n    shadowUrl: 'https:\/\/unpkg.com\/leaflet@1.9.4\/dist\/images\/marker-shadow.png',\n    iconSize:     [25, 41],\n    iconAnchor:   [12, 41],\n    popupAnchor:  [1, -34],\n    shadowSize:   [41, 41]\n});\n\nconst marker = L.marker([pharmacy.latitude, pharmacy.longitude], { icon: greenIcon }).addTo(map);\n\n                    marker.bindPopup(content);\n                }\n            });\n        })\n        .catch(error => {\n            console.error(\"Map data fetch failed\", error);\n        });\n});\n<\/script>\n\n    \n\n","protected":false},"excerpt":{"rendered":"<p>SVRBE\u017d PRHUT ISPADANJE MASNA PROBLEMI SA KOSOM? Problemi sa kosom: Svakodnevno razgovaramo o tome koriste\u0107i ovakve ili sli\u010dne re\u010denice: Imam masnu kosu i moram je prati svaki dan &#8230; Imam suhu i o\u0161te\u0107enu kosu. Kako bih imala lijepu frizuru moram oti\u0107i frizeru &#8230; Imam pretanku kosu i zato moram koristiti proizvode za volumen &#8230; Kosa&hellip;<\/p>\n","protected":false},"author":1,"featured_media":37088,"parent":0,"menu_order":0,"comment_status":"closed","ping_status":"closed","template":"","meta":{"_acf_changed":false,"footnotes":""},"class_list":["post-25400","page","type-page","status-publish","has-post-thumbnail","hentry"],"acf":[],"yoast_head":"<!-- This site is optimized with the Yoast SEO Premium plugin v22.9 (Yoast SEO v27.0) - https:\/\/yoast.com\/product\/yoast-seo-premium-wordpress\/ -->\n<title>Problemi sa kosom? ? Preventivna usluga u apoteci BESPLATAN pregled<\/title>\n<meta name=\"description\" content=\"Problemi sa kosom ili vlasi\u0161tem? Dogovorite BESPLATAN pregled. Preventivna usluga u apoteci. ON-LINE BOOKING u Vama najbli\u017eoj apoteci ??\" \/>\n<meta name=\"robots\" content=\"index, follow, max-snippet:-1, max-image-preview:large, max-video-preview:-1\" \/>\n<link rel=\"canonical\" href=\"https:\/\/servicesforpharmacies.com\/ba\/\" \/>\n<meta property=\"og:locale\" content=\"bs_BA\" \/>\n<meta property=\"og:type\" content=\"article\" \/>\n<meta property=\"og:title\" content=\"Problemi sa kosom\" \/>\n<meta property=\"og:description\" content=\"Problemi sa kosom ili vlasi\u0161tem? Dogovorite BESPLATAN pregled. Preventivna usluga u apoteci. ON-LINE BOOKING u Vama najbli\u017eoj apoteci ??\" \/>\n<meta property=\"og:url\" content=\"https:\/\/servicesforpharmacies.com\/ba\/\" \/>\n<meta property=\"og:site_name\" content=\"Services for pharmacies\" \/>\n<meta property=\"article:modified_time\" content=\"2025-09-09T08:48:05+00:00\" \/>\n<meta property=\"og:image\" content=\"https:\/\/servicesforpharmacies.com\/wp-content\/uploads\/2020\/09\/caduta.jpg\" \/>\n\t<meta property=\"og:image:width\" content=\"715\" \/>\n\t<meta property=\"og:image:height\" content=\"500\" \/>\n\t<meta property=\"og:image:type\" content=\"image\/jpeg\" \/>\n<meta name=\"twitter:card\" content=\"summary_large_image\" \/>\n<meta name=\"twitter:label1\" content=\"Est. reading time\" \/>\n\t<meta name=\"twitter:data1\" content=\"2 minute\" \/>\n<script type=\"application\/ld+json\" class=\"yoast-schema-graph\">{\"@context\":\"https:\/\/schema.org\",\"@graph\":[{\"@type\":\"WebPage\",\"@id\":\"https:\/\/servicesforpharmacies.com\/ba\/\",\"url\":\"https:\/\/servicesforpharmacies.com\/ba\/\",\"name\":\"Problemi sa kosom? ? Preventivna usluga u apoteci BESPLATAN pregled\",\"isPartOf\":{\"@id\":\"https:\/\/servicesforpharmacies.com\/ba\/#website\"},\"primaryImageOfPage\":{\"@id\":\"https:\/\/servicesforpharmacies.com\/ba\/#primaryimage\"},\"image\":{\"@id\":\"https:\/\/servicesforpharmacies.com\/ba\/#primaryimage\"},\"thumbnailUrl\":\"https:\/\/servicesforpharmacies.com\/wp-content\/uploads\/2020\/09\/caduta.jpg\",\"datePublished\":\"2020-07-30T22:04:40+00:00\",\"dateModified\":\"2025-09-09T08:48:05+00:00\",\"description\":\"Problemi sa kosom ili vlasi\u0161tem? Dogovorite BESPLATAN pregled. Preventivna usluga u apoteci. ON-LINE BOOKING u Vama najbli\u017eoj apoteci ??\",\"breadcrumb\":{\"@id\":\"https:\/\/servicesforpharmacies.com\/ba\/#breadcrumb\"},\"inLanguage\":\"bs-BA\",\"potentialAction\":[{\"@type\":\"ReadAction\",\"target\":[\"https:\/\/servicesforpharmacies.com\/ba\/\"]}]},{\"@type\":\"ImageObject\",\"inLanguage\":\"bs-BA\",\"@id\":\"https:\/\/servicesforpharmacies.com\/ba\/#primaryimage\",\"url\":\"https:\/\/servicesforpharmacies.com\/wp-content\/uploads\/2020\/09\/caduta.jpg\",\"contentUrl\":\"https:\/\/servicesforpharmacies.com\/wp-content\/uploads\/2020\/09\/caduta.jpg\",\"width\":715,\"height\":500,\"caption\":\"Problemi sa kosom?\"},{\"@type\":\"BreadcrumbList\",\"@id\":\"https:\/\/servicesforpharmacies.com\/ba\/#breadcrumb\",\"itemListElement\":[{\"@type\":\"ListItem\",\"position\":1,\"name\":\"Home\",\"item\":\"https:\/\/servicesforpharmacies.com\/ba\/\"},{\"@type\":\"ListItem\",\"position\":2,\"name\":\"Problemi sa kosom\"}]},{\"@type\":\"WebSite\",\"@id\":\"https:\/\/servicesforpharmacies.com\/ba\/#website\",\"url\":\"https:\/\/servicesforpharmacies.com\/ba\/\",\"name\":\"Services for pharmacies\",\"description\":\"\",\"publisher\":{\"@id\":\"https:\/\/servicesforpharmacies.com\/ba\/#organization\"},\"potentialAction\":[{\"@type\":\"SearchAction\",\"target\":{\"@type\":\"EntryPoint\",\"urlTemplate\":\"https:\/\/servicesforpharmacies.com\/ba\/?s={search_term_string}\"},\"query-input\":{\"@type\":\"PropertyValueSpecification\",\"valueRequired\":true,\"valueName\":\"search_term_string\"}}],\"inLanguage\":\"bs-BA\"},{\"@type\":\"Organization\",\"@id\":\"https:\/\/servicesforpharmacies.com\/ba\/#organization\",\"name\":\"VitalPlusActive Group Ltd\",\"url\":\"https:\/\/servicesforpharmacies.com\/ba\/\",\"logo\":{\"@type\":\"ImageObject\",\"inLanguage\":\"bs-BA\",\"@id\":\"https:\/\/servicesforpharmacies.com\/ba\/#\/schema\/logo\/image\/\",\"url\":\"https:\/\/servicesforpharmacies.com\/wp-content\/uploads\/2020\/07\/logo-eng.jpg\",\"contentUrl\":\"https:\/\/servicesforpharmacies.com\/wp-content\/uploads\/2020\/07\/logo-eng.jpg\",\"width\":398,\"height\":90,\"caption\":\"VitalPlusActive Group Ltd\"},\"image\":{\"@id\":\"https:\/\/servicesforpharmacies.com\/ba\/#\/schema\/logo\/image\/\"}}]}<\/script>\n<!-- \/ Yoast SEO Premium plugin. -->","yoast_head_json":{"title":"Problemi sa kosom? ? Preventivna usluga u apoteci BESPLATAN pregled","description":"Problemi sa kosom ili vlasi\u0161tem? Dogovorite BESPLATAN pregled. Preventivna usluga u apoteci. ON-LINE BOOKING u Vama najbli\u017eoj apoteci ??","robots":{"index":"index","follow":"follow","max-snippet":"max-snippet:-1","max-image-preview":"max-image-preview:large","max-video-preview":"max-video-preview:-1"},"canonical":"https:\/\/servicesforpharmacies.com\/ba\/","og_locale":"bs_BA","og_type":"article","og_title":"Problemi sa kosom","og_description":"Problemi sa kosom ili vlasi\u0161tem? Dogovorite BESPLATAN pregled. Preventivna usluga u apoteci. ON-LINE BOOKING u Vama najbli\u017eoj apoteci ??","og_url":"https:\/\/servicesforpharmacies.com\/ba\/","og_site_name":"Services for pharmacies","article_modified_time":"2025-09-09T08:48:05+00:00","og_image":[{"width":715,"height":500,"url":"https:\/\/servicesforpharmacies.com\/wp-content\/uploads\/2020\/09\/caduta.jpg","type":"image\/jpeg"}],"twitter_card":"summary_large_image","twitter_misc":{"Est. reading time":"2 minute"},"schema":{"@context":"https:\/\/schema.org","@graph":[{"@type":"WebPage","@id":"https:\/\/servicesforpharmacies.com\/ba\/","url":"https:\/\/servicesforpharmacies.com\/ba\/","name":"Problemi sa kosom? ? Preventivna usluga u apoteci BESPLATAN pregled","isPartOf":{"@id":"https:\/\/servicesforpharmacies.com\/ba\/#website"},"primaryImageOfPage":{"@id":"https:\/\/servicesforpharmacies.com\/ba\/#primaryimage"},"image":{"@id":"https:\/\/servicesforpharmacies.com\/ba\/#primaryimage"},"thumbnailUrl":"https:\/\/servicesforpharmacies.com\/wp-content\/uploads\/2020\/09\/caduta.jpg","datePublished":"2020-07-30T22:04:40+00:00","dateModified":"2025-09-09T08:48:05+00:00","description":"Problemi sa kosom ili vlasi\u0161tem? Dogovorite BESPLATAN pregled. Preventivna usluga u apoteci. ON-LINE BOOKING u Vama najbli\u017eoj apoteci ??","breadcrumb":{"@id":"https:\/\/servicesforpharmacies.com\/ba\/#breadcrumb"},"inLanguage":"bs-BA","potentialAction":[{"@type":"ReadAction","target":["https:\/\/servicesforpharmacies.com\/ba\/"]}]},{"@type":"ImageObject","inLanguage":"bs-BA","@id":"https:\/\/servicesforpharmacies.com\/ba\/#primaryimage","url":"https:\/\/servicesforpharmacies.com\/wp-content\/uploads\/2020\/09\/caduta.jpg","contentUrl":"https:\/\/servicesforpharmacies.com\/wp-content\/uploads\/2020\/09\/caduta.jpg","width":715,"height":500,"caption":"Problemi sa kosom?"},{"@type":"BreadcrumbList","@id":"https:\/\/servicesforpharmacies.com\/ba\/#breadcrumb","itemListElement":[{"@type":"ListItem","position":1,"name":"Home","item":"https:\/\/servicesforpharmacies.com\/ba\/"},{"@type":"ListItem","position":2,"name":"Problemi sa kosom"}]},{"@type":"WebSite","@id":"https:\/\/servicesforpharmacies.com\/ba\/#website","url":"https:\/\/servicesforpharmacies.com\/ba\/","name":"Services for pharmacies","description":"","publisher":{"@id":"https:\/\/servicesforpharmacies.com\/ba\/#organization"},"potentialAction":[{"@type":"SearchAction","target":{"@type":"EntryPoint","urlTemplate":"https:\/\/servicesforpharmacies.com\/ba\/?s={search_term_string}"},"query-input":{"@type":"PropertyValueSpecification","valueRequired":true,"valueName":"search_term_string"}}],"inLanguage":"bs-BA"},{"@type":"Organization","@id":"https:\/\/servicesforpharmacies.com\/ba\/#organization","name":"VitalPlusActive Group Ltd","url":"https:\/\/servicesforpharmacies.com\/ba\/","logo":{"@type":"ImageObject","inLanguage":"bs-BA","@id":"https:\/\/servicesforpharmacies.com\/ba\/#\/schema\/logo\/image\/","url":"https:\/\/servicesforpharmacies.com\/wp-content\/uploads\/2020\/07\/logo-eng.jpg","contentUrl":"https:\/\/servicesforpharmacies.com\/wp-content\/uploads\/2020\/07\/logo-eng.jpg","width":398,"height":90,"caption":"VitalPlusActive Group Ltd"},"image":{"@id":"https:\/\/servicesforpharmacies.com\/ba\/#\/schema\/logo\/image\/"}}]}},"_links":{"self":[{"href":"https:\/\/servicesforpharmacies.com\/ba\/wp-json\/wp\/v2\/pages\/25400","targetHints":{"allow":["GET"]}}],"collection":[{"href":"https:\/\/servicesforpharmacies.com\/ba\/wp-json\/wp\/v2\/pages"}],"about":[{"href":"https:\/\/servicesforpharmacies.com\/ba\/wp-json\/wp\/v2\/types\/page"}],"author":[{"embeddable":true,"href":"https:\/\/servicesforpharmacies.com\/ba\/wp-json\/wp\/v2\/users\/1"}],"replies":[{"embeddable":true,"href":"https:\/\/servicesforpharmacies.com\/ba\/wp-json\/wp\/v2\/comments?post=25400"}],"version-history":[{"count":1,"href":"https:\/\/servicesforpharmacies.com\/ba\/wp-json\/wp\/v2\/pages\/25400\/revisions"}],"predecessor-version":[{"id":736699,"href":"https:\/\/servicesforpharmacies.com\/ba\/wp-json\/wp\/v2\/pages\/25400\/revisions\/736699"}],"wp:featuredmedia":[{"embeddable":true,"href":"https:\/\/servicesforpharmacies.com\/ba\/wp-json\/wp\/v2\/media\/37088"}],"wp:attachment":[{"href":"https:\/\/servicesforpharmacies.com\/ba\/wp-json\/wp\/v2\/media?parent=25400"}],"curies":[{"name":"wp","href":"https:\/\/api.w.org\/{rel}","templated":true}]}}