{"id":25399,"date":"2020-07-31T10:56:35","date_gmt":"2020-07-31T10:56:35","guid":{"rendered":"http:\/\/servicesforpharmacies.com\/blog\/"},"modified":"2020-12-23T12:06:05","modified_gmt":"2020-12-23T12:06:05","slug":"blog","status":"publish","type":"page","link":"https:\/\/servicesforpharmacies.com\/ba\/blog\/","title":{"rendered":"Blog"},"content":{"rendered":"\n<h1>\n\t<\/h1>\n\t<meta itemscope itemprop=\"mainEntityOfPage\" itemtype=\"https:\/\/schema.org\/WebPage\" itemid=\"https:\/\/servicesforpharmacies.com\/ba\/zasto-ga-koristimo\/\" content=\"Za\u0161to ga koristimo?\" \/><meta itemprop=\"datePublished\" content=\"2020-07-31\" \/><meta itemprop=\"dateModified\" content=\"2020-07-31\" \/><meta itemprop=\"name\" content=\"Services for pharmacies\"\/><meta itemprop=\"url\" content=\"https:\/\/servicesforpharmacies.com\/ba\/author\/clabs\/\" \/><meta itemprop=\"name\" content=\"clabs\" \/><meta itemprop=\"url\" content=\"https:\/\/servicesforpharmacies.com\/wp-content\/uploads\/2020\/07\/woman-in-gray-tank-top-showing-distress-3812745.jpg\" \/><meta itemprop=\"width\" content=\"1920\" \/><meta itemprop=\"height\" content=\"1280\" \/><meta itemprop=\"interactionType\" content=\"https:\/\/schema.org\/CommentAction\" \/><meta itemprop=\"userInteractionCount\" content=\"0\" \/>\n\t\t\t\t\t<a href=\"https:\/\/servicesforpharmacies.com\/ba\/zasto-ga-koristimo\/\" title=\"Za\u0161to ga koristimo?\"><\/a>\n\t\t\t<h3 itemprop=\"headline\">\n\t\t\t\t\t\t\t\t\t\tZa\u0161to ga koristimo?\t\t\t\t\t\t\t<\/h3>\n\t\t\t\t\t\t\t\t\t\t\t\t\tJuly 31, 2020\t\t\t\t\t\t\t\t\t\t\t\n\t\t\t\t<img loading=\"lazy\" decoding=\"async\" src=\"https:\/\/servicesforpharmacies.com\/wp-content\/uploads\/bb-plugin\/cache\/woman-in-gray-tank-top-showing-distress-3812745-1024x683-landscape.jpg\" alt=\"woman-in-gray-tank-top-showing-distress-3812745\" itemprop=\"image\" data-no-lazy=\"1\" height=\"683\" width=\"1024\" title=\"woman-in-gray-tank-top-showing-distress-3812745\" onerror=\"this.style.display='none'\"  \/>\n    Odavno je uspostavljena \u010dinjenica da \u010dita\u010da ometa razumljivi tekst dok gleda raspored elemenata na stranici. Smisao kori\u0161tenja Lorem Ipsum-a jest u tome \u0161to umjesto &#8216;sadr\u017eaj ovjde, sadr\u017eaj ovjde&#8217; imamo normalni&#8230;\n\t<meta itemscope itemprop=\"mainEntityOfPage\" itemtype=\"https:\/\/schema.org\/WebPage\" itemid=\"https:\/\/servicesforpharmacies.com\/ba\/sto-je-lorem-ipsum\/\" content=\"\u0160to je Lorem Ipsum?\" \/><meta itemprop=\"datePublished\" content=\"2020-07-31\" \/><meta itemprop=\"dateModified\" content=\"2020-07-31\" \/><meta itemprop=\"name\" content=\"Services for pharmacies\"\/><meta itemprop=\"url\" content=\"https:\/\/servicesforpharmacies.com\/ba\/author\/clabs\/\" \/><meta itemprop=\"name\" content=\"clabs\" \/><meta itemprop=\"url\" content=\"https:\/\/servicesforpharmacies.com\/wp-content\/uploads\/2020\/07\/woman-wearing-white-long-sleeved-shirt-973401.jpg\" \/><meta itemprop=\"width\" content=\"1920\" \/><meta itemprop=\"height\" content=\"1281\" \/><meta itemprop=\"interactionType\" content=\"https:\/\/schema.org\/CommentAction\" \/><meta itemprop=\"userInteractionCount\" content=\"0\" \/>\n\t\t\t\t\t<a href=\"https:\/\/servicesforpharmacies.com\/ba\/sto-je-lorem-ipsum\/\" title=\"\u0160to je Lorem Ipsum?\"><\/a>\n\t\t\t<h3 itemprop=\"headline\">\n\t\t\t\t\t\t\t\t\t\t\u0160to je Lorem Ipsum?\t\t\t\t\t\t\t<\/h3>\n\t\t\t\t\t\t\t\t\t\t\t\t\tJuly 31, 2020\t\t\t\t\t\t\t\t\t\t\t\n\t\t\t\t<img loading=\"lazy\" decoding=\"async\" src=\"https:\/\/servicesforpharmacies.com\/wp-content\/uploads\/bb-plugin\/cache\/woman-wearing-white-long-sleeved-shirt-973401-1024x683-landscape.jpg\" alt=\"woman-wearing-white-long-sleeved-shirt-973401\" itemprop=\"image\" data-no-lazy=\"1\" height=\"683\" width=\"1024\" title=\"woman-wearing-white-long-sleeved-shirt-973401\" onerror=\"this.style.display='none'\"  \/>\n    Lorem Ipsum&nbsp;je jednostavno probni tekst koji se koristi u tiskarskoj i slovoslagarskoj industriji. Lorem Ipsum postoji kao industrijski standard jo\u0161 od 16-og stolje\u0107a, kada je nepoznati tiskar uzeo tiskarsku galiju&#8230;\n\t\t<!-- .pp-content-posts -->\n\n","protected":false},"excerpt":{"rendered":"<p>Za\u0161to ga koristimo? July 31, 2020 Odavno je uspostavljena \u010dinjenica da \u010dita\u010da ometa razumljivi tekst dok gleda raspored elemenata na stranici. Smisao kori\u0161tenja Lorem Ipsum-a jest u tome \u0161to umjesto &#8216;sadr\u017eaj ovjde, sadr\u017eaj ovjde&#8217; imamo normalni&#8230; \u0160to je Lorem Ipsum? July 31, 2020 Lorem Ipsum&nbsp;je jednostavno probni tekst koji se koristi u tiskarskoj i slovoslagarskoj&hellip;<\/p>\n","protected":false},"author":1,"featured_media":0,"parent":0,"menu_order":0,"comment_status":"closed","ping_status":"closed","template":"","meta":{"_acf_changed":false,"footnotes":""},"class_list":["post-25399","page","type-page","status-publish","hentry"],"acf":[],"yoast_head":"<!-- This site is optimized with the Yoast SEO Premium plugin v22.9 (Yoast SEO v27.0) - https:\/\/yoast.com\/product\/yoast-seo-premium-wordpress\/ -->\n<title>Blog | Services for pharmacies<\/title>\n<meta name=\"robots\" content=\"index, follow, max-snippet:-1, max-image-preview:large, max-video-preview:-1\" \/>\n<link rel=\"canonical\" href=\"https:\/\/servicesforpharmacies.com\/ba\/blog\/\" \/>\n<meta property=\"og:locale\" content=\"bs_BA\" \/>\n<meta property=\"og:type\" content=\"article\" \/>\n<meta property=\"og:title\" content=\"Blog\" \/>\n<meta property=\"og:description\" content=\"Za\u0161to ga koristimo? July 31, 2020 Odavno je uspostavljena \u010dinjenica da \u010dita\u010da ometa razumljivi tekst dok gleda raspored elemenata na stranici. Smisao kori\u0161tenja Lorem Ipsum-a jest u tome \u0161to umjesto &#8216;sadr\u017eaj ovjde, sadr\u017eaj ovjde&#8217; imamo normalni&#8230; \u0160to je Lorem Ipsum? July 31, 2020 Lorem Ipsum&nbsp;je jednostavno probni tekst koji se koristi u tiskarskoj i slovoslagarskoj&hellip;\" \/>\n<meta property=\"og:url\" content=\"https:\/\/servicesforpharmacies.com\/ba\/blog\/\" \/>\n<meta property=\"og:site_name\" content=\"Services for pharmacies\" \/>\n<meta property=\"article:modified_time\" content=\"2020-12-23T12:06:05+00:00\" \/>\n<meta property=\"og:image\" content=\"https:\/\/servicesforpharmacies.com\/wp-content\/uploads\/bb-plugin\/cache\/woman-in-gray-tank-top-showing-distress-3812745-1024x683-landscape.jpg\" \/>\n<meta name=\"twitter:card\" content=\"summary_large_image\" \/>\n<script type=\"application\/ld+json\" class=\"yoast-schema-graph\">{\"@context\":\"https:\/\/schema.org\",\"@graph\":[{\"@type\":\"WebPage\",\"@id\":\"https:\/\/servicesforpharmacies.com\/ba\/blog\/\",\"url\":\"https:\/\/servicesforpharmacies.com\/ba\/blog\/\",\"name\":\"Blog | Services for pharmacies\",\"isPartOf\":{\"@id\":\"https:\/\/servicesforpharmacies.com\/#website\"},\"primaryImageOfPage\":{\"@id\":\"https:\/\/servicesforpharmacies.com\/ba\/blog\/#primaryimage\"},\"image\":{\"@id\":\"https:\/\/servicesforpharmacies.com\/ba\/blog\/#primaryimage\"},\"thumbnailUrl\":\"https:\/\/servicesforpharmacies.com\/wp-content\/uploads\/bb-plugin\/cache\/woman-in-gray-tank-top-showing-distress-3812745-1024x683-landscape.jpg\",\"datePublished\":\"2020-07-31T10:56:35+00:00\",\"dateModified\":\"2020-12-23T12:06:05+00:00\",\"breadcrumb\":{\"@id\":\"https:\/\/servicesforpharmacies.com\/ba\/blog\/#breadcrumb\"},\"inLanguage\":\"bs-BA\",\"potentialAction\":[{\"@type\":\"ReadAction\",\"target\":[\"https:\/\/servicesforpharmacies.com\/ba\/blog\/\"]}]},{\"@type\":\"ImageObject\",\"inLanguage\":\"bs-BA\",\"@id\":\"https:\/\/servicesforpharmacies.com\/ba\/blog\/#primaryimage\",\"url\":\"https:\/\/servicesforpharmacies.com\/wp-content\/uploads\/bb-plugin\/cache\/woman-in-gray-tank-top-showing-distress-3812745-1024x683-landscape.jpg\",\"contentUrl\":\"https:\/\/servicesforpharmacies.com\/wp-content\/uploads\/bb-plugin\/cache\/woman-in-gray-tank-top-showing-distress-3812745-1024x683-landscape.jpg\"},{\"@type\":\"BreadcrumbList\",\"@id\":\"https:\/\/servicesforpharmacies.com\/ba\/blog\/#breadcrumb\",\"itemListElement\":[{\"@type\":\"ListItem\",\"position\":1,\"name\":\"Home\",\"item\":\"https:\/\/servicesforpharmacies.com\/ba\/\"},{\"@type\":\"ListItem\",\"position\":2,\"name\":\"Blog\"}]},{\"@type\":\"WebSite\",\"@id\":\"https:\/\/servicesforpharmacies.com\/#website\",\"url\":\"https:\/\/servicesforpharmacies.com\/\",\"name\":\"Services for pharmacies\",\"description\":\"\",\"publisher\":{\"@id\":\"https:\/\/servicesforpharmacies.com\/#organization\"},\"potentialAction\":[{\"@type\":\"SearchAction\",\"target\":{\"@type\":\"EntryPoint\",\"urlTemplate\":\"https:\/\/servicesforpharmacies.com\/?s={search_term_string}\"},\"query-input\":{\"@type\":\"PropertyValueSpecification\",\"valueRequired\":true,\"valueName\":\"search_term_string\"}}],\"inLanguage\":\"bs-BA\"},{\"@type\":\"Organization\",\"@id\":\"https:\/\/servicesforpharmacies.com\/#organization\",\"name\":\"VitalPlusActive Group Ltd\",\"url\":\"https:\/\/servicesforpharmacies.com\/\",\"logo\":{\"@type\":\"ImageObject\",\"inLanguage\":\"bs-BA\",\"@id\":\"https:\/\/servicesforpharmacies.com\/#\/schema\/logo\/image\/\",\"url\":\"https:\/\/servicesforpharmacies.com\/wp-content\/uploads\/2020\/07\/logo-eng.jpg\",\"contentUrl\":\"https:\/\/servicesforpharmacies.com\/wp-content\/uploads\/2020\/07\/logo-eng.jpg\",\"width\":398,\"height\":90,\"caption\":\"VitalPlusActive Group Ltd\"},\"image\":{\"@id\":\"https:\/\/servicesforpharmacies.com\/#\/schema\/logo\/image\/\"}}]}<\/script>\n<!-- \/ Yoast SEO Premium plugin. -->","yoast_head_json":{"title":"Blog | Services for pharmacies","robots":{"index":"index","follow":"follow","max-snippet":"max-snippet:-1","max-image-preview":"max-image-preview:large","max-video-preview":"max-video-preview:-1"},"canonical":"https:\/\/servicesforpharmacies.com\/ba\/blog\/","og_locale":"bs_BA","og_type":"article","og_title":"Blog","og_description":"Za\u0161to ga koristimo? July 31, 2020 Odavno je uspostavljena \u010dinjenica da \u010dita\u010da ometa razumljivi tekst dok gleda raspored elemenata na stranici. Smisao kori\u0161tenja Lorem Ipsum-a jest u tome \u0161to umjesto &#8216;sadr\u017eaj ovjde, sadr\u017eaj ovjde&#8217; imamo normalni&#8230; \u0160to je Lorem Ipsum? July 31, 2020 Lorem Ipsum&nbsp;je jednostavno probni tekst koji se koristi u tiskarskoj i slovoslagarskoj&hellip;","og_url":"https:\/\/servicesforpharmacies.com\/ba\/blog\/","og_site_name":"Services for pharmacies","article_modified_time":"2020-12-23T12:06:05+00:00","og_image":[{"url":"https:\/\/servicesforpharmacies.com\/wp-content\/uploads\/bb-plugin\/cache\/woman-in-gray-tank-top-showing-distress-3812745-1024x683-landscape.jpg","type":"","width":"","height":""}],"twitter_card":"summary_large_image","schema":{"@context":"https:\/\/schema.org","@graph":[{"@type":"WebPage","@id":"https:\/\/servicesforpharmacies.com\/ba\/blog\/","url":"https:\/\/servicesforpharmacies.com\/ba\/blog\/","name":"Blog | Services for pharmacies","isPartOf":{"@id":"https:\/\/servicesforpharmacies.com\/#website"},"primaryImageOfPage":{"@id":"https:\/\/servicesforpharmacies.com\/ba\/blog\/#primaryimage"},"image":{"@id":"https:\/\/servicesforpharmacies.com\/ba\/blog\/#primaryimage"},"thumbnailUrl":"https:\/\/servicesforpharmacies.com\/wp-content\/uploads\/bb-plugin\/cache\/woman-in-gray-tank-top-showing-distress-3812745-1024x683-landscape.jpg","datePublished":"2020-07-31T10:56:35+00:00","dateModified":"2020-12-23T12:06:05+00:00","breadcrumb":{"@id":"https:\/\/servicesforpharmacies.com\/ba\/blog\/#breadcrumb"},"inLanguage":"bs-BA","potentialAction":[{"@type":"ReadAction","target":["https:\/\/servicesforpharmacies.com\/ba\/blog\/"]}]},{"@type":"ImageObject","inLanguage":"bs-BA","@id":"https:\/\/servicesforpharmacies.com\/ba\/blog\/#primaryimage","url":"https:\/\/servicesforpharmacies.com\/wp-content\/uploads\/bb-plugin\/cache\/woman-in-gray-tank-top-showing-distress-3812745-1024x683-landscape.jpg","contentUrl":"https:\/\/servicesforpharmacies.com\/wp-content\/uploads\/bb-plugin\/cache\/woman-in-gray-tank-top-showing-distress-3812745-1024x683-landscape.jpg"},{"@type":"BreadcrumbList","@id":"https:\/\/servicesforpharmacies.com\/ba\/blog\/#breadcrumb","itemListElement":[{"@type":"ListItem","position":1,"name":"Home","item":"https:\/\/servicesforpharmacies.com\/ba\/"},{"@type":"ListItem","position":2,"name":"Blog"}]},{"@type":"WebSite","@id":"https:\/\/servicesforpharmacies.com\/#website","url":"https:\/\/servicesforpharmacies.com\/","name":"Services for pharmacies","description":"","publisher":{"@id":"https:\/\/servicesforpharmacies.com\/#organization"},"potentialAction":[{"@type":"SearchAction","target":{"@type":"EntryPoint","urlTemplate":"https:\/\/servicesforpharmacies.com\/?s={search_term_string}"},"query-input":{"@type":"PropertyValueSpecification","valueRequired":true,"valueName":"search_term_string"}}],"inLanguage":"bs-BA"},{"@type":"Organization","@id":"https:\/\/servicesforpharmacies.com\/#organization","name":"VitalPlusActive Group Ltd","url":"https:\/\/servicesforpharmacies.com\/","logo":{"@type":"ImageObject","inLanguage":"bs-BA","@id":"https:\/\/servicesforpharmacies.com\/#\/schema\/logo\/image\/","url":"https:\/\/servicesforpharmacies.com\/wp-content\/uploads\/2020\/07\/logo-eng.jpg","contentUrl":"https:\/\/servicesforpharmacies.com\/wp-content\/uploads\/2020\/07\/logo-eng.jpg","width":398,"height":90,"caption":"VitalPlusActive Group Ltd"},"image":{"@id":"https:\/\/servicesforpharmacies.com\/#\/schema\/logo\/image\/"}}]}},"_links":{"self":[{"href":"https:\/\/servicesforpharmacies.com\/ba\/wp-json\/wp\/v2\/pages\/25399","targetHints":{"allow":["GET"]}}],"collection":[{"href":"https:\/\/servicesforpharmacies.com\/ba\/wp-json\/wp\/v2\/pages"}],"about":[{"href":"https:\/\/servicesforpharmacies.com\/ba\/wp-json\/wp\/v2\/types\/page"}],"author":[{"embeddable":true,"href":"https:\/\/servicesforpharmacies.com\/ba\/wp-json\/wp\/v2\/users\/1"}],"replies":[{"embeddable":true,"href":"https:\/\/servicesforpharmacies.com\/ba\/wp-json\/wp\/v2\/comments?post=25399"}],"version-history":[{"count":0,"href":"https:\/\/servicesforpharmacies.com\/ba\/wp-json\/wp\/v2\/pages\/25399\/revisions"}],"wp:attachment":[{"href":"https:\/\/servicesforpharmacies.com\/ba\/wp-json\/wp\/v2\/media?parent=25399"}],"curies":[{"name":"wp","href":"https:\/\/api.w.org\/{rel}","templated":true}]}}