{"id":25395,"date":"2020-09-18T08:23:23","date_gmt":"2020-09-18T08:23:23","guid":{"rendered":"http:\/\/servicesforpharmacies.com\/nega-lica\/"},"modified":"2021-05-21T10:04:59","modified_gmt":"2021-05-21T10:04:59","slug":"dermo-masaza-kiseonikom","status":"publish","type":"page","link":"https:\/\/servicesforpharmacies.com\/ba\/dermo-masaza-kiseonikom\/","title":{"rendered":"Kiseonik"},"content":{"rendered":"\n<h1>\n\t\tDERMO MASA\u017dA KISEONIKOM\n\t<\/h1>\n\t<p>Dermo masa\u017ea kiseonikom unosi u ko\u017eu visoku koncentraciju \u010distog kiseonika i omogu\u0107ava ponovnu aktivaciju \u0107elijske proizvodnje. To je vrlo jednostavan, bezbolan, ugodan i opu\u0161taju\u0107i tretman.<\/p>\n<p>S godinama i progresivnim gubitkom kiseonika u ko\u017enom tkivu, ko\u017ea je sklona bez\u017eivotnoj boji, gubitku tonusa i elasti\u010dnosti s posljedi\u010dnim opu\u0161tanjem ko\u017ee.<\/p>\n<h2>\n\t\tKOJI SU POZITIVNI U\u010cINCI ZA KO\u017dU?\u2003\n\t<\/h2>\n\t<p>Kiseonik djeluje revitaliziraju\u0107e na tkivo epiderme i omogu\u0107uje bolje izlu\u010divanje akumuliranih toksina koji uzrokuju sivkastu, bez\u017eivotnu boju ko\u017ee. Pobolj\u0161ava mikro cirkulaciju i \u0107elijski metabolizam ko\u017ee te tako poti\u010de proizvodnju kolagena i elastina od fibroblasta.<\/p>\n<h2>\n\t\tKOJI SU REZULTATI?\n\t<\/h2>\n\t<p><strong>Ve\u0107 nakon prvog tretmana <\/strong> vidljivi su pozitivni pomaci svih morfolo\u0161kih parametra ko\u017ee. Ko\u017ea je vidljivo tonificirana, svjetlija, kompaktnija, elasti\u010dnija i hidratizirana. Lice je zagla\u0111eno, postignut  je trenutni lifting efekt koji zna\u010dajno uklanja izra\u017eajne bore.<\/p>\n\t\t\t\t<img decoding=\"async\" src=\"https:\/\/servicesforpharmacies.com\/wp-content\/uploads\/2020\/07\/skin-before.jpg\" alt=\"Kisik prije\" itemprop=\"image\" title=\"skin before\" onerror=\"this.style.display='none'\"  \/>\n\t\t\t\t<img decoding=\"async\" src=\"https:\/\/servicesforpharmacies.com\/wp-content\/uploads\/2020\/07\/skin-after.jpg\" alt=\"Kisik poslije\" itemprop=\"image\" title=\"skin after\" onerror=\"this.style.display='none'\"  \/>\n<h2>\n\t\tDERMO MASA\u017dA KISEONIKOM &#8211; KOME JE PREPORU\u010cUJEMO?\n\t<\/h2>\n<table  data-tablesaw-minimap>\n\t\t<thead>\n\t\t<tr>\n\t\t\t<th id=\"pp-table-col-1\" scope=\"col\" data-tablesaw-sortable-col>TIP KO\u017dE<\/th><th id=\"pp-table-col-2\" scope=\"col\" data-tablesaw-sortable-col>DJELOVANJE<\/th>\t\t<\/tr>\n\t<\/thead>\n\t\t<tbody>\n\t\t<tr><td>Mje\u0161ovita, ne\u010dista, aknasta ko\u017ea<\/td><td>Djeluje adstringentno na pore epiderme i pospje\u0161uje zacjeljivanje<\/td><\/tr><tr><td>Suha, dehidrirana, tanka i osjetljiva ko\u017ea<\/td><td>Djeluje hidratiziraju\u0107e, stimulira proizvodnju kolagena i elastina<\/td><\/tr><tr><td>Bez\u017eivotna ko\u017ea s izra\u017eajnim borama<\/td><td>Djeluje protiv bora, uklanja toksine te revitalizira i tonificira ko\u017eu<\/td><\/tr>\t<\/tbody>\n<\/table>\n\t\n\t\t\t<p>&#8220;Isprobala sam dermo masa\u017eu kiseonikom u apoteci&#8230; jako sam se iznenadila nad odli\u010dnim rezultatom ve\u0107 nakon 15 min. Isprobajte i vi. Toplo preporu\u010dam.Selma&#8221;<\/p>\t\t\n\t\t\t<p>&#8220;Mislila sam da je to jo\u0161 jedna promocija proizvoda u apoteci&#8230;na kraju sam bila jako zadovoljna zato \u0161to je bila g\u0111a Almina, savjetnica u apoteci veoma stru\u010dna i profesionalna.\u00a0\u00a0Senada&#8221;<\/p>\t\t\n\t\t\t<p>&#8220;Dermo masa\u017ea kiseonikom je otkri\u0107e! Na ve\u010deri\u00a0 s prijateljima&#8230;su me svi pitali \u0161to sam uradila sa licem. Stvarno je fenomenalno! Preporu\u010dam svima.\u00a0Biljana&#8221;<\/p>\t\t\n<h2>\n\t\tBESPLATNO\n\t<\/h2>\n<h3>\n\t\tLI\u010cNO\n\t<\/h3>\n<h3>\n\t\tSAVJETOVANJE \n\t<\/h3>\n<h4>\n\t\tVIDEO-POZIV\n\t<\/h4>\n<h4>\n\t\tILI\n\t<\/h4>\n<h4>\n\t\tTELEFON\n\t<\/h4>\n\t\t\t<a href=\"https:\/\/servicesforpharmacies.com\/ba\/ox-picker\" target=\"_blank\" role=\"button\" rel=\"noopener\">\n\t\t\t\t\t\t\tNaru\u010dite se odmah &#8230;\n\t\t\t\t\t<\/a>\n\t\t\t\t<a href=\"https:\/\/servicesforpharmacies.com\/ba\/\" target=\"_blank\" rel=\"noopener\" itemprop=\"url\">\n\t\t\t\t<img loading=\"lazy\" decoding=\"async\" src=\"https:\/\/servicesforpharmacies.com\/wp-content\/uploads\/2020\/08\/gdja.jpg\" alt=\"Savjetovanje za lice\" itemprop=\"image\" height=\"604\" width=\"640\" title=\"gdja\" onerror=\"this.style.display='none'\"  \/>\n\t\t\t\t<\/a>\n\t    <div id=\"osm_map_69e63f2f7a389\" style=\"height: 650px;\"><\/div>\n    <script>\ndocument.addEventListener(\"DOMContentLoaded\", function () {\n    const map = L.map('osm_map_69e63f2f7a389').setView([44, 17], 7);\n\n    L.tileLayer('https:\/\/{s}.tile.openstreetmap.org\/{z}\/{x}\/{y}.png', {\n        maxZoom: 19,\n        attribution: '&copy; OpenStreetMap contributors'\n    }).addTo(map);\n\n    fetch(\"https:\/\/servicesforpharmacies.com\/cron\/ba-o.php\")\n        .then(response => response.json())\n        .then(results => {\n            if (!results || !results.pharmacies) {\n                console.warn(\"No pharmacies data in response\");\n                return;\n            }\n\n            results.pharmacies.forEach(pharmacy => {\n                if ((pharmacy.scalp || pharmacy.skin) && pharmacy.latitude && pharmacy.longitude) {\n\n                    let name = pharmacy.name\n    .toLowerCase()\n    .replace(\/\\s+\/g, '-')\n    .replace(\/[\u0111\u00f0]\/g, 'd')   \/\/ \u2705 fix \u0110 and \u0111\n    .replace(\/[\u0161]\/g, 's')\n    .replace(\/[\u010d\u0107]\/g, 'c')\n    .replace(\/[\u017e]\/g, 'z')\n    .normalize(\"NFD\")\n    .replace(\/[\\u0300-\\u036f]\/g, \"\")\n    .replace(\/[^a-z0-9-]\/g, '-')\n    .replace(\/^-+|-+$\/g, '')\n    .replace(\/-+\/g, '-');\n\n                    let scalp = pharmacy.scalp ? `<a href=\"\/ba\/scalp\/${name}\">SCALP<\/a>` : '';\n                    let skin = pharmacy.skin ? `<a href=\"\/ba\/skin\/${name}\">SKIN<\/a>` : '';\n\n                    let content = `\n                        <div style=\"display:flex;flex-direction:row;align-items:center;\">\n                            <img decoding=\"async\" src=\"https:\/\/servicesforpharmacies.com\/wp-content\/uploads\/2020\/08\/mappin.png\" style=\"height:50px;margin:0 10px;\">\n                            <div>\n                                <h4>${pharmacy.name}<\/h4>\n                                ${pharmacy.address}, ${pharmacy.municipality}<br>\n                                ${scalp}<br>${skin}\n                            <\/div>\n                        <\/div>\n                    `;\n\n                    const greenIcon = L.icon({\n    iconUrl: 'https:\/\/raw.githubusercontent.com\/pointhi\/leaflet-color-markers\/master\/img\/marker-icon-green.png',\n    shadowUrl: 'https:\/\/unpkg.com\/leaflet@1.9.4\/dist\/images\/marker-shadow.png',\n    iconSize:     [25, 41],\n    iconAnchor:   [12, 41],\n    popupAnchor:  [1, -34],\n    shadowSize:   [41, 41]\n});\n\nconst marker = L.marker([pharmacy.latitude, pharmacy.longitude], { icon: greenIcon }).addTo(map);\n\n                    marker.bindPopup(content);\n                }\n            });\n        })\n        .catch(error => {\n            console.error(\"Map data fetch failed\", error);\n        });\n});\n<\/script>\n\n    \n\n","protected":false},"excerpt":{"rendered":"<p>DERMO MASA\u017dA KISEONIKOM Dermo masa\u017ea kiseonikom unosi u ko\u017eu visoku koncentraciju \u010distog kiseonika i omogu\u0107ava ponovnu aktivaciju \u0107elijske proizvodnje. To je vrlo jednostavan, bezbolan, ugodan i opu\u0161taju\u0107i tretman. S godinama i progresivnim gubitkom kiseonika u ko\u017enom tkivu, ko\u017ea je sklona bez\u017eivotnoj boji, gubitku tonusa i elasti\u010dnosti s posljedi\u010dnim opu\u0161tanjem ko\u017ee. KOJI SU POZITIVNI U\u010cINCI ZA&hellip;<\/p>\n","protected":false},"author":1,"featured_media":36232,"parent":0,"menu_order":0,"comment_status":"closed","ping_status":"closed","template":"","meta":{"_acf_changed":false,"footnotes":""},"class_list":["post-25395","page","type-page","status-publish","has-post-thumbnail","hentry"],"acf":[],"yoast_head":"<!-- This site is optimized with the Yoast SEO Premium plugin v22.9 (Yoast SEO v27.0) - https:\/\/yoast.com\/product\/yoast-seo-premium-wordpress\/ -->\n<title>DERMO MASA\u017dA KISEONIKOM - Naru\u010di se u apoteci BESPLATNO\u2705<\/title>\n<meta name=\"description\" content=\"Dermo masa\u017ea kiseonikom i osobno savjetovanje - Naru\u010di se on-line u najbli\u017eoj apoteci. Jednostavno super je a jo\u0161 i BESPLATNO! Iskoristi! ?\" \/>\n<meta name=\"robots\" content=\"index, follow, max-snippet:-1, max-image-preview:large, max-video-preview:-1\" \/>\n<link rel=\"canonical\" href=\"https:\/\/servicesforpharmacies.com\/ba\/dermo-masaza-kiseonikom\/\" \/>\n<meta property=\"og:locale\" content=\"bs_BA\" \/>\n<meta property=\"og:type\" content=\"article\" \/>\n<meta property=\"og:title\" content=\"Kiseonik\" \/>\n<meta property=\"og:description\" content=\"Dermo masa\u017ea kiseonikom i osobno savjetovanje - Naru\u010di se on-line u najbli\u017eoj apoteci. Jednostavno super je a jo\u0161 i BESPLATNO! Iskoristi! ?\" \/>\n<meta property=\"og:url\" content=\"https:\/\/servicesforpharmacies.com\/ba\/dermo-masaza-kiseonikom\/\" \/>\n<meta property=\"og:site_name\" content=\"Services for pharmacies\" \/>\n<meta property=\"article:modified_time\" content=\"2021-05-21T10:04:59+00:00\" \/>\n<meta property=\"og:image\" content=\"https:\/\/servicesforpharmacies.com\/wp-content\/uploads\/2020\/08\/OXY-D.jpg\" \/>\n\t<meta property=\"og:image:width\" content=\"1920\" \/>\n\t<meta property=\"og:image:height\" content=\"1080\" \/>\n\t<meta property=\"og:image:type\" content=\"image\/jpeg\" \/>\n<meta name=\"twitter:card\" content=\"summary_large_image\" \/>\n<meta name=\"twitter:label1\" content=\"Est. reading time\" \/>\n\t<meta name=\"twitter:data1\" content=\"2 minute\" \/>\n<script type=\"application\/ld+json\" class=\"yoast-schema-graph\">{\"@context\":\"https:\/\/schema.org\",\"@graph\":[{\"@type\":\"WebPage\",\"@id\":\"https:\/\/servicesforpharmacies.com\/ba\/dermo-masaza-kiseonikom\/\",\"url\":\"https:\/\/servicesforpharmacies.com\/ba\/dermo-masaza-kiseonikom\/\",\"name\":\"DERMO MASA\u017dA KISEONIKOM - Naru\u010di se u apoteci BESPLATNO\u2705\",\"isPartOf\":{\"@id\":\"https:\/\/servicesforpharmacies.com\/ba\/#website\"},\"primaryImageOfPage\":{\"@id\":\"https:\/\/servicesforpharmacies.com\/ba\/dermo-masaza-kiseonikom\/#primaryimage\"},\"image\":{\"@id\":\"https:\/\/servicesforpharmacies.com\/ba\/dermo-masaza-kiseonikom\/#primaryimage\"},\"thumbnailUrl\":\"https:\/\/servicesforpharmacies.com\/wp-content\/uploads\/2020\/08\/OXY-D.jpg\",\"datePublished\":\"2020-09-18T08:23:23+00:00\",\"dateModified\":\"2021-05-21T10:04:59+00:00\",\"description\":\"Dermo masa\u017ea kiseonikom i osobno savjetovanje - Naru\u010di se on-line u najbli\u017eoj apoteci. Jednostavno super je a jo\u0161 i BESPLATNO! Iskoristi! ?\",\"breadcrumb\":{\"@id\":\"https:\/\/servicesforpharmacies.com\/ba\/dermo-masaza-kiseonikom\/#breadcrumb\"},\"inLanguage\":\"bs-BA\",\"potentialAction\":[{\"@type\":\"ReadAction\",\"target\":[\"https:\/\/servicesforpharmacies.com\/ba\/dermo-masaza-kiseonikom\/\"]}]},{\"@type\":\"ImageObject\",\"inLanguage\":\"bs-BA\",\"@id\":\"https:\/\/servicesforpharmacies.com\/ba\/dermo-masaza-kiseonikom\/#primaryimage\",\"url\":\"https:\/\/servicesforpharmacies.com\/wp-content\/uploads\/2020\/08\/OXY-D.jpg\",\"contentUrl\":\"https:\/\/servicesforpharmacies.com\/wp-content\/uploads\/2020\/08\/OXY-D.jpg\",\"width\":1920,\"height\":1080,\"caption\":\"dermo masa\u017ea kiseonikom\"},{\"@type\":\"BreadcrumbList\",\"@id\":\"https:\/\/servicesforpharmacies.com\/ba\/dermo-masaza-kiseonikom\/#breadcrumb\",\"itemListElement\":[{\"@type\":\"ListItem\",\"position\":1,\"name\":\"Home\",\"item\":\"https:\/\/servicesforpharmacies.com\/ba\/\"},{\"@type\":\"ListItem\",\"position\":2,\"name\":\"Kiseonik\"}]},{\"@type\":\"WebSite\",\"@id\":\"https:\/\/servicesforpharmacies.com\/ba\/#website\",\"url\":\"https:\/\/servicesforpharmacies.com\/ba\/\",\"name\":\"Services for pharmacies\",\"description\":\"\",\"publisher\":{\"@id\":\"https:\/\/servicesforpharmacies.com\/ba\/#organization\"},\"potentialAction\":[{\"@type\":\"SearchAction\",\"target\":{\"@type\":\"EntryPoint\",\"urlTemplate\":\"https:\/\/servicesforpharmacies.com\/ba\/?s={search_term_string}\"},\"query-input\":{\"@type\":\"PropertyValueSpecification\",\"valueRequired\":true,\"valueName\":\"search_term_string\"}}],\"inLanguage\":\"bs-BA\"},{\"@type\":\"Organization\",\"@id\":\"https:\/\/servicesforpharmacies.com\/ba\/#organization\",\"name\":\"VitalPlusActive Group Ltd\",\"url\":\"https:\/\/servicesforpharmacies.com\/ba\/\",\"logo\":{\"@type\":\"ImageObject\",\"inLanguage\":\"bs-BA\",\"@id\":\"https:\/\/servicesforpharmacies.com\/ba\/#\/schema\/logo\/image\/\",\"url\":\"https:\/\/servicesforpharmacies.com\/wp-content\/uploads\/2020\/07\/logo-eng.jpg\",\"contentUrl\":\"https:\/\/servicesforpharmacies.com\/wp-content\/uploads\/2020\/07\/logo-eng.jpg\",\"width\":398,\"height\":90,\"caption\":\"VitalPlusActive Group Ltd\"},\"image\":{\"@id\":\"https:\/\/servicesforpharmacies.com\/ba\/#\/schema\/logo\/image\/\"}}]}<\/script>\n<!-- \/ Yoast SEO Premium plugin. -->","yoast_head_json":{"title":"DERMO MASA\u017dA KISEONIKOM - Naru\u010di se u apoteci BESPLATNO\u2705","description":"Dermo masa\u017ea kiseonikom i osobno savjetovanje - Naru\u010di se on-line u najbli\u017eoj apoteci. Jednostavno super je a jo\u0161 i BESPLATNO! Iskoristi! ?","robots":{"index":"index","follow":"follow","max-snippet":"max-snippet:-1","max-image-preview":"max-image-preview:large","max-video-preview":"max-video-preview:-1"},"canonical":"https:\/\/servicesforpharmacies.com\/ba\/dermo-masaza-kiseonikom\/","og_locale":"bs_BA","og_type":"article","og_title":"Kiseonik","og_description":"Dermo masa\u017ea kiseonikom i osobno savjetovanje - Naru\u010di se on-line u najbli\u017eoj apoteci. Jednostavno super je a jo\u0161 i BESPLATNO! Iskoristi! ?","og_url":"https:\/\/servicesforpharmacies.com\/ba\/dermo-masaza-kiseonikom\/","og_site_name":"Services for pharmacies","article_modified_time":"2021-05-21T10:04:59+00:00","og_image":[{"width":1920,"height":1080,"url":"https:\/\/servicesforpharmacies.com\/wp-content\/uploads\/2020\/08\/OXY-D.jpg","type":"image\/jpeg"}],"twitter_card":"summary_large_image","twitter_misc":{"Est. reading time":"2 minute"},"schema":{"@context":"https:\/\/schema.org","@graph":[{"@type":"WebPage","@id":"https:\/\/servicesforpharmacies.com\/ba\/dermo-masaza-kiseonikom\/","url":"https:\/\/servicesforpharmacies.com\/ba\/dermo-masaza-kiseonikom\/","name":"DERMO MASA\u017dA KISEONIKOM - Naru\u010di se u apoteci BESPLATNO\u2705","isPartOf":{"@id":"https:\/\/servicesforpharmacies.com\/ba\/#website"},"primaryImageOfPage":{"@id":"https:\/\/servicesforpharmacies.com\/ba\/dermo-masaza-kiseonikom\/#primaryimage"},"image":{"@id":"https:\/\/servicesforpharmacies.com\/ba\/dermo-masaza-kiseonikom\/#primaryimage"},"thumbnailUrl":"https:\/\/servicesforpharmacies.com\/wp-content\/uploads\/2020\/08\/OXY-D.jpg","datePublished":"2020-09-18T08:23:23+00:00","dateModified":"2021-05-21T10:04:59+00:00","description":"Dermo masa\u017ea kiseonikom i osobno savjetovanje - Naru\u010di se on-line u najbli\u017eoj apoteci. Jednostavno super je a jo\u0161 i BESPLATNO! Iskoristi! ?","breadcrumb":{"@id":"https:\/\/servicesforpharmacies.com\/ba\/dermo-masaza-kiseonikom\/#breadcrumb"},"inLanguage":"bs-BA","potentialAction":[{"@type":"ReadAction","target":["https:\/\/servicesforpharmacies.com\/ba\/dermo-masaza-kiseonikom\/"]}]},{"@type":"ImageObject","inLanguage":"bs-BA","@id":"https:\/\/servicesforpharmacies.com\/ba\/dermo-masaza-kiseonikom\/#primaryimage","url":"https:\/\/servicesforpharmacies.com\/wp-content\/uploads\/2020\/08\/OXY-D.jpg","contentUrl":"https:\/\/servicesforpharmacies.com\/wp-content\/uploads\/2020\/08\/OXY-D.jpg","width":1920,"height":1080,"caption":"dermo masa\u017ea kiseonikom"},{"@type":"BreadcrumbList","@id":"https:\/\/servicesforpharmacies.com\/ba\/dermo-masaza-kiseonikom\/#breadcrumb","itemListElement":[{"@type":"ListItem","position":1,"name":"Home","item":"https:\/\/servicesforpharmacies.com\/ba\/"},{"@type":"ListItem","position":2,"name":"Kiseonik"}]},{"@type":"WebSite","@id":"https:\/\/servicesforpharmacies.com\/ba\/#website","url":"https:\/\/servicesforpharmacies.com\/ba\/","name":"Services for pharmacies","description":"","publisher":{"@id":"https:\/\/servicesforpharmacies.com\/ba\/#organization"},"potentialAction":[{"@type":"SearchAction","target":{"@type":"EntryPoint","urlTemplate":"https:\/\/servicesforpharmacies.com\/ba\/?s={search_term_string}"},"query-input":{"@type":"PropertyValueSpecification","valueRequired":true,"valueName":"search_term_string"}}],"inLanguage":"bs-BA"},{"@type":"Organization","@id":"https:\/\/servicesforpharmacies.com\/ba\/#organization","name":"VitalPlusActive Group Ltd","url":"https:\/\/servicesforpharmacies.com\/ba\/","logo":{"@type":"ImageObject","inLanguage":"bs-BA","@id":"https:\/\/servicesforpharmacies.com\/ba\/#\/schema\/logo\/image\/","url":"https:\/\/servicesforpharmacies.com\/wp-content\/uploads\/2020\/07\/logo-eng.jpg","contentUrl":"https:\/\/servicesforpharmacies.com\/wp-content\/uploads\/2020\/07\/logo-eng.jpg","width":398,"height":90,"caption":"VitalPlusActive Group Ltd"},"image":{"@id":"https:\/\/servicesforpharmacies.com\/ba\/#\/schema\/logo\/image\/"}}]}},"_links":{"self":[{"href":"https:\/\/servicesforpharmacies.com\/ba\/wp-json\/wp\/v2\/pages\/25395","targetHints":{"allow":["GET"]}}],"collection":[{"href":"https:\/\/servicesforpharmacies.com\/ba\/wp-json\/wp\/v2\/pages"}],"about":[{"href":"https:\/\/servicesforpharmacies.com\/ba\/wp-json\/wp\/v2\/types\/page"}],"author":[{"embeddable":true,"href":"https:\/\/servicesforpharmacies.com\/ba\/wp-json\/wp\/v2\/users\/1"}],"replies":[{"embeddable":true,"href":"https:\/\/servicesforpharmacies.com\/ba\/wp-json\/wp\/v2\/comments?post=25395"}],"version-history":[{"count":0,"href":"https:\/\/servicesforpharmacies.com\/ba\/wp-json\/wp\/v2\/pages\/25395\/revisions"}],"wp:featuredmedia":[{"embeddable":true,"href":"https:\/\/servicesforpharmacies.com\/ba\/wp-json\/wp\/v2\/media\/36232"}],"wp:attachment":[{"href":"https:\/\/servicesforpharmacies.com\/ba\/wp-json\/wp\/v2\/media?parent=25395"}],"curies":[{"name":"wp","href":"https:\/\/api.w.org\/{rel}","templated":true}]}}