{"id":59524,"date":"2020-09-18T08:28:03","date_gmt":"2020-09-18T08:28:03","guid":{"rendered":"http:\/\/servicesforpharmacies.com\/blog\/"},"modified":"2022-08-16T07:50:35","modified_gmt":"2022-08-16T07:50:35","slug":"blog","status":"publish","type":"page","link":"https:\/\/servicesforpharmacies.com\/at\/blog\/","title":{"rendered":"Blog"},"content":{"rendered":"\n<h1>\n\t\tBLOG \n\t<\/h1>\n\t<meta itemscope=\"\" itemprop=\"mainEntityOfPage\" itemtype=\"https:\/\/schema.org\/WebPage\" itemid=\"https:\/\/servicesforpharmacies.com\/at\/rast-las-pravilna-oksigenacija-lasisca-delovanje-bakterijske-flore-izlocanje-zlez-lojnic-hranjenje-lasnega-korena-zivljenski-ciklus-las\/\" content=\"Rast las.\"><meta itemprop=\"datePublished\" content=\"2020-12-28\"><meta itemprop=\"dateModified\" content=\"2020-12-28\"><meta itemprop=\"name\" content=\"Services for pharmacies\"><meta itemprop=\"url\" content=\"https:\/\/servicesforpharmacies.com\/at\/author\/editor_si\/\"><meta itemprop=\"name\" content=\"editor_si\"><meta itemprop=\"url\" content=\"https:\/\/servicesforpharmacies.com\/wp-content\/uploads\/2020\/07\/woman-wearing-white-long-sleeved-shirt-973401-1.jpg\"><meta itemprop=\"width\" content=\"1920\"><meta itemprop=\"height\" content=\"1281\"><meta itemprop=\"interactionType\" content=\"https:\/\/schema.org\/CommentAction\"><meta itemprop=\"userInteractionCount\" content=\"0\">\n\t\t\t\t\t<a href=\"https:\/\/servicesforpharmacies.com\/at\/rast-las-pravilna-oksigenacija-lasisca-delovanje-bakterijske-flore-izlocanje-zlez-lojnic-hranjenje-lasnega-korena-zivljenski-ciklus-las\/\" title=\"Rast las.\"><\/a>\n\t\t\t<h3 itemprop=\"headline\">\n\t\t\t\t\t\t\t\t\t\tRast las.\t\t\t\t\t\t\t<\/h3>\n\t\t\t\t\t\t\t\t\t\t\t\t\tDecember 28, 2020\t\t\t\t\t\t\t\t\t\t\t\n\t\t\t\t<img loading=\"lazy\" decoding=\"async\" src=\"https:\/\/servicesforpharmacies.com\/wp-content\/uploads\/bb-plugin\/cache\/woman-wearing-white-long-sleeved-shirt-973401-1-1024x683-landscape.jpg\" alt=\"rast las SLO\" itemprop=\"image\" data-no-lazy=\"1\" height=\"683\" width=\"1024\" title=\"woman-wearing-white-long-sleeved-shirt-973401\" onerror=\"this.style.display='none'\">\n    Rast las je odvisna predvsem od 4 osnovnih pogojev. Pravilna oksigenacija lasi\u0161\u010da, delovanje bakterijske flore, izlo\u010danje \u017elez lojnic in hranjenje lasnega korena. (Ponovna) rast las je klju\u010dna za njeno ohranjanje&#8230;\n\t\t<!-- .pp-content-posts -->\n","protected":false},"excerpt":{"rendered":"<p>BLOG Rast las. December 28, 2020 Rast las je odvisna predvsem od 4 osnovnih pogojev. Pravilna oksigenacija lasi\u0161\u010da, delovanje bakterijske flore, izlo\u010danje \u017elez lojnic in hranjenje lasnega korena. (Ponovna) rast las je klju\u010dna za njeno ohranjanje&#8230;<\/p>\n","protected":false},"author":1,"featured_media":0,"parent":0,"menu_order":0,"comment_status":"closed","ping_status":"closed","template":"","meta":{"_acf_changed":false,"footnotes":""},"class_list":["post-59524","page","type-page","status-publish","hentry"],"acf":[],"yoast_head":"<!-- This site is optimized with the Yoast SEO Premium plugin v22.9 (Yoast SEO v27.0) - https:\/\/yoast.com\/product\/yoast-seo-premium-wordpress\/ -->\n<title>Blog | Services for pharmacies<\/title>\n<meta name=\"robots\" content=\"index, follow, max-snippet:-1, max-image-preview:large, max-video-preview:-1\" \/>\n<link rel=\"canonical\" href=\"https:\/\/servicesforpharmacies.com\/at\/blog\/\" \/>\n<meta property=\"og:locale\" content=\"en_US\" \/>\n<meta property=\"og:type\" content=\"article\" \/>\n<meta property=\"og:title\" content=\"Blog\" \/>\n<meta property=\"og:description\" content=\"BLOG Rast las. December 28, 2020 Rast las je odvisna predvsem od 4 osnovnih pogojev. Pravilna oksigenacija lasi\u0161\u010da, delovanje bakterijske flore, izlo\u010danje \u017elez lojnic in hranjenje lasnega korena. (Ponovna) rast las je klju\u010dna za njeno ohranjanje&#8230;\" \/>\n<meta property=\"og:url\" content=\"https:\/\/servicesforpharmacies.com\/at\/blog\/\" \/>\n<meta property=\"og:site_name\" content=\"Services for pharmacies\" \/>\n<meta property=\"article:modified_time\" content=\"2022-08-16T07:50:35+00:00\" \/>\n<meta property=\"og:image\" content=\"https:\/\/servicesforpharmacies.com\/wp-content\/uploads\/bb-plugin\/cache\/woman-wearing-white-long-sleeved-shirt-973401-1-1024x683-landscape.jpg\" \/>\n<meta name=\"twitter:card\" content=\"summary_large_image\" \/>\n<script type=\"application\/ld+json\" class=\"yoast-schema-graph\">{\"@context\":\"https:\/\/schema.org\",\"@graph\":[{\"@type\":\"WebPage\",\"@id\":\"https:\/\/servicesforpharmacies.com\/at\/blog\/\",\"url\":\"https:\/\/servicesforpharmacies.com\/at\/blog\/\",\"name\":\"Blog | Services for pharmacies\",\"isPartOf\":{\"@id\":\"https:\/\/servicesforpharmacies.com\/#website\"},\"primaryImageOfPage\":{\"@id\":\"https:\/\/servicesforpharmacies.com\/at\/blog\/#primaryimage\"},\"image\":{\"@id\":\"https:\/\/servicesforpharmacies.com\/at\/blog\/#primaryimage\"},\"thumbnailUrl\":\"https:\/\/servicesforpharmacies.com\/wp-content\/uploads\/bb-plugin\/cache\/woman-wearing-white-long-sleeved-shirt-973401-1-1024x683-landscape.jpg\",\"datePublished\":\"2020-09-18T08:28:03+00:00\",\"dateModified\":\"2022-08-16T07:50:35+00:00\",\"breadcrumb\":{\"@id\":\"https:\/\/servicesforpharmacies.com\/at\/blog\/#breadcrumb\"},\"inLanguage\":\"at-DE\",\"potentialAction\":[{\"@type\":\"ReadAction\",\"target\":[\"https:\/\/servicesforpharmacies.com\/at\/blog\/\"]}]},{\"@type\":\"ImageObject\",\"inLanguage\":\"at-DE\",\"@id\":\"https:\/\/servicesforpharmacies.com\/at\/blog\/#primaryimage\",\"url\":\"https:\/\/servicesforpharmacies.com\/wp-content\/uploads\/bb-plugin\/cache\/woman-wearing-white-long-sleeved-shirt-973401-1-1024x683-landscape.jpg\",\"contentUrl\":\"https:\/\/servicesforpharmacies.com\/wp-content\/uploads\/bb-plugin\/cache\/woman-wearing-white-long-sleeved-shirt-973401-1-1024x683-landscape.jpg\"},{\"@type\":\"BreadcrumbList\",\"@id\":\"https:\/\/servicesforpharmacies.com\/at\/blog\/#breadcrumb\",\"itemListElement\":[{\"@type\":\"ListItem\",\"position\":1,\"name\":\"Home\",\"item\":\"https:\/\/servicesforpharmacies.com\/at\/\"},{\"@type\":\"ListItem\",\"position\":2,\"name\":\"Blog\"}]},{\"@type\":\"WebSite\",\"@id\":\"https:\/\/servicesforpharmacies.com\/#website\",\"url\":\"https:\/\/servicesforpharmacies.com\/\",\"name\":\"Services for pharmacies\",\"description\":\"\",\"publisher\":{\"@id\":\"https:\/\/servicesforpharmacies.com\/#organization\"},\"potentialAction\":[{\"@type\":\"SearchAction\",\"target\":{\"@type\":\"EntryPoint\",\"urlTemplate\":\"https:\/\/servicesforpharmacies.com\/?s={search_term_string}\"},\"query-input\":{\"@type\":\"PropertyValueSpecification\",\"valueRequired\":true,\"valueName\":\"search_term_string\"}}],\"inLanguage\":\"at-DE\"},{\"@type\":\"Organization\",\"@id\":\"https:\/\/servicesforpharmacies.com\/#organization\",\"name\":\"VitalPlusActive Group Ltd\",\"url\":\"https:\/\/servicesforpharmacies.com\/\",\"logo\":{\"@type\":\"ImageObject\",\"inLanguage\":\"at-DE\",\"@id\":\"https:\/\/servicesforpharmacies.com\/#\/schema\/logo\/image\/\",\"url\":\"https:\/\/servicesforpharmacies.com\/wp-content\/uploads\/2020\/07\/logo-eng.jpg\",\"contentUrl\":\"https:\/\/servicesforpharmacies.com\/wp-content\/uploads\/2020\/07\/logo-eng.jpg\",\"width\":398,\"height\":90,\"caption\":\"VitalPlusActive Group Ltd\"},\"image\":{\"@id\":\"https:\/\/servicesforpharmacies.com\/#\/schema\/logo\/image\/\"}}]}<\/script>\n<!-- \/ Yoast SEO Premium plugin. -->","yoast_head_json":{"title":"Blog | Services for pharmacies","robots":{"index":"index","follow":"follow","max-snippet":"max-snippet:-1","max-image-preview":"max-image-preview:large","max-video-preview":"max-video-preview:-1"},"canonical":"https:\/\/servicesforpharmacies.com\/at\/blog\/","og_locale":"en_US","og_type":"article","og_title":"Blog","og_description":"BLOG Rast las. December 28, 2020 Rast las je odvisna predvsem od 4 osnovnih pogojev. Pravilna oksigenacija lasi\u0161\u010da, delovanje bakterijske flore, izlo\u010danje \u017elez lojnic in hranjenje lasnega korena. (Ponovna) rast las je klju\u010dna za njeno ohranjanje&#8230;","og_url":"https:\/\/servicesforpharmacies.com\/at\/blog\/","og_site_name":"Services for pharmacies","article_modified_time":"2022-08-16T07:50:35+00:00","og_image":[{"url":"https:\/\/servicesforpharmacies.com\/wp-content\/uploads\/bb-plugin\/cache\/woman-wearing-white-long-sleeved-shirt-973401-1-1024x683-landscape.jpg","type":"","width":"","height":""}],"twitter_card":"summary_large_image","schema":{"@context":"https:\/\/schema.org","@graph":[{"@type":"WebPage","@id":"https:\/\/servicesforpharmacies.com\/at\/blog\/","url":"https:\/\/servicesforpharmacies.com\/at\/blog\/","name":"Blog | Services for pharmacies","isPartOf":{"@id":"https:\/\/servicesforpharmacies.com\/#website"},"primaryImageOfPage":{"@id":"https:\/\/servicesforpharmacies.com\/at\/blog\/#primaryimage"},"image":{"@id":"https:\/\/servicesforpharmacies.com\/at\/blog\/#primaryimage"},"thumbnailUrl":"https:\/\/servicesforpharmacies.com\/wp-content\/uploads\/bb-plugin\/cache\/woman-wearing-white-long-sleeved-shirt-973401-1-1024x683-landscape.jpg","datePublished":"2020-09-18T08:28:03+00:00","dateModified":"2022-08-16T07:50:35+00:00","breadcrumb":{"@id":"https:\/\/servicesforpharmacies.com\/at\/blog\/#breadcrumb"},"inLanguage":"at-DE","potentialAction":[{"@type":"ReadAction","target":["https:\/\/servicesforpharmacies.com\/at\/blog\/"]}]},{"@type":"ImageObject","inLanguage":"at-DE","@id":"https:\/\/servicesforpharmacies.com\/at\/blog\/#primaryimage","url":"https:\/\/servicesforpharmacies.com\/wp-content\/uploads\/bb-plugin\/cache\/woman-wearing-white-long-sleeved-shirt-973401-1-1024x683-landscape.jpg","contentUrl":"https:\/\/servicesforpharmacies.com\/wp-content\/uploads\/bb-plugin\/cache\/woman-wearing-white-long-sleeved-shirt-973401-1-1024x683-landscape.jpg"},{"@type":"BreadcrumbList","@id":"https:\/\/servicesforpharmacies.com\/at\/blog\/#breadcrumb","itemListElement":[{"@type":"ListItem","position":1,"name":"Home","item":"https:\/\/servicesforpharmacies.com\/at\/"},{"@type":"ListItem","position":2,"name":"Blog"}]},{"@type":"WebSite","@id":"https:\/\/servicesforpharmacies.com\/#website","url":"https:\/\/servicesforpharmacies.com\/","name":"Services for pharmacies","description":"","publisher":{"@id":"https:\/\/servicesforpharmacies.com\/#organization"},"potentialAction":[{"@type":"SearchAction","target":{"@type":"EntryPoint","urlTemplate":"https:\/\/servicesforpharmacies.com\/?s={search_term_string}"},"query-input":{"@type":"PropertyValueSpecification","valueRequired":true,"valueName":"search_term_string"}}],"inLanguage":"at-DE"},{"@type":"Organization","@id":"https:\/\/servicesforpharmacies.com\/#organization","name":"VitalPlusActive Group Ltd","url":"https:\/\/servicesforpharmacies.com\/","logo":{"@type":"ImageObject","inLanguage":"at-DE","@id":"https:\/\/servicesforpharmacies.com\/#\/schema\/logo\/image\/","url":"https:\/\/servicesforpharmacies.com\/wp-content\/uploads\/2020\/07\/logo-eng.jpg","contentUrl":"https:\/\/servicesforpharmacies.com\/wp-content\/uploads\/2020\/07\/logo-eng.jpg","width":398,"height":90,"caption":"VitalPlusActive Group Ltd"},"image":{"@id":"https:\/\/servicesforpharmacies.com\/#\/schema\/logo\/image\/"}}]}},"_links":{"self":[{"href":"https:\/\/servicesforpharmacies.com\/at\/wp-json\/wp\/v2\/pages\/59524","targetHints":{"allow":["GET"]}}],"collection":[{"href":"https:\/\/servicesforpharmacies.com\/at\/wp-json\/wp\/v2\/pages"}],"about":[{"href":"https:\/\/servicesforpharmacies.com\/at\/wp-json\/wp\/v2\/types\/page"}],"author":[{"embeddable":true,"href":"https:\/\/servicesforpharmacies.com\/at\/wp-json\/wp\/v2\/users\/1"}],"replies":[{"embeddable":true,"href":"https:\/\/servicesforpharmacies.com\/at\/wp-json\/wp\/v2\/comments?post=59524"}],"version-history":[{"count":0,"href":"https:\/\/servicesforpharmacies.com\/at\/wp-json\/wp\/v2\/pages\/59524\/revisions"}],"wp:attachment":[{"href":"https:\/\/servicesforpharmacies.com\/at\/wp-json\/wp\/v2\/media?parent=59524"}],"curies":[{"name":"wp","href":"https:\/\/api.w.org\/{rel}","templated":true}]}}